{"id":26184,"date":"2025-01-22T12:35:24","date_gmt":"2025-01-22T11:35:24","guid":{"rendered":"https:\/\/www.cernit-world.com\/produit\/pack-10-feuilles-metallisees-dorees\/"},"modified":"2025-01-31T11:43:01","modified_gmt":"2025-01-31T10:43:01","slug":"pack-10-feuilles-metallisees-dorees","status":"publish","type":"product","link":"https:\/\/www.cernit-world.com\/nl\/product\/pack-10-feuilles-metallisees-dorees\/","title":{"rendered":"Pak 10 blad metallic goudkleur"},"content":{"rendered":"<p><strong>EIGENSCHAPPEN<\/strong>: Verpakkingen van 10 metallic gouden blaadjes.<br \/>\n<strong>GEBRUIK<\/strong>: Bestrooi met metallic blaadjes om je creaties van polymeerklei nog eleganter en verfijnder te maken. Makkelijk te mengen met polymeerklei (of een ander materiaal), de glans blijft onveranderd na het bakken.<br \/>\n<strong>MATERIAAL<\/strong>: Goud metallic folie.<br \/>\n<strong>GROOTTE<\/strong>: 1 x 12 x 15 cm<\/p>\n","protected":false},"excerpt":{"rendered":"<p>Bestrooi met metallic blaadjes voor nog elegantere en verfijndere creaties. Makkelijk te mengen met polymeerklei of een ander materiaal.<\/p>\n","protected":false},"featured_media":22692,"template":"","meta":{"_acf_changed":false},"product_brand":[],"product_cat":[1202,458],"product_tag":[],"class_list":{"0":"post-26184","1":"product","2":"type-product","3":"status-publish","4":"has-post-thumbnail","6":"product_cat-feuilles-metalisees-nl","7":"product_cat-hulpmiddel","8":"wp-sticky","9":"summaryproductshop","11":"first","12":"instock","13":"shipping-taxable","14":"product-type-simple"},"acf":[],"yoast_head":"<!-- This site is optimized with the Yoast SEO plugin v27.5 - https:\/\/yoast.com\/product\/yoast-seo-wordpress\/ -->\n<title>Pak 10 blad metallic goudkleur | Cernit<\/title>\n<meta name=\"robots\" content=\"index, follow, max-snippet:-1, max-image-preview:large, max-video-preview:-1\" \/>\n<link rel=\"canonical\" href=\"https:\/\/www.cernit-world.com\/nl\/product\/pack-10-feuilles-metallisees-dorees\/\" \/>\n<meta property=\"og:locale\" content=\"nl_NL\" \/>\n<meta property=\"og:type\" content=\"article\" \/>\n<meta property=\"og:title\" content=\"Pak 10 blad metallic goudkleur | Cernit\" \/>\n<meta property=\"og:description\" content=\"Bestrooi met metallic blaadjes voor nog elegantere en verfijndere creaties. Makkelijk te mengen met polymeerklei of een ander materiaal.\" \/>\n<meta property=\"og:url\" content=\"https:\/\/www.cernit-world.com\/nl\/product\/pack-10-feuilles-metallisees-dorees\/\" \/>\n<meta property=\"og:site_name\" content=\"Cernit\" \/>\n<meta property=\"article:publisher\" content=\"https:\/\/www.facebook.com\/groups\/cernitconnectspeople\/?locale=fr_FR\" \/>\n<meta property=\"article:modified_time\" content=\"2025-01-31T10:43:01+00:00\" \/>\n<meta property=\"og:image\" content=\"https:\/\/www.cernit-world.com\/wp-inside\/uploads\/2025\/01\/1500x1500-md-ce921c_fac.jpg\" \/>\n\t<meta property=\"og:image:width\" content=\"1500\" \/>\n\t<meta property=\"og:image:height\" content=\"1500\" \/>\n\t<meta property=\"og:image:type\" content=\"image\/jpeg\" \/>\n<meta name=\"twitter:card\" content=\"summary_large_image\" \/>\n<script type=\"application\/ld+json\" class=\"yoast-schema-graph\">{\"@context\":\"https:\\\/\\\/schema.org\",\"@graph\":[{\"@type\":\"WebPage\",\"@id\":\"https:\\\/\\\/www.cernit-world.com\\\/nl\\\/product\\\/pack-10-feuilles-metallisees-dorees\\\/\",\"url\":\"https:\\\/\\\/www.cernit-world.com\\\/nl\\\/product\\\/pack-10-feuilles-metallisees-dorees\\\/\",\"name\":\"Pak 10 blad metallic goudkleur\",\"isPartOf\":{\"@id\":\"https:\\\/\\\/www.cernit-world.com\\\/nl\\\/#website\"},\"primaryImageOfPage\":{\"@id\":\"https:\\\/\\\/www.cernit-world.com\\\/nl\\\/product\\\/pack-10-feuilles-metallisees-dorees\\\/#primaryimage\"},\"image\":{\"@id\":\"https:\\\/\\\/www.cernit-world.com\\\/nl\\\/product\\\/pack-10-feuilles-metallisees-dorees\\\/#primaryimage\"},\"thumbnailUrl\":\"https:\\\/\\\/www.cernit-world.com\\\/wp-inside\\\/uploads\\\/2025\\\/01\\\/1500x1500-md-ce921c_fac.jpg\",\"datePublished\":\"2025-01-22T11:35:24+00:00\",\"dateModified\":\"2025-01-31T10:43:01+00:00\",\"breadcrumb\":{\"@id\":\"https:\\\/\\\/www.cernit-world.com\\\/nl\\\/product\\\/pack-10-feuilles-metallisees-dorees\\\/#breadcrumb\"},\"inLanguage\":\"nl-NL\",\"potentialAction\":[{\"@type\":\"ReadAction\",\"target\":[\"https:\\\/\\\/www.cernit-world.com\\\/nl\\\/product\\\/pack-10-feuilles-metallisees-dorees\\\/\"]}]},{\"@type\":\"ImageObject\",\"inLanguage\":\"nl-NL\",\"@id\":\"https:\\\/\\\/www.cernit-world.com\\\/nl\\\/product\\\/pack-10-feuilles-metallisees-dorees\\\/#primaryimage\",\"url\":\"https:\\\/\\\/www.cernit-world.com\\\/wp-inside\\\/uploads\\\/2025\\\/01\\\/1500x1500-md-ce921c_fac.jpg\",\"contentUrl\":\"https:\\\/\\\/www.cernit-world.com\\\/wp-inside\\\/uploads\\\/2025\\\/01\\\/1500x1500-md-ce921c_fac.jpg\",\"width\":1500,\"height\":1500,\"caption\":\"Pack 10 feuilles m\u00e9tallis\u00e9es - dor\u00e9es\"},{\"@type\":\"BreadcrumbList\",\"@id\":\"https:\\\/\\\/www.cernit-world.com\\\/nl\\\/product\\\/pack-10-feuilles-metallisees-dorees\\\/#breadcrumb\",\"itemListElement\":[{\"@type\":\"ListItem\",\"position\":1,\"name\":\"Thuis\",\"item\":\"https:\\\/\\\/www.cernit-world.com\\\/nl\\\/\"},{\"@type\":\"ListItem\",\"position\":2,\"name\":\"Winkel\",\"item\":\"https:\\\/\\\/www.cernit-world.com\\\/nl\\\/winkel\\\/\"},{\"@type\":\"ListItem\",\"position\":3,\"name\":\"Hulpmiddel\",\"item\":\"https:\\\/\\\/www.cernit-world.com\\\/nl\\\/product-categorie\\\/hulpmiddel\\\/\"},{\"@type\":\"ListItem\",\"position\":4,\"name\":\"Pak 10 blad metallic goudkleur\"}]},{\"@type\":\"WebSite\",\"@id\":\"https:\\\/\\\/www.cernit-world.com\\\/nl\\\/#website\",\"url\":\"https:\\\/\\\/www.cernit-world.com\\\/nl\\\/\",\"name\":\"Cernit\",\"description\":\"Une qualit\u00e9 haut de gamme pour des cr\u00e9ations premiums\",\"publisher\":{\"@id\":\"https:\\\/\\\/www.cernit-world.com\\\/nl\\\/#organization\"},\"potentialAction\":[{\"@type\":\"SearchAction\",\"target\":{\"@type\":\"EntryPoint\",\"urlTemplate\":\"https:\\\/\\\/www.cernit-world.com\\\/nl\\\/?s={search_term_string}\"},\"query-input\":{\"@type\":\"PropertyValueSpecification\",\"valueRequired\":true,\"valueName\":\"search_term_string\"}}],\"inLanguage\":\"nl-NL\"},{\"@type\":\"Organization\",\"@id\":\"https:\\\/\\\/www.cernit-world.com\\\/nl\\\/#organization\",\"name\":\"Cernit\",\"url\":\"https:\\\/\\\/www.cernit-world.com\\\/nl\\\/\",\"logo\":{\"@type\":\"ImageObject\",\"inLanguage\":\"nl-NL\",\"@id\":\"https:\\\/\\\/www.cernit-world.com\\\/nl\\\/#\\\/schema\\\/logo\\\/image\\\/\",\"url\":\"https:\\\/\\\/www.cernit-world.com\\\/wp-inside\\\/uploads\\\/2023\\\/07\\\/cernit-opengraph.jpg\",\"contentUrl\":\"https:\\\/\\\/www.cernit-world.com\\\/wp-inside\\\/uploads\\\/2023\\\/07\\\/cernit-opengraph.jpg\",\"width\":1200,\"height\":630,\"caption\":\"Cernit\"},\"image\":{\"@id\":\"https:\\\/\\\/www.cernit-world.com\\\/nl\\\/#\\\/schema\\\/logo\\\/image\\\/\"},\"sameAs\":[\"https:\\\/\\\/www.facebook.com\\\/groups\\\/cernitconnectspeople\\\/?locale=fr_FR\"]}]}<\/script>\n<!-- \/ Yoast SEO plugin. -->","yoast_head_json":{"title":"Pak 10 blad metallic goudkleur | Cernit","robots":{"index":"index","follow":"follow","max-snippet":"max-snippet:-1","max-image-preview":"max-image-preview:large","max-video-preview":"max-video-preview:-1"},"canonical":"https:\/\/www.cernit-world.com\/nl\/product\/pack-10-feuilles-metallisees-dorees\/","og_locale":"nl_NL","og_type":"article","og_title":"Pak 10 blad metallic goudkleur | Cernit","og_description":"Bestrooi met metallic blaadjes voor nog elegantere en verfijndere creaties. Makkelijk te mengen met polymeerklei of een ander materiaal.","og_url":"https:\/\/www.cernit-world.com\/nl\/product\/pack-10-feuilles-metallisees-dorees\/","og_site_name":"Cernit","article_publisher":"https:\/\/www.facebook.com\/groups\/cernitconnectspeople\/?locale=fr_FR","article_modified_time":"2025-01-31T10:43:01+00:00","og_image":[{"width":1500,"height":1500,"url":"https:\/\/www.cernit-world.com\/wp-inside\/uploads\/2025\/01\/1500x1500-md-ce921c_fac.jpg","type":"image\/jpeg"}],"twitter_card":"summary_large_image","schema":{"@context":"https:\/\/schema.org","@graph":[{"@type":"WebPage","@id":"https:\/\/www.cernit-world.com\/nl\/product\/pack-10-feuilles-metallisees-dorees\/","url":"https:\/\/www.cernit-world.com\/nl\/product\/pack-10-feuilles-metallisees-dorees\/","name":"Pak 10 blad metallic goudkleur","isPartOf":{"@id":"https:\/\/www.cernit-world.com\/nl\/#website"},"primaryImageOfPage":{"@id":"https:\/\/www.cernit-world.com\/nl\/product\/pack-10-feuilles-metallisees-dorees\/#primaryimage"},"image":{"@id":"https:\/\/www.cernit-world.com\/nl\/product\/pack-10-feuilles-metallisees-dorees\/#primaryimage"},"thumbnailUrl":"https:\/\/www.cernit-world.com\/wp-inside\/uploads\/2025\/01\/1500x1500-md-ce921c_fac.jpg","datePublished":"2025-01-22T11:35:24+00:00","dateModified":"2025-01-31T10:43:01+00:00","breadcrumb":{"@id":"https:\/\/www.cernit-world.com\/nl\/product\/pack-10-feuilles-metallisees-dorees\/#breadcrumb"},"inLanguage":"nl-NL","potentialAction":[{"@type":"ReadAction","target":["https:\/\/www.cernit-world.com\/nl\/product\/pack-10-feuilles-metallisees-dorees\/"]}]},{"@type":"ImageObject","inLanguage":"nl-NL","@id":"https:\/\/www.cernit-world.com\/nl\/product\/pack-10-feuilles-metallisees-dorees\/#primaryimage","url":"https:\/\/www.cernit-world.com\/wp-inside\/uploads\/2025\/01\/1500x1500-md-ce921c_fac.jpg","contentUrl":"https:\/\/www.cernit-world.com\/wp-inside\/uploads\/2025\/01\/1500x1500-md-ce921c_fac.jpg","width":1500,"height":1500,"caption":"Pack 10 feuilles m\u00e9tallis\u00e9es - dor\u00e9es"},{"@type":"BreadcrumbList","@id":"https:\/\/www.cernit-world.com\/nl\/product\/pack-10-feuilles-metallisees-dorees\/#breadcrumb","itemListElement":[{"@type":"ListItem","position":1,"name":"Thuis","item":"https:\/\/www.cernit-world.com\/nl\/"},{"@type":"ListItem","position":2,"name":"Winkel","item":"https:\/\/www.cernit-world.com\/nl\/winkel\/"},{"@type":"ListItem","position":3,"name":"Hulpmiddel","item":"https:\/\/www.cernit-world.com\/nl\/product-categorie\/hulpmiddel\/"},{"@type":"ListItem","position":4,"name":"Pak 10 blad metallic goudkleur"}]},{"@type":"WebSite","@id":"https:\/\/www.cernit-world.com\/nl\/#website","url":"https:\/\/www.cernit-world.com\/nl\/","name":"Cernit","description":"Une qualit\u00e9 haut de gamme pour des cr\u00e9ations premiums","publisher":{"@id":"https:\/\/www.cernit-world.com\/nl\/#organization"},"potentialAction":[{"@type":"SearchAction","target":{"@type":"EntryPoint","urlTemplate":"https:\/\/www.cernit-world.com\/nl\/?s={search_term_string}"},"query-input":{"@type":"PropertyValueSpecification","valueRequired":true,"valueName":"search_term_string"}}],"inLanguage":"nl-NL"},{"@type":"Organization","@id":"https:\/\/www.cernit-world.com\/nl\/#organization","name":"Cernit","url":"https:\/\/www.cernit-world.com\/nl\/","logo":{"@type":"ImageObject","inLanguage":"nl-NL","@id":"https:\/\/www.cernit-world.com\/nl\/#\/schema\/logo\/image\/","url":"https:\/\/www.cernit-world.com\/wp-inside\/uploads\/2023\/07\/cernit-opengraph.jpg","contentUrl":"https:\/\/www.cernit-world.com\/wp-inside\/uploads\/2023\/07\/cernit-opengraph.jpg","width":1200,"height":630,"caption":"Cernit"},"image":{"@id":"https:\/\/www.cernit-world.com\/nl\/#\/schema\/logo\/image\/"},"sameAs":["https:\/\/www.facebook.com\/groups\/cernitconnectspeople\/?locale=fr_FR"]}]}},"_links":{"self":[{"href":"https:\/\/www.cernit-world.com\/nl\/wp-json\/wp\/v2\/product\/26184","targetHints":{"allow":["GET"]}}],"collection":[{"href":"https:\/\/www.cernit-world.com\/nl\/wp-json\/wp\/v2\/product"}],"about":[{"href":"https:\/\/www.cernit-world.com\/nl\/wp-json\/wp\/v2\/types\/product"}],"wp:featuredmedia":[{"embeddable":true,"href":"https:\/\/www.cernit-world.com\/nl\/wp-json\/wp\/v2\/media\/22692"}],"wp:attachment":[{"href":"https:\/\/www.cernit-world.com\/nl\/wp-json\/wp\/v2\/media?parent=26184"}],"wp:term":[{"taxonomy":"product_brand","embeddable":true,"href":"https:\/\/www.cernit-world.com\/nl\/wp-json\/wp\/v2\/product_brand?post=26184"},{"taxonomy":"product_cat","embeddable":true,"href":"https:\/\/www.cernit-world.com\/nl\/wp-json\/wp\/v2\/product_cat?post=26184"},{"taxonomy":"product_tag","embeddable":true,"href":"https:\/\/www.cernit-world.com\/nl\/wp-json\/wp\/v2\/product_tag?post=26184"}],"curies":[{"name":"wp","href":"https:\/\/api.w.org\/{rel}","templated":true}]}}