{"id":26157,"date":"2025-01-22T15:21:55","date_gmt":"2025-01-22T14:21:55","guid":{"rendered":"https:\/\/www.cernit-world.com\/produit\/cernit-n1-56-g-orange-margose\/"},"modified":"2025-01-31T10:46:44","modified_gmt":"2025-01-31T09:46:44","slug":"cernit-n1-56-g-orange-margose","status":"publish","type":"product","link":"https:\/\/www.cernit-world.com\/it\/prodotto\/cernit-n1-56-g-orange-margose\/","title":{"rendered":"Cernit n\u00b01 56 g arancia marginata"},"content":{"rendered":"<p><strong>NUMBER ONE<\/strong>: argilla per modellare al forno (polimero). Completamente opaca dopo la cottura. Nessuna variazione di tonalit\u00e0. La gamma Number One \u00e8 adatta a tutte le tecniche. Pu\u00f2 essere utilizzata per creare sfumature o demarcazioni rigorose tra diverse tonalit\u00e0.<br \/>\n<strong>COTTURA<\/strong>: Cuocere la pasta a una temperatura compresa tra 110\u00b0C (230\u00b0F) e 130\u00b0C (266\u00b0F) in un forno convenzionale per un massimo di 30 minuti. Inodore durante la cottura. Non si screpola. Non utilizzare il forno a microonde. Dopo la cottura, la pasta \u00e8 dura ma pu\u00f2 essere lavorata (levigata, verniciata, ecc.).<br \/>\n<strong>CARATTERISTICHE<\/strong>: non si secca. Dopo la cottura, la pasta \u00e8 completamente solida ma rimane flessibile. Inodore, la pasta \u00e8 piacevole da lavorare e rimane infinitamente malleabile. Non si sfrega sulle mani o sugli strumenti. Tutti i colori possono essere mescolati per ottenere la tonalit\u00e0 desiderata. Vegan.<br \/>\n<strong>USO<\/strong>: Ideale per creare gioielli, riproduzioni, miniature, personaggi, ecc. Lavorare sempre con le mani pulite su una superficie pulita. Impastare l&#8217;argilla per renderla pi\u00f9 elastica prima di lavorarla. Pu\u00f2 essere scolpita, modellata, stampata o utilizzata con altri materiali come pietre, perle o piume. All&#8217;interno della pasta si possono aggiungere additivi come glitter, inchiostro ad alcool, ecc. prima della cottura.<br \/>\n<strong>PESO<\/strong>: 56 g.<br \/>\n<strong>PRODUZIONE<\/strong>: Tutta l&#8217;argilla da cucina Cernit \u00e8 prodotta in Belgio, vicino a Liegi.<\/p>\n","protected":false},"excerpt":{"rendered":"<p>Cottura dell&#8217;argilla polimerica da modellare. Cuocere l&#8217;impasto tra 110\u00b0C (230\u00b0F) e 130\u00b0C (266\u00b0F) in un forno convenzionale per 30 minuti al massimo. Inodore quando \u00e8 cotta. Non si rompe.<\/p>\n","protected":false},"featured_media":22834,"template":"","meta":{"_acf_changed":false},"product_brand":[],"product_cat":[355,351],"product_tag":[],"class_list":{"0":"post-26157","1":"product","2":"type-product","3":"status-publish","4":"has-post-thumbnail","6":"product_cat-linea-n-1","7":"product_cat-pasta-polimerica","8":"wp-sticky","9":"summaryproductshop","11":"first","12":"instock","13":"shipping-taxable","14":"product-type-simple"},"acf":[],"yoast_head":"<!-- This site is optimized with the Yoast SEO plugin v27.3 - https:\/\/yoast.com\/product\/yoast-seo-wordpress\/ -->\n<title>Cernit n\u00b01 56 g arancia marginata | Cernit<\/title>\n<meta name=\"robots\" content=\"index, follow, max-snippet:-1, max-image-preview:large, max-video-preview:-1\" \/>\n<link rel=\"canonical\" href=\"https:\/\/www.cernit-world.com\/it\/prodotto\/cernit-n1-56-g-orange-margose\/\" \/>\n<meta property=\"og:locale\" content=\"it_IT\" \/>\n<meta property=\"og:type\" content=\"article\" \/>\n<meta property=\"og:title\" content=\"Cernit n\u00b01 56 g arancia marginata | Cernit\" \/>\n<meta property=\"og:description\" content=\"Cottura dell&#039;argilla polimerica da modellare. Cuocere l&#039;impasto tra 110\u00b0C (230\u00b0F) e 130\u00b0C (266\u00b0F) in un forno convenzionale per 30 minuti al massimo. Inodore quando \u00e8 cotta. Non si rompe.\" \/>\n<meta property=\"og:url\" content=\"https:\/\/www.cernit-world.com\/it\/prodotto\/cernit-n1-56-g-orange-margose\/\" \/>\n<meta property=\"og:site_name\" content=\"Cernit\" \/>\n<meta property=\"article:publisher\" content=\"https:\/\/www.facebook.com\/groups\/cernitconnectspeople\/?locale=fr_FR\" \/>\n<meta property=\"article:modified_time\" content=\"2025-01-31T09:46:44+00:00\" \/>\n<meta property=\"og:image\" content=\"https:\/\/www.cernit-world.com\/wp-inside\/uploads\/2025\/01\/1500x1500-md-ce0900056761c_cot-1.jpg\" \/>\n\t<meta property=\"og:image:width\" content=\"1500\" \/>\n\t<meta property=\"og:image:height\" content=\"1500\" \/>\n\t<meta property=\"og:image:type\" content=\"image\/jpeg\" \/>\n<meta name=\"twitter:card\" content=\"summary_large_image\" \/>\n<meta name=\"twitter:label1\" content=\"Tempo di lettura stimato\" \/>\n\t<meta name=\"twitter:data1\" content=\"1 minuto\" \/>\n<script type=\"application\/ld+json\" class=\"yoast-schema-graph\">{\"@context\":\"https:\\\/\\\/schema.org\",\"@graph\":[{\"@type\":\"WebPage\",\"@id\":\"https:\\\/\\\/www.cernit-world.com\\\/it\\\/prodotto\\\/cernit-n1-56-g-orange-margose\\\/\",\"url\":\"https:\\\/\\\/www.cernit-world.com\\\/it\\\/prodotto\\\/cernit-n1-56-g-orange-margose\\\/\",\"name\":\"Cernit n\u00b01 56 g arancia marginata\",\"isPartOf\":{\"@id\":\"https:\\\/\\\/www.cernit-world.com\\\/it\\\/#website\"},\"primaryImageOfPage\":{\"@id\":\"https:\\\/\\\/www.cernit-world.com\\\/it\\\/prodotto\\\/cernit-n1-56-g-orange-margose\\\/#primaryimage\"},\"image\":{\"@id\":\"https:\\\/\\\/www.cernit-world.com\\\/it\\\/prodotto\\\/cernit-n1-56-g-orange-margose\\\/#primaryimage\"},\"thumbnailUrl\":\"https:\\\/\\\/www.cernit-world.com\\\/wp-inside\\\/uploads\\\/2025\\\/01\\\/1500x1500-md-ce0900056761c_cot-1.jpg\",\"datePublished\":\"2025-01-22T14:21:55+00:00\",\"dateModified\":\"2025-01-31T09:46:44+00:00\",\"breadcrumb\":{\"@id\":\"https:\\\/\\\/www.cernit-world.com\\\/it\\\/prodotto\\\/cernit-n1-56-g-orange-margose\\\/#breadcrumb\"},\"inLanguage\":\"it-IT\",\"potentialAction\":[{\"@type\":\"ReadAction\",\"target\":[\"https:\\\/\\\/www.cernit-world.com\\\/it\\\/prodotto\\\/cernit-n1-56-g-orange-margose\\\/\"]}]},{\"@type\":\"ImageObject\",\"inLanguage\":\"it-IT\",\"@id\":\"https:\\\/\\\/www.cernit-world.com\\\/it\\\/prodotto\\\/cernit-n1-56-g-orange-margose\\\/#primaryimage\",\"url\":\"https:\\\/\\\/www.cernit-world.com\\\/wp-inside\\\/uploads\\\/2025\\\/01\\\/1500x1500-md-ce0900056761c_cot-1.jpg\",\"contentUrl\":\"https:\\\/\\\/www.cernit-world.com\\\/wp-inside\\\/uploads\\\/2025\\\/01\\\/1500x1500-md-ce0900056761c_cot-1.jpg\",\"width\":1500,\"height\":1500,\"caption\":\"Cernit n\u00b01 56 g orange margose\"},{\"@type\":\"BreadcrumbList\",\"@id\":\"https:\\\/\\\/www.cernit-world.com\\\/it\\\/prodotto\\\/cernit-n1-56-g-orange-margose\\\/#breadcrumb\",\"itemListElement\":[{\"@type\":\"ListItem\",\"position\":1,\"name\":\"Home\",\"item\":\"https:\\\/\\\/www.cernit-world.com\\\/it\\\/\"},{\"@type\":\"ListItem\",\"position\":2,\"name\":\"Negozio\",\"item\":\"https:\\\/\\\/www.cernit-world.com\\\/it\\\/negozio\\\/\"},{\"@type\":\"ListItem\",\"position\":3,\"name\":\"Pasta polimerica\",\"item\":\"https:\\\/\\\/www.cernit-world.com\\\/it\\\/categoria-prodotto\\\/pasta-polimerica\\\/\"},{\"@type\":\"ListItem\",\"position\":4,\"name\":\"Linea\",\"item\":\"https:\\\/\\\/www.cernit-world.com\\\/it\\\/categoria-prodotto\\\/pasta-polimerica\\\/linea\\\/\"},{\"@type\":\"ListItem\",\"position\":5,\"name\":\"Linea n. 1\",\"item\":\"https:\\\/\\\/www.cernit-world.com\\\/it\\\/categoria-prodotto\\\/pasta-polimerica\\\/linea\\\/linea-n-1\\\/\"},{\"@type\":\"ListItem\",\"position\":6,\"name\":\"Cernit n\u00b01 56 g arancia marginata\"}]},{\"@type\":\"WebSite\",\"@id\":\"https:\\\/\\\/www.cernit-world.com\\\/it\\\/#website\",\"url\":\"https:\\\/\\\/www.cernit-world.com\\\/it\\\/\",\"name\":\"Cernit\",\"description\":\"Une qualit\u00e9 haut de gamme pour des cr\u00e9ations premiums\",\"publisher\":{\"@id\":\"https:\\\/\\\/www.cernit-world.com\\\/it\\\/#organization\"},\"potentialAction\":[{\"@type\":\"SearchAction\",\"target\":{\"@type\":\"EntryPoint\",\"urlTemplate\":\"https:\\\/\\\/www.cernit-world.com\\\/it\\\/?s={search_term_string}\"},\"query-input\":{\"@type\":\"PropertyValueSpecification\",\"valueRequired\":true,\"valueName\":\"search_term_string\"}}],\"inLanguage\":\"it-IT\"},{\"@type\":\"Organization\",\"@id\":\"https:\\\/\\\/www.cernit-world.com\\\/it\\\/#organization\",\"name\":\"Cernit\",\"url\":\"https:\\\/\\\/www.cernit-world.com\\\/it\\\/\",\"logo\":{\"@type\":\"ImageObject\",\"inLanguage\":\"it-IT\",\"@id\":\"https:\\\/\\\/www.cernit-world.com\\\/it\\\/#\\\/schema\\\/logo\\\/image\\\/\",\"url\":\"https:\\\/\\\/www.cernit-world.com\\\/wp-inside\\\/uploads\\\/2023\\\/07\\\/cernit-opengraph.jpg\",\"contentUrl\":\"https:\\\/\\\/www.cernit-world.com\\\/wp-inside\\\/uploads\\\/2023\\\/07\\\/cernit-opengraph.jpg\",\"width\":1200,\"height\":630,\"caption\":\"Cernit\"},\"image\":{\"@id\":\"https:\\\/\\\/www.cernit-world.com\\\/it\\\/#\\\/schema\\\/logo\\\/image\\\/\"},\"sameAs\":[\"https:\\\/\\\/www.facebook.com\\\/groups\\\/cernitconnectspeople\\\/?locale=fr_FR\"]}]}<\/script>\n<!-- \/ Yoast SEO plugin. -->","yoast_head_json":{"title":"Cernit n\u00b01 56 g arancia marginata | Cernit","robots":{"index":"index","follow":"follow","max-snippet":"max-snippet:-1","max-image-preview":"max-image-preview:large","max-video-preview":"max-video-preview:-1"},"canonical":"https:\/\/www.cernit-world.com\/it\/prodotto\/cernit-n1-56-g-orange-margose\/","og_locale":"it_IT","og_type":"article","og_title":"Cernit n\u00b01 56 g arancia marginata | Cernit","og_description":"Cottura dell'argilla polimerica da modellare. Cuocere l'impasto tra 110\u00b0C (230\u00b0F) e 130\u00b0C (266\u00b0F) in un forno convenzionale per 30 minuti al massimo. Inodore quando \u00e8 cotta. Non si rompe.","og_url":"https:\/\/www.cernit-world.com\/it\/prodotto\/cernit-n1-56-g-orange-margose\/","og_site_name":"Cernit","article_publisher":"https:\/\/www.facebook.com\/groups\/cernitconnectspeople\/?locale=fr_FR","article_modified_time":"2025-01-31T09:46:44+00:00","og_image":[{"width":1500,"height":1500,"url":"https:\/\/www.cernit-world.com\/wp-inside\/uploads\/2025\/01\/1500x1500-md-ce0900056761c_cot-1.jpg","type":"image\/jpeg"}],"twitter_card":"summary_large_image","twitter_misc":{"Tempo di lettura stimato":"1 minuto"},"schema":{"@context":"https:\/\/schema.org","@graph":[{"@type":"WebPage","@id":"https:\/\/www.cernit-world.com\/it\/prodotto\/cernit-n1-56-g-orange-margose\/","url":"https:\/\/www.cernit-world.com\/it\/prodotto\/cernit-n1-56-g-orange-margose\/","name":"Cernit n\u00b01 56 g arancia marginata","isPartOf":{"@id":"https:\/\/www.cernit-world.com\/it\/#website"},"primaryImageOfPage":{"@id":"https:\/\/www.cernit-world.com\/it\/prodotto\/cernit-n1-56-g-orange-margose\/#primaryimage"},"image":{"@id":"https:\/\/www.cernit-world.com\/it\/prodotto\/cernit-n1-56-g-orange-margose\/#primaryimage"},"thumbnailUrl":"https:\/\/www.cernit-world.com\/wp-inside\/uploads\/2025\/01\/1500x1500-md-ce0900056761c_cot-1.jpg","datePublished":"2025-01-22T14:21:55+00:00","dateModified":"2025-01-31T09:46:44+00:00","breadcrumb":{"@id":"https:\/\/www.cernit-world.com\/it\/prodotto\/cernit-n1-56-g-orange-margose\/#breadcrumb"},"inLanguage":"it-IT","potentialAction":[{"@type":"ReadAction","target":["https:\/\/www.cernit-world.com\/it\/prodotto\/cernit-n1-56-g-orange-margose\/"]}]},{"@type":"ImageObject","inLanguage":"it-IT","@id":"https:\/\/www.cernit-world.com\/it\/prodotto\/cernit-n1-56-g-orange-margose\/#primaryimage","url":"https:\/\/www.cernit-world.com\/wp-inside\/uploads\/2025\/01\/1500x1500-md-ce0900056761c_cot-1.jpg","contentUrl":"https:\/\/www.cernit-world.com\/wp-inside\/uploads\/2025\/01\/1500x1500-md-ce0900056761c_cot-1.jpg","width":1500,"height":1500,"caption":"Cernit n\u00b01 56 g orange margose"},{"@type":"BreadcrumbList","@id":"https:\/\/www.cernit-world.com\/it\/prodotto\/cernit-n1-56-g-orange-margose\/#breadcrumb","itemListElement":[{"@type":"ListItem","position":1,"name":"Home","item":"https:\/\/www.cernit-world.com\/it\/"},{"@type":"ListItem","position":2,"name":"Negozio","item":"https:\/\/www.cernit-world.com\/it\/negozio\/"},{"@type":"ListItem","position":3,"name":"Pasta polimerica","item":"https:\/\/www.cernit-world.com\/it\/categoria-prodotto\/pasta-polimerica\/"},{"@type":"ListItem","position":4,"name":"Linea","item":"https:\/\/www.cernit-world.com\/it\/categoria-prodotto\/pasta-polimerica\/linea\/"},{"@type":"ListItem","position":5,"name":"Linea n. 1","item":"https:\/\/www.cernit-world.com\/it\/categoria-prodotto\/pasta-polimerica\/linea\/linea-n-1\/"},{"@type":"ListItem","position":6,"name":"Cernit n\u00b01 56 g arancia marginata"}]},{"@type":"WebSite","@id":"https:\/\/www.cernit-world.com\/it\/#website","url":"https:\/\/www.cernit-world.com\/it\/","name":"Cernit","description":"Une qualit\u00e9 haut de gamme pour des cr\u00e9ations premiums","publisher":{"@id":"https:\/\/www.cernit-world.com\/it\/#organization"},"potentialAction":[{"@type":"SearchAction","target":{"@type":"EntryPoint","urlTemplate":"https:\/\/www.cernit-world.com\/it\/?s={search_term_string}"},"query-input":{"@type":"PropertyValueSpecification","valueRequired":true,"valueName":"search_term_string"}}],"inLanguage":"it-IT"},{"@type":"Organization","@id":"https:\/\/www.cernit-world.com\/it\/#organization","name":"Cernit","url":"https:\/\/www.cernit-world.com\/it\/","logo":{"@type":"ImageObject","inLanguage":"it-IT","@id":"https:\/\/www.cernit-world.com\/it\/#\/schema\/logo\/image\/","url":"https:\/\/www.cernit-world.com\/wp-inside\/uploads\/2023\/07\/cernit-opengraph.jpg","contentUrl":"https:\/\/www.cernit-world.com\/wp-inside\/uploads\/2023\/07\/cernit-opengraph.jpg","width":1200,"height":630,"caption":"Cernit"},"image":{"@id":"https:\/\/www.cernit-world.com\/it\/#\/schema\/logo\/image\/"},"sameAs":["https:\/\/www.facebook.com\/groups\/cernitconnectspeople\/?locale=fr_FR"]}]}},"_links":{"self":[{"href":"https:\/\/www.cernit-world.com\/it\/wp-json\/wp\/v2\/product\/26157","targetHints":{"allow":["GET"]}}],"collection":[{"href":"https:\/\/www.cernit-world.com\/it\/wp-json\/wp\/v2\/product"}],"about":[{"href":"https:\/\/www.cernit-world.com\/it\/wp-json\/wp\/v2\/types\/product"}],"wp:featuredmedia":[{"embeddable":true,"href":"https:\/\/www.cernit-world.com\/it\/wp-json\/wp\/v2\/media\/22834"}],"wp:attachment":[{"href":"https:\/\/www.cernit-world.com\/it\/wp-json\/wp\/v2\/media?parent=26157"}],"wp:term":[{"taxonomy":"product_brand","embeddable":true,"href":"https:\/\/www.cernit-world.com\/it\/wp-json\/wp\/v2\/product_brand?post=26157"},{"taxonomy":"product_cat","embeddable":true,"href":"https:\/\/www.cernit-world.com\/it\/wp-json\/wp\/v2\/product_cat?post=26157"},{"taxonomy":"product_tag","embeddable":true,"href":"https:\/\/www.cernit-world.com\/it\/wp-json\/wp\/v2\/product_tag?post=26157"}],"curies":[{"name":"wp","href":"https:\/\/api.w.org\/{rel}","templated":true}]}}