{"id":26146,"date":"2025-01-22T14:17:45","date_gmt":"2025-01-22T13:17:45","guid":{"rendered":"https:\/\/www.cernit-world.com\/produit\/pack-10-feuilles-metallisees-argentees\/"},"modified":"2025-01-31T10:34:20","modified_gmt":"2025-01-31T09:34:20","slug":"pack-10-feuilles-metallisees-argentees","status":"publish","type":"product","link":"https:\/\/www.cernit-world.com\/it\/prodotto\/pack-10-feuilles-metallisees-argentees\/","title":{"rendered":"Confezione da 10 fogli metallici &#8211; argento"},"content":{"rendered":"<p><strong>CARATTERISTICHE<\/strong>: Confezione da 10 fogli metallizzati argento.<br \/>\n<strong>USO<\/strong>: cospargere di foglie metalliche per rendere le vostre creazioni in argilla polimerica ancora pi\u00f9 eleganti e raffinate. Facili da mescolare con l&#8217;argilla polimerica (o qualsiasi altro materiale), la lucentezza rimarr\u00e0 inalterata dopo la cottura. <strong>MATERIALE<\/strong>: Foglio metallico argento.<br \/>\n<strong>DIMENSIONE<\/strong>: 1 x 12 x 15 cm<\/p>\n","protected":false},"excerpt":{"rendered":"<p>Cospargere di foglie metalliche per creazioni ancora pi\u00f9 eleganti e raffinate. Facile da mescolare con l&#8217;argilla polimerica o qualsiasi altro materiale.<\/p>\n","protected":false},"featured_media":22708,"template":"","meta":{"_acf_changed":false},"product_brand":[],"product_cat":[360,1198],"product_tag":[],"class_list":{"0":"post-26146","1":"product","2":"type-product","3":"status-publish","4":"has-post-thumbnail","6":"product_cat-ausiliari","7":"product_cat-feuilles-metalisees-it","8":"wp-sticky","9":"summaryproductshop","11":"first","12":"instock","13":"shipping-taxable","14":"product-type-simple"},"acf":[],"yoast_head":"<!-- This site is optimized with the Yoast SEO plugin v27.4 - https:\/\/yoast.com\/product\/yoast-seo-wordpress\/ -->\n<title>Confezione da 10 fogli metallici - argento | Cernit<\/title>\n<meta name=\"robots\" content=\"index, follow, max-snippet:-1, max-image-preview:large, max-video-preview:-1\" \/>\n<link rel=\"canonical\" href=\"https:\/\/www.cernit-world.com\/it\/prodotto\/pack-10-feuilles-metallisees-argentees\/\" \/>\n<meta property=\"og:locale\" content=\"it_IT\" \/>\n<meta property=\"og:type\" content=\"article\" \/>\n<meta property=\"og:title\" content=\"Confezione da 10 fogli metallici - argento | Cernit\" \/>\n<meta property=\"og:description\" content=\"Cospargere di foglie metalliche per creazioni ancora pi\u00f9 eleganti e raffinate. Facile da mescolare con l&#039;argilla polimerica o qualsiasi altro materiale.\" \/>\n<meta property=\"og:url\" content=\"https:\/\/www.cernit-world.com\/it\/prodotto\/pack-10-feuilles-metallisees-argentees\/\" \/>\n<meta property=\"og:site_name\" content=\"Cernit\" \/>\n<meta property=\"article:publisher\" content=\"https:\/\/www.facebook.com\/groups\/cernitconnectspeople\/?locale=fr_FR\" \/>\n<meta property=\"article:modified_time\" content=\"2025-01-31T09:34:20+00:00\" \/>\n<meta property=\"og:image\" content=\"https:\/\/www.cernit-world.com\/wp-inside\/uploads\/2025\/01\/1500x1500-md-ce922c_fac.jpg\" \/>\n\t<meta property=\"og:image:width\" content=\"1500\" \/>\n\t<meta property=\"og:image:height\" content=\"1500\" \/>\n\t<meta property=\"og:image:type\" content=\"image\/jpeg\" \/>\n<meta name=\"twitter:card\" content=\"summary_large_image\" \/>\n<script type=\"application\/ld+json\" class=\"yoast-schema-graph\">{\"@context\":\"https:\\\/\\\/schema.org\",\"@graph\":[{\"@type\":\"WebPage\",\"@id\":\"https:\\\/\\\/www.cernit-world.com\\\/it\\\/prodotto\\\/pack-10-feuilles-metallisees-argentees\\\/\",\"url\":\"https:\\\/\\\/www.cernit-world.com\\\/it\\\/prodotto\\\/pack-10-feuilles-metallisees-argentees\\\/\",\"name\":\"Confezione da 10 fogli metallici - argento\",\"isPartOf\":{\"@id\":\"https:\\\/\\\/www.cernit-world.com\\\/it\\\/#website\"},\"primaryImageOfPage\":{\"@id\":\"https:\\\/\\\/www.cernit-world.com\\\/it\\\/prodotto\\\/pack-10-feuilles-metallisees-argentees\\\/#primaryimage\"},\"image\":{\"@id\":\"https:\\\/\\\/www.cernit-world.com\\\/it\\\/prodotto\\\/pack-10-feuilles-metallisees-argentees\\\/#primaryimage\"},\"thumbnailUrl\":\"https:\\\/\\\/www.cernit-world.com\\\/wp-inside\\\/uploads\\\/2025\\\/01\\\/1500x1500-md-ce922c_fac.jpg\",\"datePublished\":\"2025-01-22T13:17:45+00:00\",\"dateModified\":\"2025-01-31T09:34:20+00:00\",\"breadcrumb\":{\"@id\":\"https:\\\/\\\/www.cernit-world.com\\\/it\\\/prodotto\\\/pack-10-feuilles-metallisees-argentees\\\/#breadcrumb\"},\"inLanguage\":\"it-IT\",\"potentialAction\":[{\"@type\":\"ReadAction\",\"target\":[\"https:\\\/\\\/www.cernit-world.com\\\/it\\\/prodotto\\\/pack-10-feuilles-metallisees-argentees\\\/\"]}]},{\"@type\":\"ImageObject\",\"inLanguage\":\"it-IT\",\"@id\":\"https:\\\/\\\/www.cernit-world.com\\\/it\\\/prodotto\\\/pack-10-feuilles-metallisees-argentees\\\/#primaryimage\",\"url\":\"https:\\\/\\\/www.cernit-world.com\\\/wp-inside\\\/uploads\\\/2025\\\/01\\\/1500x1500-md-ce922c_fac.jpg\",\"contentUrl\":\"https:\\\/\\\/www.cernit-world.com\\\/wp-inside\\\/uploads\\\/2025\\\/01\\\/1500x1500-md-ce922c_fac.jpg\",\"width\":1500,\"height\":1500,\"caption\":\"Pack 10 feuilles m\u00e9tallis\u00e9es - argent\u00e9es\"},{\"@type\":\"BreadcrumbList\",\"@id\":\"https:\\\/\\\/www.cernit-world.com\\\/it\\\/prodotto\\\/pack-10-feuilles-metallisees-argentees\\\/#breadcrumb\",\"itemListElement\":[{\"@type\":\"ListItem\",\"position\":1,\"name\":\"Home\",\"item\":\"https:\\\/\\\/www.cernit-world.com\\\/it\\\/\"},{\"@type\":\"ListItem\",\"position\":2,\"name\":\"Negozio\",\"item\":\"https:\\\/\\\/www.cernit-world.com\\\/it\\\/negozio\\\/\"},{\"@type\":\"ListItem\",\"position\":3,\"name\":\"Ausiliari\",\"item\":\"https:\\\/\\\/www.cernit-world.com\\\/it\\\/categoria-prodotto\\\/ausiliari\\\/\"},{\"@type\":\"ListItem\",\"position\":4,\"name\":\"Feuilles m\u00e9talis\u00e9es\",\"item\":\"https:\\\/\\\/www.cernit-world.com\\\/it\\\/categoria-prodotto\\\/feuilles-metalisees-it\\\/\"},{\"@type\":\"ListItem\",\"position\":5,\"name\":\"Confezione da 10 fogli metallici &#8211; argento\"}]},{\"@type\":\"WebSite\",\"@id\":\"https:\\\/\\\/www.cernit-world.com\\\/it\\\/#website\",\"url\":\"https:\\\/\\\/www.cernit-world.com\\\/it\\\/\",\"name\":\"Cernit\",\"description\":\"Une qualit\u00e9 haut de gamme pour des cr\u00e9ations premiums\",\"publisher\":{\"@id\":\"https:\\\/\\\/www.cernit-world.com\\\/it\\\/#organization\"},\"potentialAction\":[{\"@type\":\"SearchAction\",\"target\":{\"@type\":\"EntryPoint\",\"urlTemplate\":\"https:\\\/\\\/www.cernit-world.com\\\/it\\\/?s={search_term_string}\"},\"query-input\":{\"@type\":\"PropertyValueSpecification\",\"valueRequired\":true,\"valueName\":\"search_term_string\"}}],\"inLanguage\":\"it-IT\"},{\"@type\":\"Organization\",\"@id\":\"https:\\\/\\\/www.cernit-world.com\\\/it\\\/#organization\",\"name\":\"Cernit\",\"url\":\"https:\\\/\\\/www.cernit-world.com\\\/it\\\/\",\"logo\":{\"@type\":\"ImageObject\",\"inLanguage\":\"it-IT\",\"@id\":\"https:\\\/\\\/www.cernit-world.com\\\/it\\\/#\\\/schema\\\/logo\\\/image\\\/\",\"url\":\"https:\\\/\\\/www.cernit-world.com\\\/wp-inside\\\/uploads\\\/2023\\\/07\\\/cernit-opengraph.jpg\",\"contentUrl\":\"https:\\\/\\\/www.cernit-world.com\\\/wp-inside\\\/uploads\\\/2023\\\/07\\\/cernit-opengraph.jpg\",\"width\":1200,\"height\":630,\"caption\":\"Cernit\"},\"image\":{\"@id\":\"https:\\\/\\\/www.cernit-world.com\\\/it\\\/#\\\/schema\\\/logo\\\/image\\\/\"},\"sameAs\":[\"https:\\\/\\\/www.facebook.com\\\/groups\\\/cernitconnectspeople\\\/?locale=fr_FR\"]}]}<\/script>\n<!-- \/ Yoast SEO plugin. -->","yoast_head_json":{"title":"Confezione da 10 fogli metallici - argento | Cernit","robots":{"index":"index","follow":"follow","max-snippet":"max-snippet:-1","max-image-preview":"max-image-preview:large","max-video-preview":"max-video-preview:-1"},"canonical":"https:\/\/www.cernit-world.com\/it\/prodotto\/pack-10-feuilles-metallisees-argentees\/","og_locale":"it_IT","og_type":"article","og_title":"Confezione da 10 fogli metallici - argento | Cernit","og_description":"Cospargere di foglie metalliche per creazioni ancora pi\u00f9 eleganti e raffinate. Facile da mescolare con l'argilla polimerica o qualsiasi altro materiale.","og_url":"https:\/\/www.cernit-world.com\/it\/prodotto\/pack-10-feuilles-metallisees-argentees\/","og_site_name":"Cernit","article_publisher":"https:\/\/www.facebook.com\/groups\/cernitconnectspeople\/?locale=fr_FR","article_modified_time":"2025-01-31T09:34:20+00:00","og_image":[{"width":1500,"height":1500,"url":"https:\/\/www.cernit-world.com\/wp-inside\/uploads\/2025\/01\/1500x1500-md-ce922c_fac.jpg","type":"image\/jpeg"}],"twitter_card":"summary_large_image","schema":{"@context":"https:\/\/schema.org","@graph":[{"@type":"WebPage","@id":"https:\/\/www.cernit-world.com\/it\/prodotto\/pack-10-feuilles-metallisees-argentees\/","url":"https:\/\/www.cernit-world.com\/it\/prodotto\/pack-10-feuilles-metallisees-argentees\/","name":"Confezione da 10 fogli metallici - argento","isPartOf":{"@id":"https:\/\/www.cernit-world.com\/it\/#website"},"primaryImageOfPage":{"@id":"https:\/\/www.cernit-world.com\/it\/prodotto\/pack-10-feuilles-metallisees-argentees\/#primaryimage"},"image":{"@id":"https:\/\/www.cernit-world.com\/it\/prodotto\/pack-10-feuilles-metallisees-argentees\/#primaryimage"},"thumbnailUrl":"https:\/\/www.cernit-world.com\/wp-inside\/uploads\/2025\/01\/1500x1500-md-ce922c_fac.jpg","datePublished":"2025-01-22T13:17:45+00:00","dateModified":"2025-01-31T09:34:20+00:00","breadcrumb":{"@id":"https:\/\/www.cernit-world.com\/it\/prodotto\/pack-10-feuilles-metallisees-argentees\/#breadcrumb"},"inLanguage":"it-IT","potentialAction":[{"@type":"ReadAction","target":["https:\/\/www.cernit-world.com\/it\/prodotto\/pack-10-feuilles-metallisees-argentees\/"]}]},{"@type":"ImageObject","inLanguage":"it-IT","@id":"https:\/\/www.cernit-world.com\/it\/prodotto\/pack-10-feuilles-metallisees-argentees\/#primaryimage","url":"https:\/\/www.cernit-world.com\/wp-inside\/uploads\/2025\/01\/1500x1500-md-ce922c_fac.jpg","contentUrl":"https:\/\/www.cernit-world.com\/wp-inside\/uploads\/2025\/01\/1500x1500-md-ce922c_fac.jpg","width":1500,"height":1500,"caption":"Pack 10 feuilles m\u00e9tallis\u00e9es - argent\u00e9es"},{"@type":"BreadcrumbList","@id":"https:\/\/www.cernit-world.com\/it\/prodotto\/pack-10-feuilles-metallisees-argentees\/#breadcrumb","itemListElement":[{"@type":"ListItem","position":1,"name":"Home","item":"https:\/\/www.cernit-world.com\/it\/"},{"@type":"ListItem","position":2,"name":"Negozio","item":"https:\/\/www.cernit-world.com\/it\/negozio\/"},{"@type":"ListItem","position":3,"name":"Ausiliari","item":"https:\/\/www.cernit-world.com\/it\/categoria-prodotto\/ausiliari\/"},{"@type":"ListItem","position":4,"name":"Feuilles m\u00e9talis\u00e9es","item":"https:\/\/www.cernit-world.com\/it\/categoria-prodotto\/feuilles-metalisees-it\/"},{"@type":"ListItem","position":5,"name":"Confezione da 10 fogli metallici &#8211; argento"}]},{"@type":"WebSite","@id":"https:\/\/www.cernit-world.com\/it\/#website","url":"https:\/\/www.cernit-world.com\/it\/","name":"Cernit","description":"Une qualit\u00e9 haut de gamme pour des cr\u00e9ations premiums","publisher":{"@id":"https:\/\/www.cernit-world.com\/it\/#organization"},"potentialAction":[{"@type":"SearchAction","target":{"@type":"EntryPoint","urlTemplate":"https:\/\/www.cernit-world.com\/it\/?s={search_term_string}"},"query-input":{"@type":"PropertyValueSpecification","valueRequired":true,"valueName":"search_term_string"}}],"inLanguage":"it-IT"},{"@type":"Organization","@id":"https:\/\/www.cernit-world.com\/it\/#organization","name":"Cernit","url":"https:\/\/www.cernit-world.com\/it\/","logo":{"@type":"ImageObject","inLanguage":"it-IT","@id":"https:\/\/www.cernit-world.com\/it\/#\/schema\/logo\/image\/","url":"https:\/\/www.cernit-world.com\/wp-inside\/uploads\/2023\/07\/cernit-opengraph.jpg","contentUrl":"https:\/\/www.cernit-world.com\/wp-inside\/uploads\/2023\/07\/cernit-opengraph.jpg","width":1200,"height":630,"caption":"Cernit"},"image":{"@id":"https:\/\/www.cernit-world.com\/it\/#\/schema\/logo\/image\/"},"sameAs":["https:\/\/www.facebook.com\/groups\/cernitconnectspeople\/?locale=fr_FR"]}]}},"_links":{"self":[{"href":"https:\/\/www.cernit-world.com\/it\/wp-json\/wp\/v2\/product\/26146","targetHints":{"allow":["GET"]}}],"collection":[{"href":"https:\/\/www.cernit-world.com\/it\/wp-json\/wp\/v2\/product"}],"about":[{"href":"https:\/\/www.cernit-world.com\/it\/wp-json\/wp\/v2\/types\/product"}],"wp:featuredmedia":[{"embeddable":true,"href":"https:\/\/www.cernit-world.com\/it\/wp-json\/wp\/v2\/media\/22708"}],"wp:attachment":[{"href":"https:\/\/www.cernit-world.com\/it\/wp-json\/wp\/v2\/media?parent=26146"}],"wp:term":[{"taxonomy":"product_brand","embeddable":true,"href":"https:\/\/www.cernit-world.com\/it\/wp-json\/wp\/v2\/product_brand?post=26146"},{"taxonomy":"product_cat","embeddable":true,"href":"https:\/\/www.cernit-world.com\/it\/wp-json\/wp\/v2\/product_cat?post=26146"},{"taxonomy":"product_tag","embeddable":true,"href":"https:\/\/www.cernit-world.com\/it\/wp-json\/wp\/v2\/product_tag?post=26146"}],"curies":[{"name":"wp","href":"https:\/\/api.w.org\/{rel}","templated":true}]}}