{"id":18366,"date":"2023-07-04T13:44:23","date_gmt":"2023-07-04T11:44:23","guid":{"rendered":"https:\/\/www.cernit-world.com\/produit\/pasta-polimerica-cernit-biscotto-doll-500g\/"},"modified":"2023-09-01T15:35:23","modified_gmt":"2023-09-01T13:35:23","slug":"pasta-polimerica-cernit-biscotto-doll-500g","status":"publish","type":"product","link":"https:\/\/www.cernit-world.com\/it\/prodotto\/pasta-polimerica-cernit-biscotto-doll-500g\/","title":{"rendered":"Pasta polimerica Cernit &#8211; biscotto  Doll 500g"},"content":{"rendered":"<p><strong>DOLL:<\/strong> Pasta da modellare ad indurimento termico (cottura in forno) A base di polimeri. Completamente opaca dopo la cottura. Adatta per riprodurre tutte le diverse tonalit\u00e0 della pelle  che vanno dal chiaro allo scuro. Ideale per riprodurre neonati, realizzare bambole ecc. \u00c8 molto elastica e resistente.<br \/><strong>COTTURA:<\/strong> Cuocere l&#8217;impasto a temperatura fra 110\u00b0C (230\u00b0F) e 130\u00b0C (266\u00b0F) in forno tradizionale per un massimo di 30 minuti. Inodore a cottura ultimata. Non si rompe. Non utilizzare un forno a microonde. Dopo la cottura la pasta \u00e8 dura ma pu\u00f2 ancora essere lavorata (carteggiata, verniciata, ecc.)<br \/><strong>CARATTERISTICHE:<\/strong> Non secca. Dopo la cottura, la pasta \u00e8 completamente solida pur rimanendo flessibile. Inodore, \u00e8 piacevole da lavorare e rimane malleabile all&#8217;infinito. Non si incolla n\u00e8 alle mani, n\u00e9 agli utensili. Tutti i colori possono essere miscelati per ottenere la tonalit\u00e0 desiderata. Vegana.<br \/><strong>UTILIZZO:<\/strong> Ideale per creare gioielli, riproduzioni, miniature, figure ecc. Lavorare l&#8217;impasto sempre con le mani pulite su una superficie precedentemente pulita. Manipolare l&#8217;impasto per renderlo pi\u00f9 elastico prima di lavorarlo. Pu\u00f2 essere scolpito, modellato, stampato o utilizzato con altri materiali come pietre, perle, piume&#8230; Possibilit\u00e0 di aggiungere additivi come glitter, inchiostro a base d&#8217;alcol ecc&#8230; all&#8217;interno dell&#8217;impasto prima della cottura. <br \/><strong>PESO:<\/strong> 56 g.PRODUZIONE : Tutte le paste da modellare Cernit  sono prodotte in Belgio (vicino a Liegi).<\/p>\n","protected":false},"excerpt":{"rendered":"<p>Pasta polimerica da cottura. Fare cuocere la pasta in un forno tradizionale, per circa 30 miniuti,  a temperatura compresa fra i 110\u00b0C (230\u00b0F) e i 130\u00b0C (266\u00b0F). Inodore. Non si spezza o si crepa.<\/p>\n","protected":false},"featured_media":23036,"template":"","meta":{"_acf_changed":false},"product_brand":[],"product_cat":[359,351],"product_tag":[],"class_list":{"0":"post-18366","1":"product","2":"type-product","3":"status-publish","4":"has-post-thumbnail","6":"product_cat-linea-doll","7":"product_cat-pasta-polimerica","8":"wp-sticky","9":"summaryproductshop","11":"first","12":"instock","13":"product-type-simple"},"acf":[],"yoast_head":"<!-- This site is optimized with the Yoast SEO plugin v27.4 - https:\/\/yoast.com\/product\/yoast-seo-wordpress\/ -->\n<title>Pasta polimerica Cernit - biscotto Doll 500g | Cernit<\/title>\n<meta name=\"robots\" content=\"index, follow, max-snippet:-1, max-image-preview:large, max-video-preview:-1\" \/>\n<link rel=\"canonical\" href=\"https:\/\/www.cernit-world.com\/it\/prodotto\/pasta-polimerica-cernit-biscotto-doll-500g\/\" \/>\n<meta property=\"og:locale\" content=\"it_IT\" \/>\n<meta property=\"og:type\" content=\"article\" \/>\n<meta property=\"og:title\" content=\"Pasta polimerica Cernit - biscotto Doll 500g | Cernit\" \/>\n<meta property=\"og:description\" content=\"Pasta polimerica da cottura. Fare cuocere la pasta in un forno tradizionale, per circa 30 miniuti, a temperatura compresa fra i 110\u00b0C (230\u00b0F) e i 130\u00b0C (266\u00b0F). Inodore. Non si spezza o si crepa.\" \/>\n<meta property=\"og:url\" content=\"https:\/\/www.cernit-world.com\/it\/prodotto\/pasta-polimerica-cernit-biscotto-doll-500g\/\" \/>\n<meta property=\"og:site_name\" content=\"Cernit\" \/>\n<meta property=\"article:publisher\" content=\"https:\/\/www.facebook.com\/groups\/cernitconnectspeople\/?locale=fr_FR\" \/>\n<meta property=\"article:modified_time\" content=\"2023-09-01T13:35:23+00:00\" \/>\n<meta property=\"og:image\" content=\"https:\/\/www.cernit-world.com\/wp-inside\/uploads\/2023\/09\/ce0950500042c_cot.jpg\" \/>\n\t<meta property=\"og:image:width\" content=\"2000\" \/>\n\t<meta property=\"og:image:height\" content=\"1285\" \/>\n\t<meta property=\"og:image:type\" content=\"image\/jpeg\" \/>\n<meta name=\"twitter:card\" content=\"summary_large_image\" \/>\n<meta name=\"twitter:label1\" content=\"Tempo di lettura stimato\" \/>\n\t<meta name=\"twitter:data1\" content=\"1 minuto\" \/>\n<script type=\"application\/ld+json\" class=\"yoast-schema-graph\">{\"@context\":\"https:\\\/\\\/schema.org\",\"@graph\":[{\"@type\":\"WebPage\",\"@id\":\"https:\\\/\\\/www.cernit-world.com\\\/it\\\/prodotto\\\/pasta-polimerica-cernit-biscotto-doll-500g\\\/\",\"url\":\"https:\\\/\\\/www.cernit-world.com\\\/it\\\/prodotto\\\/pasta-polimerica-cernit-biscotto-doll-500g\\\/\",\"name\":\"Pasta polimerica Cernit - biscotto Doll 500g\",\"isPartOf\":{\"@id\":\"https:\\\/\\\/www.cernit-world.com\\\/it\\\/#website\"},\"primaryImageOfPage\":{\"@id\":\"https:\\\/\\\/www.cernit-world.com\\\/it\\\/prodotto\\\/pasta-polimerica-cernit-biscotto-doll-500g\\\/#primaryimage\"},\"image\":{\"@id\":\"https:\\\/\\\/www.cernit-world.com\\\/it\\\/prodotto\\\/pasta-polimerica-cernit-biscotto-doll-500g\\\/#primaryimage\"},\"thumbnailUrl\":\"https:\\\/\\\/www.cernit-world.com\\\/wp-inside\\\/uploads\\\/2023\\\/07\\\/1500x1500-md-ce0950500042c_cot.jpg\",\"datePublished\":\"2023-07-04T11:44:23+00:00\",\"dateModified\":\"2023-09-01T13:35:23+00:00\",\"breadcrumb\":{\"@id\":\"https:\\\/\\\/www.cernit-world.com\\\/it\\\/prodotto\\\/pasta-polimerica-cernit-biscotto-doll-500g\\\/#breadcrumb\"},\"inLanguage\":\"it-IT\",\"potentialAction\":[{\"@type\":\"ReadAction\",\"target\":[\"https:\\\/\\\/www.cernit-world.com\\\/it\\\/prodotto\\\/pasta-polimerica-cernit-biscotto-doll-500g\\\/\"]}]},{\"@type\":\"ImageObject\",\"inLanguage\":\"it-IT\",\"@id\":\"https:\\\/\\\/www.cernit-world.com\\\/it\\\/prodotto\\\/pasta-polimerica-cernit-biscotto-doll-500g\\\/#primaryimage\",\"url\":\"https:\\\/\\\/www.cernit-world.com\\\/wp-inside\\\/uploads\\\/2023\\\/07\\\/1500x1500-md-ce0950500042c_cot.jpg\",\"contentUrl\":\"https:\\\/\\\/www.cernit-world.com\\\/wp-inside\\\/uploads\\\/2023\\\/07\\\/1500x1500-md-ce0950500042c_cot.jpg\",\"width\":1500,\"height\":1500,\"caption\":\"P\u00e2te Polym\u00e8re Cernit \u2013 biscuit Doll 500g\"},{\"@type\":\"BreadcrumbList\",\"@id\":\"https:\\\/\\\/www.cernit-world.com\\\/it\\\/prodotto\\\/pasta-polimerica-cernit-biscotto-doll-500g\\\/#breadcrumb\",\"itemListElement\":[{\"@type\":\"ListItem\",\"position\":1,\"name\":\"Home\",\"item\":\"https:\\\/\\\/www.cernit-world.com\\\/it\\\/\"},{\"@type\":\"ListItem\",\"position\":2,\"name\":\"Negozio\",\"item\":\"https:\\\/\\\/www.cernit-world.com\\\/it\\\/negozio\\\/\"},{\"@type\":\"ListItem\",\"position\":3,\"name\":\"Linea Doll\",\"item\":\"https:\\\/\\\/www.cernit-world.com\\\/it\\\/categoria-prodotto\\\/pasta-polimerica\\\/linea\\\/linea-doll\\\/\"},{\"@type\":\"ListItem\",\"position\":4,\"name\":\"Pasta polimerica Cernit &#8211; biscotto Doll 500g\"}]},{\"@type\":\"WebSite\",\"@id\":\"https:\\\/\\\/www.cernit-world.com\\\/it\\\/#website\",\"url\":\"https:\\\/\\\/www.cernit-world.com\\\/it\\\/\",\"name\":\"Cernit\",\"description\":\"Une qualit\u00e9 haut de gamme pour des cr\u00e9ations premiums\",\"publisher\":{\"@id\":\"https:\\\/\\\/www.cernit-world.com\\\/it\\\/#organization\"},\"potentialAction\":[{\"@type\":\"SearchAction\",\"target\":{\"@type\":\"EntryPoint\",\"urlTemplate\":\"https:\\\/\\\/www.cernit-world.com\\\/it\\\/?s={search_term_string}\"},\"query-input\":{\"@type\":\"PropertyValueSpecification\",\"valueRequired\":true,\"valueName\":\"search_term_string\"}}],\"inLanguage\":\"it-IT\"},{\"@type\":\"Organization\",\"@id\":\"https:\\\/\\\/www.cernit-world.com\\\/it\\\/#organization\",\"name\":\"Cernit\",\"url\":\"https:\\\/\\\/www.cernit-world.com\\\/it\\\/\",\"logo\":{\"@type\":\"ImageObject\",\"inLanguage\":\"it-IT\",\"@id\":\"https:\\\/\\\/www.cernit-world.com\\\/it\\\/#\\\/schema\\\/logo\\\/image\\\/\",\"url\":\"https:\\\/\\\/www.cernit-world.com\\\/wp-inside\\\/uploads\\\/2023\\\/07\\\/cernit-opengraph.jpg\",\"contentUrl\":\"https:\\\/\\\/www.cernit-world.com\\\/wp-inside\\\/uploads\\\/2023\\\/07\\\/cernit-opengraph.jpg\",\"width\":1200,\"height\":630,\"caption\":\"Cernit\"},\"image\":{\"@id\":\"https:\\\/\\\/www.cernit-world.com\\\/it\\\/#\\\/schema\\\/logo\\\/image\\\/\"},\"sameAs\":[\"https:\\\/\\\/www.facebook.com\\\/groups\\\/cernitconnectspeople\\\/?locale=fr_FR\"]}]}<\/script>\n<!-- \/ Yoast SEO plugin. -->","yoast_head_json":{"title":"Pasta polimerica Cernit - biscotto Doll 500g | Cernit","robots":{"index":"index","follow":"follow","max-snippet":"max-snippet:-1","max-image-preview":"max-image-preview:large","max-video-preview":"max-video-preview:-1"},"canonical":"https:\/\/www.cernit-world.com\/it\/prodotto\/pasta-polimerica-cernit-biscotto-doll-500g\/","og_locale":"it_IT","og_type":"article","og_title":"Pasta polimerica Cernit - biscotto Doll 500g | Cernit","og_description":"Pasta polimerica da cottura. Fare cuocere la pasta in un forno tradizionale, per circa 30 miniuti, a temperatura compresa fra i 110\u00b0C (230\u00b0F) e i 130\u00b0C (266\u00b0F). Inodore. Non si spezza o si crepa.","og_url":"https:\/\/www.cernit-world.com\/it\/prodotto\/pasta-polimerica-cernit-biscotto-doll-500g\/","og_site_name":"Cernit","article_publisher":"https:\/\/www.facebook.com\/groups\/cernitconnectspeople\/?locale=fr_FR","article_modified_time":"2023-09-01T13:35:23+00:00","og_image":[{"width":2000,"height":1285,"url":"https:\/\/www.cernit-world.com\/wp-inside\/uploads\/2023\/09\/ce0950500042c_cot.jpg","type":"image\/jpeg"}],"twitter_card":"summary_large_image","twitter_misc":{"Tempo di lettura stimato":"1 minuto"},"schema":{"@context":"https:\/\/schema.org","@graph":[{"@type":"WebPage","@id":"https:\/\/www.cernit-world.com\/it\/prodotto\/pasta-polimerica-cernit-biscotto-doll-500g\/","url":"https:\/\/www.cernit-world.com\/it\/prodotto\/pasta-polimerica-cernit-biscotto-doll-500g\/","name":"Pasta polimerica Cernit - biscotto Doll 500g","isPartOf":{"@id":"https:\/\/www.cernit-world.com\/it\/#website"},"primaryImageOfPage":{"@id":"https:\/\/www.cernit-world.com\/it\/prodotto\/pasta-polimerica-cernit-biscotto-doll-500g\/#primaryimage"},"image":{"@id":"https:\/\/www.cernit-world.com\/it\/prodotto\/pasta-polimerica-cernit-biscotto-doll-500g\/#primaryimage"},"thumbnailUrl":"https:\/\/www.cernit-world.com\/wp-inside\/uploads\/2023\/07\/1500x1500-md-ce0950500042c_cot.jpg","datePublished":"2023-07-04T11:44:23+00:00","dateModified":"2023-09-01T13:35:23+00:00","breadcrumb":{"@id":"https:\/\/www.cernit-world.com\/it\/prodotto\/pasta-polimerica-cernit-biscotto-doll-500g\/#breadcrumb"},"inLanguage":"it-IT","potentialAction":[{"@type":"ReadAction","target":["https:\/\/www.cernit-world.com\/it\/prodotto\/pasta-polimerica-cernit-biscotto-doll-500g\/"]}]},{"@type":"ImageObject","inLanguage":"it-IT","@id":"https:\/\/www.cernit-world.com\/it\/prodotto\/pasta-polimerica-cernit-biscotto-doll-500g\/#primaryimage","url":"https:\/\/www.cernit-world.com\/wp-inside\/uploads\/2023\/07\/1500x1500-md-ce0950500042c_cot.jpg","contentUrl":"https:\/\/www.cernit-world.com\/wp-inside\/uploads\/2023\/07\/1500x1500-md-ce0950500042c_cot.jpg","width":1500,"height":1500,"caption":"P\u00e2te Polym\u00e8re Cernit \u2013 biscuit Doll 500g"},{"@type":"BreadcrumbList","@id":"https:\/\/www.cernit-world.com\/it\/prodotto\/pasta-polimerica-cernit-biscotto-doll-500g\/#breadcrumb","itemListElement":[{"@type":"ListItem","position":1,"name":"Home","item":"https:\/\/www.cernit-world.com\/it\/"},{"@type":"ListItem","position":2,"name":"Negozio","item":"https:\/\/www.cernit-world.com\/it\/negozio\/"},{"@type":"ListItem","position":3,"name":"Linea Doll","item":"https:\/\/www.cernit-world.com\/it\/categoria-prodotto\/pasta-polimerica\/linea\/linea-doll\/"},{"@type":"ListItem","position":4,"name":"Pasta polimerica Cernit &#8211; biscotto Doll 500g"}]},{"@type":"WebSite","@id":"https:\/\/www.cernit-world.com\/it\/#website","url":"https:\/\/www.cernit-world.com\/it\/","name":"Cernit","description":"Une qualit\u00e9 haut de gamme pour des cr\u00e9ations premiums","publisher":{"@id":"https:\/\/www.cernit-world.com\/it\/#organization"},"potentialAction":[{"@type":"SearchAction","target":{"@type":"EntryPoint","urlTemplate":"https:\/\/www.cernit-world.com\/it\/?s={search_term_string}"},"query-input":{"@type":"PropertyValueSpecification","valueRequired":true,"valueName":"search_term_string"}}],"inLanguage":"it-IT"},{"@type":"Organization","@id":"https:\/\/www.cernit-world.com\/it\/#organization","name":"Cernit","url":"https:\/\/www.cernit-world.com\/it\/","logo":{"@type":"ImageObject","inLanguage":"it-IT","@id":"https:\/\/www.cernit-world.com\/it\/#\/schema\/logo\/image\/","url":"https:\/\/www.cernit-world.com\/wp-inside\/uploads\/2023\/07\/cernit-opengraph.jpg","contentUrl":"https:\/\/www.cernit-world.com\/wp-inside\/uploads\/2023\/07\/cernit-opengraph.jpg","width":1200,"height":630,"caption":"Cernit"},"image":{"@id":"https:\/\/www.cernit-world.com\/it\/#\/schema\/logo\/image\/"},"sameAs":["https:\/\/www.facebook.com\/groups\/cernitconnectspeople\/?locale=fr_FR"]}]}},"_links":{"self":[{"href":"https:\/\/www.cernit-world.com\/it\/wp-json\/wp\/v2\/product\/18366","targetHints":{"allow":["GET"]}}],"collection":[{"href":"https:\/\/www.cernit-world.com\/it\/wp-json\/wp\/v2\/product"}],"about":[{"href":"https:\/\/www.cernit-world.com\/it\/wp-json\/wp\/v2\/types\/product"}],"wp:featuredmedia":[{"embeddable":true,"href":"https:\/\/www.cernit-world.com\/it\/wp-json\/wp\/v2\/media\/23036"}],"wp:attachment":[{"href":"https:\/\/www.cernit-world.com\/it\/wp-json\/wp\/v2\/media?parent=18366"}],"wp:term":[{"taxonomy":"product_brand","embeddable":true,"href":"https:\/\/www.cernit-world.com\/it\/wp-json\/wp\/v2\/product_brand?post=18366"},{"taxonomy":"product_cat","embeddable":true,"href":"https:\/\/www.cernit-world.com\/it\/wp-json\/wp\/v2\/product_cat?post=18366"},{"taxonomy":"product_tag","embeddable":true,"href":"https:\/\/www.cernit-world.com\/it\/wp-json\/wp\/v2\/product_tag?post=18366"}],"curies":[{"name":"wp","href":"https:\/\/api.w.org\/{rel}","templated":true}]}}