{"id":7639,"date":"2023-06-20T14:20:16","date_gmt":"2023-06-20T12:20:16","guid":{"rendered":"https:\/\/www.cernit-world.com\/a-propos\/notre-histoire\/"},"modified":"2023-08-03T17:31:14","modified_gmt":"2023-08-03T15:31:14","slug":"la-nostra-storia","status":"publish","type":"page","link":"https:\/\/www.cernit-world.com\/it\/informazioni\/la-nostra-storia\/","title":{"rendered":"La Nostra Storia"},"content":{"rendered":"<div class=\"wp-post-content\"><!-- zone:zn_pagebanner [0] --><br \/>\n\t\t<!-- \/zone:zn_pagebanner [0] --><br \/>\n<!-- zone:zn_text_img [1] --><\/p>\n<p>C&rsquo;era una volta, negli anni &rsquo;60 vicino a Praga, nella Repubblica Ceca, una giovane coppia di scienziati che lavorava allo sviluppo di una pasta che induriva durante la cottura. Dopo numerosi tentativi, riuscirono a creare un materiale relativamente flessibile e modellabile che chiamarono Cernit, in omaggio al nome della moglie che si chiamava Cerna.<\/p>\n<p>Costretti a emigrare in Germania nel 1963, la coppia decise di pubblicare un annuncio per trovare un investitore che li aiutasse a sviluppare il loro prodotto. Manfred Guder not\u00f2 l&rsquo;annuncio e decise di collaborare con gli inventori.<\/p>\n<p>Poco tempo dopo, la coppia si ritir\u00f2 dall&rsquo;affare e il sig. Guder assunse un chimico che ampli\u00f2 notevolmente la gamma di colori della pasta. In quel periodo, la produzione avveniva nella loro fabbrica di Francoforte, in Germania. Ma nel corso del tempo, le vendite calarono e i risultati non furono all&rsquo;altezza.<\/p>\n<p>Bisogner\u00e0 attendere il 2008 perch\u00e9 il marchio fosse acquisito da un&rsquo;azienda belga, The Clay and Paint Factory, che si occup\u00f2 di ideare e produrre nuovi effetti e sviluppare vari accessori per la modellazione e la realizzazione di gioielli, bambole, miniature, ecc. Gli sforzi portarono rapidamente risultati positivi, grazie soprattutto al passaparola e ai social media. La qualit\u00e0 della pasta fu riconosciuta e apprezzata da tutti, consentendo a Cernit di farsi strada tra i principali marchi utilizzati dai polimeristi professionisti.<\/p>\n<p>Dal novembre 2022, \u00e8 la societ\u00e0 francese Clairefontaine Rhodia che ha preso in mano l&rsquo;azienda e di conseguenza la commercializzazione del marchio Cernit.<\/p>\n<p><!-- \/zone:zn_text_img [1] -->\n<\/div>\n","protected":false},"excerpt":{"rendered":"<p>C&rsquo;era una volta, negli anni &rsquo;60 vicino a Praga, nella Repubblica Ceca, una giovane coppia di scienziati che lavorava allo sviluppo di una pasta che induriva durante la cottura. Dopo [&hellip;]<\/p>\n","protected":false},"author":4,"featured_media":0,"parent":7637,"menu_order":20,"comment_status":"closed","ping_status":"closed","template":"","meta":{"_acf_changed":false,"footnotes":""},"class_list":["post-7639","page","type-page","status-publish","hentry","wp-sticky","summaryproductshop"],"acf":[],"yoast_head":"<!-- This site is optimized with the Yoast SEO plugin v27.5 - https:\/\/yoast.com\/product\/yoast-seo-wordpress\/ -->\n<title>La Nostra Storia | Cernit<\/title>\n<meta name=\"robots\" content=\"index, follow, max-snippet:-1, max-image-preview:large, max-video-preview:-1\" \/>\n<link rel=\"canonical\" href=\"https:\/\/www.cernit-world.com\/it\/informazioni\/la-nostra-storia\/\" \/>\n<meta property=\"og:locale\" content=\"it_IT\" \/>\n<meta property=\"og:type\" content=\"article\" \/>\n<meta property=\"og:title\" content=\"La Nostra Storia | Cernit\" \/>\n<meta property=\"og:description\" content=\"C&rsquo;era una volta, negli anni &rsquo;60 vicino a Praga, nella Repubblica Ceca, una giovane coppia di scienziati che lavorava allo sviluppo di una pasta che induriva durante la cottura. Dopo [&hellip;]\" \/>\n<meta property=\"og:url\" content=\"https:\/\/www.cernit-world.com\/it\/informazioni\/la-nostra-storia\/\" \/>\n<meta property=\"og:site_name\" content=\"Cernit\" \/>\n<meta property=\"article:publisher\" content=\"https:\/\/www.facebook.com\/groups\/cernitconnectspeople\/?locale=fr_FR\" \/>\n<meta property=\"article:modified_time\" content=\"2023-08-03T15:31:14+00:00\" \/>\n<meta property=\"og:image\" content=\"https:\/\/www.cernit-world.com\/wp-inside\/uploads\/2023\/06\/cernit_logo.jpg\" \/>\n\t<meta property=\"og:image:width\" content=\"1772\" \/>\n\t<meta property=\"og:image:height\" content=\"709\" \/>\n\t<meta property=\"og:image:type\" content=\"image\/jpeg\" \/>\n<meta name=\"twitter:card\" content=\"summary_large_image\" \/>\n<script type=\"application\/ld+json\" class=\"yoast-schema-graph\">{\"@context\":\"https:\\\/\\\/schema.org\",\"@graph\":[{\"@type\":\"WebPage\",\"@id\":\"https:\\\/\\\/www.cernit-world.com\\\/it\\\/informazioni\\\/la-nostra-storia\\\/\",\"url\":\"https:\\\/\\\/www.cernit-world.com\\\/it\\\/informazioni\\\/la-nostra-storia\\\/\",\"name\":\"La Nostra Storia\",\"isPartOf\":{\"@id\":\"https:\\\/\\\/www.cernit-world.com\\\/it\\\/#website\"},\"datePublished\":\"2023-06-20T12:20:16+00:00\",\"dateModified\":\"2023-08-03T15:31:14+00:00\",\"breadcrumb\":{\"@id\":\"https:\\\/\\\/www.cernit-world.com\\\/it\\\/informazioni\\\/la-nostra-storia\\\/#breadcrumb\"},\"inLanguage\":\"it-IT\",\"potentialAction\":[{\"@type\":\"ReadAction\",\"target\":[\"https:\\\/\\\/www.cernit-world.com\\\/it\\\/informazioni\\\/la-nostra-storia\\\/\"]}]},{\"@type\":\"BreadcrumbList\",\"@id\":\"https:\\\/\\\/www.cernit-world.com\\\/it\\\/informazioni\\\/la-nostra-storia\\\/#breadcrumb\",\"itemListElement\":[{\"@type\":\"ListItem\",\"position\":1,\"name\":\"Home\",\"item\":\"https:\\\/\\\/www.cernit-world.com\\\/it\\\/\"},{\"@type\":\"ListItem\",\"position\":2,\"name\":\"Informazioni\",\"item\":\"https:\\\/\\\/www.cernit-world.com\\\/it\\\/informazioni\\\/\"},{\"@type\":\"ListItem\",\"position\":3,\"name\":\"La Nostra Storia\"}]},{\"@type\":\"WebSite\",\"@id\":\"https:\\\/\\\/www.cernit-world.com\\\/it\\\/#website\",\"url\":\"https:\\\/\\\/www.cernit-world.com\\\/it\\\/\",\"name\":\"Cernit\",\"description\":\"Une qualit\u00e9 haut de gamme pour des cr\u00e9ations premiums\",\"publisher\":{\"@id\":\"https:\\\/\\\/www.cernit-world.com\\\/it\\\/#organization\"},\"potentialAction\":[{\"@type\":\"SearchAction\",\"target\":{\"@type\":\"EntryPoint\",\"urlTemplate\":\"https:\\\/\\\/www.cernit-world.com\\\/it\\\/?s={search_term_string}\"},\"query-input\":{\"@type\":\"PropertyValueSpecification\",\"valueRequired\":true,\"valueName\":\"search_term_string\"}}],\"inLanguage\":\"it-IT\"},{\"@type\":\"Organization\",\"@id\":\"https:\\\/\\\/www.cernit-world.com\\\/it\\\/#organization\",\"name\":\"Cernit\",\"url\":\"https:\\\/\\\/www.cernit-world.com\\\/it\\\/\",\"logo\":{\"@type\":\"ImageObject\",\"inLanguage\":\"it-IT\",\"@id\":\"https:\\\/\\\/www.cernit-world.com\\\/it\\\/#\\\/schema\\\/logo\\\/image\\\/\",\"url\":\"https:\\\/\\\/www.cernit-world.com\\\/wp-inside\\\/uploads\\\/2023\\\/07\\\/cernit-opengraph.jpg\",\"contentUrl\":\"https:\\\/\\\/www.cernit-world.com\\\/wp-inside\\\/uploads\\\/2023\\\/07\\\/cernit-opengraph.jpg\",\"width\":1200,\"height\":630,\"caption\":\"Cernit\"},\"image\":{\"@id\":\"https:\\\/\\\/www.cernit-world.com\\\/it\\\/#\\\/schema\\\/logo\\\/image\\\/\"},\"sameAs\":[\"https:\\\/\\\/www.facebook.com\\\/groups\\\/cernitconnectspeople\\\/?locale=fr_FR\"]}]}<\/script>\n<!-- \/ Yoast SEO plugin. -->","yoast_head_json":{"title":"La Nostra Storia | Cernit","robots":{"index":"index","follow":"follow","max-snippet":"max-snippet:-1","max-image-preview":"max-image-preview:large","max-video-preview":"max-video-preview:-1"},"canonical":"https:\/\/www.cernit-world.com\/it\/informazioni\/la-nostra-storia\/","og_locale":"it_IT","og_type":"article","og_title":"La Nostra Storia | Cernit","og_description":"C&rsquo;era una volta, negli anni &rsquo;60 vicino a Praga, nella Repubblica Ceca, una giovane coppia di scienziati che lavorava allo sviluppo di una pasta che induriva durante la cottura. Dopo [&hellip;]","og_url":"https:\/\/www.cernit-world.com\/it\/informazioni\/la-nostra-storia\/","og_site_name":"Cernit","article_publisher":"https:\/\/www.facebook.com\/groups\/cernitconnectspeople\/?locale=fr_FR","article_modified_time":"2023-08-03T15:31:14+00:00","og_image":[{"width":1772,"height":709,"url":"https:\/\/www.cernit-world.com\/wp-inside\/uploads\/2023\/06\/cernit_logo.jpg","type":"image\/jpeg"}],"twitter_card":"summary_large_image","schema":{"@context":"https:\/\/schema.org","@graph":[{"@type":"WebPage","@id":"https:\/\/www.cernit-world.com\/it\/informazioni\/la-nostra-storia\/","url":"https:\/\/www.cernit-world.com\/it\/informazioni\/la-nostra-storia\/","name":"La Nostra Storia","isPartOf":{"@id":"https:\/\/www.cernit-world.com\/it\/#website"},"datePublished":"2023-06-20T12:20:16+00:00","dateModified":"2023-08-03T15:31:14+00:00","breadcrumb":{"@id":"https:\/\/www.cernit-world.com\/it\/informazioni\/la-nostra-storia\/#breadcrumb"},"inLanguage":"it-IT","potentialAction":[{"@type":"ReadAction","target":["https:\/\/www.cernit-world.com\/it\/informazioni\/la-nostra-storia\/"]}]},{"@type":"BreadcrumbList","@id":"https:\/\/www.cernit-world.com\/it\/informazioni\/la-nostra-storia\/#breadcrumb","itemListElement":[{"@type":"ListItem","position":1,"name":"Home","item":"https:\/\/www.cernit-world.com\/it\/"},{"@type":"ListItem","position":2,"name":"Informazioni","item":"https:\/\/www.cernit-world.com\/it\/informazioni\/"},{"@type":"ListItem","position":3,"name":"La Nostra Storia"}]},{"@type":"WebSite","@id":"https:\/\/www.cernit-world.com\/it\/#website","url":"https:\/\/www.cernit-world.com\/it\/","name":"Cernit","description":"Une qualit\u00e9 haut de gamme pour des cr\u00e9ations premiums","publisher":{"@id":"https:\/\/www.cernit-world.com\/it\/#organization"},"potentialAction":[{"@type":"SearchAction","target":{"@type":"EntryPoint","urlTemplate":"https:\/\/www.cernit-world.com\/it\/?s={search_term_string}"},"query-input":{"@type":"PropertyValueSpecification","valueRequired":true,"valueName":"search_term_string"}}],"inLanguage":"it-IT"},{"@type":"Organization","@id":"https:\/\/www.cernit-world.com\/it\/#organization","name":"Cernit","url":"https:\/\/www.cernit-world.com\/it\/","logo":{"@type":"ImageObject","inLanguage":"it-IT","@id":"https:\/\/www.cernit-world.com\/it\/#\/schema\/logo\/image\/","url":"https:\/\/www.cernit-world.com\/wp-inside\/uploads\/2023\/07\/cernit-opengraph.jpg","contentUrl":"https:\/\/www.cernit-world.com\/wp-inside\/uploads\/2023\/07\/cernit-opengraph.jpg","width":1200,"height":630,"caption":"Cernit"},"image":{"@id":"https:\/\/www.cernit-world.com\/it\/#\/schema\/logo\/image\/"},"sameAs":["https:\/\/www.facebook.com\/groups\/cernitconnectspeople\/?locale=fr_FR"]}]}},"_links":{"self":[{"href":"https:\/\/www.cernit-world.com\/it\/wp-json\/wp\/v2\/pages\/7639","targetHints":{"allow":["GET"]}}],"collection":[{"href":"https:\/\/www.cernit-world.com\/it\/wp-json\/wp\/v2\/pages"}],"about":[{"href":"https:\/\/www.cernit-world.com\/it\/wp-json\/wp\/v2\/types\/page"}],"author":[{"embeddable":true,"href":"https:\/\/www.cernit-world.com\/it\/wp-json\/wp\/v2\/users\/4"}],"replies":[{"embeddable":true,"href":"https:\/\/www.cernit-world.com\/it\/wp-json\/wp\/v2\/comments?post=7639"}],"version-history":[{"count":2,"href":"https:\/\/www.cernit-world.com\/it\/wp-json\/wp\/v2\/pages\/7639\/revisions"}],"predecessor-version":[{"id":7749,"href":"https:\/\/www.cernit-world.com\/it\/wp-json\/wp\/v2\/pages\/7639\/revisions\/7749"}],"up":[{"embeddable":true,"href":"https:\/\/www.cernit-world.com\/it\/wp-json\/wp\/v2\/pages\/7637"}],"wp:attachment":[{"href":"https:\/\/www.cernit-world.com\/it\/wp-json\/wp\/v2\/media?parent=7639"}],"curies":[{"name":"wp","href":"https:\/\/api.w.org\/{rel}","templated":true}]}}