{"id":7638,"date":"2023-06-20T14:20:40","date_gmt":"2023-06-20T12:20:40","guid":{"rendered":"https:\/\/www.cernit-world.com\/a-propos\/nos-valeurs\/"},"modified":"2023-08-03T17:19:45","modified_gmt":"2023-08-03T15:19:45","slug":"i-nostri-valori","status":"publish","type":"page","link":"https:\/\/www.cernit-world.com\/it\/informazioni\/i-nostri-valori\/","title":{"rendered":"I Nostri Valori"},"content":{"rendered":"<div class=\"wp-post-content\"><!-- zone:zn_pagebanner [0] --><br \/>\n\t\t<!-- \/zone:zn_pagebanner [0] --><br \/>\n<!-- zone:zn_text_img [1] --><\/p>\n<h2>Qualit\u00e0<\/h2>\n<p>Presso Cernit, la qualit\u00e0 \u00e8 la nostra massima priorit\u00e0. Ciascuno dei nostri prodotti \u00e8 realizzato con la massima cura e sottoposto a rigorosi controlli di qualit\u00e0. Ci sforziamo di fornire prodotti di alta qualit\u00e0, duraturi e facili da usare, che permettano ai creatori di dare vita a tutte le loro idee.<\/p>\n<p><!-- \/zone:zn_text_img [1] --><br \/>\n<!-- zone:zn_text_img [2] --><\/p>\n<h2>Innovazione<\/h2>\n<p>Ascoltando le esigenze degli artisti, il marchio innova costantemente per soddisfare nuove richieste e ispirare gli appassionati di artigianato. Il nostro team spinge costantemente i limiti della pasta polimerica sviluppando nuove formule, colori sempre pi\u00f9 vibranti ed effetti unici.<\/p>\n<p><!-- \/zone:zn_text_img [2] --><br \/>\n<!-- zone:zn_text_img [3] --><\/p>\n<h2>Creativit\u00e0<\/h2>\n<p>Il marchio incoraggia la creativit\u00e0 offrendo una vasta gamma di colori, finiture e possibilit\u00e0 di espressione artistica. Sosteniamo numerosi progetti e ci piace accompagnare individui di ogni provenienza in vari progetti artistici.<\/p>\n<p><!-- \/zone:zn_text_img [3] --><br \/>\n<!-- zone:zn_text_img [4] --><\/p>\n<h2>Durabilit\u00e0<\/h2>\n<p>I prodotti Cernit permettono di realizzare creazioni durevoli e solide nel tempo grazie a materiali di qualit\u00e0.<\/p>\n<p><!-- \/zone:zn_text_img [4] --><br \/>\n<!-- zone:zn_text_img [5] --><\/p>\n<h2>Sicurezza<\/h2>\n<p>Tutte le paste polimeriche del marchio sono prodotte nel rispetto delle norme di sicurezza vigenti. Sono atossiche e non contengono ftalati o sostanze pericolose per la salute.<\/p>\n<p><!-- \/zone:zn_text_img [5] -->\n<\/div>\n","protected":false},"excerpt":{"rendered":"<p>Qualit\u00e0 Presso Cernit, la qualit\u00e0 \u00e8 la nostra massima priorit\u00e0. Ciascuno dei nostri prodotti \u00e8 realizzato con la massima cura e sottoposto a rigorosi controlli di qualit\u00e0. Ci sforziamo di [&hellip;]<\/p>\n","protected":false},"author":4,"featured_media":0,"parent":7637,"menu_order":10,"comment_status":"closed","ping_status":"closed","template":"","meta":{"_acf_changed":false,"footnotes":""},"class_list":["post-7638","page","type-page","status-publish","hentry","wp-sticky","summaryproductshop"],"acf":[],"yoast_head":"<!-- This site is optimized with the Yoast SEO plugin v27.5 - https:\/\/yoast.com\/product\/yoast-seo-wordpress\/ -->\n<title>I Nostri Valori | Cernit<\/title>\n<meta name=\"robots\" content=\"index, follow, max-snippet:-1, max-image-preview:large, max-video-preview:-1\" \/>\n<link rel=\"canonical\" href=\"https:\/\/www.cernit-world.com\/it\/informazioni\/i-nostri-valori\/\" \/>\n<meta property=\"og:locale\" content=\"it_IT\" \/>\n<meta property=\"og:type\" content=\"article\" \/>\n<meta property=\"og:title\" content=\"I Nostri Valori | Cernit\" \/>\n<meta property=\"og:description\" content=\"Qualit\u00e0 Presso Cernit, la qualit\u00e0 \u00e8 la nostra massima priorit\u00e0. Ciascuno dei nostri prodotti \u00e8 realizzato con la massima cura e sottoposto a rigorosi controlli di qualit\u00e0. Ci sforziamo di [&hellip;]\" \/>\n<meta property=\"og:url\" content=\"https:\/\/www.cernit-world.com\/it\/informazioni\/i-nostri-valori\/\" \/>\n<meta property=\"og:site_name\" content=\"Cernit\" \/>\n<meta property=\"article:publisher\" content=\"https:\/\/www.facebook.com\/groups\/cernitconnectspeople\/?locale=fr_FR\" \/>\n<meta property=\"article:modified_time\" content=\"2023-08-03T15:19:45+00:00\" \/>\n<meta property=\"og:image\" content=\"https:\/\/www.cernit-world.com\/wp-inside\/uploads\/2023\/06\/cernit_logo.jpg\" \/>\n\t<meta property=\"og:image:width\" content=\"1772\" \/>\n\t<meta property=\"og:image:height\" content=\"709\" \/>\n\t<meta property=\"og:image:type\" content=\"image\/jpeg\" \/>\n<meta name=\"twitter:card\" content=\"summary_large_image\" \/>\n<script type=\"application\/ld+json\" class=\"yoast-schema-graph\">{\"@context\":\"https:\\\/\\\/schema.org\",\"@graph\":[{\"@type\":\"WebPage\",\"@id\":\"https:\\\/\\\/www.cernit-world.com\\\/it\\\/informazioni\\\/i-nostri-valori\\\/\",\"url\":\"https:\\\/\\\/www.cernit-world.com\\\/it\\\/informazioni\\\/i-nostri-valori\\\/\",\"name\":\"I Nostri Valori\",\"isPartOf\":{\"@id\":\"https:\\\/\\\/www.cernit-world.com\\\/it\\\/#website\"},\"datePublished\":\"2023-06-20T12:20:40+00:00\",\"dateModified\":\"2023-08-03T15:19:45+00:00\",\"breadcrumb\":{\"@id\":\"https:\\\/\\\/www.cernit-world.com\\\/it\\\/informazioni\\\/i-nostri-valori\\\/#breadcrumb\"},\"inLanguage\":\"it-IT\",\"potentialAction\":[{\"@type\":\"ReadAction\",\"target\":[\"https:\\\/\\\/www.cernit-world.com\\\/it\\\/informazioni\\\/i-nostri-valori\\\/\"]}]},{\"@type\":\"BreadcrumbList\",\"@id\":\"https:\\\/\\\/www.cernit-world.com\\\/it\\\/informazioni\\\/i-nostri-valori\\\/#breadcrumb\",\"itemListElement\":[{\"@type\":\"ListItem\",\"position\":1,\"name\":\"Home\",\"item\":\"https:\\\/\\\/www.cernit-world.com\\\/it\\\/\"},{\"@type\":\"ListItem\",\"position\":2,\"name\":\"Informazioni\",\"item\":\"https:\\\/\\\/www.cernit-world.com\\\/it\\\/informazioni\\\/\"},{\"@type\":\"ListItem\",\"position\":3,\"name\":\"I Nostri Valori\"}]},{\"@type\":\"WebSite\",\"@id\":\"https:\\\/\\\/www.cernit-world.com\\\/it\\\/#website\",\"url\":\"https:\\\/\\\/www.cernit-world.com\\\/it\\\/\",\"name\":\"Cernit\",\"description\":\"Une qualit\u00e9 haut de gamme pour des cr\u00e9ations premiums\",\"publisher\":{\"@id\":\"https:\\\/\\\/www.cernit-world.com\\\/it\\\/#organization\"},\"potentialAction\":[{\"@type\":\"SearchAction\",\"target\":{\"@type\":\"EntryPoint\",\"urlTemplate\":\"https:\\\/\\\/www.cernit-world.com\\\/it\\\/?s={search_term_string}\"},\"query-input\":{\"@type\":\"PropertyValueSpecification\",\"valueRequired\":true,\"valueName\":\"search_term_string\"}}],\"inLanguage\":\"it-IT\"},{\"@type\":\"Organization\",\"@id\":\"https:\\\/\\\/www.cernit-world.com\\\/it\\\/#organization\",\"name\":\"Cernit\",\"url\":\"https:\\\/\\\/www.cernit-world.com\\\/it\\\/\",\"logo\":{\"@type\":\"ImageObject\",\"inLanguage\":\"it-IT\",\"@id\":\"https:\\\/\\\/www.cernit-world.com\\\/it\\\/#\\\/schema\\\/logo\\\/image\\\/\",\"url\":\"https:\\\/\\\/www.cernit-world.com\\\/wp-inside\\\/uploads\\\/2023\\\/07\\\/cernit-opengraph.jpg\",\"contentUrl\":\"https:\\\/\\\/www.cernit-world.com\\\/wp-inside\\\/uploads\\\/2023\\\/07\\\/cernit-opengraph.jpg\",\"width\":1200,\"height\":630,\"caption\":\"Cernit\"},\"image\":{\"@id\":\"https:\\\/\\\/www.cernit-world.com\\\/it\\\/#\\\/schema\\\/logo\\\/image\\\/\"},\"sameAs\":[\"https:\\\/\\\/www.facebook.com\\\/groups\\\/cernitconnectspeople\\\/?locale=fr_FR\"]}]}<\/script>\n<!-- \/ Yoast SEO plugin. -->","yoast_head_json":{"title":"I Nostri Valori | Cernit","robots":{"index":"index","follow":"follow","max-snippet":"max-snippet:-1","max-image-preview":"max-image-preview:large","max-video-preview":"max-video-preview:-1"},"canonical":"https:\/\/www.cernit-world.com\/it\/informazioni\/i-nostri-valori\/","og_locale":"it_IT","og_type":"article","og_title":"I Nostri Valori | Cernit","og_description":"Qualit\u00e0 Presso Cernit, la qualit\u00e0 \u00e8 la nostra massima priorit\u00e0. Ciascuno dei nostri prodotti \u00e8 realizzato con la massima cura e sottoposto a rigorosi controlli di qualit\u00e0. Ci sforziamo di [&hellip;]","og_url":"https:\/\/www.cernit-world.com\/it\/informazioni\/i-nostri-valori\/","og_site_name":"Cernit","article_publisher":"https:\/\/www.facebook.com\/groups\/cernitconnectspeople\/?locale=fr_FR","article_modified_time":"2023-08-03T15:19:45+00:00","og_image":[{"width":1772,"height":709,"url":"https:\/\/www.cernit-world.com\/wp-inside\/uploads\/2023\/06\/cernit_logo.jpg","type":"image\/jpeg"}],"twitter_card":"summary_large_image","schema":{"@context":"https:\/\/schema.org","@graph":[{"@type":"WebPage","@id":"https:\/\/www.cernit-world.com\/it\/informazioni\/i-nostri-valori\/","url":"https:\/\/www.cernit-world.com\/it\/informazioni\/i-nostri-valori\/","name":"I Nostri Valori","isPartOf":{"@id":"https:\/\/www.cernit-world.com\/it\/#website"},"datePublished":"2023-06-20T12:20:40+00:00","dateModified":"2023-08-03T15:19:45+00:00","breadcrumb":{"@id":"https:\/\/www.cernit-world.com\/it\/informazioni\/i-nostri-valori\/#breadcrumb"},"inLanguage":"it-IT","potentialAction":[{"@type":"ReadAction","target":["https:\/\/www.cernit-world.com\/it\/informazioni\/i-nostri-valori\/"]}]},{"@type":"BreadcrumbList","@id":"https:\/\/www.cernit-world.com\/it\/informazioni\/i-nostri-valori\/#breadcrumb","itemListElement":[{"@type":"ListItem","position":1,"name":"Home","item":"https:\/\/www.cernit-world.com\/it\/"},{"@type":"ListItem","position":2,"name":"Informazioni","item":"https:\/\/www.cernit-world.com\/it\/informazioni\/"},{"@type":"ListItem","position":3,"name":"I Nostri Valori"}]},{"@type":"WebSite","@id":"https:\/\/www.cernit-world.com\/it\/#website","url":"https:\/\/www.cernit-world.com\/it\/","name":"Cernit","description":"Une qualit\u00e9 haut de gamme pour des cr\u00e9ations premiums","publisher":{"@id":"https:\/\/www.cernit-world.com\/it\/#organization"},"potentialAction":[{"@type":"SearchAction","target":{"@type":"EntryPoint","urlTemplate":"https:\/\/www.cernit-world.com\/it\/?s={search_term_string}"},"query-input":{"@type":"PropertyValueSpecification","valueRequired":true,"valueName":"search_term_string"}}],"inLanguage":"it-IT"},{"@type":"Organization","@id":"https:\/\/www.cernit-world.com\/it\/#organization","name":"Cernit","url":"https:\/\/www.cernit-world.com\/it\/","logo":{"@type":"ImageObject","inLanguage":"it-IT","@id":"https:\/\/www.cernit-world.com\/it\/#\/schema\/logo\/image\/","url":"https:\/\/www.cernit-world.com\/wp-inside\/uploads\/2023\/07\/cernit-opengraph.jpg","contentUrl":"https:\/\/www.cernit-world.com\/wp-inside\/uploads\/2023\/07\/cernit-opengraph.jpg","width":1200,"height":630,"caption":"Cernit"},"image":{"@id":"https:\/\/www.cernit-world.com\/it\/#\/schema\/logo\/image\/"},"sameAs":["https:\/\/www.facebook.com\/groups\/cernitconnectspeople\/?locale=fr_FR"]}]}},"_links":{"self":[{"href":"https:\/\/www.cernit-world.com\/it\/wp-json\/wp\/v2\/pages\/7638","targetHints":{"allow":["GET"]}}],"collection":[{"href":"https:\/\/www.cernit-world.com\/it\/wp-json\/wp\/v2\/pages"}],"about":[{"href":"https:\/\/www.cernit-world.com\/it\/wp-json\/wp\/v2\/types\/page"}],"author":[{"embeddable":true,"href":"https:\/\/www.cernit-world.com\/it\/wp-json\/wp\/v2\/users\/4"}],"replies":[{"embeddable":true,"href":"https:\/\/www.cernit-world.com\/it\/wp-json\/wp\/v2\/comments?post=7638"}],"version-history":[{"count":2,"href":"https:\/\/www.cernit-world.com\/it\/wp-json\/wp\/v2\/pages\/7638\/revisions"}],"predecessor-version":[{"id":7744,"href":"https:\/\/www.cernit-world.com\/it\/wp-json\/wp\/v2\/pages\/7638\/revisions\/7744"}],"up":[{"embeddable":true,"href":"https:\/\/www.cernit-world.com\/it\/wp-json\/wp\/v2\/pages\/7637"}],"wp:attachment":[{"href":"https:\/\/www.cernit-world.com\/it\/wp-json\/wp\/v2\/media?parent=7638"}],"curies":[{"name":"wp","href":"https:\/\/api.w.org\/{rel}","templated":true}]}}