{"id":7637,"date":"2023-05-09T09:21:45","date_gmt":"2023-05-09T07:21:45","guid":{"rendered":"https:\/\/www.cernit-world.com\/a-propos\/"},"modified":"2023-08-03T16:51:56","modified_gmt":"2023-08-03T14:51:56","slug":"informazioni","status":"publish","type":"page","link":"https:\/\/www.cernit-world.com\/it\/informazioni\/","title":{"rendered":"Informazioni"},"content":{"rendered":"<div class=\"wp-post-content\"><!-- zone:zn_pagebanner [0] --><br \/>\n\t\t<!-- \/zone:zn_pagebanner [0] --><br \/>\n<!-- zone:zn_text_img [1] --><\/p>\n<h2>Pasta polimerica<\/h2>\n<p>Facile da modellare, la pasta Cernit \u00e8 una pasta polimerica di alta qualit\u00e0 che soddisfa tutte le esigenze e i desideri dei creatori di gioielli, miniature (culinarie, botaniche, ecc.) e degli artisti che modellano personaggi, figurine o decorazioni.<\/p>\n<p>La gamma \u00e8 composta da 105 colori che possono essere mescolati per creare tonalit\u00e0 personalizzate. Le possibilit\u00e0 sono infinite.<\/p>\n<p>Dopo la modellazione, la creazione deve essere cotta in un forno domestico per un massimo di 30 minuti a 130\u00b0C (265\u00b0F) per diventare completamente solida e resistente nel tempo.<\/p>\n<p>Le sue propriet\u00e0 e vantaggi sono riconosciuti dagli artisti pi\u00f9 talentuosi in tutto il mondo:<\/p>\n<ul>\n<li>Facile e veloce da ammorbidire, non si secca mai<\/li>\n<li>105 colori che non macchiano n\u00e9 le mani n\u00e9 gli strumenti<\/li>\n<li>Effetti dopo la cottura che soddisfano tutte le esigenze<\/li>\n<li>Senza odore prima, durante e dopo la cottura<\/li>\n<li>Possibilit\u00e0 di cuocere pi\u00f9 volte senza mai cambiare il colore<\/li>\n<li>E soprattutto, una flessibilit\u00e0 incredibile e senza pari dopo la cottura<\/li>\n<\/ul>\n<p>Tutte le paste sono prodotte nel nostro stabilimento in Belgio, vicino a Liegi, consentendoci di controllare l&rsquo;intero processo di produzione.<\/p>\n<p><!-- \/zone:zn_text_img [1] --><br \/>\n<!-- zone:zn_text_img [3] --><\/p>\n<h2>Resina epossidica<\/h2>\n<p>Per abbellire creazioni in pasta polimerica o creare gioielli e altri piccoli oggetti da zero, Cernit offre kit pronti all&rsquo;uso per realizzare resina epossidica.<\/p>\n<p>La resina epossidica \u00e8 composta da due soluzioni da miscelare (resina e indurente) per ottenere una soluzione dura e solida. Non richiede cottura; a seconda dello spessore della creazione, la resina si asciuga all&rsquo;aria tra 24 e 72 ore.<\/p>\n<p>I suoi principali vantaggi sono la sua incredibile durabilit\u00e0 e la sua trasparenza cristallina, che consente di incorporare elementi decorativi come pigmenti, glitter, fiori secchi, conchiglie, ecc. La resina epossidica consente di ottenere creazioni uniche e personalizzate. Pu\u00f2 anche essere colorata utilizzando gli inchiostri ad alcool Cernit.<\/p>\n<p>La tecnica \u00e8 molto semplice:<\/p>\n<p>Passaggio 1: Proteggi le mani indossando i guanti<\/p>\n<p>Passaggio 2: Versa la quantit\u00e0 desiderata di resina nel contenitore adatto<\/p>\n<p>Passaggio 3: Aggiungi il catalizzatore secondo la proporzione consigliata (=1 parte di catalizzatore per 2 parti di resina)<\/p>\n<p>Passaggio 4: Mescola le due soluzioni usando il bastoncino di miscelazione<\/p>\n<p>La tua resina \u00e8 pronta e pu\u00f2 quindi essere versata nella forma desiderata.<br \/>\nTutti gli strumenti necessari (guanti, tazza, bastoncino di miscelazione, ecc.) sono inclusi nel nostro kit di scoperta.<\/p>\n<p>Una volta che la resina \u00e8 asciutta, puoi levigare la tua creazione per renderla lucida o verniciarla utilizzando i diversi smalti effetto della gamma Cernit.<\/p>\n<p><!-- \/zone:zn_text_img [3] -->\n<\/div>\n","protected":false},"excerpt":{"rendered":"<p>Pasta polimerica Facile da modellare, la pasta Cernit \u00e8 una pasta polimerica di alta qualit\u00e0 che soddisfa tutte le esigenze e i desideri dei creatori di gioielli, miniature (culinarie, botaniche, [&hellip;]<\/p>\n","protected":false},"author":4,"featured_media":0,"parent":0,"menu_order":40,"comment_status":"closed","ping_status":"closed","template":"","meta":{"_acf_changed":false,"footnotes":""},"class_list":["post-7637","page","type-page","status-publish","hentry","wp-sticky","summaryproductshop"],"acf":[],"yoast_head":"<!-- This site is optimized with the Yoast SEO plugin v27.4 - https:\/\/yoast.com\/product\/yoast-seo-wordpress\/ -->\n<title>Informazioni | Cernit<\/title>\n<meta name=\"robots\" content=\"index, follow, max-snippet:-1, max-image-preview:large, max-video-preview:-1\" \/>\n<link rel=\"canonical\" href=\"https:\/\/www.cernit-world.com\/it\/informazioni\/\" \/>\n<meta property=\"og:locale\" content=\"it_IT\" \/>\n<meta property=\"og:type\" content=\"article\" \/>\n<meta property=\"og:title\" content=\"Informazioni | Cernit\" \/>\n<meta property=\"og:description\" content=\"Pasta polimerica Facile da modellare, la pasta Cernit \u00e8 una pasta polimerica di alta qualit\u00e0 che soddisfa tutte le esigenze e i desideri dei creatori di gioielli, miniature (culinarie, botaniche, [&hellip;]\" \/>\n<meta property=\"og:url\" content=\"https:\/\/www.cernit-world.com\/it\/informazioni\/\" \/>\n<meta property=\"og:site_name\" content=\"Cernit\" \/>\n<meta property=\"article:publisher\" content=\"https:\/\/www.facebook.com\/groups\/cernitconnectspeople\/?locale=fr_FR\" \/>\n<meta property=\"article:modified_time\" content=\"2023-08-03T14:51:56+00:00\" \/>\n<meta property=\"og:image\" content=\"https:\/\/www.cernit-world.com\/wp-inside\/uploads\/2023\/06\/cernit_logo.jpg\" \/>\n\t<meta property=\"og:image:width\" content=\"1772\" \/>\n\t<meta property=\"og:image:height\" content=\"709\" \/>\n\t<meta property=\"og:image:type\" content=\"image\/jpeg\" \/>\n<meta name=\"twitter:card\" content=\"summary_large_image\" \/>\n<script type=\"application\/ld+json\" class=\"yoast-schema-graph\">{\"@context\":\"https:\\\/\\\/schema.org\",\"@graph\":[{\"@type\":\"WebPage\",\"@id\":\"https:\\\/\\\/www.cernit-world.com\\\/it\\\/informazioni\\\/\",\"url\":\"https:\\\/\\\/www.cernit-world.com\\\/it\\\/informazioni\\\/\",\"name\":\"Informazioni\",\"isPartOf\":{\"@id\":\"https:\\\/\\\/www.cernit-world.com\\\/it\\\/#website\"},\"datePublished\":\"2023-05-09T07:21:45+00:00\",\"dateModified\":\"2023-08-03T14:51:56+00:00\",\"breadcrumb\":{\"@id\":\"https:\\\/\\\/www.cernit-world.com\\\/it\\\/informazioni\\\/#breadcrumb\"},\"inLanguage\":\"it-IT\",\"potentialAction\":[{\"@type\":\"ReadAction\",\"target\":[\"https:\\\/\\\/www.cernit-world.com\\\/it\\\/informazioni\\\/\"]}]},{\"@type\":\"BreadcrumbList\",\"@id\":\"https:\\\/\\\/www.cernit-world.com\\\/it\\\/informazioni\\\/#breadcrumb\",\"itemListElement\":[{\"@type\":\"ListItem\",\"position\":1,\"name\":\"Home\",\"item\":\"https:\\\/\\\/www.cernit-world.com\\\/it\\\/\"},{\"@type\":\"ListItem\",\"position\":2,\"name\":\"Informazioni\"}]},{\"@type\":\"WebSite\",\"@id\":\"https:\\\/\\\/www.cernit-world.com\\\/it\\\/#website\",\"url\":\"https:\\\/\\\/www.cernit-world.com\\\/it\\\/\",\"name\":\"Cernit\",\"description\":\"Une qualit\u00e9 haut de gamme pour des cr\u00e9ations premiums\",\"publisher\":{\"@id\":\"https:\\\/\\\/www.cernit-world.com\\\/it\\\/#organization\"},\"potentialAction\":[{\"@type\":\"SearchAction\",\"target\":{\"@type\":\"EntryPoint\",\"urlTemplate\":\"https:\\\/\\\/www.cernit-world.com\\\/it\\\/?s={search_term_string}\"},\"query-input\":{\"@type\":\"PropertyValueSpecification\",\"valueRequired\":true,\"valueName\":\"search_term_string\"}}],\"inLanguage\":\"it-IT\"},{\"@type\":\"Organization\",\"@id\":\"https:\\\/\\\/www.cernit-world.com\\\/it\\\/#organization\",\"name\":\"Cernit\",\"url\":\"https:\\\/\\\/www.cernit-world.com\\\/it\\\/\",\"logo\":{\"@type\":\"ImageObject\",\"inLanguage\":\"it-IT\",\"@id\":\"https:\\\/\\\/www.cernit-world.com\\\/it\\\/#\\\/schema\\\/logo\\\/image\\\/\",\"url\":\"https:\\\/\\\/www.cernit-world.com\\\/wp-inside\\\/uploads\\\/2023\\\/07\\\/cernit-opengraph.jpg\",\"contentUrl\":\"https:\\\/\\\/www.cernit-world.com\\\/wp-inside\\\/uploads\\\/2023\\\/07\\\/cernit-opengraph.jpg\",\"width\":1200,\"height\":630,\"caption\":\"Cernit\"},\"image\":{\"@id\":\"https:\\\/\\\/www.cernit-world.com\\\/it\\\/#\\\/schema\\\/logo\\\/image\\\/\"},\"sameAs\":[\"https:\\\/\\\/www.facebook.com\\\/groups\\\/cernitconnectspeople\\\/?locale=fr_FR\"]}]}<\/script>\n<!-- \/ Yoast SEO plugin. -->","yoast_head_json":{"title":"Informazioni | Cernit","robots":{"index":"index","follow":"follow","max-snippet":"max-snippet:-1","max-image-preview":"max-image-preview:large","max-video-preview":"max-video-preview:-1"},"canonical":"https:\/\/www.cernit-world.com\/it\/informazioni\/","og_locale":"it_IT","og_type":"article","og_title":"Informazioni | Cernit","og_description":"Pasta polimerica Facile da modellare, la pasta Cernit \u00e8 una pasta polimerica di alta qualit\u00e0 che soddisfa tutte le esigenze e i desideri dei creatori di gioielli, miniature (culinarie, botaniche, [&hellip;]","og_url":"https:\/\/www.cernit-world.com\/it\/informazioni\/","og_site_name":"Cernit","article_publisher":"https:\/\/www.facebook.com\/groups\/cernitconnectspeople\/?locale=fr_FR","article_modified_time":"2023-08-03T14:51:56+00:00","og_image":[{"width":1772,"height":709,"url":"https:\/\/www.cernit-world.com\/wp-inside\/uploads\/2023\/06\/cernit_logo.jpg","type":"image\/jpeg"}],"twitter_card":"summary_large_image","schema":{"@context":"https:\/\/schema.org","@graph":[{"@type":"WebPage","@id":"https:\/\/www.cernit-world.com\/it\/informazioni\/","url":"https:\/\/www.cernit-world.com\/it\/informazioni\/","name":"Informazioni","isPartOf":{"@id":"https:\/\/www.cernit-world.com\/it\/#website"},"datePublished":"2023-05-09T07:21:45+00:00","dateModified":"2023-08-03T14:51:56+00:00","breadcrumb":{"@id":"https:\/\/www.cernit-world.com\/it\/informazioni\/#breadcrumb"},"inLanguage":"it-IT","potentialAction":[{"@type":"ReadAction","target":["https:\/\/www.cernit-world.com\/it\/informazioni\/"]}]},{"@type":"BreadcrumbList","@id":"https:\/\/www.cernit-world.com\/it\/informazioni\/#breadcrumb","itemListElement":[{"@type":"ListItem","position":1,"name":"Home","item":"https:\/\/www.cernit-world.com\/it\/"},{"@type":"ListItem","position":2,"name":"Informazioni"}]},{"@type":"WebSite","@id":"https:\/\/www.cernit-world.com\/it\/#website","url":"https:\/\/www.cernit-world.com\/it\/","name":"Cernit","description":"Une qualit\u00e9 haut de gamme pour des cr\u00e9ations premiums","publisher":{"@id":"https:\/\/www.cernit-world.com\/it\/#organization"},"potentialAction":[{"@type":"SearchAction","target":{"@type":"EntryPoint","urlTemplate":"https:\/\/www.cernit-world.com\/it\/?s={search_term_string}"},"query-input":{"@type":"PropertyValueSpecification","valueRequired":true,"valueName":"search_term_string"}}],"inLanguage":"it-IT"},{"@type":"Organization","@id":"https:\/\/www.cernit-world.com\/it\/#organization","name":"Cernit","url":"https:\/\/www.cernit-world.com\/it\/","logo":{"@type":"ImageObject","inLanguage":"it-IT","@id":"https:\/\/www.cernit-world.com\/it\/#\/schema\/logo\/image\/","url":"https:\/\/www.cernit-world.com\/wp-inside\/uploads\/2023\/07\/cernit-opengraph.jpg","contentUrl":"https:\/\/www.cernit-world.com\/wp-inside\/uploads\/2023\/07\/cernit-opengraph.jpg","width":1200,"height":630,"caption":"Cernit"},"image":{"@id":"https:\/\/www.cernit-world.com\/it\/#\/schema\/logo\/image\/"},"sameAs":["https:\/\/www.facebook.com\/groups\/cernitconnectspeople\/?locale=fr_FR"]}]}},"_links":{"self":[{"href":"https:\/\/www.cernit-world.com\/it\/wp-json\/wp\/v2\/pages\/7637","targetHints":{"allow":["GET"]}}],"collection":[{"href":"https:\/\/www.cernit-world.com\/it\/wp-json\/wp\/v2\/pages"}],"about":[{"href":"https:\/\/www.cernit-world.com\/it\/wp-json\/wp\/v2\/types\/page"}],"author":[{"embeddable":true,"href":"https:\/\/www.cernit-world.com\/it\/wp-json\/wp\/v2\/users\/4"}],"replies":[{"embeddable":true,"href":"https:\/\/www.cernit-world.com\/it\/wp-json\/wp\/v2\/comments?post=7637"}],"version-history":[{"count":2,"href":"https:\/\/www.cernit-world.com\/it\/wp-json\/wp\/v2\/pages\/7637\/revisions"}],"predecessor-version":[{"id":7739,"href":"https:\/\/www.cernit-world.com\/it\/wp-json\/wp\/v2\/pages\/7637\/revisions\/7739"}],"wp:attachment":[{"href":"https:\/\/www.cernit-world.com\/it\/wp-json\/wp\/v2\/media?parent=7637"}],"curies":[{"name":"wp","href":"https:\/\/api.w.org\/{rel}","templated":true}]}}