{"id":26085,"date":"2025-01-22T16:36:04","date_gmt":"2025-01-22T15:36:04","guid":{"rendered":"https:\/\/www.cernit-world.com\/produit\/assortiment-12-mini-pains-25g-pastel\/"},"modified":"2025-01-29T17:20:01","modified_gmt":"2025-01-29T16:20:01","slug":"assortiment-12-mini-pains-25g-pastel","status":"publish","type":"product","link":"https:\/\/www.cernit-world.com\/es\/producto\/assortiment-12-mini-pains-25g-pastel\/","title":{"rendered":"Surtido de 12 mini panes 25g Pastel"},"content":{"rendered":"<p><strong>NUMBER ONE<\/strong>: Pasta de modelar para hornear (pol\u00edmero). Totalmente opaca despu\u00e9s de la cocci\u00f3n. Sin variaci\u00f3n de tono. La gama Number One se adapta a todas las t\u00e9cnicas. Puede utilizarse para crear degradados o delimitaciones estrictas entre varios tonos.<br \/>\n<strong>COCCI\u00d3N<\/strong>: Cocer la pasta entre 110\u00b0C y 130\u00b0C en un horno convencional durante un m\u00e1ximo de 30 minutos. Es inodora una vez cocida. No se agrieta. No utilizar horno microondas. Despu\u00e9s de la cocci\u00f3n, la masa est\u00e1 dura pero se puede trabajar (lijar, pintar, etc.).<br \/>\n<strong>CARACTER\u00cdSTICAS<\/strong>: No se seca. Despu\u00e9s de la cocci\u00f3n, la pasta es completamente s\u00f3lida pero sigue siendo flexible. Inodora, la pasta es agradable de trabajar y sigue siendo infinitamente maleable. No se mancha las manos ni las herramientas. Todos los colores pueden mezclarse para obtener el tono deseado. Vegano.<br \/>\n<strong>USOS<\/strong>: Ideal para crear joyas, reproducciones, miniaturas, personajes, etc. Trabajar siempre con las manos limpias y sobre una superficie limpia. Amasar la arcilla para hacerla m\u00e1s flexible antes de trabajarla. Se puede esculpir, moldear, estampar o utilizar con otros materiales como piedras, perlas o plumas. Se pueden a\u00f1adir aditivos como purpurina, tinta de alcohol, etc. en el interior de la masa antes de cocerla.<br \/>\n<strong>PESO<\/strong>: 56 g.<br \/>\n<strong>FABRICACI\u00d3N<\/strong>: Toda la pasta de cocci\u00f3n Cernit se fabrica en B\u00e9lgica, cerca de Lieja.<\/p>\n","protected":false},"excerpt":{"rendered":"<p>Surtido de arcilla polim\u00e9rica de modelar para hornear. Hornear la masa entre 110\u00b0C y 130\u00b0C en un horno convencional durante un m\u00e1ximo de 30 minutos. Inodora una vez cocida. No se agrieta.<\/p>\n","protected":false},"featured_media":22943,"template":"","meta":{"_acf_changed":false},"product_brand":[],"product_cat":[1190,400],"product_tag":[],"class_list":{"0":"post-26085","1":"product","2":"type-product","3":"status-publish","4":"has-post-thumbnail","6":"product_cat-assortiments-de-pates-es","7":"product_cat-pasta-polimerica","8":"wp-sticky","9":"summaryproductshop","11":"first","12":"instock","13":"shipping-taxable","14":"product-type-simple"},"acf":[],"yoast_head":"<!-- This site is optimized with the Yoast SEO plugin v27.5 - https:\/\/yoast.com\/product\/yoast-seo-wordpress\/ -->\n<title>Surtido de 12 mini panes 25g Pastel | Cernit<\/title>\n<meta name=\"robots\" content=\"index, follow, max-snippet:-1, max-image-preview:large, max-video-preview:-1\" \/>\n<link rel=\"canonical\" href=\"https:\/\/www.cernit-world.com\/es\/producto\/assortiment-12-mini-pains-25g-pastel\/\" \/>\n<meta property=\"og:locale\" content=\"es_ES\" \/>\n<meta property=\"og:type\" content=\"article\" \/>\n<meta property=\"og:title\" content=\"Surtido de 12 mini panes 25g Pastel | Cernit\" \/>\n<meta property=\"og:description\" content=\"Surtido de arcilla polim\u00e9rica de modelar para hornear. Hornear la masa entre 110\u00b0C y 130\u00b0C en un horno convencional durante un m\u00e1ximo de 30 minutos. Inodora una vez cocida. No se agrieta.\" \/>\n<meta property=\"og:url\" content=\"https:\/\/www.cernit-world.com\/es\/producto\/assortiment-12-mini-pains-25g-pastel\/\" \/>\n<meta property=\"og:site_name\" content=\"Cernit\" \/>\n<meta property=\"article:publisher\" content=\"https:\/\/www.facebook.com\/groups\/cernitconnectspeople\/?locale=fr_FR\" \/>\n<meta property=\"article:modified_time\" content=\"2025-01-29T16:20:01+00:00\" \/>\n<meta property=\"og:image\" content=\"https:\/\/www.cernit-world.com\/wp-inside\/uploads\/2025\/01\/ceass002c_1.jpg\" \/>\n\t<meta property=\"og:image:width\" content=\"2000\" \/>\n\t<meta property=\"og:image:height\" content=\"2000\" \/>\n\t<meta property=\"og:image:type\" content=\"image\/jpeg\" \/>\n<meta name=\"twitter:card\" content=\"summary_large_image\" \/>\n<meta name=\"twitter:label1\" content=\"Tiempo de lectura\" \/>\n\t<meta name=\"twitter:data1\" content=\"1 minuto\" \/>\n<script type=\"application\/ld+json\" class=\"yoast-schema-graph\">{\"@context\":\"https:\\\/\\\/schema.org\",\"@graph\":[{\"@type\":\"WebPage\",\"@id\":\"https:\\\/\\\/www.cernit-world.com\\\/es\\\/producto\\\/assortiment-12-mini-pains-25g-pastel\\\/\",\"url\":\"https:\\\/\\\/www.cernit-world.com\\\/es\\\/producto\\\/assortiment-12-mini-pains-25g-pastel\\\/\",\"name\":\"Surtido de 12 mini panes 25g Pastel\",\"isPartOf\":{\"@id\":\"https:\\\/\\\/www.cernit-world.com\\\/es\\\/#website\"},\"primaryImageOfPage\":{\"@id\":\"https:\\\/\\\/www.cernit-world.com\\\/es\\\/producto\\\/assortiment-12-mini-pains-25g-pastel\\\/#primaryimage\"},\"image\":{\"@id\":\"https:\\\/\\\/www.cernit-world.com\\\/es\\\/producto\\\/assortiment-12-mini-pains-25g-pastel\\\/#primaryimage\"},\"thumbnailUrl\":\"https:\\\/\\\/www.cernit-world.com\\\/wp-inside\\\/uploads\\\/2025\\\/01\\\/ceass002c_1.jpg\",\"datePublished\":\"2025-01-22T15:36:04+00:00\",\"dateModified\":\"2025-01-29T16:20:01+00:00\",\"breadcrumb\":{\"@id\":\"https:\\\/\\\/www.cernit-world.com\\\/es\\\/producto\\\/assortiment-12-mini-pains-25g-pastel\\\/#breadcrumb\"},\"inLanguage\":\"es\",\"potentialAction\":[{\"@type\":\"ReadAction\",\"target\":[\"https:\\\/\\\/www.cernit-world.com\\\/es\\\/producto\\\/assortiment-12-mini-pains-25g-pastel\\\/\"]}]},{\"@type\":\"ImageObject\",\"inLanguage\":\"es\",\"@id\":\"https:\\\/\\\/www.cernit-world.com\\\/es\\\/producto\\\/assortiment-12-mini-pains-25g-pastel\\\/#primaryimage\",\"url\":\"https:\\\/\\\/www.cernit-world.com\\\/wp-inside\\\/uploads\\\/2025\\\/01\\\/ceass002c_1.jpg\",\"contentUrl\":\"https:\\\/\\\/www.cernit-world.com\\\/wp-inside\\\/uploads\\\/2025\\\/01\\\/ceass002c_1.jpg\",\"width\":2000,\"height\":2000,\"caption\":\"Assortiment 12 mini pains 25g Pastel\"},{\"@type\":\"BreadcrumbList\",\"@id\":\"https:\\\/\\\/www.cernit-world.com\\\/es\\\/producto\\\/assortiment-12-mini-pains-25g-pastel\\\/#breadcrumb\",\"itemListElement\":[{\"@type\":\"ListItem\",\"position\":1,\"name\":\"Inicio\",\"item\":\"https:\\\/\\\/www.cernit-world.com\\\/es\\\/\"},{\"@type\":\"ListItem\",\"position\":2,\"name\":\"Tienda\",\"item\":\"https:\\\/\\\/www.cernit-world.com\\\/es\\\/tienda\\\/\"},{\"@type\":\"ListItem\",\"position\":3,\"name\":\"Pasta polim\u00e9rica\",\"item\":\"https:\\\/\\\/www.cernit-world.com\\\/es\\\/categoria-productos\\\/pasta-polimerica\\\/\"},{\"@type\":\"ListItem\",\"position\":4,\"name\":\"Assortiments de p\u00e2tes\",\"item\":\"https:\\\/\\\/www.cernit-world.com\\\/es\\\/categoria-productos\\\/assortiments-de-pates-es\\\/\"},{\"@type\":\"ListItem\",\"position\":5,\"name\":\"Surtido de 12 mini panes 25g Pastel\"}]},{\"@type\":\"WebSite\",\"@id\":\"https:\\\/\\\/www.cernit-world.com\\\/es\\\/#website\",\"url\":\"https:\\\/\\\/www.cernit-world.com\\\/es\\\/\",\"name\":\"Cernit\",\"description\":\"Une qualit\u00e9 haut de gamme pour des cr\u00e9ations premiums\",\"publisher\":{\"@id\":\"https:\\\/\\\/www.cernit-world.com\\\/es\\\/#organization\"},\"potentialAction\":[{\"@type\":\"SearchAction\",\"target\":{\"@type\":\"EntryPoint\",\"urlTemplate\":\"https:\\\/\\\/www.cernit-world.com\\\/es\\\/?s={search_term_string}\"},\"query-input\":{\"@type\":\"PropertyValueSpecification\",\"valueRequired\":true,\"valueName\":\"search_term_string\"}}],\"inLanguage\":\"es\"},{\"@type\":\"Organization\",\"@id\":\"https:\\\/\\\/www.cernit-world.com\\\/es\\\/#organization\",\"name\":\"Cernit\",\"url\":\"https:\\\/\\\/www.cernit-world.com\\\/es\\\/\",\"logo\":{\"@type\":\"ImageObject\",\"inLanguage\":\"es\",\"@id\":\"https:\\\/\\\/www.cernit-world.com\\\/es\\\/#\\\/schema\\\/logo\\\/image\\\/\",\"url\":\"https:\\\/\\\/www.cernit-world.com\\\/wp-inside\\\/uploads\\\/2023\\\/07\\\/cernit-opengraph.jpg\",\"contentUrl\":\"https:\\\/\\\/www.cernit-world.com\\\/wp-inside\\\/uploads\\\/2023\\\/07\\\/cernit-opengraph.jpg\",\"width\":1200,\"height\":630,\"caption\":\"Cernit\"},\"image\":{\"@id\":\"https:\\\/\\\/www.cernit-world.com\\\/es\\\/#\\\/schema\\\/logo\\\/image\\\/\"},\"sameAs\":[\"https:\\\/\\\/www.facebook.com\\\/groups\\\/cernitconnectspeople\\\/?locale=fr_FR\"]}]}<\/script>\n<!-- \/ Yoast SEO plugin. -->","yoast_head_json":{"title":"Surtido de 12 mini panes 25g Pastel | Cernit","robots":{"index":"index","follow":"follow","max-snippet":"max-snippet:-1","max-image-preview":"max-image-preview:large","max-video-preview":"max-video-preview:-1"},"canonical":"https:\/\/www.cernit-world.com\/es\/producto\/assortiment-12-mini-pains-25g-pastel\/","og_locale":"es_ES","og_type":"article","og_title":"Surtido de 12 mini panes 25g Pastel | Cernit","og_description":"Surtido de arcilla polim\u00e9rica de modelar para hornear. Hornear la masa entre 110\u00b0C y 130\u00b0C en un horno convencional durante un m\u00e1ximo de 30 minutos. Inodora una vez cocida. No se agrieta.","og_url":"https:\/\/www.cernit-world.com\/es\/producto\/assortiment-12-mini-pains-25g-pastel\/","og_site_name":"Cernit","article_publisher":"https:\/\/www.facebook.com\/groups\/cernitconnectspeople\/?locale=fr_FR","article_modified_time":"2025-01-29T16:20:01+00:00","og_image":[{"width":2000,"height":2000,"url":"https:\/\/www.cernit-world.com\/wp-inside\/uploads\/2025\/01\/ceass002c_1.jpg","type":"image\/jpeg"}],"twitter_card":"summary_large_image","twitter_misc":{"Tiempo de lectura":"1 minuto"},"schema":{"@context":"https:\/\/schema.org","@graph":[{"@type":"WebPage","@id":"https:\/\/www.cernit-world.com\/es\/producto\/assortiment-12-mini-pains-25g-pastel\/","url":"https:\/\/www.cernit-world.com\/es\/producto\/assortiment-12-mini-pains-25g-pastel\/","name":"Surtido de 12 mini panes 25g Pastel","isPartOf":{"@id":"https:\/\/www.cernit-world.com\/es\/#website"},"primaryImageOfPage":{"@id":"https:\/\/www.cernit-world.com\/es\/producto\/assortiment-12-mini-pains-25g-pastel\/#primaryimage"},"image":{"@id":"https:\/\/www.cernit-world.com\/es\/producto\/assortiment-12-mini-pains-25g-pastel\/#primaryimage"},"thumbnailUrl":"https:\/\/www.cernit-world.com\/wp-inside\/uploads\/2025\/01\/ceass002c_1.jpg","datePublished":"2025-01-22T15:36:04+00:00","dateModified":"2025-01-29T16:20:01+00:00","breadcrumb":{"@id":"https:\/\/www.cernit-world.com\/es\/producto\/assortiment-12-mini-pains-25g-pastel\/#breadcrumb"},"inLanguage":"es","potentialAction":[{"@type":"ReadAction","target":["https:\/\/www.cernit-world.com\/es\/producto\/assortiment-12-mini-pains-25g-pastel\/"]}]},{"@type":"ImageObject","inLanguage":"es","@id":"https:\/\/www.cernit-world.com\/es\/producto\/assortiment-12-mini-pains-25g-pastel\/#primaryimage","url":"https:\/\/www.cernit-world.com\/wp-inside\/uploads\/2025\/01\/ceass002c_1.jpg","contentUrl":"https:\/\/www.cernit-world.com\/wp-inside\/uploads\/2025\/01\/ceass002c_1.jpg","width":2000,"height":2000,"caption":"Assortiment 12 mini pains 25g Pastel"},{"@type":"BreadcrumbList","@id":"https:\/\/www.cernit-world.com\/es\/producto\/assortiment-12-mini-pains-25g-pastel\/#breadcrumb","itemListElement":[{"@type":"ListItem","position":1,"name":"Inicio","item":"https:\/\/www.cernit-world.com\/es\/"},{"@type":"ListItem","position":2,"name":"Tienda","item":"https:\/\/www.cernit-world.com\/es\/tienda\/"},{"@type":"ListItem","position":3,"name":"Pasta polim\u00e9rica","item":"https:\/\/www.cernit-world.com\/es\/categoria-productos\/pasta-polimerica\/"},{"@type":"ListItem","position":4,"name":"Assortiments de p\u00e2tes","item":"https:\/\/www.cernit-world.com\/es\/categoria-productos\/assortiments-de-pates-es\/"},{"@type":"ListItem","position":5,"name":"Surtido de 12 mini panes 25g Pastel"}]},{"@type":"WebSite","@id":"https:\/\/www.cernit-world.com\/es\/#website","url":"https:\/\/www.cernit-world.com\/es\/","name":"Cernit","description":"Une qualit\u00e9 haut de gamme pour des cr\u00e9ations premiums","publisher":{"@id":"https:\/\/www.cernit-world.com\/es\/#organization"},"potentialAction":[{"@type":"SearchAction","target":{"@type":"EntryPoint","urlTemplate":"https:\/\/www.cernit-world.com\/es\/?s={search_term_string}"},"query-input":{"@type":"PropertyValueSpecification","valueRequired":true,"valueName":"search_term_string"}}],"inLanguage":"es"},{"@type":"Organization","@id":"https:\/\/www.cernit-world.com\/es\/#organization","name":"Cernit","url":"https:\/\/www.cernit-world.com\/es\/","logo":{"@type":"ImageObject","inLanguage":"es","@id":"https:\/\/www.cernit-world.com\/es\/#\/schema\/logo\/image\/","url":"https:\/\/www.cernit-world.com\/wp-inside\/uploads\/2023\/07\/cernit-opengraph.jpg","contentUrl":"https:\/\/www.cernit-world.com\/wp-inside\/uploads\/2023\/07\/cernit-opengraph.jpg","width":1200,"height":630,"caption":"Cernit"},"image":{"@id":"https:\/\/www.cernit-world.com\/es\/#\/schema\/logo\/image\/"},"sameAs":["https:\/\/www.facebook.com\/groups\/cernitconnectspeople\/?locale=fr_FR"]}]}},"_links":{"self":[{"href":"https:\/\/www.cernit-world.com\/es\/wp-json\/wp\/v2\/product\/26085","targetHints":{"allow":["GET"]}}],"collection":[{"href":"https:\/\/www.cernit-world.com\/es\/wp-json\/wp\/v2\/product"}],"about":[{"href":"https:\/\/www.cernit-world.com\/es\/wp-json\/wp\/v2\/types\/product"}],"wp:featuredmedia":[{"embeddable":true,"href":"https:\/\/www.cernit-world.com\/es\/wp-json\/wp\/v2\/media\/22943"}],"wp:attachment":[{"href":"https:\/\/www.cernit-world.com\/es\/wp-json\/wp\/v2\/media?parent=26085"}],"wp:term":[{"taxonomy":"product_brand","embeddable":true,"href":"https:\/\/www.cernit-world.com\/es\/wp-json\/wp\/v2\/product_brand?post=26085"},{"taxonomy":"product_cat","embeddable":true,"href":"https:\/\/www.cernit-world.com\/es\/wp-json\/wp\/v2\/product_cat?post=26085"},{"taxonomy":"product_tag","embeddable":true,"href":"https:\/\/www.cernit-world.com\/es\/wp-json\/wp\/v2\/product_tag?post=26085"}],"curies":[{"name":"wp","href":"https:\/\/api.w.org\/{rel}","templated":true}]}}