{"id":26063,"date":"2025-01-22T14:17:45","date_gmt":"2025-01-22T13:17:45","guid":{"rendered":"https:\/\/www.cernit-world.com\/produit\/pack-10-feuilles-metallisees-argentees\/"},"modified":"2025-01-29T16:52:31","modified_gmt":"2025-01-29T15:52:31","slug":"pack-10-feuilles-metallisees-argentees","status":"publish","type":"product","link":"https:\/\/www.cernit-world.com\/es\/producto\/pack-10-feuilles-metallisees-argentees\/","title":{"rendered":"Paquete de 10 L\u00e1minas met\u00e1licas &#8211; plata"},"content":{"rendered":"<p><strong>CARACTER\u00cdSTICAS<\/strong>: Paquete de 10 hojas met\u00e1licas plateadas.<br \/>\n<strong>USOS<\/strong>: Espolvorear con hojas met\u00e1licas para hacer sus creaciones de arcilla polim\u00e9rica a\u00fan m\u00e1s elegante y refinado. F\u00e1cil de mezclar con arcilla polim\u00e9rica (o cualquier otro material), el brillo permanecer\u00e1 inalterado despu\u00e9s de la cocci\u00f3n.<br \/>\n<strong>MATERIAL<\/strong>: L\u00e1mina met\u00e1lica plateada.<br \/>\n<strong>TAMA\u00d1O<\/strong>: 1 x 12 x 15 cm<\/p>\n","protected":false},"excerpt":{"rendered":"<p>Espolvoree con hojas met\u00e1licas para conseguir creaciones a\u00fan m\u00e1s elegantes y refinadas. F\u00e1cil de mezclar con arcilla polim\u00e9rica o cualquier otro material.<\/p>\n","protected":false},"featured_media":22709,"template":"","meta":{"_acf_changed":false},"product_brand":[],"product_cat":[409,1188],"product_tag":[],"class_list":{"0":"post-26063","1":"product","2":"type-product","3":"status-publish","4":"has-post-thumbnail","6":"product_cat-auxiliar","7":"product_cat-feuilles-metalisees-es","8":"wp-sticky","9":"summaryproductshop","11":"first","12":"instock","13":"shipping-taxable","14":"product-type-simple"},"acf":[],"yoast_head":"<!-- This site is optimized with the Yoast SEO plugin v27.6 - https:\/\/yoast.com\/product\/yoast-seo-wordpress\/ -->\n<title>Paquete de 10 L\u00e1minas met\u00e1licas - plata | Cernit<\/title>\n<meta name=\"robots\" content=\"index, follow, max-snippet:-1, max-image-preview:large, max-video-preview:-1\" \/>\n<link rel=\"canonical\" href=\"https:\/\/www.cernit-world.com\/es\/producto\/pack-10-feuilles-metallisees-argentees\/\" \/>\n<meta property=\"og:locale\" content=\"es_ES\" \/>\n<meta property=\"og:type\" content=\"article\" \/>\n<meta property=\"og:title\" content=\"Paquete de 10 L\u00e1minas met\u00e1licas - plata | Cernit\" \/>\n<meta property=\"og:description\" content=\"Espolvoree con hojas met\u00e1licas para conseguir creaciones a\u00fan m\u00e1s elegantes y refinadas. F\u00e1cil de mezclar con arcilla polim\u00e9rica o cualquier otro material.\" \/>\n<meta property=\"og:url\" content=\"https:\/\/www.cernit-world.com\/es\/producto\/pack-10-feuilles-metallisees-argentees\/\" \/>\n<meta property=\"og:site_name\" content=\"Cernit\" \/>\n<meta property=\"article:publisher\" content=\"https:\/\/www.facebook.com\/groups\/cernitconnectspeople\/?locale=fr_FR\" \/>\n<meta property=\"article:modified_time\" content=\"2025-01-29T15:52:31+00:00\" \/>\n<meta property=\"og:image\" content=\"https:\/\/www.cernit-world.com\/wp-inside\/uploads\/2025\/01\/1500x1500-md-ce922c_fac.jpg\" \/>\n\t<meta property=\"og:image:width\" content=\"1500\" \/>\n\t<meta property=\"og:image:height\" content=\"1500\" \/>\n\t<meta property=\"og:image:type\" content=\"image\/jpeg\" \/>\n<meta name=\"twitter:card\" content=\"summary_large_image\" \/>\n<script type=\"application\/ld+json\" class=\"yoast-schema-graph\">{\"@context\":\"https:\\\/\\\/schema.org\",\"@graph\":[{\"@type\":\"WebPage\",\"@id\":\"https:\\\/\\\/www.cernit-world.com\\\/es\\\/producto\\\/pack-10-feuilles-metallisees-argentees\\\/\",\"url\":\"https:\\\/\\\/www.cernit-world.com\\\/es\\\/producto\\\/pack-10-feuilles-metallisees-argentees\\\/\",\"name\":\"Paquete de 10 L\u00e1minas met\u00e1licas - plata\",\"isPartOf\":{\"@id\":\"https:\\\/\\\/www.cernit-world.com\\\/es\\\/#website\"},\"primaryImageOfPage\":{\"@id\":\"https:\\\/\\\/www.cernit-world.com\\\/es\\\/producto\\\/pack-10-feuilles-metallisees-argentees\\\/#primaryimage\"},\"image\":{\"@id\":\"https:\\\/\\\/www.cernit-world.com\\\/es\\\/producto\\\/pack-10-feuilles-metallisees-argentees\\\/#primaryimage\"},\"thumbnailUrl\":\"https:\\\/\\\/www.cernit-world.com\\\/wp-inside\\\/uploads\\\/2025\\\/01\\\/1500x1500-md-ce922c_fac.jpg\",\"datePublished\":\"2025-01-22T13:17:45+00:00\",\"dateModified\":\"2025-01-29T15:52:31+00:00\",\"breadcrumb\":{\"@id\":\"https:\\\/\\\/www.cernit-world.com\\\/es\\\/producto\\\/pack-10-feuilles-metallisees-argentees\\\/#breadcrumb\"},\"inLanguage\":\"es\",\"potentialAction\":[{\"@type\":\"ReadAction\",\"target\":[\"https:\\\/\\\/www.cernit-world.com\\\/es\\\/producto\\\/pack-10-feuilles-metallisees-argentees\\\/\"]}]},{\"@type\":\"ImageObject\",\"inLanguage\":\"es\",\"@id\":\"https:\\\/\\\/www.cernit-world.com\\\/es\\\/producto\\\/pack-10-feuilles-metallisees-argentees\\\/#primaryimage\",\"url\":\"https:\\\/\\\/www.cernit-world.com\\\/wp-inside\\\/uploads\\\/2025\\\/01\\\/1500x1500-md-ce922c_fac.jpg\",\"contentUrl\":\"https:\\\/\\\/www.cernit-world.com\\\/wp-inside\\\/uploads\\\/2025\\\/01\\\/1500x1500-md-ce922c_fac.jpg\",\"width\":1500,\"height\":1500,\"caption\":\"Pack 10 feuilles m\u00e9tallis\u00e9es - argent\u00e9es\"},{\"@type\":\"BreadcrumbList\",\"@id\":\"https:\\\/\\\/www.cernit-world.com\\\/es\\\/producto\\\/pack-10-feuilles-metallisees-argentees\\\/#breadcrumb\",\"itemListElement\":[{\"@type\":\"ListItem\",\"position\":1,\"name\":\"Inicio\",\"item\":\"https:\\\/\\\/www.cernit-world.com\\\/es\\\/\"},{\"@type\":\"ListItem\",\"position\":2,\"name\":\"Tienda\",\"item\":\"https:\\\/\\\/www.cernit-world.com\\\/es\\\/tienda\\\/\"},{\"@type\":\"ListItem\",\"position\":3,\"name\":\"Auxiliar\",\"item\":\"https:\\\/\\\/www.cernit-world.com\\\/es\\\/categoria-productos\\\/auxiliar\\\/\"},{\"@type\":\"ListItem\",\"position\":4,\"name\":\"Feuilles m\u00e9talis\u00e9es\",\"item\":\"https:\\\/\\\/www.cernit-world.com\\\/es\\\/categoria-productos\\\/feuilles-metalisees-es\\\/\"},{\"@type\":\"ListItem\",\"position\":5,\"name\":\"Paquete de 10 L\u00e1minas met\u00e1licas &#8211; plata\"}]},{\"@type\":\"WebSite\",\"@id\":\"https:\\\/\\\/www.cernit-world.com\\\/es\\\/#website\",\"url\":\"https:\\\/\\\/www.cernit-world.com\\\/es\\\/\",\"name\":\"Cernit\",\"description\":\"Une qualit\u00e9 haut de gamme pour des cr\u00e9ations premiums\",\"publisher\":{\"@id\":\"https:\\\/\\\/www.cernit-world.com\\\/es\\\/#organization\"},\"potentialAction\":[{\"@type\":\"SearchAction\",\"target\":{\"@type\":\"EntryPoint\",\"urlTemplate\":\"https:\\\/\\\/www.cernit-world.com\\\/es\\\/?s={search_term_string}\"},\"query-input\":{\"@type\":\"PropertyValueSpecification\",\"valueRequired\":true,\"valueName\":\"search_term_string\"}}],\"inLanguage\":\"es\"},{\"@type\":\"Organization\",\"@id\":\"https:\\\/\\\/www.cernit-world.com\\\/es\\\/#organization\",\"name\":\"Cernit\",\"url\":\"https:\\\/\\\/www.cernit-world.com\\\/es\\\/\",\"logo\":{\"@type\":\"ImageObject\",\"inLanguage\":\"es\",\"@id\":\"https:\\\/\\\/www.cernit-world.com\\\/es\\\/#\\\/schema\\\/logo\\\/image\\\/\",\"url\":\"https:\\\/\\\/www.cernit-world.com\\\/wp-inside\\\/uploads\\\/2023\\\/07\\\/cernit-opengraph.jpg\",\"contentUrl\":\"https:\\\/\\\/www.cernit-world.com\\\/wp-inside\\\/uploads\\\/2023\\\/07\\\/cernit-opengraph.jpg\",\"width\":1200,\"height\":630,\"caption\":\"Cernit\"},\"image\":{\"@id\":\"https:\\\/\\\/www.cernit-world.com\\\/es\\\/#\\\/schema\\\/logo\\\/image\\\/\"},\"sameAs\":[\"https:\\\/\\\/www.facebook.com\\\/groups\\\/cernitconnectspeople\\\/?locale=fr_FR\"]}]}<\/script>\n<!-- \/ Yoast SEO plugin. -->","yoast_head_json":{"title":"Paquete de 10 L\u00e1minas met\u00e1licas - plata | Cernit","robots":{"index":"index","follow":"follow","max-snippet":"max-snippet:-1","max-image-preview":"max-image-preview:large","max-video-preview":"max-video-preview:-1"},"canonical":"https:\/\/www.cernit-world.com\/es\/producto\/pack-10-feuilles-metallisees-argentees\/","og_locale":"es_ES","og_type":"article","og_title":"Paquete de 10 L\u00e1minas met\u00e1licas - plata | Cernit","og_description":"Espolvoree con hojas met\u00e1licas para conseguir creaciones a\u00fan m\u00e1s elegantes y refinadas. F\u00e1cil de mezclar con arcilla polim\u00e9rica o cualquier otro material.","og_url":"https:\/\/www.cernit-world.com\/es\/producto\/pack-10-feuilles-metallisees-argentees\/","og_site_name":"Cernit","article_publisher":"https:\/\/www.facebook.com\/groups\/cernitconnectspeople\/?locale=fr_FR","article_modified_time":"2025-01-29T15:52:31+00:00","og_image":[{"width":1500,"height":1500,"url":"https:\/\/www.cernit-world.com\/wp-inside\/uploads\/2025\/01\/1500x1500-md-ce922c_fac.jpg","type":"image\/jpeg"}],"twitter_card":"summary_large_image","schema":{"@context":"https:\/\/schema.org","@graph":[{"@type":"WebPage","@id":"https:\/\/www.cernit-world.com\/es\/producto\/pack-10-feuilles-metallisees-argentees\/","url":"https:\/\/www.cernit-world.com\/es\/producto\/pack-10-feuilles-metallisees-argentees\/","name":"Paquete de 10 L\u00e1minas met\u00e1licas - plata","isPartOf":{"@id":"https:\/\/www.cernit-world.com\/es\/#website"},"primaryImageOfPage":{"@id":"https:\/\/www.cernit-world.com\/es\/producto\/pack-10-feuilles-metallisees-argentees\/#primaryimage"},"image":{"@id":"https:\/\/www.cernit-world.com\/es\/producto\/pack-10-feuilles-metallisees-argentees\/#primaryimage"},"thumbnailUrl":"https:\/\/www.cernit-world.com\/wp-inside\/uploads\/2025\/01\/1500x1500-md-ce922c_fac.jpg","datePublished":"2025-01-22T13:17:45+00:00","dateModified":"2025-01-29T15:52:31+00:00","breadcrumb":{"@id":"https:\/\/www.cernit-world.com\/es\/producto\/pack-10-feuilles-metallisees-argentees\/#breadcrumb"},"inLanguage":"es","potentialAction":[{"@type":"ReadAction","target":["https:\/\/www.cernit-world.com\/es\/producto\/pack-10-feuilles-metallisees-argentees\/"]}]},{"@type":"ImageObject","inLanguage":"es","@id":"https:\/\/www.cernit-world.com\/es\/producto\/pack-10-feuilles-metallisees-argentees\/#primaryimage","url":"https:\/\/www.cernit-world.com\/wp-inside\/uploads\/2025\/01\/1500x1500-md-ce922c_fac.jpg","contentUrl":"https:\/\/www.cernit-world.com\/wp-inside\/uploads\/2025\/01\/1500x1500-md-ce922c_fac.jpg","width":1500,"height":1500,"caption":"Pack 10 feuilles m\u00e9tallis\u00e9es - argent\u00e9es"},{"@type":"BreadcrumbList","@id":"https:\/\/www.cernit-world.com\/es\/producto\/pack-10-feuilles-metallisees-argentees\/#breadcrumb","itemListElement":[{"@type":"ListItem","position":1,"name":"Inicio","item":"https:\/\/www.cernit-world.com\/es\/"},{"@type":"ListItem","position":2,"name":"Tienda","item":"https:\/\/www.cernit-world.com\/es\/tienda\/"},{"@type":"ListItem","position":3,"name":"Auxiliar","item":"https:\/\/www.cernit-world.com\/es\/categoria-productos\/auxiliar\/"},{"@type":"ListItem","position":4,"name":"Feuilles m\u00e9talis\u00e9es","item":"https:\/\/www.cernit-world.com\/es\/categoria-productos\/feuilles-metalisees-es\/"},{"@type":"ListItem","position":5,"name":"Paquete de 10 L\u00e1minas met\u00e1licas &#8211; plata"}]},{"@type":"WebSite","@id":"https:\/\/www.cernit-world.com\/es\/#website","url":"https:\/\/www.cernit-world.com\/es\/","name":"Cernit","description":"Une qualit\u00e9 haut de gamme pour des cr\u00e9ations premiums","publisher":{"@id":"https:\/\/www.cernit-world.com\/es\/#organization"},"potentialAction":[{"@type":"SearchAction","target":{"@type":"EntryPoint","urlTemplate":"https:\/\/www.cernit-world.com\/es\/?s={search_term_string}"},"query-input":{"@type":"PropertyValueSpecification","valueRequired":true,"valueName":"search_term_string"}}],"inLanguage":"es"},{"@type":"Organization","@id":"https:\/\/www.cernit-world.com\/es\/#organization","name":"Cernit","url":"https:\/\/www.cernit-world.com\/es\/","logo":{"@type":"ImageObject","inLanguage":"es","@id":"https:\/\/www.cernit-world.com\/es\/#\/schema\/logo\/image\/","url":"https:\/\/www.cernit-world.com\/wp-inside\/uploads\/2023\/07\/cernit-opengraph.jpg","contentUrl":"https:\/\/www.cernit-world.com\/wp-inside\/uploads\/2023\/07\/cernit-opengraph.jpg","width":1200,"height":630,"caption":"Cernit"},"image":{"@id":"https:\/\/www.cernit-world.com\/es\/#\/schema\/logo\/image\/"},"sameAs":["https:\/\/www.facebook.com\/groups\/cernitconnectspeople\/?locale=fr_FR"]}]}},"_links":{"self":[{"href":"https:\/\/www.cernit-world.com\/es\/wp-json\/wp\/v2\/product\/26063","targetHints":{"allow":["GET"]}}],"collection":[{"href":"https:\/\/www.cernit-world.com\/es\/wp-json\/wp\/v2\/product"}],"about":[{"href":"https:\/\/www.cernit-world.com\/es\/wp-json\/wp\/v2\/types\/product"}],"wp:featuredmedia":[{"embeddable":true,"href":"https:\/\/www.cernit-world.com\/es\/wp-json\/wp\/v2\/media\/22709"}],"wp:attachment":[{"href":"https:\/\/www.cernit-world.com\/es\/wp-json\/wp\/v2\/media?parent=26063"}],"wp:term":[{"taxonomy":"product_brand","embeddable":true,"href":"https:\/\/www.cernit-world.com\/es\/wp-json\/wp\/v2\/product_brand?post=26063"},{"taxonomy":"product_cat","embeddable":true,"href":"https:\/\/www.cernit-world.com\/es\/wp-json\/wp\/v2\/product_cat?post=26063"},{"taxonomy":"product_tag","embeddable":true,"href":"https:\/\/www.cernit-world.com\/es\/wp-json\/wp\/v2\/product_tag?post=26063"}],"curies":[{"name":"wp","href":"https:\/\/api.w.org\/{rel}","templated":true}]}}