{"id":16420,"date":"2023-07-04T13:48:02","date_gmt":"2023-07-04T11:48:02","guid":{"rendered":"https:\/\/www.cernit-world.com\/produit\/accesorio-cernit-gris-placa-textura-2\/"},"modified":"2023-09-01T15:35:59","modified_gmt":"2023-09-01T13:35:59","slug":"accesorio-cernit-gris-placa-textura-2","status":"publish","type":"product","link":"https:\/\/www.cernit-world.com\/es\/producto\/accesorio-cernit-gris-placa-textura-2\/","title":{"rendered":"Accesorio Cernit &#8211; gr\u00eds placa textura"},"content":{"rendered":"<p><strong>CARACTER\u00cdSTICAS:<\/strong> Las placas de textura Cernit son muy flexibles para facilitar su uso, lavables y reutilizables.<br \/><strong>USOS:<\/strong> Como un sello, las placas de textura dan efectos de relieve a cualquier pasta. \u00a1Patrones bonitos y f\u00e1ciles de hacer! Tambi\u00e9n se pueden utilizar con lacre, sobre papel o tela.<br \/><strong>MATERIAL:<\/strong> Caucho.FORMATO : 9x9cm.<br \/><strong>IMPORTANTE:<\/strong> Estas herramientas no est\u00e1n recomendadas para personas al\u00e9rgicas al l\u00e1tex.<\/p>\n","protected":false},"excerpt":{"rendered":"<p>Las placas de textura Cernit son extremadamente flexibles para facilitar su uso, y son lavables y reutilizables. Estas placas dan efectos de relieve a cualquier pasta.<\/p>\n","protected":false},"featured_media":11548,"template":"","meta":{"_acf_changed":false},"product_brand":[],"product_cat":[419,426],"product_tag":[],"class_list":{"0":"post-16420","1":"product","2":"type-product","3":"status-publish","4":"has-post-thumbnail","6":"product_cat-accesorio","7":"product_cat-placa-de-textura","8":"wp-sticky","9":"summaryproductshop","11":"first","12":"instock","13":"product-type-simple"},"acf":[],"yoast_head":"<!-- This site is optimized with the Yoast SEO plugin v27.4 - https:\/\/yoast.com\/product\/yoast-seo-wordpress\/ -->\n<title>Accesorio Cernit - gr\u00eds placa textura | Cernit<\/title>\n<meta name=\"robots\" content=\"index, follow, max-snippet:-1, max-image-preview:large, max-video-preview:-1\" \/>\n<link rel=\"canonical\" href=\"https:\/\/www.cernit-world.com\/es\/producto\/accesorio-cernit-gris-placa-textura-2\/\" \/>\n<meta property=\"og:locale\" content=\"es_ES\" \/>\n<meta property=\"og:type\" content=\"article\" \/>\n<meta property=\"og:title\" content=\"Accesorio Cernit - gr\u00eds placa textura | Cernit\" \/>\n<meta property=\"og:description\" content=\"Las placas de textura Cernit son extremadamente flexibles para facilitar su uso, y son lavables y reutilizables. Estas placas dan efectos de relieve a cualquier pasta.\" \/>\n<meta property=\"og:url\" content=\"https:\/\/www.cernit-world.com\/es\/producto\/accesorio-cernit-gris-placa-textura-2\/\" \/>\n<meta property=\"og:site_name\" content=\"Cernit\" \/>\n<meta property=\"article:publisher\" content=\"https:\/\/www.facebook.com\/groups\/cernitconnectspeople\/?locale=fr_FR\" \/>\n<meta property=\"article:modified_time\" content=\"2023-09-01T13:35:59+00:00\" \/>\n<meta property=\"og:image\" content=\"https:\/\/www.cernit-world.com\/wp-inside\/uploads\/2023\/09\/ce95002c_det-2.jpg\" \/>\n\t<meta property=\"og:image:width\" content=\"1449\" \/>\n\t<meta property=\"og:image:height\" content=\"1449\" \/>\n\t<meta property=\"og:image:type\" content=\"image\/jpeg\" \/>\n<meta name=\"twitter:card\" content=\"summary_large_image\" \/>\n<script type=\"application\/ld+json\" class=\"yoast-schema-graph\">{\"@context\":\"https:\\\/\\\/schema.org\",\"@graph\":[{\"@type\":\"WebPage\",\"@id\":\"https:\\\/\\\/www.cernit-world.com\\\/es\\\/producto\\\/accesorio-cernit-gris-placa-textura-2\\\/\",\"url\":\"https:\\\/\\\/www.cernit-world.com\\\/es\\\/producto\\\/accesorio-cernit-gris-placa-textura-2\\\/\",\"name\":\"Accesorio Cernit - gr\u00eds placa textura\",\"isPartOf\":{\"@id\":\"https:\\\/\\\/www.cernit-world.com\\\/es\\\/#website\"},\"primaryImageOfPage\":{\"@id\":\"https:\\\/\\\/www.cernit-world.com\\\/es\\\/producto\\\/accesorio-cernit-gris-placa-textura-2\\\/#primaryimage\"},\"image\":{\"@id\":\"https:\\\/\\\/www.cernit-world.com\\\/es\\\/producto\\\/accesorio-cernit-gris-placa-textura-2\\\/#primaryimage\"},\"thumbnailUrl\":\"https:\\\/\\\/www.cernit-world.com\\\/wp-inside\\\/uploads\\\/2023\\\/09\\\/ce95002c_det-2.jpg\",\"datePublished\":\"2023-07-04T11:48:02+00:00\",\"dateModified\":\"2023-09-01T13:35:59+00:00\",\"breadcrumb\":{\"@id\":\"https:\\\/\\\/www.cernit-world.com\\\/es\\\/producto\\\/accesorio-cernit-gris-placa-textura-2\\\/#breadcrumb\"},\"inLanguage\":\"es\",\"potentialAction\":[{\"@type\":\"ReadAction\",\"target\":[\"https:\\\/\\\/www.cernit-world.com\\\/es\\\/producto\\\/accesorio-cernit-gris-placa-textura-2\\\/\"]}]},{\"@type\":\"ImageObject\",\"inLanguage\":\"es\",\"@id\":\"https:\\\/\\\/www.cernit-world.com\\\/es\\\/producto\\\/accesorio-cernit-gris-placa-textura-2\\\/#primaryimage\",\"url\":\"https:\\\/\\\/www.cernit-world.com\\\/wp-inside\\\/uploads\\\/2023\\\/09\\\/ce95002c_det-2.jpg\",\"contentUrl\":\"https:\\\/\\\/www.cernit-world.com\\\/wp-inside\\\/uploads\\\/2023\\\/09\\\/ce95002c_det-2.jpg\",\"width\":1449,\"height\":1449},{\"@type\":\"BreadcrumbList\",\"@id\":\"https:\\\/\\\/www.cernit-world.com\\\/es\\\/producto\\\/accesorio-cernit-gris-placa-textura-2\\\/#breadcrumb\",\"itemListElement\":[{\"@type\":\"ListItem\",\"position\":1,\"name\":\"Inicio\",\"item\":\"https:\\\/\\\/www.cernit-world.com\\\/es\\\/\"},{\"@type\":\"ListItem\",\"position\":2,\"name\":\"Tienda\",\"item\":\"https:\\\/\\\/www.cernit-world.com\\\/es\\\/tienda\\\/\"},{\"@type\":\"ListItem\",\"position\":3,\"name\":\"Accesorio\",\"item\":\"https:\\\/\\\/www.cernit-world.com\\\/es\\\/categoria-productos\\\/accesorio-es\\\/\"},{\"@type\":\"ListItem\",\"position\":4,\"name\":\"Accesorio\",\"item\":\"https:\\\/\\\/www.cernit-world.com\\\/es\\\/categoria-productos\\\/accesorio-es\\\/accesorio\\\/\"},{\"@type\":\"ListItem\",\"position\":5,\"name\":\"Accesorio Cernit &#8211; gr\u00eds placa textura\"}]},{\"@type\":\"WebSite\",\"@id\":\"https:\\\/\\\/www.cernit-world.com\\\/es\\\/#website\",\"url\":\"https:\\\/\\\/www.cernit-world.com\\\/es\\\/\",\"name\":\"Cernit\",\"description\":\"Une qualit\u00e9 haut de gamme pour des cr\u00e9ations premiums\",\"publisher\":{\"@id\":\"https:\\\/\\\/www.cernit-world.com\\\/es\\\/#organization\"},\"potentialAction\":[{\"@type\":\"SearchAction\",\"target\":{\"@type\":\"EntryPoint\",\"urlTemplate\":\"https:\\\/\\\/www.cernit-world.com\\\/es\\\/?s={search_term_string}\"},\"query-input\":{\"@type\":\"PropertyValueSpecification\",\"valueRequired\":true,\"valueName\":\"search_term_string\"}}],\"inLanguage\":\"es\"},{\"@type\":\"Organization\",\"@id\":\"https:\\\/\\\/www.cernit-world.com\\\/es\\\/#organization\",\"name\":\"Cernit\",\"url\":\"https:\\\/\\\/www.cernit-world.com\\\/es\\\/\",\"logo\":{\"@type\":\"ImageObject\",\"inLanguage\":\"es\",\"@id\":\"https:\\\/\\\/www.cernit-world.com\\\/es\\\/#\\\/schema\\\/logo\\\/image\\\/\",\"url\":\"https:\\\/\\\/www.cernit-world.com\\\/wp-inside\\\/uploads\\\/2023\\\/07\\\/cernit-opengraph.jpg\",\"contentUrl\":\"https:\\\/\\\/www.cernit-world.com\\\/wp-inside\\\/uploads\\\/2023\\\/07\\\/cernit-opengraph.jpg\",\"width\":1200,\"height\":630,\"caption\":\"Cernit\"},\"image\":{\"@id\":\"https:\\\/\\\/www.cernit-world.com\\\/es\\\/#\\\/schema\\\/logo\\\/image\\\/\"},\"sameAs\":[\"https:\\\/\\\/www.facebook.com\\\/groups\\\/cernitconnectspeople\\\/?locale=fr_FR\"]}]}<\/script>\n<!-- \/ Yoast SEO plugin. -->","yoast_head_json":{"title":"Accesorio Cernit - gr\u00eds placa textura | Cernit","robots":{"index":"index","follow":"follow","max-snippet":"max-snippet:-1","max-image-preview":"max-image-preview:large","max-video-preview":"max-video-preview:-1"},"canonical":"https:\/\/www.cernit-world.com\/es\/producto\/accesorio-cernit-gris-placa-textura-2\/","og_locale":"es_ES","og_type":"article","og_title":"Accesorio Cernit - gr\u00eds placa textura | Cernit","og_description":"Las placas de textura Cernit son extremadamente flexibles para facilitar su uso, y son lavables y reutilizables. Estas placas dan efectos de relieve a cualquier pasta.","og_url":"https:\/\/www.cernit-world.com\/es\/producto\/accesorio-cernit-gris-placa-textura-2\/","og_site_name":"Cernit","article_publisher":"https:\/\/www.facebook.com\/groups\/cernitconnectspeople\/?locale=fr_FR","article_modified_time":"2023-09-01T13:35:59+00:00","og_image":[{"width":1449,"height":1449,"url":"https:\/\/www.cernit-world.com\/wp-inside\/uploads\/2023\/09\/ce95002c_det-2.jpg","type":"image\/jpeg"}],"twitter_card":"summary_large_image","schema":{"@context":"https:\/\/schema.org","@graph":[{"@type":"WebPage","@id":"https:\/\/www.cernit-world.com\/es\/producto\/accesorio-cernit-gris-placa-textura-2\/","url":"https:\/\/www.cernit-world.com\/es\/producto\/accesorio-cernit-gris-placa-textura-2\/","name":"Accesorio Cernit - gr\u00eds placa textura","isPartOf":{"@id":"https:\/\/www.cernit-world.com\/es\/#website"},"primaryImageOfPage":{"@id":"https:\/\/www.cernit-world.com\/es\/producto\/accesorio-cernit-gris-placa-textura-2\/#primaryimage"},"image":{"@id":"https:\/\/www.cernit-world.com\/es\/producto\/accesorio-cernit-gris-placa-textura-2\/#primaryimage"},"thumbnailUrl":"https:\/\/www.cernit-world.com\/wp-inside\/uploads\/2023\/09\/ce95002c_det-2.jpg","datePublished":"2023-07-04T11:48:02+00:00","dateModified":"2023-09-01T13:35:59+00:00","breadcrumb":{"@id":"https:\/\/www.cernit-world.com\/es\/producto\/accesorio-cernit-gris-placa-textura-2\/#breadcrumb"},"inLanguage":"es","potentialAction":[{"@type":"ReadAction","target":["https:\/\/www.cernit-world.com\/es\/producto\/accesorio-cernit-gris-placa-textura-2\/"]}]},{"@type":"ImageObject","inLanguage":"es","@id":"https:\/\/www.cernit-world.com\/es\/producto\/accesorio-cernit-gris-placa-textura-2\/#primaryimage","url":"https:\/\/www.cernit-world.com\/wp-inside\/uploads\/2023\/09\/ce95002c_det-2.jpg","contentUrl":"https:\/\/www.cernit-world.com\/wp-inside\/uploads\/2023\/09\/ce95002c_det-2.jpg","width":1449,"height":1449},{"@type":"BreadcrumbList","@id":"https:\/\/www.cernit-world.com\/es\/producto\/accesorio-cernit-gris-placa-textura-2\/#breadcrumb","itemListElement":[{"@type":"ListItem","position":1,"name":"Inicio","item":"https:\/\/www.cernit-world.com\/es\/"},{"@type":"ListItem","position":2,"name":"Tienda","item":"https:\/\/www.cernit-world.com\/es\/tienda\/"},{"@type":"ListItem","position":3,"name":"Accesorio","item":"https:\/\/www.cernit-world.com\/es\/categoria-productos\/accesorio-es\/"},{"@type":"ListItem","position":4,"name":"Accesorio","item":"https:\/\/www.cernit-world.com\/es\/categoria-productos\/accesorio-es\/accesorio\/"},{"@type":"ListItem","position":5,"name":"Accesorio Cernit &#8211; gr\u00eds placa textura"}]},{"@type":"WebSite","@id":"https:\/\/www.cernit-world.com\/es\/#website","url":"https:\/\/www.cernit-world.com\/es\/","name":"Cernit","description":"Une qualit\u00e9 haut de gamme pour des cr\u00e9ations premiums","publisher":{"@id":"https:\/\/www.cernit-world.com\/es\/#organization"},"potentialAction":[{"@type":"SearchAction","target":{"@type":"EntryPoint","urlTemplate":"https:\/\/www.cernit-world.com\/es\/?s={search_term_string}"},"query-input":{"@type":"PropertyValueSpecification","valueRequired":true,"valueName":"search_term_string"}}],"inLanguage":"es"},{"@type":"Organization","@id":"https:\/\/www.cernit-world.com\/es\/#organization","name":"Cernit","url":"https:\/\/www.cernit-world.com\/es\/","logo":{"@type":"ImageObject","inLanguage":"es","@id":"https:\/\/www.cernit-world.com\/es\/#\/schema\/logo\/image\/","url":"https:\/\/www.cernit-world.com\/wp-inside\/uploads\/2023\/07\/cernit-opengraph.jpg","contentUrl":"https:\/\/www.cernit-world.com\/wp-inside\/uploads\/2023\/07\/cernit-opengraph.jpg","width":1200,"height":630,"caption":"Cernit"},"image":{"@id":"https:\/\/www.cernit-world.com\/es\/#\/schema\/logo\/image\/"},"sameAs":["https:\/\/www.facebook.com\/groups\/cernitconnectspeople\/?locale=fr_FR"]}]}},"_links":{"self":[{"href":"https:\/\/www.cernit-world.com\/es\/wp-json\/wp\/v2\/product\/16420","targetHints":{"allow":["GET"]}}],"collection":[{"href":"https:\/\/www.cernit-world.com\/es\/wp-json\/wp\/v2\/product"}],"about":[{"href":"https:\/\/www.cernit-world.com\/es\/wp-json\/wp\/v2\/types\/product"}],"wp:featuredmedia":[{"embeddable":true,"href":"https:\/\/www.cernit-world.com\/es\/wp-json\/wp\/v2\/media\/11548"}],"wp:attachment":[{"href":"https:\/\/www.cernit-world.com\/es\/wp-json\/wp\/v2\/media?parent=16420"}],"wp:term":[{"taxonomy":"product_brand","embeddable":true,"href":"https:\/\/www.cernit-world.com\/es\/wp-json\/wp\/v2\/product_brand?post=16420"},{"taxonomy":"product_cat","embeddable":true,"href":"https:\/\/www.cernit-world.com\/es\/wp-json\/wp\/v2\/product_cat?post=16420"},{"taxonomy":"product_tag","embeddable":true,"href":"https:\/\/www.cernit-world.com\/es\/wp-json\/wp\/v2\/product_tag?post=16420"}],"curies":[{"name":"wp","href":"https:\/\/api.w.org\/{rel}","templated":true}]}}