{"id":16394,"date":"2023-07-04T13:47:36","date_gmt":"2023-07-04T11:47:36","guid":{"rendered":"https:\/\/www.cernit-world.com\/produit\/accesorio-cernit-acero-cuchilla-rigida-2-piezas\/"},"modified":"2023-09-01T15:36:01","modified_gmt":"2023-09-01T13:36:01","slug":"accesorio-cernit-acero-cuchilla-rigida-2-piezas","status":"publish","type":"product","link":"https:\/\/www.cernit-world.com\/es\/producto\/accesorio-cernit-acero-cuchilla-rigida-2-piezas\/","title":{"rendered":"Accesorio Cernit &#8211; Acero cuchilla r\u00edgida 2 piezas"},"content":{"rendered":"<p><strong>CARACTER\u00cdSTICAS:<\/strong> Econ\u00f3micas y de alta calidad, las cuchillas Cernit han sido especialmente dise\u00f1adas para su uso con arcilla polim\u00e9rica. Disponibles en versi\u00f3n r\u00edgida, flexible y ondulada. Muy f\u00e1ciles de limpiar.<br \/><strong>USOS:<\/strong> Muy finas y afiladas, estas diferentes cuchillas son esenciales para cortar la arcilla de forma limpia y precisa.<br \/><strong>MATERIAL:<\/strong> Metal.<\/p>\n","protected":false},"excerpt":{"rendered":"<p>Econ\u00f3micas y de gran calidad, las cuchillas Cernit han sido especialmente dise\u00f1adas para su uso con arcilla polim\u00e9rica. Disponibles en versi\u00f3n r\u00edgida, flexible y ondulada.<\/p>\n","protected":false},"featured_media":11504,"template":"","meta":{"_acf_changed":false},"product_brand":[],"product_cat":[419,422],"product_tag":[],"class_list":{"0":"post-16394","1":"product","2":"type-product","3":"status-publish","4":"has-post-thumbnail","6":"product_cat-accesorio","7":"product_cat-cuchillas","8":"wp-sticky","9":"summaryproductshop","11":"first","12":"instock","13":"product-type-simple"},"acf":[],"yoast_head":"<!-- This site is optimized with the Yoast SEO plugin v27.3 - https:\/\/yoast.com\/product\/yoast-seo-wordpress\/ -->\n<title>Accesorio Cernit - Acero cuchilla r\u00edgida 2 piezas | Cernit<\/title>\n<meta name=\"robots\" content=\"index, follow, max-snippet:-1, max-image-preview:large, max-video-preview:-1\" \/>\n<link rel=\"canonical\" href=\"https:\/\/www.cernit-world.com\/es\/producto\/accesorio-cernit-acero-cuchilla-rigida-2-piezas\/\" \/>\n<meta property=\"og:locale\" content=\"es_ES\" \/>\n<meta property=\"og:type\" content=\"article\" \/>\n<meta property=\"og:title\" content=\"Accesorio Cernit - Acero cuchilla r\u00edgida 2 piezas | Cernit\" \/>\n<meta property=\"og:description\" content=\"Econ\u00f3micas y de gran calidad, las cuchillas Cernit han sido especialmente dise\u00f1adas para su uso con arcilla polim\u00e9rica. Disponibles en versi\u00f3n r\u00edgida, flexible y ondulada.\" \/>\n<meta property=\"og:url\" content=\"https:\/\/www.cernit-world.com\/es\/producto\/accesorio-cernit-acero-cuchilla-rigida-2-piezas\/\" \/>\n<meta property=\"og:site_name\" content=\"Cernit\" \/>\n<meta property=\"article:publisher\" content=\"https:\/\/www.facebook.com\/groups\/cernitconnectspeople\/?locale=fr_FR\" \/>\n<meta property=\"article:modified_time\" content=\"2023-09-01T13:36:01+00:00\" \/>\n<meta property=\"og:image\" content=\"https:\/\/www.cernit-world.com\/wp-inside\/uploads\/2023\/09\/ce908c_enc.jpg\" \/>\n\t<meta property=\"og:image:width\" content=\"1333\" \/>\n\t<meta property=\"og:image:height\" content=\"2000\" \/>\n\t<meta property=\"og:image:type\" content=\"image\/jpeg\" \/>\n<meta name=\"twitter:card\" content=\"summary_large_image\" \/>\n<script type=\"application\/ld+json\" class=\"yoast-schema-graph\">{\"@context\":\"https:\\\/\\\/schema.org\",\"@graph\":[{\"@type\":\"WebPage\",\"@id\":\"https:\\\/\\\/www.cernit-world.com\\\/es\\\/producto\\\/accesorio-cernit-acero-cuchilla-rigida-2-piezas\\\/\",\"url\":\"https:\\\/\\\/www.cernit-world.com\\\/es\\\/producto\\\/accesorio-cernit-acero-cuchilla-rigida-2-piezas\\\/\",\"name\":\"Accesorio Cernit - Acero cuchilla r\u00edgida 2 piezas\",\"isPartOf\":{\"@id\":\"https:\\\/\\\/www.cernit-world.com\\\/es\\\/#website\"},\"primaryImageOfPage\":{\"@id\":\"https:\\\/\\\/www.cernit-world.com\\\/es\\\/producto\\\/accesorio-cernit-acero-cuchilla-rigida-2-piezas\\\/#primaryimage\"},\"image\":{\"@id\":\"https:\\\/\\\/www.cernit-world.com\\\/es\\\/producto\\\/accesorio-cernit-acero-cuchilla-rigida-2-piezas\\\/#primaryimage\"},\"thumbnailUrl\":\"https:\\\/\\\/www.cernit-world.com\\\/wp-inside\\\/uploads\\\/2023\\\/09\\\/ce908c_enc.jpg\",\"datePublished\":\"2023-07-04T11:47:36+00:00\",\"dateModified\":\"2023-09-01T13:36:01+00:00\",\"breadcrumb\":{\"@id\":\"https:\\\/\\\/www.cernit-world.com\\\/es\\\/producto\\\/accesorio-cernit-acero-cuchilla-rigida-2-piezas\\\/#breadcrumb\"},\"inLanguage\":\"es\",\"potentialAction\":[{\"@type\":\"ReadAction\",\"target\":[\"https:\\\/\\\/www.cernit-world.com\\\/es\\\/producto\\\/accesorio-cernit-acero-cuchilla-rigida-2-piezas\\\/\"]}]},{\"@type\":\"ImageObject\",\"inLanguage\":\"es\",\"@id\":\"https:\\\/\\\/www.cernit-world.com\\\/es\\\/producto\\\/accesorio-cernit-acero-cuchilla-rigida-2-piezas\\\/#primaryimage\",\"url\":\"https:\\\/\\\/www.cernit-world.com\\\/wp-inside\\\/uploads\\\/2023\\\/09\\\/ce908c_enc.jpg\",\"contentUrl\":\"https:\\\/\\\/www.cernit-world.com\\\/wp-inside\\\/uploads\\\/2023\\\/09\\\/ce908c_enc.jpg\",\"width\":1333,\"height\":2000},{\"@type\":\"BreadcrumbList\",\"@id\":\"https:\\\/\\\/www.cernit-world.com\\\/es\\\/producto\\\/accesorio-cernit-acero-cuchilla-rigida-2-piezas\\\/#breadcrumb\",\"itemListElement\":[{\"@type\":\"ListItem\",\"position\":1,\"name\":\"Inicio\",\"item\":\"https:\\\/\\\/www.cernit-world.com\\\/es\\\/\"},{\"@type\":\"ListItem\",\"position\":2,\"name\":\"Tienda\",\"item\":\"https:\\\/\\\/www.cernit-world.com\\\/es\\\/tienda\\\/\"},{\"@type\":\"ListItem\",\"position\":3,\"name\":\"Accesorio\",\"item\":\"https:\\\/\\\/www.cernit-world.com\\\/es\\\/categoria-productos\\\/accesorio-es\\\/\"},{\"@type\":\"ListItem\",\"position\":4,\"name\":\"Accesorio\",\"item\":\"https:\\\/\\\/www.cernit-world.com\\\/es\\\/categoria-productos\\\/accesorio-es\\\/accesorio\\\/\"},{\"@type\":\"ListItem\",\"position\":5,\"name\":\"Accesorio Cernit &#8211; Acero cuchilla r\u00edgida 2 piezas\"}]},{\"@type\":\"WebSite\",\"@id\":\"https:\\\/\\\/www.cernit-world.com\\\/es\\\/#website\",\"url\":\"https:\\\/\\\/www.cernit-world.com\\\/es\\\/\",\"name\":\"Cernit\",\"description\":\"Une qualit\u00e9 haut de gamme pour des cr\u00e9ations premiums\",\"publisher\":{\"@id\":\"https:\\\/\\\/www.cernit-world.com\\\/es\\\/#organization\"},\"potentialAction\":[{\"@type\":\"SearchAction\",\"target\":{\"@type\":\"EntryPoint\",\"urlTemplate\":\"https:\\\/\\\/www.cernit-world.com\\\/es\\\/?s={search_term_string}\"},\"query-input\":{\"@type\":\"PropertyValueSpecification\",\"valueRequired\":true,\"valueName\":\"search_term_string\"}}],\"inLanguage\":\"es\"},{\"@type\":\"Organization\",\"@id\":\"https:\\\/\\\/www.cernit-world.com\\\/es\\\/#organization\",\"name\":\"Cernit\",\"url\":\"https:\\\/\\\/www.cernit-world.com\\\/es\\\/\",\"logo\":{\"@type\":\"ImageObject\",\"inLanguage\":\"es\",\"@id\":\"https:\\\/\\\/www.cernit-world.com\\\/es\\\/#\\\/schema\\\/logo\\\/image\\\/\",\"url\":\"https:\\\/\\\/www.cernit-world.com\\\/wp-inside\\\/uploads\\\/2023\\\/07\\\/cernit-opengraph.jpg\",\"contentUrl\":\"https:\\\/\\\/www.cernit-world.com\\\/wp-inside\\\/uploads\\\/2023\\\/07\\\/cernit-opengraph.jpg\",\"width\":1200,\"height\":630,\"caption\":\"Cernit\"},\"image\":{\"@id\":\"https:\\\/\\\/www.cernit-world.com\\\/es\\\/#\\\/schema\\\/logo\\\/image\\\/\"},\"sameAs\":[\"https:\\\/\\\/www.facebook.com\\\/groups\\\/cernitconnectspeople\\\/?locale=fr_FR\"]}]}<\/script>\n<!-- \/ Yoast SEO plugin. -->","yoast_head_json":{"title":"Accesorio Cernit - Acero cuchilla r\u00edgida 2 piezas | Cernit","robots":{"index":"index","follow":"follow","max-snippet":"max-snippet:-1","max-image-preview":"max-image-preview:large","max-video-preview":"max-video-preview:-1"},"canonical":"https:\/\/www.cernit-world.com\/es\/producto\/accesorio-cernit-acero-cuchilla-rigida-2-piezas\/","og_locale":"es_ES","og_type":"article","og_title":"Accesorio Cernit - Acero cuchilla r\u00edgida 2 piezas | Cernit","og_description":"Econ\u00f3micas y de gran calidad, las cuchillas Cernit han sido especialmente dise\u00f1adas para su uso con arcilla polim\u00e9rica. Disponibles en versi\u00f3n r\u00edgida, flexible y ondulada.","og_url":"https:\/\/www.cernit-world.com\/es\/producto\/accesorio-cernit-acero-cuchilla-rigida-2-piezas\/","og_site_name":"Cernit","article_publisher":"https:\/\/www.facebook.com\/groups\/cernitconnectspeople\/?locale=fr_FR","article_modified_time":"2023-09-01T13:36:01+00:00","og_image":[{"width":1333,"height":2000,"url":"https:\/\/www.cernit-world.com\/wp-inside\/uploads\/2023\/09\/ce908c_enc.jpg","type":"image\/jpeg"}],"twitter_card":"summary_large_image","schema":{"@context":"https:\/\/schema.org","@graph":[{"@type":"WebPage","@id":"https:\/\/www.cernit-world.com\/es\/producto\/accesorio-cernit-acero-cuchilla-rigida-2-piezas\/","url":"https:\/\/www.cernit-world.com\/es\/producto\/accesorio-cernit-acero-cuchilla-rigida-2-piezas\/","name":"Accesorio Cernit - Acero cuchilla r\u00edgida 2 piezas","isPartOf":{"@id":"https:\/\/www.cernit-world.com\/es\/#website"},"primaryImageOfPage":{"@id":"https:\/\/www.cernit-world.com\/es\/producto\/accesorio-cernit-acero-cuchilla-rigida-2-piezas\/#primaryimage"},"image":{"@id":"https:\/\/www.cernit-world.com\/es\/producto\/accesorio-cernit-acero-cuchilla-rigida-2-piezas\/#primaryimage"},"thumbnailUrl":"https:\/\/www.cernit-world.com\/wp-inside\/uploads\/2023\/09\/ce908c_enc.jpg","datePublished":"2023-07-04T11:47:36+00:00","dateModified":"2023-09-01T13:36:01+00:00","breadcrumb":{"@id":"https:\/\/www.cernit-world.com\/es\/producto\/accesorio-cernit-acero-cuchilla-rigida-2-piezas\/#breadcrumb"},"inLanguage":"es","potentialAction":[{"@type":"ReadAction","target":["https:\/\/www.cernit-world.com\/es\/producto\/accesorio-cernit-acero-cuchilla-rigida-2-piezas\/"]}]},{"@type":"ImageObject","inLanguage":"es","@id":"https:\/\/www.cernit-world.com\/es\/producto\/accesorio-cernit-acero-cuchilla-rigida-2-piezas\/#primaryimage","url":"https:\/\/www.cernit-world.com\/wp-inside\/uploads\/2023\/09\/ce908c_enc.jpg","contentUrl":"https:\/\/www.cernit-world.com\/wp-inside\/uploads\/2023\/09\/ce908c_enc.jpg","width":1333,"height":2000},{"@type":"BreadcrumbList","@id":"https:\/\/www.cernit-world.com\/es\/producto\/accesorio-cernit-acero-cuchilla-rigida-2-piezas\/#breadcrumb","itemListElement":[{"@type":"ListItem","position":1,"name":"Inicio","item":"https:\/\/www.cernit-world.com\/es\/"},{"@type":"ListItem","position":2,"name":"Tienda","item":"https:\/\/www.cernit-world.com\/es\/tienda\/"},{"@type":"ListItem","position":3,"name":"Accesorio","item":"https:\/\/www.cernit-world.com\/es\/categoria-productos\/accesorio-es\/"},{"@type":"ListItem","position":4,"name":"Accesorio","item":"https:\/\/www.cernit-world.com\/es\/categoria-productos\/accesorio-es\/accesorio\/"},{"@type":"ListItem","position":5,"name":"Accesorio Cernit &#8211; Acero cuchilla r\u00edgida 2 piezas"}]},{"@type":"WebSite","@id":"https:\/\/www.cernit-world.com\/es\/#website","url":"https:\/\/www.cernit-world.com\/es\/","name":"Cernit","description":"Une qualit\u00e9 haut de gamme pour des cr\u00e9ations premiums","publisher":{"@id":"https:\/\/www.cernit-world.com\/es\/#organization"},"potentialAction":[{"@type":"SearchAction","target":{"@type":"EntryPoint","urlTemplate":"https:\/\/www.cernit-world.com\/es\/?s={search_term_string}"},"query-input":{"@type":"PropertyValueSpecification","valueRequired":true,"valueName":"search_term_string"}}],"inLanguage":"es"},{"@type":"Organization","@id":"https:\/\/www.cernit-world.com\/es\/#organization","name":"Cernit","url":"https:\/\/www.cernit-world.com\/es\/","logo":{"@type":"ImageObject","inLanguage":"es","@id":"https:\/\/www.cernit-world.com\/es\/#\/schema\/logo\/image\/","url":"https:\/\/www.cernit-world.com\/wp-inside\/uploads\/2023\/07\/cernit-opengraph.jpg","contentUrl":"https:\/\/www.cernit-world.com\/wp-inside\/uploads\/2023\/07\/cernit-opengraph.jpg","width":1200,"height":630,"caption":"Cernit"},"image":{"@id":"https:\/\/www.cernit-world.com\/es\/#\/schema\/logo\/image\/"},"sameAs":["https:\/\/www.facebook.com\/groups\/cernitconnectspeople\/?locale=fr_FR"]}]}},"_links":{"self":[{"href":"https:\/\/www.cernit-world.com\/es\/wp-json\/wp\/v2\/product\/16394","targetHints":{"allow":["GET"]}}],"collection":[{"href":"https:\/\/www.cernit-world.com\/es\/wp-json\/wp\/v2\/product"}],"about":[{"href":"https:\/\/www.cernit-world.com\/es\/wp-json\/wp\/v2\/types\/product"}],"wp:featuredmedia":[{"embeddable":true,"href":"https:\/\/www.cernit-world.com\/es\/wp-json\/wp\/v2\/media\/11504"}],"wp:attachment":[{"href":"https:\/\/www.cernit-world.com\/es\/wp-json\/wp\/v2\/media?parent=16394"}],"wp:term":[{"taxonomy":"product_brand","embeddable":true,"href":"https:\/\/www.cernit-world.com\/es\/wp-json\/wp\/v2\/product_brand?post=16394"},{"taxonomy":"product_cat","embeddable":true,"href":"https:\/\/www.cernit-world.com\/es\/wp-json\/wp\/v2\/product_cat?post=16394"},{"taxonomy":"product_tag","embeddable":true,"href":"https:\/\/www.cernit-world.com\/es\/wp-json\/wp\/v2\/product_tag?post=16394"}],"curies":[{"name":"wp","href":"https:\/\/api.w.org\/{rel}","templated":true}]}}