{"id":16340,"date":"2023-07-04T13:47:36","date_gmt":"2023-07-04T11:47:36","guid":{"rendered":"https:\/\/www.cernit-world.com\/produit\/accesorio-cernit-acero-maquina-de-pasta\/"},"modified":"2023-09-01T15:36:03","modified_gmt":"2023-09-01T13:36:03","slug":"accesorio-cernit-acero-maquina-de-pasta","status":"publish","type":"product","link":"https:\/\/www.cernit-world.com\/es\/producto\/accesorio-cernit-acero-maquina-de-pasta\/","title":{"rendered":"Accesorio Cernit &#8211; Acero M\u00e1quina de pasta"},"content":{"rendered":"<p><strong>CARACTER\u00cdSTICAS:<\/strong> Es la herramienta preferida de todos aquellos a los que les gusta trabajar con arcilla polim\u00e9rica. Despu\u00e9s de amasar, la pasta se pasa entre dos rodillos para aplanarla. Fabricada en Italia, esta m\u00e1quina s\u00f3lida y compacta es la de mejor calidad del mercado.<br \/><strong>USOS:<\/strong> Esta herramienta permite ablandar la masa controlando el grosor gracias a sus 9 posiciones diferentes (desde 0,3 mm hasta 2,5 mm). Esto garantiza que la masa quede perfectamente plana. Tambi\u00e9n es f\u00e1cil crear bonitos degradados o un nuevo tono de arcilla.<br \/><strong>MATERIAL:<\/strong> Acero cromado.<br \/><strong>BONUS:<\/strong> Un motor Cernit est\u00e1 disponible y se puede a\u00f1adir para automatizar la m\u00e1quina.<\/p>\n","protected":false},"excerpt":{"rendered":"<p>Es la herramienta preferida de todos aquellos a los que les gusta trabajar con arcilla polim\u00e9rica. Tras amasarla, la masa se pasa entre dos rodillos para aplanarla.<\/p>\n","protected":false},"featured_media":11414,"template":"","meta":{"_acf_changed":false},"product_brand":[],"product_cat":[419,483,432,434,420],"product_tag":[],"class_list":{"0":"post-16340","1":"product","2":"type-product","3":"status-publish","4":"has-post-thumbnail","6":"product_cat-accesorio","7":"product_cat-gereedschap-polymeermachines","8":"product_cat-herramientas-y-auxiliares-para-polimeros","9":"product_cat-herramientas-y-maquinas-para-polimeros","10":"product_cat-maquina-de-pasta","11":"wp-sticky","12":"summaryproductshop","14":"first","15":"instock","16":"product-type-simple"},"acf":[],"yoast_head":"<!-- This site is optimized with the Yoast SEO plugin v27.4 - https:\/\/yoast.com\/product\/yoast-seo-wordpress\/ -->\n<title>Accesorio Cernit - Acero M\u00e1quina de pasta | Cernit<\/title>\n<meta name=\"robots\" content=\"index, follow, max-snippet:-1, max-image-preview:large, max-video-preview:-1\" \/>\n<link rel=\"canonical\" href=\"https:\/\/www.cernit-world.com\/es\/producto\/accesorio-cernit-acero-maquina-de-pasta\/\" \/>\n<meta property=\"og:locale\" content=\"es_ES\" \/>\n<meta property=\"og:type\" content=\"article\" \/>\n<meta property=\"og:title\" content=\"Accesorio Cernit - Acero M\u00e1quina de pasta | Cernit\" \/>\n<meta property=\"og:description\" content=\"Es la herramienta preferida de todos aquellos a los que les gusta trabajar con arcilla polim\u00e9rica. Tras amasarla, la masa se pasa entre dos rodillos para aplanarla.\" \/>\n<meta property=\"og:url\" content=\"https:\/\/www.cernit-world.com\/es\/producto\/accesorio-cernit-acero-maquina-de-pasta\/\" \/>\n<meta property=\"og:site_name\" content=\"Cernit\" \/>\n<meta property=\"article:publisher\" content=\"https:\/\/www.facebook.com\/groups\/cernitconnectspeople\/?locale=fr_FR\" \/>\n<meta property=\"article:modified_time\" content=\"2023-09-01T13:36:03+00:00\" \/>\n<meta property=\"og:image\" content=\"https:\/\/www.cernit-world.com\/wp-inside\/uploads\/2023\/09\/ce901c_amb.jpg\" \/>\n\t<meta property=\"og:image:width\" content=\"2000\" \/>\n\t<meta property=\"og:image:height\" content=\"1333\" \/>\n\t<meta property=\"og:image:type\" content=\"image\/jpeg\" \/>\n<meta name=\"twitter:card\" content=\"summary_large_image\" \/>\n<meta name=\"twitter:label1\" content=\"Tiempo de lectura\" \/>\n\t<meta name=\"twitter:data1\" content=\"1 minuto\" \/>\n<script type=\"application\/ld+json\" class=\"yoast-schema-graph\">{\"@context\":\"https:\\\/\\\/schema.org\",\"@graph\":[{\"@type\":\"WebPage\",\"@id\":\"https:\\\/\\\/www.cernit-world.com\\\/es\\\/producto\\\/accesorio-cernit-acero-maquina-de-pasta\\\/\",\"url\":\"https:\\\/\\\/www.cernit-world.com\\\/es\\\/producto\\\/accesorio-cernit-acero-maquina-de-pasta\\\/\",\"name\":\"Accesorio Cernit - Acero M\u00e1quina de pasta\",\"isPartOf\":{\"@id\":\"https:\\\/\\\/www.cernit-world.com\\\/es\\\/#website\"},\"primaryImageOfPage\":{\"@id\":\"https:\\\/\\\/www.cernit-world.com\\\/es\\\/producto\\\/accesorio-cernit-acero-maquina-de-pasta\\\/#primaryimage\"},\"image\":{\"@id\":\"https:\\\/\\\/www.cernit-world.com\\\/es\\\/producto\\\/accesorio-cernit-acero-maquina-de-pasta\\\/#primaryimage\"},\"thumbnailUrl\":\"https:\\\/\\\/www.cernit-world.com\\\/wp-inside\\\/uploads\\\/2023\\\/09\\\/ce901c_amb.jpg\",\"datePublished\":\"2023-07-04T11:47:36+00:00\",\"dateModified\":\"2023-09-01T13:36:03+00:00\",\"breadcrumb\":{\"@id\":\"https:\\\/\\\/www.cernit-world.com\\\/es\\\/producto\\\/accesorio-cernit-acero-maquina-de-pasta\\\/#breadcrumb\"},\"inLanguage\":\"es\",\"potentialAction\":[{\"@type\":\"ReadAction\",\"target\":[\"https:\\\/\\\/www.cernit-world.com\\\/es\\\/producto\\\/accesorio-cernit-acero-maquina-de-pasta\\\/\"]}]},{\"@type\":\"ImageObject\",\"inLanguage\":\"es\",\"@id\":\"https:\\\/\\\/www.cernit-world.com\\\/es\\\/producto\\\/accesorio-cernit-acero-maquina-de-pasta\\\/#primaryimage\",\"url\":\"https:\\\/\\\/www.cernit-world.com\\\/wp-inside\\\/uploads\\\/2023\\\/09\\\/ce901c_amb.jpg\",\"contentUrl\":\"https:\\\/\\\/www.cernit-world.com\\\/wp-inside\\\/uploads\\\/2023\\\/09\\\/ce901c_amb.jpg\",\"width\":2000,\"height\":1333},{\"@type\":\"BreadcrumbList\",\"@id\":\"https:\\\/\\\/www.cernit-world.com\\\/es\\\/producto\\\/accesorio-cernit-acero-maquina-de-pasta\\\/#breadcrumb\",\"itemListElement\":[{\"@type\":\"ListItem\",\"position\":1,\"name\":\"Inicio\",\"item\":\"https:\\\/\\\/www.cernit-world.com\\\/es\\\/\"},{\"@type\":\"ListItem\",\"position\":2,\"name\":\"Tienda\",\"item\":\"https:\\\/\\\/www.cernit-world.com\\\/es\\\/tienda\\\/\"},{\"@type\":\"ListItem\",\"position\":3,\"name\":\"Accesorio\",\"item\":\"https:\\\/\\\/www.cernit-world.com\\\/es\\\/categoria-productos\\\/accesorio-es\\\/\"},{\"@type\":\"ListItem\",\"position\":4,\"name\":\"Accesorio\",\"item\":\"https:\\\/\\\/www.cernit-world.com\\\/es\\\/categoria-productos\\\/accesorio-es\\\/accesorio\\\/\"},{\"@type\":\"ListItem\",\"position\":5,\"name\":\"Accesorio Cernit &#8211; Acero M\u00e1quina de pasta\"}]},{\"@type\":\"WebSite\",\"@id\":\"https:\\\/\\\/www.cernit-world.com\\\/es\\\/#website\",\"url\":\"https:\\\/\\\/www.cernit-world.com\\\/es\\\/\",\"name\":\"Cernit\",\"description\":\"Une qualit\u00e9 haut de gamme pour des cr\u00e9ations premiums\",\"publisher\":{\"@id\":\"https:\\\/\\\/www.cernit-world.com\\\/es\\\/#organization\"},\"potentialAction\":[{\"@type\":\"SearchAction\",\"target\":{\"@type\":\"EntryPoint\",\"urlTemplate\":\"https:\\\/\\\/www.cernit-world.com\\\/es\\\/?s={search_term_string}\"},\"query-input\":{\"@type\":\"PropertyValueSpecification\",\"valueRequired\":true,\"valueName\":\"search_term_string\"}}],\"inLanguage\":\"es\"},{\"@type\":\"Organization\",\"@id\":\"https:\\\/\\\/www.cernit-world.com\\\/es\\\/#organization\",\"name\":\"Cernit\",\"url\":\"https:\\\/\\\/www.cernit-world.com\\\/es\\\/\",\"logo\":{\"@type\":\"ImageObject\",\"inLanguage\":\"es\",\"@id\":\"https:\\\/\\\/www.cernit-world.com\\\/es\\\/#\\\/schema\\\/logo\\\/image\\\/\",\"url\":\"https:\\\/\\\/www.cernit-world.com\\\/wp-inside\\\/uploads\\\/2023\\\/07\\\/cernit-opengraph.jpg\",\"contentUrl\":\"https:\\\/\\\/www.cernit-world.com\\\/wp-inside\\\/uploads\\\/2023\\\/07\\\/cernit-opengraph.jpg\",\"width\":1200,\"height\":630,\"caption\":\"Cernit\"},\"image\":{\"@id\":\"https:\\\/\\\/www.cernit-world.com\\\/es\\\/#\\\/schema\\\/logo\\\/image\\\/\"},\"sameAs\":[\"https:\\\/\\\/www.facebook.com\\\/groups\\\/cernitconnectspeople\\\/?locale=fr_FR\"]}]}<\/script>\n<!-- \/ Yoast SEO plugin. -->","yoast_head_json":{"title":"Accesorio Cernit - Acero M\u00e1quina de pasta | Cernit","robots":{"index":"index","follow":"follow","max-snippet":"max-snippet:-1","max-image-preview":"max-image-preview:large","max-video-preview":"max-video-preview:-1"},"canonical":"https:\/\/www.cernit-world.com\/es\/producto\/accesorio-cernit-acero-maquina-de-pasta\/","og_locale":"es_ES","og_type":"article","og_title":"Accesorio Cernit - Acero M\u00e1quina de pasta | Cernit","og_description":"Es la herramienta preferida de todos aquellos a los que les gusta trabajar con arcilla polim\u00e9rica. Tras amasarla, la masa se pasa entre dos rodillos para aplanarla.","og_url":"https:\/\/www.cernit-world.com\/es\/producto\/accesorio-cernit-acero-maquina-de-pasta\/","og_site_name":"Cernit","article_publisher":"https:\/\/www.facebook.com\/groups\/cernitconnectspeople\/?locale=fr_FR","article_modified_time":"2023-09-01T13:36:03+00:00","og_image":[{"width":2000,"height":1333,"url":"https:\/\/www.cernit-world.com\/wp-inside\/uploads\/2023\/09\/ce901c_amb.jpg","type":"image\/jpeg"}],"twitter_card":"summary_large_image","twitter_misc":{"Tiempo de lectura":"1 minuto"},"schema":{"@context":"https:\/\/schema.org","@graph":[{"@type":"WebPage","@id":"https:\/\/www.cernit-world.com\/es\/producto\/accesorio-cernit-acero-maquina-de-pasta\/","url":"https:\/\/www.cernit-world.com\/es\/producto\/accesorio-cernit-acero-maquina-de-pasta\/","name":"Accesorio Cernit - Acero M\u00e1quina de pasta","isPartOf":{"@id":"https:\/\/www.cernit-world.com\/es\/#website"},"primaryImageOfPage":{"@id":"https:\/\/www.cernit-world.com\/es\/producto\/accesorio-cernit-acero-maquina-de-pasta\/#primaryimage"},"image":{"@id":"https:\/\/www.cernit-world.com\/es\/producto\/accesorio-cernit-acero-maquina-de-pasta\/#primaryimage"},"thumbnailUrl":"https:\/\/www.cernit-world.com\/wp-inside\/uploads\/2023\/09\/ce901c_amb.jpg","datePublished":"2023-07-04T11:47:36+00:00","dateModified":"2023-09-01T13:36:03+00:00","breadcrumb":{"@id":"https:\/\/www.cernit-world.com\/es\/producto\/accesorio-cernit-acero-maquina-de-pasta\/#breadcrumb"},"inLanguage":"es","potentialAction":[{"@type":"ReadAction","target":["https:\/\/www.cernit-world.com\/es\/producto\/accesorio-cernit-acero-maquina-de-pasta\/"]}]},{"@type":"ImageObject","inLanguage":"es","@id":"https:\/\/www.cernit-world.com\/es\/producto\/accesorio-cernit-acero-maquina-de-pasta\/#primaryimage","url":"https:\/\/www.cernit-world.com\/wp-inside\/uploads\/2023\/09\/ce901c_amb.jpg","contentUrl":"https:\/\/www.cernit-world.com\/wp-inside\/uploads\/2023\/09\/ce901c_amb.jpg","width":2000,"height":1333},{"@type":"BreadcrumbList","@id":"https:\/\/www.cernit-world.com\/es\/producto\/accesorio-cernit-acero-maquina-de-pasta\/#breadcrumb","itemListElement":[{"@type":"ListItem","position":1,"name":"Inicio","item":"https:\/\/www.cernit-world.com\/es\/"},{"@type":"ListItem","position":2,"name":"Tienda","item":"https:\/\/www.cernit-world.com\/es\/tienda\/"},{"@type":"ListItem","position":3,"name":"Accesorio","item":"https:\/\/www.cernit-world.com\/es\/categoria-productos\/accesorio-es\/"},{"@type":"ListItem","position":4,"name":"Accesorio","item":"https:\/\/www.cernit-world.com\/es\/categoria-productos\/accesorio-es\/accesorio\/"},{"@type":"ListItem","position":5,"name":"Accesorio Cernit &#8211; Acero M\u00e1quina de pasta"}]},{"@type":"WebSite","@id":"https:\/\/www.cernit-world.com\/es\/#website","url":"https:\/\/www.cernit-world.com\/es\/","name":"Cernit","description":"Une qualit\u00e9 haut de gamme pour des cr\u00e9ations premiums","publisher":{"@id":"https:\/\/www.cernit-world.com\/es\/#organization"},"potentialAction":[{"@type":"SearchAction","target":{"@type":"EntryPoint","urlTemplate":"https:\/\/www.cernit-world.com\/es\/?s={search_term_string}"},"query-input":{"@type":"PropertyValueSpecification","valueRequired":true,"valueName":"search_term_string"}}],"inLanguage":"es"},{"@type":"Organization","@id":"https:\/\/www.cernit-world.com\/es\/#organization","name":"Cernit","url":"https:\/\/www.cernit-world.com\/es\/","logo":{"@type":"ImageObject","inLanguage":"es","@id":"https:\/\/www.cernit-world.com\/es\/#\/schema\/logo\/image\/","url":"https:\/\/www.cernit-world.com\/wp-inside\/uploads\/2023\/07\/cernit-opengraph.jpg","contentUrl":"https:\/\/www.cernit-world.com\/wp-inside\/uploads\/2023\/07\/cernit-opengraph.jpg","width":1200,"height":630,"caption":"Cernit"},"image":{"@id":"https:\/\/www.cernit-world.com\/es\/#\/schema\/logo\/image\/"},"sameAs":["https:\/\/www.facebook.com\/groups\/cernitconnectspeople\/?locale=fr_FR"]}]}},"_links":{"self":[{"href":"https:\/\/www.cernit-world.com\/es\/wp-json\/wp\/v2\/product\/16340","targetHints":{"allow":["GET"]}}],"collection":[{"href":"https:\/\/www.cernit-world.com\/es\/wp-json\/wp\/v2\/product"}],"about":[{"href":"https:\/\/www.cernit-world.com\/es\/wp-json\/wp\/v2\/types\/product"}],"wp:featuredmedia":[{"embeddable":true,"href":"https:\/\/www.cernit-world.com\/es\/wp-json\/wp\/v2\/media\/11414"}],"wp:attachment":[{"href":"https:\/\/www.cernit-world.com\/es\/wp-json\/wp\/v2\/media?parent=16340"}],"wp:term":[{"taxonomy":"product_brand","embeddable":true,"href":"https:\/\/www.cernit-world.com\/es\/wp-json\/wp\/v2\/product_brand?post=16340"},{"taxonomy":"product_cat","embeddable":true,"href":"https:\/\/www.cernit-world.com\/es\/wp-json\/wp\/v2\/product_cat?post=16340"},{"taxonomy":"product_tag","embeddable":true,"href":"https:\/\/www.cernit-world.com\/es\/wp-json\/wp\/v2\/product_tag?post=16340"}],"curies":[{"name":"wp","href":"https:\/\/api.w.org\/{rel}","templated":true}]}}