{"id":16174,"date":"2023-07-04T13:47:07","date_gmt":"2023-07-04T11:47:07","guid":{"rendered":"https:\/\/www.cernit-world.com\/produit\/auxiliar-cernit-transparente-glue-80ml\/"},"modified":"2023-09-01T15:36:04","modified_gmt":"2023-09-01T13:36:04","slug":"auxiliar-cernit-transparente-glue-80ml","status":"publish","type":"product","link":"https:\/\/www.cernit-world.com\/es\/producto\/auxiliar-cernit-transparente-glue-80ml\/","title":{"rendered":"Auxiliar Cernit &#8211; Transparente Glue 80ml"},"content":{"rendered":"<p><strong>CARACTER\u00cdSTICAS:<\/strong> Este fuerte pegamento ha sido especialmente dise\u00f1ado para la cocci\u00f3n de la arcilla polim\u00e9rica. Su punta de precisi\u00f3n permite pegar peque\u00f1os detalles con precisi\u00f3n. De color blanco al aplicarlo, luego se vuelve completamente transparente.<br \/><strong>USOS:<\/strong> La cola Cernit puede utilizarse para pegar arcilla cruda o cocida, o una mezcla de ambas. Tambi\u00e9n puede utilizarse para pegar arcilla (polim\u00e9rica) a otros materiales, porosos o no.<br \/><strong>HORNEADO:<\/strong> El horneado es obligatorio. Su poder adherente s\u00f3lo funciona con calor de horno a un m\u00e1ximo de 130\u00b0C como la masa Cernit.Capacidad : 80ml.<br \/><strong>FABRICACI\u00d3N:<\/strong> La cola Cernit se fabrica en B\u00e9lgica, cerca de Lieja.<\/p>\n","protected":false},"excerpt":{"rendered":"<p>Esta cola fuerte ha sido especialmente dise\u00f1ada para la arcilla polim\u00e9rica. De color blanco al aplicarla, luego se vuelve completamente transparente.<\/p>\n","protected":false},"featured_media":11116,"template":"","meta":{"_acf_changed":false},"product_brand":[],"product_cat":[409,416,439,488],"product_tag":[],"class_list":{"0":"post-16174","1":"product","2":"type-product","3":"status-publish","4":"has-post-thumbnail","6":"product_cat-auxiliar","7":"product_cat-cola","8":"product_cat-cola-y-barniz-polimericos","9":"product_cat-polymeerlijm-vernis","10":"wp-sticky","11":"summaryproductshop","13":"first","14":"instock","15":"product-type-simple"},"acf":[],"yoast_head":"<!-- This site is optimized with the Yoast SEO plugin v27.5 - https:\/\/yoast.com\/product\/yoast-seo-wordpress\/ -->\n<title>Auxiliar Cernit - Transparente Glue 80ml | Cernit<\/title>\n<meta name=\"robots\" content=\"index, follow, max-snippet:-1, max-image-preview:large, max-video-preview:-1\" \/>\n<link rel=\"canonical\" href=\"https:\/\/www.cernit-world.com\/es\/producto\/auxiliar-cernit-transparente-glue-80ml\/\" \/>\n<meta property=\"og:locale\" content=\"es_ES\" \/>\n<meta property=\"og:type\" content=\"article\" \/>\n<meta property=\"og:title\" content=\"Auxiliar Cernit - Transparente Glue 80ml | Cernit\" \/>\n<meta property=\"og:description\" content=\"Esta cola fuerte ha sido especialmente dise\u00f1ada para la arcilla polim\u00e9rica. De color blanco al aplicarla, luego se vuelve completamente transparente.\" \/>\n<meta property=\"og:url\" content=\"https:\/\/www.cernit-world.com\/es\/producto\/auxiliar-cernit-transparente-glue-80ml\/\" \/>\n<meta property=\"og:site_name\" content=\"Cernit\" \/>\n<meta property=\"article:publisher\" content=\"https:\/\/www.facebook.com\/groups\/cernitconnectspeople\/?locale=fr_FR\" \/>\n<meta property=\"article:modified_time\" content=\"2023-09-01T13:36:04+00:00\" \/>\n<meta property=\"og:image\" content=\"https:\/\/www.cernit-world.com\/wp-inside\/uploads\/2023\/09\/ce3070080000c_fac.jpg\" \/>\n\t<meta property=\"og:image:width\" content=\"1500\" \/>\n\t<meta property=\"og:image:height\" content=\"1500\" \/>\n\t<meta property=\"og:image:type\" content=\"image\/jpeg\" \/>\n<meta name=\"twitter:card\" content=\"summary_large_image\" \/>\n<meta name=\"twitter:label1\" content=\"Tiempo de lectura\" \/>\n\t<meta name=\"twitter:data1\" content=\"1 minuto\" \/>\n<script type=\"application\/ld+json\" class=\"yoast-schema-graph\">{\"@context\":\"https:\\\/\\\/schema.org\",\"@graph\":[{\"@type\":\"WebPage\",\"@id\":\"https:\\\/\\\/www.cernit-world.com\\\/es\\\/producto\\\/auxiliar-cernit-transparente-glue-80ml\\\/\",\"url\":\"https:\\\/\\\/www.cernit-world.com\\\/es\\\/producto\\\/auxiliar-cernit-transparente-glue-80ml\\\/\",\"name\":\"Auxiliar Cernit - Transparente Glue 80ml\",\"isPartOf\":{\"@id\":\"https:\\\/\\\/www.cernit-world.com\\\/es\\\/#website\"},\"primaryImageOfPage\":{\"@id\":\"https:\\\/\\\/www.cernit-world.com\\\/es\\\/producto\\\/auxiliar-cernit-transparente-glue-80ml\\\/#primaryimage\"},\"image\":{\"@id\":\"https:\\\/\\\/www.cernit-world.com\\\/es\\\/producto\\\/auxiliar-cernit-transparente-glue-80ml\\\/#primaryimage\"},\"thumbnailUrl\":\"https:\\\/\\\/www.cernit-world.com\\\/wp-inside\\\/uploads\\\/2023\\\/09\\\/ce3070080000c_fac.jpg\",\"datePublished\":\"2023-07-04T11:47:07+00:00\",\"dateModified\":\"2023-09-01T13:36:04+00:00\",\"breadcrumb\":{\"@id\":\"https:\\\/\\\/www.cernit-world.com\\\/es\\\/producto\\\/auxiliar-cernit-transparente-glue-80ml\\\/#breadcrumb\"},\"inLanguage\":\"es\",\"potentialAction\":[{\"@type\":\"ReadAction\",\"target\":[\"https:\\\/\\\/www.cernit-world.com\\\/es\\\/producto\\\/auxiliar-cernit-transparente-glue-80ml\\\/\"]}]},{\"@type\":\"ImageObject\",\"inLanguage\":\"es\",\"@id\":\"https:\\\/\\\/www.cernit-world.com\\\/es\\\/producto\\\/auxiliar-cernit-transparente-glue-80ml\\\/#primaryimage\",\"url\":\"https:\\\/\\\/www.cernit-world.com\\\/wp-inside\\\/uploads\\\/2023\\\/09\\\/ce3070080000c_fac.jpg\",\"contentUrl\":\"https:\\\/\\\/www.cernit-world.com\\\/wp-inside\\\/uploads\\\/2023\\\/09\\\/ce3070080000c_fac.jpg\",\"width\":1500,\"height\":1500},{\"@type\":\"BreadcrumbList\",\"@id\":\"https:\\\/\\\/www.cernit-world.com\\\/es\\\/producto\\\/auxiliar-cernit-transparente-glue-80ml\\\/#breadcrumb\",\"itemListElement\":[{\"@type\":\"ListItem\",\"position\":1,\"name\":\"Inicio\",\"item\":\"https:\\\/\\\/www.cernit-world.com\\\/es\\\/\"},{\"@type\":\"ListItem\",\"position\":2,\"name\":\"Tienda\",\"item\":\"https:\\\/\\\/www.cernit-world.com\\\/es\\\/tienda\\\/\"},{\"@type\":\"ListItem\",\"position\":3,\"name\":\"Pasta polim\u00e9rica\",\"item\":\"https:\\\/\\\/www.cernit-world.com\\\/es\\\/categoria-productos\\\/pasta-polimerica\\\/\"},{\"@type\":\"ListItem\",\"position\":4,\"name\":\"Herramientas y auxiliares para pol\u00ecmeros\",\"item\":\"https:\\\/\\\/www.cernit-world.com\\\/es\\\/categoria-productos\\\/pasta-polimerica\\\/herramientas-y-auxiliares-para-polimeros\\\/\"},{\"@type\":\"ListItem\",\"position\":5,\"name\":\"Cola y barniz polim\u00e9ricos\",\"item\":\"https:\\\/\\\/www.cernit-world.com\\\/es\\\/categoria-productos\\\/pasta-polimerica\\\/herramientas-y-auxiliares-para-polimeros\\\/cola-y-barniz-polimericos\\\/\"},{\"@type\":\"ListItem\",\"position\":6,\"name\":\"Auxiliar Cernit &#8211; Transparente Glue 80ml\"}]},{\"@type\":\"WebSite\",\"@id\":\"https:\\\/\\\/www.cernit-world.com\\\/es\\\/#website\",\"url\":\"https:\\\/\\\/www.cernit-world.com\\\/es\\\/\",\"name\":\"Cernit\",\"description\":\"Une qualit\u00e9 haut de gamme pour des cr\u00e9ations premiums\",\"publisher\":{\"@id\":\"https:\\\/\\\/www.cernit-world.com\\\/es\\\/#organization\"},\"potentialAction\":[{\"@type\":\"SearchAction\",\"target\":{\"@type\":\"EntryPoint\",\"urlTemplate\":\"https:\\\/\\\/www.cernit-world.com\\\/es\\\/?s={search_term_string}\"},\"query-input\":{\"@type\":\"PropertyValueSpecification\",\"valueRequired\":true,\"valueName\":\"search_term_string\"}}],\"inLanguage\":\"es\"},{\"@type\":\"Organization\",\"@id\":\"https:\\\/\\\/www.cernit-world.com\\\/es\\\/#organization\",\"name\":\"Cernit\",\"url\":\"https:\\\/\\\/www.cernit-world.com\\\/es\\\/\",\"logo\":{\"@type\":\"ImageObject\",\"inLanguage\":\"es\",\"@id\":\"https:\\\/\\\/www.cernit-world.com\\\/es\\\/#\\\/schema\\\/logo\\\/image\\\/\",\"url\":\"https:\\\/\\\/www.cernit-world.com\\\/wp-inside\\\/uploads\\\/2023\\\/07\\\/cernit-opengraph.jpg\",\"contentUrl\":\"https:\\\/\\\/www.cernit-world.com\\\/wp-inside\\\/uploads\\\/2023\\\/07\\\/cernit-opengraph.jpg\",\"width\":1200,\"height\":630,\"caption\":\"Cernit\"},\"image\":{\"@id\":\"https:\\\/\\\/www.cernit-world.com\\\/es\\\/#\\\/schema\\\/logo\\\/image\\\/\"},\"sameAs\":[\"https:\\\/\\\/www.facebook.com\\\/groups\\\/cernitconnectspeople\\\/?locale=fr_FR\"]}]}<\/script>\n<!-- \/ Yoast SEO plugin. -->","yoast_head_json":{"title":"Auxiliar Cernit - Transparente Glue 80ml | Cernit","robots":{"index":"index","follow":"follow","max-snippet":"max-snippet:-1","max-image-preview":"max-image-preview:large","max-video-preview":"max-video-preview:-1"},"canonical":"https:\/\/www.cernit-world.com\/es\/producto\/auxiliar-cernit-transparente-glue-80ml\/","og_locale":"es_ES","og_type":"article","og_title":"Auxiliar Cernit - Transparente Glue 80ml | Cernit","og_description":"Esta cola fuerte ha sido especialmente dise\u00f1ada para la arcilla polim\u00e9rica. De color blanco al aplicarla, luego se vuelve completamente transparente.","og_url":"https:\/\/www.cernit-world.com\/es\/producto\/auxiliar-cernit-transparente-glue-80ml\/","og_site_name":"Cernit","article_publisher":"https:\/\/www.facebook.com\/groups\/cernitconnectspeople\/?locale=fr_FR","article_modified_time":"2023-09-01T13:36:04+00:00","og_image":[{"width":1500,"height":1500,"url":"https:\/\/www.cernit-world.com\/wp-inside\/uploads\/2023\/09\/ce3070080000c_fac.jpg","type":"image\/jpeg"}],"twitter_card":"summary_large_image","twitter_misc":{"Tiempo de lectura":"1 minuto"},"schema":{"@context":"https:\/\/schema.org","@graph":[{"@type":"WebPage","@id":"https:\/\/www.cernit-world.com\/es\/producto\/auxiliar-cernit-transparente-glue-80ml\/","url":"https:\/\/www.cernit-world.com\/es\/producto\/auxiliar-cernit-transparente-glue-80ml\/","name":"Auxiliar Cernit - Transparente Glue 80ml","isPartOf":{"@id":"https:\/\/www.cernit-world.com\/es\/#website"},"primaryImageOfPage":{"@id":"https:\/\/www.cernit-world.com\/es\/producto\/auxiliar-cernit-transparente-glue-80ml\/#primaryimage"},"image":{"@id":"https:\/\/www.cernit-world.com\/es\/producto\/auxiliar-cernit-transparente-glue-80ml\/#primaryimage"},"thumbnailUrl":"https:\/\/www.cernit-world.com\/wp-inside\/uploads\/2023\/09\/ce3070080000c_fac.jpg","datePublished":"2023-07-04T11:47:07+00:00","dateModified":"2023-09-01T13:36:04+00:00","breadcrumb":{"@id":"https:\/\/www.cernit-world.com\/es\/producto\/auxiliar-cernit-transparente-glue-80ml\/#breadcrumb"},"inLanguage":"es","potentialAction":[{"@type":"ReadAction","target":["https:\/\/www.cernit-world.com\/es\/producto\/auxiliar-cernit-transparente-glue-80ml\/"]}]},{"@type":"ImageObject","inLanguage":"es","@id":"https:\/\/www.cernit-world.com\/es\/producto\/auxiliar-cernit-transparente-glue-80ml\/#primaryimage","url":"https:\/\/www.cernit-world.com\/wp-inside\/uploads\/2023\/09\/ce3070080000c_fac.jpg","contentUrl":"https:\/\/www.cernit-world.com\/wp-inside\/uploads\/2023\/09\/ce3070080000c_fac.jpg","width":1500,"height":1500},{"@type":"BreadcrumbList","@id":"https:\/\/www.cernit-world.com\/es\/producto\/auxiliar-cernit-transparente-glue-80ml\/#breadcrumb","itemListElement":[{"@type":"ListItem","position":1,"name":"Inicio","item":"https:\/\/www.cernit-world.com\/es\/"},{"@type":"ListItem","position":2,"name":"Tienda","item":"https:\/\/www.cernit-world.com\/es\/tienda\/"},{"@type":"ListItem","position":3,"name":"Pasta polim\u00e9rica","item":"https:\/\/www.cernit-world.com\/es\/categoria-productos\/pasta-polimerica\/"},{"@type":"ListItem","position":4,"name":"Herramientas y auxiliares para pol\u00ecmeros","item":"https:\/\/www.cernit-world.com\/es\/categoria-productos\/pasta-polimerica\/herramientas-y-auxiliares-para-polimeros\/"},{"@type":"ListItem","position":5,"name":"Cola y barniz polim\u00e9ricos","item":"https:\/\/www.cernit-world.com\/es\/categoria-productos\/pasta-polimerica\/herramientas-y-auxiliares-para-polimeros\/cola-y-barniz-polimericos\/"},{"@type":"ListItem","position":6,"name":"Auxiliar Cernit &#8211; Transparente Glue 80ml"}]},{"@type":"WebSite","@id":"https:\/\/www.cernit-world.com\/es\/#website","url":"https:\/\/www.cernit-world.com\/es\/","name":"Cernit","description":"Une qualit\u00e9 haut de gamme pour des cr\u00e9ations premiums","publisher":{"@id":"https:\/\/www.cernit-world.com\/es\/#organization"},"potentialAction":[{"@type":"SearchAction","target":{"@type":"EntryPoint","urlTemplate":"https:\/\/www.cernit-world.com\/es\/?s={search_term_string}"},"query-input":{"@type":"PropertyValueSpecification","valueRequired":true,"valueName":"search_term_string"}}],"inLanguage":"es"},{"@type":"Organization","@id":"https:\/\/www.cernit-world.com\/es\/#organization","name":"Cernit","url":"https:\/\/www.cernit-world.com\/es\/","logo":{"@type":"ImageObject","inLanguage":"es","@id":"https:\/\/www.cernit-world.com\/es\/#\/schema\/logo\/image\/","url":"https:\/\/www.cernit-world.com\/wp-inside\/uploads\/2023\/07\/cernit-opengraph.jpg","contentUrl":"https:\/\/www.cernit-world.com\/wp-inside\/uploads\/2023\/07\/cernit-opengraph.jpg","width":1200,"height":630,"caption":"Cernit"},"image":{"@id":"https:\/\/www.cernit-world.com\/es\/#\/schema\/logo\/image\/"},"sameAs":["https:\/\/www.facebook.com\/groups\/cernitconnectspeople\/?locale=fr_FR"]}]}},"_links":{"self":[{"href":"https:\/\/www.cernit-world.com\/es\/wp-json\/wp\/v2\/product\/16174","targetHints":{"allow":["GET"]}}],"collection":[{"href":"https:\/\/www.cernit-world.com\/es\/wp-json\/wp\/v2\/product"}],"about":[{"href":"https:\/\/www.cernit-world.com\/es\/wp-json\/wp\/v2\/types\/product"}],"wp:featuredmedia":[{"embeddable":true,"href":"https:\/\/www.cernit-world.com\/es\/wp-json\/wp\/v2\/media\/11116"}],"wp:attachment":[{"href":"https:\/\/www.cernit-world.com\/es\/wp-json\/wp\/v2\/media?parent=16174"}],"wp:term":[{"taxonomy":"product_brand","embeddable":true,"href":"https:\/\/www.cernit-world.com\/es\/wp-json\/wp\/v2\/product_brand?post=16174"},{"taxonomy":"product_cat","embeddable":true,"href":"https:\/\/www.cernit-world.com\/es\/wp-json\/wp\/v2\/product_cat?post=16174"},{"taxonomy":"product_tag","embeddable":true,"href":"https:\/\/www.cernit-world.com\/es\/wp-json\/wp\/v2\/product_tag?post=16174"}],"curies":[{"name":"wp","href":"https:\/\/api.w.org\/{rel}","templated":true}]}}