{"id":16068,"date":"2023-07-04T13:46:31","date_gmt":"2023-07-04T11:46:31","guid":{"rendered":"https:\/\/www.cernit-world.com\/produit\/auxiliar-cernit-verde-prado-tinta-de-alcohol-20ml\/"},"modified":"2025-03-27T13:56:03","modified_gmt":"2025-03-27T12:56:03","slug":"auxiliar-cernit-verde-prado-tinta-de-alcohol-20ml","status":"publish","type":"product","link":"https:\/\/www.cernit-world.com\/es\/producto\/auxiliar-cernit-verde-prado-tinta-de-alcohol-20ml\/","title":{"rendered":"Auxiliar Cernit &#8211; verde prado Tinta de alcohol 20ml"},"content":{"rendered":"<p><strong>CARACTER\u00cdSTICAS:<\/strong> Las tintas a base de alcohol Cernit son \u00f3pacas para los colores blanco, oro, cobre, plata y nacarados o transparentes para todos los dem\u00e1s colores. Cada tinta tiene una punta de precisi\u00f3n f\u00e1cil de usar. Todos los tonos pueden mezclarse entre s\u00ed para crear un nuevo color. Sin \u00e1cido.MULTI-<br \/>\n<strong>SOPORTES:<\/strong> Compatible con arcilla polim\u00e9rica, resina epoxy, papel, metal, pl\u00e1stico, cer\u00e1mica, vidrio, etc.<br \/>\n<strong>USOS:<\/strong> Con unas pocas gotas de tinta se puede colorear con precisi\u00f3n una peque\u00f1a superficie.<br \/>\n<strong>SECADO:<\/strong> Seca r\u00e1pidamente al aire libre. Aspecto brillante despu\u00e9s del secado.<br \/>\n<strong>CAPACIDAD:<\/strong> 20ml.<br \/>\n<strong>FABRICACI\u00d3N:<\/strong> Todas las tintas de alcohol Cernit se fabrican en B\u00e9lgica, cerca de Lieja.<br \/>\n<strong>IMPORTANTE:<\/strong> La gama incluye un diluyente para licuar los colores y un limpiador para dejar las herramientas y superficies de trabajo completamente limpias despu\u00e9s de usar las tintas.<\/p>\n<p><strong>Descargar la\u00a0<a href=\"https:\/\/www.cernit-world.com\/wp-inside\/uploads\/2025\/03\/msds_cernit_alcohol_ink_2025-es.pdf\" target=\"_blank\" rel=\"noopener\">ficha de datos de seguridad<\/a><\/strong><\/p>\n","protected":false},"excerpt":{"rendered":"<p>Todas las tintas de alcohol Cernit pueden mezclarse entre s\u00ed. Sin \u00e1cido. Seca r\u00e1pidamente al aire libre.<\/p>\n","protected":false},"featured_media":10920,"template":"","meta":{"_acf_changed":false},"product_brand":[],"product_cat":[409,412,442,438],"product_tag":[],"class_list":{"0":"post-16068","1":"product","2":"type-product","3":"status-publish","4":"has-post-thumbnail","6":"product_cat-auxiliar","7":"product_cat-tinta-de-alcohol","8":"product_cat-tinta-epoxi-alcohol","9":"product_cat-tintas-de-alcohol-polimerico","10":"wp-sticky","11":"summaryproductshop","13":"first","14":"instock","15":"product-type-simple"},"acf":[],"yoast_head":"<!-- This site is optimized with the Yoast SEO plugin v27.4 - https:\/\/yoast.com\/product\/yoast-seo-wordpress\/ -->\n<title>Auxiliar Cernit - verde prado Tinta de alcohol 20ml | Cernit<\/title>\n<meta name=\"robots\" content=\"index, follow, max-snippet:-1, max-image-preview:large, max-video-preview:-1\" \/>\n<link rel=\"canonical\" href=\"https:\/\/www.cernit-world.com\/es\/producto\/auxiliar-cernit-verde-prado-tinta-de-alcohol-20ml\/\" \/>\n<meta property=\"og:locale\" content=\"es_ES\" \/>\n<meta property=\"og:type\" content=\"article\" \/>\n<meta property=\"og:title\" content=\"Auxiliar Cernit - verde prado Tinta de alcohol 20ml | Cernit\" \/>\n<meta property=\"og:description\" content=\"Todas las tintas de alcohol Cernit pueden mezclarse entre s\u00ed. Sin \u00e1cido. Seca r\u00e1pidamente al aire libre.\" \/>\n<meta property=\"og:url\" content=\"https:\/\/www.cernit-world.com\/es\/producto\/auxiliar-cernit-verde-prado-tinta-de-alcohol-20ml\/\" \/>\n<meta property=\"og:site_name\" content=\"Cernit\" \/>\n<meta property=\"article:publisher\" content=\"https:\/\/www.facebook.com\/groups\/cernitconnectspeople\/?locale=fr_FR\" \/>\n<meta property=\"article:modified_time\" content=\"2025-03-27T12:56:03+00:00\" \/>\n<meta property=\"og:image\" content=\"https:\/\/www.cernit-world.com\/wp-inside\/uploads\/2023\/09\/ce2000020617c_fac.jpg\" \/>\n\t<meta property=\"og:image:width\" content=\"1500\" \/>\n\t<meta property=\"og:image:height\" content=\"1500\" \/>\n\t<meta property=\"og:image:type\" content=\"image\/jpeg\" \/>\n<meta name=\"twitter:card\" content=\"summary_large_image\" \/>\n<meta name=\"twitter:label1\" content=\"Tiempo de lectura\" \/>\n\t<meta name=\"twitter:data1\" content=\"1 minuto\" \/>\n<script type=\"application\/ld+json\" class=\"yoast-schema-graph\">{\"@context\":\"https:\\\/\\\/schema.org\",\"@graph\":[{\"@type\":\"WebPage\",\"@id\":\"https:\\\/\\\/www.cernit-world.com\\\/es\\\/producto\\\/auxiliar-cernit-verde-prado-tinta-de-alcohol-20ml\\\/\",\"url\":\"https:\\\/\\\/www.cernit-world.com\\\/es\\\/producto\\\/auxiliar-cernit-verde-prado-tinta-de-alcohol-20ml\\\/\",\"name\":\"Auxiliar Cernit - verde prado Tinta de alcohol 20ml\",\"isPartOf\":{\"@id\":\"https:\\\/\\\/www.cernit-world.com\\\/es\\\/#website\"},\"primaryImageOfPage\":{\"@id\":\"https:\\\/\\\/www.cernit-world.com\\\/es\\\/producto\\\/auxiliar-cernit-verde-prado-tinta-de-alcohol-20ml\\\/#primaryimage\"},\"image\":{\"@id\":\"https:\\\/\\\/www.cernit-world.com\\\/es\\\/producto\\\/auxiliar-cernit-verde-prado-tinta-de-alcohol-20ml\\\/#primaryimage\"},\"thumbnailUrl\":\"https:\\\/\\\/www.cernit-world.com\\\/wp-inside\\\/uploads\\\/2023\\\/09\\\/ce2000020617c_fac.jpg\",\"datePublished\":\"2023-07-04T11:46:31+00:00\",\"dateModified\":\"2025-03-27T12:56:03+00:00\",\"breadcrumb\":{\"@id\":\"https:\\\/\\\/www.cernit-world.com\\\/es\\\/producto\\\/auxiliar-cernit-verde-prado-tinta-de-alcohol-20ml\\\/#breadcrumb\"},\"inLanguage\":\"es\",\"potentialAction\":[{\"@type\":\"ReadAction\",\"target\":[\"https:\\\/\\\/www.cernit-world.com\\\/es\\\/producto\\\/auxiliar-cernit-verde-prado-tinta-de-alcohol-20ml\\\/\"]}]},{\"@type\":\"ImageObject\",\"inLanguage\":\"es\",\"@id\":\"https:\\\/\\\/www.cernit-world.com\\\/es\\\/producto\\\/auxiliar-cernit-verde-prado-tinta-de-alcohol-20ml\\\/#primaryimage\",\"url\":\"https:\\\/\\\/www.cernit-world.com\\\/wp-inside\\\/uploads\\\/2023\\\/09\\\/ce2000020617c_fac.jpg\",\"contentUrl\":\"https:\\\/\\\/www.cernit-world.com\\\/wp-inside\\\/uploads\\\/2023\\\/09\\\/ce2000020617c_fac.jpg\",\"width\":1500,\"height\":1500},{\"@type\":\"BreadcrumbList\",\"@id\":\"https:\\\/\\\/www.cernit-world.com\\\/es\\\/producto\\\/auxiliar-cernit-verde-prado-tinta-de-alcohol-20ml\\\/#breadcrumb\",\"itemListElement\":[{\"@type\":\"ListItem\",\"position\":1,\"name\":\"Inicio\",\"item\":\"https:\\\/\\\/www.cernit-world.com\\\/es\\\/\"},{\"@type\":\"ListItem\",\"position\":2,\"name\":\"Tienda\",\"item\":\"https:\\\/\\\/www.cernit-world.com\\\/es\\\/tienda\\\/\"},{\"@type\":\"ListItem\",\"position\":3,\"name\":\"Resina epoxi\",\"item\":\"https:\\\/\\\/www.cernit-world.com\\\/es\\\/categoria-productos\\\/resina-epoxi\\\/\"},{\"@type\":\"ListItem\",\"position\":4,\"name\":\"Herramientas y auxiliares para epoxi\",\"item\":\"https:\\\/\\\/www.cernit-world.com\\\/es\\\/categoria-productos\\\/resina-epoxi\\\/herramientas-y-auxiliares-para-epoxi\\\/\"},{\"@type\":\"ListItem\",\"position\":5,\"name\":\"Tinta epoxi alcohol\",\"item\":\"https:\\\/\\\/www.cernit-world.com\\\/es\\\/categoria-productos\\\/resina-epoxi\\\/herramientas-y-auxiliares-para-epoxi\\\/tinta-epoxi-alcohol\\\/\"},{\"@type\":\"ListItem\",\"position\":6,\"name\":\"Auxiliar Cernit &#8211; verde prado Tinta de alcohol 20ml\"}]},{\"@type\":\"WebSite\",\"@id\":\"https:\\\/\\\/www.cernit-world.com\\\/es\\\/#website\",\"url\":\"https:\\\/\\\/www.cernit-world.com\\\/es\\\/\",\"name\":\"Cernit\",\"description\":\"Une qualit\u00e9 haut de gamme pour des cr\u00e9ations premiums\",\"publisher\":{\"@id\":\"https:\\\/\\\/www.cernit-world.com\\\/es\\\/#organization\"},\"potentialAction\":[{\"@type\":\"SearchAction\",\"target\":{\"@type\":\"EntryPoint\",\"urlTemplate\":\"https:\\\/\\\/www.cernit-world.com\\\/es\\\/?s={search_term_string}\"},\"query-input\":{\"@type\":\"PropertyValueSpecification\",\"valueRequired\":true,\"valueName\":\"search_term_string\"}}],\"inLanguage\":\"es\"},{\"@type\":\"Organization\",\"@id\":\"https:\\\/\\\/www.cernit-world.com\\\/es\\\/#organization\",\"name\":\"Cernit\",\"url\":\"https:\\\/\\\/www.cernit-world.com\\\/es\\\/\",\"logo\":{\"@type\":\"ImageObject\",\"inLanguage\":\"es\",\"@id\":\"https:\\\/\\\/www.cernit-world.com\\\/es\\\/#\\\/schema\\\/logo\\\/image\\\/\",\"url\":\"https:\\\/\\\/www.cernit-world.com\\\/wp-inside\\\/uploads\\\/2023\\\/07\\\/cernit-opengraph.jpg\",\"contentUrl\":\"https:\\\/\\\/www.cernit-world.com\\\/wp-inside\\\/uploads\\\/2023\\\/07\\\/cernit-opengraph.jpg\",\"width\":1200,\"height\":630,\"caption\":\"Cernit\"},\"image\":{\"@id\":\"https:\\\/\\\/www.cernit-world.com\\\/es\\\/#\\\/schema\\\/logo\\\/image\\\/\"},\"sameAs\":[\"https:\\\/\\\/www.facebook.com\\\/groups\\\/cernitconnectspeople\\\/?locale=fr_FR\"]}]}<\/script>\n<!-- \/ Yoast SEO plugin. -->","yoast_head_json":{"title":"Auxiliar Cernit - verde prado Tinta de alcohol 20ml | Cernit","robots":{"index":"index","follow":"follow","max-snippet":"max-snippet:-1","max-image-preview":"max-image-preview:large","max-video-preview":"max-video-preview:-1"},"canonical":"https:\/\/www.cernit-world.com\/es\/producto\/auxiliar-cernit-verde-prado-tinta-de-alcohol-20ml\/","og_locale":"es_ES","og_type":"article","og_title":"Auxiliar Cernit - verde prado Tinta de alcohol 20ml | Cernit","og_description":"Todas las tintas de alcohol Cernit pueden mezclarse entre s\u00ed. Sin \u00e1cido. Seca r\u00e1pidamente al aire libre.","og_url":"https:\/\/www.cernit-world.com\/es\/producto\/auxiliar-cernit-verde-prado-tinta-de-alcohol-20ml\/","og_site_name":"Cernit","article_publisher":"https:\/\/www.facebook.com\/groups\/cernitconnectspeople\/?locale=fr_FR","article_modified_time":"2025-03-27T12:56:03+00:00","og_image":[{"width":1500,"height":1500,"url":"https:\/\/www.cernit-world.com\/wp-inside\/uploads\/2023\/09\/ce2000020617c_fac.jpg","type":"image\/jpeg"}],"twitter_card":"summary_large_image","twitter_misc":{"Tiempo de lectura":"1 minuto"},"schema":{"@context":"https:\/\/schema.org","@graph":[{"@type":"WebPage","@id":"https:\/\/www.cernit-world.com\/es\/producto\/auxiliar-cernit-verde-prado-tinta-de-alcohol-20ml\/","url":"https:\/\/www.cernit-world.com\/es\/producto\/auxiliar-cernit-verde-prado-tinta-de-alcohol-20ml\/","name":"Auxiliar Cernit - verde prado Tinta de alcohol 20ml","isPartOf":{"@id":"https:\/\/www.cernit-world.com\/es\/#website"},"primaryImageOfPage":{"@id":"https:\/\/www.cernit-world.com\/es\/producto\/auxiliar-cernit-verde-prado-tinta-de-alcohol-20ml\/#primaryimage"},"image":{"@id":"https:\/\/www.cernit-world.com\/es\/producto\/auxiliar-cernit-verde-prado-tinta-de-alcohol-20ml\/#primaryimage"},"thumbnailUrl":"https:\/\/www.cernit-world.com\/wp-inside\/uploads\/2023\/09\/ce2000020617c_fac.jpg","datePublished":"2023-07-04T11:46:31+00:00","dateModified":"2025-03-27T12:56:03+00:00","breadcrumb":{"@id":"https:\/\/www.cernit-world.com\/es\/producto\/auxiliar-cernit-verde-prado-tinta-de-alcohol-20ml\/#breadcrumb"},"inLanguage":"es","potentialAction":[{"@type":"ReadAction","target":["https:\/\/www.cernit-world.com\/es\/producto\/auxiliar-cernit-verde-prado-tinta-de-alcohol-20ml\/"]}]},{"@type":"ImageObject","inLanguage":"es","@id":"https:\/\/www.cernit-world.com\/es\/producto\/auxiliar-cernit-verde-prado-tinta-de-alcohol-20ml\/#primaryimage","url":"https:\/\/www.cernit-world.com\/wp-inside\/uploads\/2023\/09\/ce2000020617c_fac.jpg","contentUrl":"https:\/\/www.cernit-world.com\/wp-inside\/uploads\/2023\/09\/ce2000020617c_fac.jpg","width":1500,"height":1500},{"@type":"BreadcrumbList","@id":"https:\/\/www.cernit-world.com\/es\/producto\/auxiliar-cernit-verde-prado-tinta-de-alcohol-20ml\/#breadcrumb","itemListElement":[{"@type":"ListItem","position":1,"name":"Inicio","item":"https:\/\/www.cernit-world.com\/es\/"},{"@type":"ListItem","position":2,"name":"Tienda","item":"https:\/\/www.cernit-world.com\/es\/tienda\/"},{"@type":"ListItem","position":3,"name":"Resina epoxi","item":"https:\/\/www.cernit-world.com\/es\/categoria-productos\/resina-epoxi\/"},{"@type":"ListItem","position":4,"name":"Herramientas y auxiliares para epoxi","item":"https:\/\/www.cernit-world.com\/es\/categoria-productos\/resina-epoxi\/herramientas-y-auxiliares-para-epoxi\/"},{"@type":"ListItem","position":5,"name":"Tinta epoxi alcohol","item":"https:\/\/www.cernit-world.com\/es\/categoria-productos\/resina-epoxi\/herramientas-y-auxiliares-para-epoxi\/tinta-epoxi-alcohol\/"},{"@type":"ListItem","position":6,"name":"Auxiliar Cernit &#8211; verde prado Tinta de alcohol 20ml"}]},{"@type":"WebSite","@id":"https:\/\/www.cernit-world.com\/es\/#website","url":"https:\/\/www.cernit-world.com\/es\/","name":"Cernit","description":"Une qualit\u00e9 haut de gamme pour des cr\u00e9ations premiums","publisher":{"@id":"https:\/\/www.cernit-world.com\/es\/#organization"},"potentialAction":[{"@type":"SearchAction","target":{"@type":"EntryPoint","urlTemplate":"https:\/\/www.cernit-world.com\/es\/?s={search_term_string}"},"query-input":{"@type":"PropertyValueSpecification","valueRequired":true,"valueName":"search_term_string"}}],"inLanguage":"es"},{"@type":"Organization","@id":"https:\/\/www.cernit-world.com\/es\/#organization","name":"Cernit","url":"https:\/\/www.cernit-world.com\/es\/","logo":{"@type":"ImageObject","inLanguage":"es","@id":"https:\/\/www.cernit-world.com\/es\/#\/schema\/logo\/image\/","url":"https:\/\/www.cernit-world.com\/wp-inside\/uploads\/2023\/07\/cernit-opengraph.jpg","contentUrl":"https:\/\/www.cernit-world.com\/wp-inside\/uploads\/2023\/07\/cernit-opengraph.jpg","width":1200,"height":630,"caption":"Cernit"},"image":{"@id":"https:\/\/www.cernit-world.com\/es\/#\/schema\/logo\/image\/"},"sameAs":["https:\/\/www.facebook.com\/groups\/cernitconnectspeople\/?locale=fr_FR"]}]}},"_links":{"self":[{"href":"https:\/\/www.cernit-world.com\/es\/wp-json\/wp\/v2\/product\/16068","targetHints":{"allow":["GET"]}}],"collection":[{"href":"https:\/\/www.cernit-world.com\/es\/wp-json\/wp\/v2\/product"}],"about":[{"href":"https:\/\/www.cernit-world.com\/es\/wp-json\/wp\/v2\/types\/product"}],"wp:featuredmedia":[{"embeddable":true,"href":"https:\/\/www.cernit-world.com\/es\/wp-json\/wp\/v2\/media\/10920"}],"wp:attachment":[{"href":"https:\/\/www.cernit-world.com\/es\/wp-json\/wp\/v2\/media?parent=16068"}],"wp:term":[{"taxonomy":"product_brand","embeddable":true,"href":"https:\/\/www.cernit-world.com\/es\/wp-json\/wp\/v2\/product_brand?post=16068"},{"taxonomy":"product_cat","embeddable":true,"href":"https:\/\/www.cernit-world.com\/es\/wp-json\/wp\/v2\/product_cat?post=16068"},{"taxonomy":"product_tag","embeddable":true,"href":"https:\/\/www.cernit-world.com\/es\/wp-json\/wp\/v2\/product_tag?post=16068"}],"curies":[{"name":"wp","href":"https:\/\/api.w.org\/{rel}","templated":true}]}}