{"id":15804,"date":"2023-07-04T13:45:41","date_gmt":"2023-07-04T11:45:41","guid":{"rendered":"https:\/\/www.cernit-world.com\/produit\/auxiliar-cernit-blanco-gel-30ml\/"},"modified":"2023-09-01T15:36:11","modified_gmt":"2023-09-01T13:36:11","slug":"auxiliar-cernit-blanco-gel-30ml","status":"publish","type":"product","link":"https:\/\/www.cernit-world.com\/es\/producto\/auxiliar-cernit-blanco-gel-30ml\/","title":{"rendered":"Auxiliar Cernit &#8211; blanco Gel 30ml"},"content":{"rendered":"<p><strong>CARACTER\u00cdSTICAS:<\/strong> Los geles Cernit son pasta de modelar para hornear (pol\u00edmero) en forma l\u00edquida. Al igual que la arcilla, el gel se endurece con la cocci\u00f3n hasta volverse completamente s\u00f3lido. Cada gel tiene una punta de precisi\u00f3n f\u00e1cil de usar. No se seca. Vegano.<br \/><strong>USOS:<\/strong> Este producto puede utilizarse para a\u00f1adir detalles a un dise\u00f1o (ojos, rosetones, etc.) o para dar volumen a zonas muy concretas. El gel Cernit puede utilizarse en todas las superficies, porosas o no (pl\u00e1stico, vidrio, metal, cart\u00f3n, etc.).<br \/><strong>HORNEADO:<\/strong> Hornear el gel entre 110\u00b0C (230\u00b0F) y 130\u00b0C (266\u00b0F) en un horno convencional durante un m\u00e1ximo de 30 minutos. Es inodoro una vez cocido. No utilizar el horno microondas. Tras la cocci\u00f3n, el gel est\u00e1 completamente duro.Capacidad : 30ml.<br \/><strong>FABRICACI\u00d3N:<\/strong> Todos los geles Cernit se fabrican en B\u00e9lgica, cerca de Lieja.<\/p>\n","protected":false},"excerpt":{"rendered":"<p>Los geles Cernit son arcillas polim\u00e9ricas en forma l\u00edquida. Cocer el gel entre 110\u00b0C y 130\u00b0C en un horno convencional durante un m\u00e1ximo de 30 minutos.<\/p>\n","protected":false},"featured_media":10476,"template":"","meta":{"_acf_changed":false},"product_brand":[],"product_cat":[409,411,437,486],"product_tag":[],"class_list":{"0":"post-15804","1":"product","2":"type-product","3":"status-publish","4":"has-post-thumbnail","6":"product_cat-auxiliar","7":"product_cat-gel-es","8":"product_cat-geles-polimericos","9":"product_cat-polymeergels","10":"wp-sticky","11":"summaryproductshop","13":"first","14":"instock","15":"product-type-simple"},"acf":[],"yoast_head":"<!-- This site is optimized with the Yoast SEO plugin v27.4 - https:\/\/yoast.com\/product\/yoast-seo-wordpress\/ -->\n<title>Auxiliar Cernit - blanco Gel 30ml | Cernit<\/title>\n<meta name=\"robots\" content=\"index, follow, max-snippet:-1, max-image-preview:large, max-video-preview:-1\" \/>\n<link rel=\"canonical\" href=\"https:\/\/www.cernit-world.com\/es\/producto\/auxiliar-cernit-blanco-gel-30ml\/\" \/>\n<meta property=\"og:locale\" content=\"es_ES\" \/>\n<meta property=\"og:type\" content=\"article\" \/>\n<meta property=\"og:title\" content=\"Auxiliar Cernit - blanco Gel 30ml | Cernit\" \/>\n<meta property=\"og:description\" content=\"Los geles Cernit son arcillas polim\u00e9ricas en forma l\u00edquida. Cocer el gel entre 110\u00b0C y 130\u00b0C en un horno convencional durante un m\u00e1ximo de 30 minutos.\" \/>\n<meta property=\"og:url\" content=\"https:\/\/www.cernit-world.com\/es\/producto\/auxiliar-cernit-blanco-gel-30ml\/\" \/>\n<meta property=\"og:site_name\" content=\"Cernit\" \/>\n<meta property=\"article:publisher\" content=\"https:\/\/www.facebook.com\/groups\/cernitconnectspeople\/?locale=fr_FR\" \/>\n<meta property=\"article:modified_time\" content=\"2023-09-01T13:36:11+00:00\" \/>\n<meta property=\"og:image\" content=\"https:\/\/www.cernit-world.com\/wp-inside\/uploads\/2023\/09\/ce1500030010c_fac.jpg\" \/>\n\t<meta property=\"og:image:width\" content=\"1500\" \/>\n\t<meta property=\"og:image:height\" content=\"1500\" \/>\n\t<meta property=\"og:image:type\" content=\"image\/jpeg\" \/>\n<meta name=\"twitter:card\" content=\"summary_large_image\" \/>\n<meta name=\"twitter:label1\" content=\"Tiempo de lectura\" \/>\n\t<meta name=\"twitter:data1\" content=\"1 minuto\" \/>\n<script type=\"application\/ld+json\" class=\"yoast-schema-graph\">{\"@context\":\"https:\\\/\\\/schema.org\",\"@graph\":[{\"@type\":\"WebPage\",\"@id\":\"https:\\\/\\\/www.cernit-world.com\\\/es\\\/producto\\\/auxiliar-cernit-blanco-gel-30ml\\\/\",\"url\":\"https:\\\/\\\/www.cernit-world.com\\\/es\\\/producto\\\/auxiliar-cernit-blanco-gel-30ml\\\/\",\"name\":\"Auxiliar Cernit - blanco Gel 30ml\",\"isPartOf\":{\"@id\":\"https:\\\/\\\/www.cernit-world.com\\\/es\\\/#website\"},\"primaryImageOfPage\":{\"@id\":\"https:\\\/\\\/www.cernit-world.com\\\/es\\\/producto\\\/auxiliar-cernit-blanco-gel-30ml\\\/#primaryimage\"},\"image\":{\"@id\":\"https:\\\/\\\/www.cernit-world.com\\\/es\\\/producto\\\/auxiliar-cernit-blanco-gel-30ml\\\/#primaryimage\"},\"thumbnailUrl\":\"https:\\\/\\\/www.cernit-world.com\\\/wp-inside\\\/uploads\\\/2023\\\/09\\\/ce1500030010c_fac.jpg\",\"datePublished\":\"2023-07-04T11:45:41+00:00\",\"dateModified\":\"2023-09-01T13:36:11+00:00\",\"breadcrumb\":{\"@id\":\"https:\\\/\\\/www.cernit-world.com\\\/es\\\/producto\\\/auxiliar-cernit-blanco-gel-30ml\\\/#breadcrumb\"},\"inLanguage\":\"es\",\"potentialAction\":[{\"@type\":\"ReadAction\",\"target\":[\"https:\\\/\\\/www.cernit-world.com\\\/es\\\/producto\\\/auxiliar-cernit-blanco-gel-30ml\\\/\"]}]},{\"@type\":\"ImageObject\",\"inLanguage\":\"es\",\"@id\":\"https:\\\/\\\/www.cernit-world.com\\\/es\\\/producto\\\/auxiliar-cernit-blanco-gel-30ml\\\/#primaryimage\",\"url\":\"https:\\\/\\\/www.cernit-world.com\\\/wp-inside\\\/uploads\\\/2023\\\/09\\\/ce1500030010c_fac.jpg\",\"contentUrl\":\"https:\\\/\\\/www.cernit-world.com\\\/wp-inside\\\/uploads\\\/2023\\\/09\\\/ce1500030010c_fac.jpg\",\"width\":1500,\"height\":1500},{\"@type\":\"BreadcrumbList\",\"@id\":\"https:\\\/\\\/www.cernit-world.com\\\/es\\\/producto\\\/auxiliar-cernit-blanco-gel-30ml\\\/#breadcrumb\",\"itemListElement\":[{\"@type\":\"ListItem\",\"position\":1,\"name\":\"Inicio\",\"item\":\"https:\\\/\\\/www.cernit-world.com\\\/es\\\/\"},{\"@type\":\"ListItem\",\"position\":2,\"name\":\"Tienda\",\"item\":\"https:\\\/\\\/www.cernit-world.com\\\/es\\\/tienda\\\/\"},{\"@type\":\"ListItem\",\"position\":3,\"name\":\"Pasta polim\u00e9rica\",\"item\":\"https:\\\/\\\/www.cernit-world.com\\\/es\\\/categoria-productos\\\/pasta-polimerica\\\/\"},{\"@type\":\"ListItem\",\"position\":4,\"name\":\"Herramientas y auxiliares para pol\u00ecmeros\",\"item\":\"https:\\\/\\\/www.cernit-world.com\\\/es\\\/categoria-productos\\\/pasta-polimerica\\\/herramientas-y-auxiliares-para-polimeros\\\/\"},{\"@type\":\"ListItem\",\"position\":5,\"name\":\"Geles polim\u00e9ricos\",\"item\":\"https:\\\/\\\/www.cernit-world.com\\\/es\\\/categoria-productos\\\/pasta-polimerica\\\/herramientas-y-auxiliares-para-polimeros\\\/geles-polimericos\\\/\"},{\"@type\":\"ListItem\",\"position\":6,\"name\":\"Auxiliar Cernit &#8211; blanco Gel 30ml\"}]},{\"@type\":\"WebSite\",\"@id\":\"https:\\\/\\\/www.cernit-world.com\\\/es\\\/#website\",\"url\":\"https:\\\/\\\/www.cernit-world.com\\\/es\\\/\",\"name\":\"Cernit\",\"description\":\"Une qualit\u00e9 haut de gamme pour des cr\u00e9ations premiums\",\"publisher\":{\"@id\":\"https:\\\/\\\/www.cernit-world.com\\\/es\\\/#organization\"},\"potentialAction\":[{\"@type\":\"SearchAction\",\"target\":{\"@type\":\"EntryPoint\",\"urlTemplate\":\"https:\\\/\\\/www.cernit-world.com\\\/es\\\/?s={search_term_string}\"},\"query-input\":{\"@type\":\"PropertyValueSpecification\",\"valueRequired\":true,\"valueName\":\"search_term_string\"}}],\"inLanguage\":\"es\"},{\"@type\":\"Organization\",\"@id\":\"https:\\\/\\\/www.cernit-world.com\\\/es\\\/#organization\",\"name\":\"Cernit\",\"url\":\"https:\\\/\\\/www.cernit-world.com\\\/es\\\/\",\"logo\":{\"@type\":\"ImageObject\",\"inLanguage\":\"es\",\"@id\":\"https:\\\/\\\/www.cernit-world.com\\\/es\\\/#\\\/schema\\\/logo\\\/image\\\/\",\"url\":\"https:\\\/\\\/www.cernit-world.com\\\/wp-inside\\\/uploads\\\/2023\\\/07\\\/cernit-opengraph.jpg\",\"contentUrl\":\"https:\\\/\\\/www.cernit-world.com\\\/wp-inside\\\/uploads\\\/2023\\\/07\\\/cernit-opengraph.jpg\",\"width\":1200,\"height\":630,\"caption\":\"Cernit\"},\"image\":{\"@id\":\"https:\\\/\\\/www.cernit-world.com\\\/es\\\/#\\\/schema\\\/logo\\\/image\\\/\"},\"sameAs\":[\"https:\\\/\\\/www.facebook.com\\\/groups\\\/cernitconnectspeople\\\/?locale=fr_FR\"]}]}<\/script>\n<!-- \/ Yoast SEO plugin. -->","yoast_head_json":{"title":"Auxiliar Cernit - blanco Gel 30ml | Cernit","robots":{"index":"index","follow":"follow","max-snippet":"max-snippet:-1","max-image-preview":"max-image-preview:large","max-video-preview":"max-video-preview:-1"},"canonical":"https:\/\/www.cernit-world.com\/es\/producto\/auxiliar-cernit-blanco-gel-30ml\/","og_locale":"es_ES","og_type":"article","og_title":"Auxiliar Cernit - blanco Gel 30ml | Cernit","og_description":"Los geles Cernit son arcillas polim\u00e9ricas en forma l\u00edquida. Cocer el gel entre 110\u00b0C y 130\u00b0C en un horno convencional durante un m\u00e1ximo de 30 minutos.","og_url":"https:\/\/www.cernit-world.com\/es\/producto\/auxiliar-cernit-blanco-gel-30ml\/","og_site_name":"Cernit","article_publisher":"https:\/\/www.facebook.com\/groups\/cernitconnectspeople\/?locale=fr_FR","article_modified_time":"2023-09-01T13:36:11+00:00","og_image":[{"width":1500,"height":1500,"url":"https:\/\/www.cernit-world.com\/wp-inside\/uploads\/2023\/09\/ce1500030010c_fac.jpg","type":"image\/jpeg"}],"twitter_card":"summary_large_image","twitter_misc":{"Tiempo de lectura":"1 minuto"},"schema":{"@context":"https:\/\/schema.org","@graph":[{"@type":"WebPage","@id":"https:\/\/www.cernit-world.com\/es\/producto\/auxiliar-cernit-blanco-gel-30ml\/","url":"https:\/\/www.cernit-world.com\/es\/producto\/auxiliar-cernit-blanco-gel-30ml\/","name":"Auxiliar Cernit - blanco Gel 30ml","isPartOf":{"@id":"https:\/\/www.cernit-world.com\/es\/#website"},"primaryImageOfPage":{"@id":"https:\/\/www.cernit-world.com\/es\/producto\/auxiliar-cernit-blanco-gel-30ml\/#primaryimage"},"image":{"@id":"https:\/\/www.cernit-world.com\/es\/producto\/auxiliar-cernit-blanco-gel-30ml\/#primaryimage"},"thumbnailUrl":"https:\/\/www.cernit-world.com\/wp-inside\/uploads\/2023\/09\/ce1500030010c_fac.jpg","datePublished":"2023-07-04T11:45:41+00:00","dateModified":"2023-09-01T13:36:11+00:00","breadcrumb":{"@id":"https:\/\/www.cernit-world.com\/es\/producto\/auxiliar-cernit-blanco-gel-30ml\/#breadcrumb"},"inLanguage":"es","potentialAction":[{"@type":"ReadAction","target":["https:\/\/www.cernit-world.com\/es\/producto\/auxiliar-cernit-blanco-gel-30ml\/"]}]},{"@type":"ImageObject","inLanguage":"es","@id":"https:\/\/www.cernit-world.com\/es\/producto\/auxiliar-cernit-blanco-gel-30ml\/#primaryimage","url":"https:\/\/www.cernit-world.com\/wp-inside\/uploads\/2023\/09\/ce1500030010c_fac.jpg","contentUrl":"https:\/\/www.cernit-world.com\/wp-inside\/uploads\/2023\/09\/ce1500030010c_fac.jpg","width":1500,"height":1500},{"@type":"BreadcrumbList","@id":"https:\/\/www.cernit-world.com\/es\/producto\/auxiliar-cernit-blanco-gel-30ml\/#breadcrumb","itemListElement":[{"@type":"ListItem","position":1,"name":"Inicio","item":"https:\/\/www.cernit-world.com\/es\/"},{"@type":"ListItem","position":2,"name":"Tienda","item":"https:\/\/www.cernit-world.com\/es\/tienda\/"},{"@type":"ListItem","position":3,"name":"Pasta polim\u00e9rica","item":"https:\/\/www.cernit-world.com\/es\/categoria-productos\/pasta-polimerica\/"},{"@type":"ListItem","position":4,"name":"Herramientas y auxiliares para pol\u00ecmeros","item":"https:\/\/www.cernit-world.com\/es\/categoria-productos\/pasta-polimerica\/herramientas-y-auxiliares-para-polimeros\/"},{"@type":"ListItem","position":5,"name":"Geles polim\u00e9ricos","item":"https:\/\/www.cernit-world.com\/es\/categoria-productos\/pasta-polimerica\/herramientas-y-auxiliares-para-polimeros\/geles-polimericos\/"},{"@type":"ListItem","position":6,"name":"Auxiliar Cernit &#8211; blanco Gel 30ml"}]},{"@type":"WebSite","@id":"https:\/\/www.cernit-world.com\/es\/#website","url":"https:\/\/www.cernit-world.com\/es\/","name":"Cernit","description":"Une qualit\u00e9 haut de gamme pour des cr\u00e9ations premiums","publisher":{"@id":"https:\/\/www.cernit-world.com\/es\/#organization"},"potentialAction":[{"@type":"SearchAction","target":{"@type":"EntryPoint","urlTemplate":"https:\/\/www.cernit-world.com\/es\/?s={search_term_string}"},"query-input":{"@type":"PropertyValueSpecification","valueRequired":true,"valueName":"search_term_string"}}],"inLanguage":"es"},{"@type":"Organization","@id":"https:\/\/www.cernit-world.com\/es\/#organization","name":"Cernit","url":"https:\/\/www.cernit-world.com\/es\/","logo":{"@type":"ImageObject","inLanguage":"es","@id":"https:\/\/www.cernit-world.com\/es\/#\/schema\/logo\/image\/","url":"https:\/\/www.cernit-world.com\/wp-inside\/uploads\/2023\/07\/cernit-opengraph.jpg","contentUrl":"https:\/\/www.cernit-world.com\/wp-inside\/uploads\/2023\/07\/cernit-opengraph.jpg","width":1200,"height":630,"caption":"Cernit"},"image":{"@id":"https:\/\/www.cernit-world.com\/es\/#\/schema\/logo\/image\/"},"sameAs":["https:\/\/www.facebook.com\/groups\/cernitconnectspeople\/?locale=fr_FR"]}]}},"_links":{"self":[{"href":"https:\/\/www.cernit-world.com\/es\/wp-json\/wp\/v2\/product\/15804","targetHints":{"allow":["GET"]}}],"collection":[{"href":"https:\/\/www.cernit-world.com\/es\/wp-json\/wp\/v2\/product"}],"about":[{"href":"https:\/\/www.cernit-world.com\/es\/wp-json\/wp\/v2\/types\/product"}],"wp:featuredmedia":[{"embeddable":true,"href":"https:\/\/www.cernit-world.com\/es\/wp-json\/wp\/v2\/media\/10476"}],"wp:attachment":[{"href":"https:\/\/www.cernit-world.com\/es\/wp-json\/wp\/v2\/media?parent=15804"}],"wp:term":[{"taxonomy":"product_brand","embeddable":true,"href":"https:\/\/www.cernit-world.com\/es\/wp-json\/wp\/v2\/product_brand?post=15804"},{"taxonomy":"product_cat","embeddable":true,"href":"https:\/\/www.cernit-world.com\/es\/wp-json\/wp\/v2\/product_cat?post=15804"},{"taxonomy":"product_tag","embeddable":true,"href":"https:\/\/www.cernit-world.com\/es\/wp-json\/wp\/v2\/product_tag?post=15804"}],"curies":[{"name":"wp","href":"https:\/\/api.w.org\/{rel}","templated":true}]}}