{"id":15504,"date":"2023-07-04T13:42:57","date_gmt":"2023-07-04T11:42:57","guid":{"rendered":"https:\/\/www.cernit-world.com\/produit\/arcilla-polimerica-cernit-verde-limon-translucent-56g\/"},"modified":"2023-09-01T15:36:14","modified_gmt":"2023-09-01T13:36:14","slug":"arcilla-polimerica-cernit-verde-limon-translucent-56g","status":"publish","type":"product","link":"https:\/\/www.cernit-world.com\/es\/producto\/arcilla-polimerica-cernit-verde-limon-translucent-56g\/","title":{"rendered":"Arcilla polim\u00e9rica Cernit &#8211; verde lim\u00f3n Translucent 56g"},"content":{"rendered":"<p>TRANSLUCENT : Pasta de modelar para hornear (ARCILLA POLIMERICA). Totalmente transl\u00facida tras la cocci\u00f3n. Permite reproducir objetos o alimentos con mayor realismo.<br \/><strong>HORNEADO:<\/strong> Hornear entre 110\u00b0C y 130\u00b0C en un horno convencional durante un m\u00e1ximo de 30 minutos. Inodoro cuando est\u00e1 cocido. No se agrieta. No utilizar horno microondas. Despu\u00e9s de la cocci\u00f3n, la masa est\u00e1 dura pero se puede trabajar (lijar, pintar, etc.).<br \/><strong>CARACTER\u00cdSTICAS:<\/strong> No se seca. Despu\u00e9s de la cocci\u00f3n, la pasta es completamente s\u00f3lida pero sigue siendo flexible. Inodora, la pasta es agradable de trabajar y permanece infinitamente maleable. No se manchan las manos ni las herramientas. Todos los colores pueden mezclarse para obtener el tono deseado. Vegano.<br \/><strong>USOS:<\/strong> Ideal para crear joyas, reproducciones, miniaturas, personajes, etc. Trabaje siempre con las manos limpias sobre una superficie limpia. Amasar la arcilla para hacerla m\u00e1s flexible antes de trabajar con ella. Se puede esculpir, moldear, estampar o utilizar con otros materiales como piedras, perlas, plumas, etc. Se pueden a\u00f1adir aditivos como purpurina, tinta de alcohol, etc. en el interior de la masa antes de cocerla. <br \/><strong>PESO:<\/strong> 56 g.<br \/><strong>FABRICACI\u00d3N:<\/strong> Todas las arcillas polim\u00e9ricas para hornear Cernit se fabrican en B\u00e9lgica, cerca de Lieja.<\/p>\n","protected":false},"excerpt":{"rendered":"<p>Arcilla polim\u00e9rica para Hornear. Hornear la masa entre 110\u00b0C y 130\u00b0C en un horno convencional durante 30 minutos como m\u00e1ximo. Sin olor al cocer. No se agrieta.<\/p>\n","protected":false},"featured_media":25902,"template":"","meta":{"_acf_changed":false},"product_brand":[],"product_cat":[405,400],"product_tag":[],"class_list":{"0":"post-15504","1":"product","2":"type-product","3":"status-publish","4":"has-post-thumbnail","6":"product_cat-gama-translucent","7":"product_cat-pasta-polimerica","8":"wp-sticky","9":"summaryproductshop","11":"first","12":"instock","13":"product-type-simple"},"acf":[],"yoast_head":"<!-- This site is optimized with the Yoast SEO plugin v27.4 - https:\/\/yoast.com\/product\/yoast-seo-wordpress\/ -->\n<title>Arcilla polim\u00e9rica Cernit - verde lim\u00f3n Translucent 56g | Cernit<\/title>\n<meta name=\"robots\" content=\"index, follow, max-snippet:-1, max-image-preview:large, max-video-preview:-1\" \/>\n<link rel=\"canonical\" href=\"https:\/\/www.cernit-world.com\/es\/producto\/arcilla-polimerica-cernit-verde-limon-translucent-56g\/\" \/>\n<meta property=\"og:locale\" content=\"es_ES\" \/>\n<meta property=\"og:type\" content=\"article\" \/>\n<meta property=\"og:title\" content=\"Arcilla polim\u00e9rica Cernit - verde lim\u00f3n Translucent 56g | Cernit\" \/>\n<meta property=\"og:description\" content=\"Arcilla polim\u00e9rica para Hornear. Hornear la masa entre 110\u00b0C y 130\u00b0C en un horno convencional durante 30 minutos como m\u00e1ximo. Sin olor al cocer. No se agrieta.\" \/>\n<meta property=\"og:url\" content=\"https:\/\/www.cernit-world.com\/es\/producto\/arcilla-polimerica-cernit-verde-limon-translucent-56g\/\" \/>\n<meta property=\"og:site_name\" content=\"Cernit\" \/>\n<meta property=\"article:publisher\" content=\"https:\/\/www.facebook.com\/groups\/cernitconnectspeople\/?locale=fr_FR\" \/>\n<meta property=\"article:modified_time\" content=\"2023-09-01T13:36:14+00:00\" \/>\n<meta property=\"og:image\" content=\"https:\/\/www.cernit-world.com\/wp-inside\/uploads\/2023\/09\/ce0920056605c_cot.jpg\" \/>\n\t<meta property=\"og:image:width\" content=\"2000\" \/>\n\t<meta property=\"og:image:height\" content=\"1333\" \/>\n\t<meta property=\"og:image:type\" content=\"image\/jpeg\" \/>\n<meta name=\"twitter:card\" content=\"summary_large_image\" \/>\n<meta name=\"twitter:label1\" content=\"Tiempo de lectura\" \/>\n\t<meta name=\"twitter:data1\" content=\"1 minuto\" \/>\n<script type=\"application\/ld+json\" class=\"yoast-schema-graph\">{\"@context\":\"https:\\\/\\\/schema.org\",\"@graph\":[{\"@type\":\"WebPage\",\"@id\":\"https:\\\/\\\/www.cernit-world.com\\\/es\\\/producto\\\/arcilla-polimerica-cernit-verde-limon-translucent-56g\\\/\",\"url\":\"https:\\\/\\\/www.cernit-world.com\\\/es\\\/producto\\\/arcilla-polimerica-cernit-verde-limon-translucent-56g\\\/\",\"name\":\"Arcilla polim\u00e9rica Cernit - verde lim\u00f3n Translucent 56g\",\"isPartOf\":{\"@id\":\"https:\\\/\\\/www.cernit-world.com\\\/es\\\/#website\"},\"primaryImageOfPage\":{\"@id\":\"https:\\\/\\\/www.cernit-world.com\\\/es\\\/producto\\\/arcilla-polimerica-cernit-verde-limon-translucent-56g\\\/#primaryimage\"},\"image\":{\"@id\":\"https:\\\/\\\/www.cernit-world.com\\\/es\\\/producto\\\/arcilla-polimerica-cernit-verde-limon-translucent-56g\\\/#primaryimage\"},\"thumbnailUrl\":\"https:\\\/\\\/www.cernit-world.com\\\/wp-inside\\\/uploads\\\/2023\\\/07\\\/1500x1500-md-ce0920056605c_cot.jpg\",\"datePublished\":\"2023-07-04T11:42:57+00:00\",\"dateModified\":\"2023-09-01T13:36:14+00:00\",\"breadcrumb\":{\"@id\":\"https:\\\/\\\/www.cernit-world.com\\\/es\\\/producto\\\/arcilla-polimerica-cernit-verde-limon-translucent-56g\\\/#breadcrumb\"},\"inLanguage\":\"es\",\"potentialAction\":[{\"@type\":\"ReadAction\",\"target\":[\"https:\\\/\\\/www.cernit-world.com\\\/es\\\/producto\\\/arcilla-polimerica-cernit-verde-limon-translucent-56g\\\/\"]}]},{\"@type\":\"ImageObject\",\"inLanguage\":\"es\",\"@id\":\"https:\\\/\\\/www.cernit-world.com\\\/es\\\/producto\\\/arcilla-polimerica-cernit-verde-limon-translucent-56g\\\/#primaryimage\",\"url\":\"https:\\\/\\\/www.cernit-world.com\\\/wp-inside\\\/uploads\\\/2023\\\/07\\\/1500x1500-md-ce0920056605c_cot.jpg\",\"contentUrl\":\"https:\\\/\\\/www.cernit-world.com\\\/wp-inside\\\/uploads\\\/2023\\\/07\\\/1500x1500-md-ce0920056605c_cot.jpg\",\"width\":1500,\"height\":1500,\"caption\":\"P\u00e2te Polym\u00e8re Cernit \u2013 vert citron Translucent 56g\"},{\"@type\":\"BreadcrumbList\",\"@id\":\"https:\\\/\\\/www.cernit-world.com\\\/es\\\/producto\\\/arcilla-polimerica-cernit-verde-limon-translucent-56g\\\/#breadcrumb\",\"itemListElement\":[{\"@type\":\"ListItem\",\"position\":1,\"name\":\"Inicio\",\"item\":\"https:\\\/\\\/www.cernit-world.com\\\/es\\\/\"},{\"@type\":\"ListItem\",\"position\":2,\"name\":\"Tienda\",\"item\":\"https:\\\/\\\/www.cernit-world.com\\\/es\\\/tienda\\\/\"},{\"@type\":\"ListItem\",\"position\":3,\"name\":\"Pasta polim\u00e9rica\",\"item\":\"https:\\\/\\\/www.cernit-world.com\\\/es\\\/categoria-productos\\\/pasta-polimerica\\\/\"},{\"@type\":\"ListItem\",\"position\":4,\"name\":\"Gama\",\"item\":\"https:\\\/\\\/www.cernit-world.com\\\/es\\\/categoria-productos\\\/pasta-polimerica\\\/gama\\\/\"},{\"@type\":\"ListItem\",\"position\":5,\"name\":\"Gama Translucent\",\"item\":\"https:\\\/\\\/www.cernit-world.com\\\/es\\\/categoria-productos\\\/pasta-polimerica\\\/gama\\\/gama-translucent\\\/\"},{\"@type\":\"ListItem\",\"position\":6,\"name\":\"Arcilla polim\u00e9rica Cernit &#8211; verde lim\u00f3n Translucent 56g\"}]},{\"@type\":\"WebSite\",\"@id\":\"https:\\\/\\\/www.cernit-world.com\\\/es\\\/#website\",\"url\":\"https:\\\/\\\/www.cernit-world.com\\\/es\\\/\",\"name\":\"Cernit\",\"description\":\"Une qualit\u00e9 haut de gamme pour des cr\u00e9ations premiums\",\"publisher\":{\"@id\":\"https:\\\/\\\/www.cernit-world.com\\\/es\\\/#organization\"},\"potentialAction\":[{\"@type\":\"SearchAction\",\"target\":{\"@type\":\"EntryPoint\",\"urlTemplate\":\"https:\\\/\\\/www.cernit-world.com\\\/es\\\/?s={search_term_string}\"},\"query-input\":{\"@type\":\"PropertyValueSpecification\",\"valueRequired\":true,\"valueName\":\"search_term_string\"}}],\"inLanguage\":\"es\"},{\"@type\":\"Organization\",\"@id\":\"https:\\\/\\\/www.cernit-world.com\\\/es\\\/#organization\",\"name\":\"Cernit\",\"url\":\"https:\\\/\\\/www.cernit-world.com\\\/es\\\/\",\"logo\":{\"@type\":\"ImageObject\",\"inLanguage\":\"es\",\"@id\":\"https:\\\/\\\/www.cernit-world.com\\\/es\\\/#\\\/schema\\\/logo\\\/image\\\/\",\"url\":\"https:\\\/\\\/www.cernit-world.com\\\/wp-inside\\\/uploads\\\/2023\\\/07\\\/cernit-opengraph.jpg\",\"contentUrl\":\"https:\\\/\\\/www.cernit-world.com\\\/wp-inside\\\/uploads\\\/2023\\\/07\\\/cernit-opengraph.jpg\",\"width\":1200,\"height\":630,\"caption\":\"Cernit\"},\"image\":{\"@id\":\"https:\\\/\\\/www.cernit-world.com\\\/es\\\/#\\\/schema\\\/logo\\\/image\\\/\"},\"sameAs\":[\"https:\\\/\\\/www.facebook.com\\\/groups\\\/cernitconnectspeople\\\/?locale=fr_FR\"]}]}<\/script>\n<!-- \/ Yoast SEO plugin. -->","yoast_head_json":{"title":"Arcilla polim\u00e9rica Cernit - verde lim\u00f3n Translucent 56g | Cernit","robots":{"index":"index","follow":"follow","max-snippet":"max-snippet:-1","max-image-preview":"max-image-preview:large","max-video-preview":"max-video-preview:-1"},"canonical":"https:\/\/www.cernit-world.com\/es\/producto\/arcilla-polimerica-cernit-verde-limon-translucent-56g\/","og_locale":"es_ES","og_type":"article","og_title":"Arcilla polim\u00e9rica Cernit - verde lim\u00f3n Translucent 56g | Cernit","og_description":"Arcilla polim\u00e9rica para Hornear. Hornear la masa entre 110\u00b0C y 130\u00b0C en un horno convencional durante 30 minutos como m\u00e1ximo. Sin olor al cocer. No se agrieta.","og_url":"https:\/\/www.cernit-world.com\/es\/producto\/arcilla-polimerica-cernit-verde-limon-translucent-56g\/","og_site_name":"Cernit","article_publisher":"https:\/\/www.facebook.com\/groups\/cernitconnectspeople\/?locale=fr_FR","article_modified_time":"2023-09-01T13:36:14+00:00","og_image":[{"width":2000,"height":1333,"url":"https:\/\/www.cernit-world.com\/wp-inside\/uploads\/2023\/09\/ce0920056605c_cot.jpg","type":"image\/jpeg"}],"twitter_card":"summary_large_image","twitter_misc":{"Tiempo de lectura":"1 minuto"},"schema":{"@context":"https:\/\/schema.org","@graph":[{"@type":"WebPage","@id":"https:\/\/www.cernit-world.com\/es\/producto\/arcilla-polimerica-cernit-verde-limon-translucent-56g\/","url":"https:\/\/www.cernit-world.com\/es\/producto\/arcilla-polimerica-cernit-verde-limon-translucent-56g\/","name":"Arcilla polim\u00e9rica Cernit - verde lim\u00f3n Translucent 56g","isPartOf":{"@id":"https:\/\/www.cernit-world.com\/es\/#website"},"primaryImageOfPage":{"@id":"https:\/\/www.cernit-world.com\/es\/producto\/arcilla-polimerica-cernit-verde-limon-translucent-56g\/#primaryimage"},"image":{"@id":"https:\/\/www.cernit-world.com\/es\/producto\/arcilla-polimerica-cernit-verde-limon-translucent-56g\/#primaryimage"},"thumbnailUrl":"https:\/\/www.cernit-world.com\/wp-inside\/uploads\/2023\/07\/1500x1500-md-ce0920056605c_cot.jpg","datePublished":"2023-07-04T11:42:57+00:00","dateModified":"2023-09-01T13:36:14+00:00","breadcrumb":{"@id":"https:\/\/www.cernit-world.com\/es\/producto\/arcilla-polimerica-cernit-verde-limon-translucent-56g\/#breadcrumb"},"inLanguage":"es","potentialAction":[{"@type":"ReadAction","target":["https:\/\/www.cernit-world.com\/es\/producto\/arcilla-polimerica-cernit-verde-limon-translucent-56g\/"]}]},{"@type":"ImageObject","inLanguage":"es","@id":"https:\/\/www.cernit-world.com\/es\/producto\/arcilla-polimerica-cernit-verde-limon-translucent-56g\/#primaryimage","url":"https:\/\/www.cernit-world.com\/wp-inside\/uploads\/2023\/07\/1500x1500-md-ce0920056605c_cot.jpg","contentUrl":"https:\/\/www.cernit-world.com\/wp-inside\/uploads\/2023\/07\/1500x1500-md-ce0920056605c_cot.jpg","width":1500,"height":1500,"caption":"P\u00e2te Polym\u00e8re Cernit \u2013 vert citron Translucent 56g"},{"@type":"BreadcrumbList","@id":"https:\/\/www.cernit-world.com\/es\/producto\/arcilla-polimerica-cernit-verde-limon-translucent-56g\/#breadcrumb","itemListElement":[{"@type":"ListItem","position":1,"name":"Inicio","item":"https:\/\/www.cernit-world.com\/es\/"},{"@type":"ListItem","position":2,"name":"Tienda","item":"https:\/\/www.cernit-world.com\/es\/tienda\/"},{"@type":"ListItem","position":3,"name":"Pasta polim\u00e9rica","item":"https:\/\/www.cernit-world.com\/es\/categoria-productos\/pasta-polimerica\/"},{"@type":"ListItem","position":4,"name":"Gama","item":"https:\/\/www.cernit-world.com\/es\/categoria-productos\/pasta-polimerica\/gama\/"},{"@type":"ListItem","position":5,"name":"Gama Translucent","item":"https:\/\/www.cernit-world.com\/es\/categoria-productos\/pasta-polimerica\/gama\/gama-translucent\/"},{"@type":"ListItem","position":6,"name":"Arcilla polim\u00e9rica Cernit &#8211; verde lim\u00f3n Translucent 56g"}]},{"@type":"WebSite","@id":"https:\/\/www.cernit-world.com\/es\/#website","url":"https:\/\/www.cernit-world.com\/es\/","name":"Cernit","description":"Une qualit\u00e9 haut de gamme pour des cr\u00e9ations premiums","publisher":{"@id":"https:\/\/www.cernit-world.com\/es\/#organization"},"potentialAction":[{"@type":"SearchAction","target":{"@type":"EntryPoint","urlTemplate":"https:\/\/www.cernit-world.com\/es\/?s={search_term_string}"},"query-input":{"@type":"PropertyValueSpecification","valueRequired":true,"valueName":"search_term_string"}}],"inLanguage":"es"},{"@type":"Organization","@id":"https:\/\/www.cernit-world.com\/es\/#organization","name":"Cernit","url":"https:\/\/www.cernit-world.com\/es\/","logo":{"@type":"ImageObject","inLanguage":"es","@id":"https:\/\/www.cernit-world.com\/es\/#\/schema\/logo\/image\/","url":"https:\/\/www.cernit-world.com\/wp-inside\/uploads\/2023\/07\/cernit-opengraph.jpg","contentUrl":"https:\/\/www.cernit-world.com\/wp-inside\/uploads\/2023\/07\/cernit-opengraph.jpg","width":1200,"height":630,"caption":"Cernit"},"image":{"@id":"https:\/\/www.cernit-world.com\/es\/#\/schema\/logo\/image\/"},"sameAs":["https:\/\/www.facebook.com\/groups\/cernitconnectspeople\/?locale=fr_FR"]}]}},"_links":{"self":[{"href":"https:\/\/www.cernit-world.com\/es\/wp-json\/wp\/v2\/product\/15504","targetHints":{"allow":["GET"]}}],"collection":[{"href":"https:\/\/www.cernit-world.com\/es\/wp-json\/wp\/v2\/product"}],"about":[{"href":"https:\/\/www.cernit-world.com\/es\/wp-json\/wp\/v2\/types\/product"}],"wp:featuredmedia":[{"embeddable":true,"href":"https:\/\/www.cernit-world.com\/es\/wp-json\/wp\/v2\/media\/25902"}],"wp:attachment":[{"href":"https:\/\/www.cernit-world.com\/es\/wp-json\/wp\/v2\/media?parent=15504"}],"wp:term":[{"taxonomy":"product_brand","embeddable":true,"href":"https:\/\/www.cernit-world.com\/es\/wp-json\/wp\/v2\/product_brand?post=15504"},{"taxonomy":"product_cat","embeddable":true,"href":"https:\/\/www.cernit-world.com\/es\/wp-json\/wp\/v2\/product_cat?post=15504"},{"taxonomy":"product_tag","embeddable":true,"href":"https:\/\/www.cernit-world.com\/es\/wp-json\/wp\/v2\/product_tag?post=15504"}],"curies":[{"name":"wp","href":"https:\/\/api.w.org\/{rel}","templated":true}]}}