{"id":7670,"date":"2023-05-09T09:36:04","date_gmt":"2023-05-09T07:36:04","guid":{"rendered":"https:\/\/www.cernit-world.com\/mentions-legales\/"},"modified":"2023-12-14T16:57:28","modified_gmt":"2023-12-14T15:57:28","slug":"informacion-juridica","status":"publish","type":"page","link":"https:\/\/www.cernit-world.com\/es\/informacion-juridica\/","title":{"rendered":"Informaci\u00f3n jur\u00eddica"},"content":{"rendered":"<div class=\"wp-post-content\"><!-- zone:zn_pagebanner [0] --><br \/>\n\t\t<!-- \/zone:zn_pagebanner [0] --><br \/>\n<!-- zone:zn_text [1] --><\/p>\n<h2>Acerca del sitio web<\/h2>\n<p>Est\u00e1 usted conectado a la p\u00e1gina web <strong>www.cernit-world.com<\/strong>.<br \/>\nCLAIREFONTAINE-RHODIA pone a disposici\u00f3n del p\u00fablico todos los datos e informaciones que figuran en el sitio <strong>www.cernit-world.com<\/strong>.<br \/>\nAl consultar el sitio <strong>www.cernit-world.com<\/strong>, usted acepta los t\u00e9rminos y condiciones contenidos en este aviso.<\/p>\n<h2>Editor<\/h2>\n<p><strong>CLAIREFONTAINE-RHODIA<\/strong><br \/>\nSAS con capital de 22.500.000,00 euros<br \/>\nDomicilio social: RD 52 &#8211; 68490 Ottmarsheim &#8211; Francia<br \/>\nTel: +33 (0)3 89 83 37 50<br \/>\nRCS Mulhouse B 339 956 781<br \/>\nN\u00daMERO DE IVA: FR 36 339 956 781<\/p>\n<p><strong>Responsable de la publicaci\u00f3n:<\/strong> Rhyzl\u00e8ne Nusse<\/p>\n<h2>Alojamiento<\/h2>\n<p><strong>Telmat Industrie<\/strong><br \/>\nRCS Colmar B 412 369 423<br \/>\nN\u00daMERO DE IVA: FR 60 412 369 423<br \/>\nSede social: 6 rue de l&#8217;Industrie &#8211; 68360 Soultz-Haut-Rhin &#8211; Francia<\/p>\n<h2>Dise\u00f1o del sitio y referencias<\/h2>\n<p><strong>Premi\u00e8re Place<\/strong><br \/>\nSAS con un capital de 4.860,00 euros<br \/>\nEncabezado oficina: 30 rue Fran\u00e7ois Spoerry \u2013 68100 Mulhouse \u2013 France<br \/>\nTel.: <a class=\"pp-phone-link\" href=\"tel:+33389607161\" title=\"Premi\u00e8re Place\">+33 (0)3 89 60 71 61<\/a><br \/>\ncontact@premiere.place<br \/>\nRCS Mulhouse 489 995 985<br \/>\nN\u00b0 TVA : FR 12 489 995 985<br \/>\n<a class=\"pp-website-link\" href=\"https:\/\/www.premiere.place\" title=\"Premi\u00e8re Place | Agencia web y de e-Marketing en Mulhouse (Francia)\" target=\"_blank\" rel=\"noopener\">www.premiere.place<\/a>\n<\/p>\n<h2>Protecci\u00f3n de datos personales<\/h2>\n<p>CLAIREFONTAINE-RHODIA concede especial importancia al derecho a la intimidad de los internautas y se compromete a proteger sus datos personales de conformidad con la legislaci\u00f3n francesa y europea vigente. No se solicita ning\u00fan dato personal a los visitantes para permitirles consultar el sitio web <strong>www.cernit-world.com<\/strong>.<\/p>\n<p>Cada formulario del sitio limita la recogida de datos personales a lo estrictamente necesario e indica sistem\u00e1ticamente:<\/p>\n<ul>\n<li>los fines para los que se recogen los datos personales<\/li>\n<li>el car\u00e1cter obligatorio o facultativo de los datos<\/li>\n<li>el destinatario o destinatarios de los datos recogidos<\/li>\n<li>la duraci\u00f3n de la conservaci\u00f3n de los datos recogidos<\/li>\n<li>sus derechos en materia de protecci\u00f3n de datos y c\u00f3mo ejercerlos<\/li>\n<\/ul>\n<p>En cada formulario del sitio web <strong>www.cernit-world.com<\/strong>, una o varias casillas de verificaci\u00f3n le permiten dar su consentimiento expl\u00edcito a la recogida y al tratamiento de los datos personales solicitados. Esto permite a CLAIREFONTAINE-RHODIA asegurarse de que los datos personales que se le transmiten pueden utilizarse efectivamente para el fin o los fines expl\u00edcitamente indicados en el formulario y aceptados por el internauta. Cada casilla marcada corresponde a una finalidad particular del tratamiento de datos personales y servir\u00e1 de prueba legal del consentimiento del internauta.<\/p>\n<p>CLAIREFONTAINE-RHODIA no podr\u00e1 en ning\u00fan caso utilizar estos datos personales para fines distintos de los expl\u00edcitamente indicados en el formulario y aceptados por el internauta. Del mismo modo, estos datos personales no podr\u00e1n ser transmitidos o transferidos a terceros sin que se mencione expl\u00edcitamente esta posibilidad en el formulario.<\/p>\n<p>De conformidad con el Reglamento General de Protecci\u00f3n de Datos de 27 de abril de 2016 y la Ley francesa de Protecci\u00f3n de Datos modificada de 6 de enero de 1978, tiene derecho a acceder, rectificar y oponerse, por motivos leg\u00edtimos, a cualquier dato que le concierna. Para ejercer este derecho, puede ponerse en contacto con CLAIREFONTAINE-RHODIA a trav\u00e9s del <strong><a href=\"https:\/\/www.cernit-world.com\/es\/contacto\/\">formulario de contacto<\/a><\/strong> del sitio web, o por correo postal a la siguiente direcci\u00f3n:<\/p>\n<p>CLAIREFONTAINE-RHODIA<br \/>\nRD 52<br \/>\n68490 Ottmarsheim &#8211; Francia<\/p>\n<p>Los datos personales recogidos en el sitio <strong>www.cernit-world.com<\/strong> se tratan mediante protocolos seguros que limitan considerablemente los riesgos de interceptaci\u00f3n o recuperaci\u00f3n por parte de terceros. No obstante, le rogamos que tenga cuidado de no divulgar informaci\u00f3n personal innecesaria o sensible al utilizar nuestros formularios. Si desea enviarnos este tipo de informaci\u00f3n, h\u00e1galo por correo postal.<\/p>\n<p>Cualquier reclamaci\u00f3n relativa a la utilizaci\u00f3n de sus datos personales deber\u00e1 dirigirse a la CNIL, <strong><a href=\"https:\/\/www.cnil.fr\" target=\"_blank\" rel=\"noopener\">www.cnil.fr<\/a><\/strong> o 3 place de Fontenoy TSA 80715 75334 Paris cedex 07.<\/p>\n<h2>Cookies<\/h2>\n<p>El sitio web <strong>www.cernit-world.com<\/strong> utiliza cookies. Se trata de peque\u00f1os archivos que se descargan en su ordenador y que permiten que el sitio funcione sin problemas y de forma segura (cookies de sesi\u00f3n y de seguridad) y que registran informaci\u00f3n sobre el modo en que nuestros visitantes consultan nuestro sitio (cookies de seguimiento). Esto nos permite, por ejemplo, saber qu\u00e9 p\u00e1ginas consultan m\u00e1s nuestros visitantes y cu\u00e1nto tiempo pasan en nuestro sitio.<\/p>\n<p>Mediante la configuraci\u00f3n de su navegador, puede desactivar las cookies o recibir una alerta cuando se vayan a descargar cookies en su ordenador. Sin embargo, desactivar todas las cookies podr\u00eda impedirle utilizar correctamente todas las funciones de este sitio. Por ello, le damos la opci\u00f3n de desactivar \u00fanicamente las cookies de seguimiento, lo que no obstaculizar\u00e1 su navegaci\u00f3n (v\u00e9ase m\u00e1s adelante \u00abConfiguraci\u00f3n de las cookies\u00bb).<\/p>\n<h3>Google Analytics<\/h3>\n<p>Este sitio web utiliza el servicio de an\u00e1lisis web Google Analytics. Esto nos permite analizar c\u00f3mo los usuarios utilizan nuestro sitio web con el fin de ofrecerles una mejor experiencia de navegaci\u00f3n. Para ello, Google Analytics utiliza cookies de seguimiento para seguir la trayectoria de un internauta en el sitio. Estas cookies se almacenan durante 13 meses.<\/p>\n<p>Hemos activado la anonimizaci\u00f3n de direcciones IP para este sitio. Esto significa que las direcciones IP recogidas por Google Analytics se acortan sistem\u00e1ticamente para que sea imposible identificar a los internautas. En casos excepcionales, la direcci\u00f3n IP completa puede transferirse a un servidor de Google situado en Estados Unidos, donde se acorta inmediatamente. Google utilizar\u00e1 la informaci\u00f3n recopilada a trav\u00e9s de las cookies en nombre de CLAIREFONTAINE-RHODIA con el fin de analizar el comportamiento de los usuarios y proporcionar informes sobre la actividad del sitio web.<\/p>\n<p>Google pone a disposici\u00f3n de los usuarios un complemento del navegador que les permite impedir la recopilaci\u00f3n de datos relativos a su navegaci\u00f3n en los sitios web que utilizan Google Analytics.<br \/>\nEste complemento est\u00e1 disponible en la siguiente direcci\u00f3n: <strong><a href=\"https:\/\/tools.google.com\/dlpage\/gaoptout?hl=fr\" target=\"_blank\" rel=\"noopener\">tools.google.com\/dlpage\/gaoptout<\/a><\/strong><\/p>\n<h3>Google Remarketing<\/h3>\n<p>Este sitio puede utilizar el servicio Google Remarketing, que nos permite ofrecer a los usuarios de Internet publicidad dirigida basada en los sitios visitados de la red publicitaria de Google. En particular, esto nos permite utilizar sus datos de navegaci\u00f3n en este sitio para ofrecerle anuncios orientados cuando visite otros sitios de la red de Google. Puede desactivar esta funcionalidad a trav\u00e9s del siguiente enlace: adssettings.google.com: <strong><a href=\"https:\/\/adssettings.google.com\/\" target=\"_blank\" rel=\"noopener\">adssettings.google.com<\/a><\/strong><\/p>\n<p>Si tiene una cuenta de Google y ha iniciado sesi\u00f3n en ella cuando visita nuestro sitio, y si ha dado permiso a Google para vincular su historial de navegaci\u00f3n a su cuenta de Google y utilizar dicho historial para personalizar anuncios, Google vincular\u00e1 los datos de navegaci\u00f3n recopilados a trav\u00e9s de Google Analytics a su cuenta de Google. Si utiliza su cuenta de Google en varios dispositivos, es posible que nuestros anuncios aparezcan en esos otros dispositivos. Aunque Google recopila en este sitio web datos vinculados al uso de cuentas de Google, CLAIREFONTAINE-RHODIA no puede deducir en modo alguno la identidad de los usuarios de cuentas de Google que consultan el sitio web.<\/p>\n<p>Para obtener m\u00e1s informaci\u00f3n sobre el modo en que Google recopila y utiliza estos datos, consulte la pol\u00edtica de privacidad de Google: <strong><a href=\"https:\/\/policies.google.com\/privacy\" target=\"_blank\" rel=\"noopener\">policies.google.com\/privacy<\/a><\/strong><\/p>\n<h3>Configuraci\u00f3n de cookies<\/h3>\n<p>Puede cambiar la configuraci\u00f3n de cookies para este sitio aqu\u00ed:<\/p>\n<p><a class=\"skpcc-open-settings skpcc-link button\" href=\"#\" title=\"\" data-cc=\"show-preferencesModal\">Configuraci\u00f3n de cookies<\/a><\/p>\n<p>Para m\u00e1s informaci\u00f3n sobre las cookies y c\u00f3mo gestionarlas, le recomendamos que visite <strong><a href=\"https:\/\/www.youronlinechoices.com\/fr\/\" target=\"_blank\" rel=\"noopener\">www.youronlinechoices.com<\/a><\/strong>, desarrollado por EDAA (European Interactive Digital Advertising Alliance).<\/p>\n<h2>Derechos de propiedad intelectual<\/h2>\n<p>Todo este sitio est\u00e1 cubierto por la legislaci\u00f3n francesa e internacional sobre derechos de autor y propiedad intelectual. Quedan reservados todos los derechos de reproducci\u00f3n, incluidos los documentos descargables, las representaciones iconogr\u00e1ficas y fotogr\u00e1ficas y las secuencias animadas.<\/p>\n<p>Cualquier reproducci\u00f3n o representaci\u00f3n, total o parcial, por cualquier medio, del contenido de la p\u00e1gina web <strong>www.cernit-world.com<\/strong>, realizada sin la autorizaci\u00f3n expresa de CLAIREFONTAINE-RHODIA es ilegal y constituye una infracci\u00f3n.<\/p>\n<p>Cualquier uso de la informaci\u00f3n del sitio <strong>www.cernit-world.com<\/strong> debe mencionar la fuente de la informaci\u00f3n. La direcci\u00f3n de Internet del sitio <strong>www.cernit-world.com<\/strong> debe figurar en la referencia.<\/p>\n<p>Las marcas mencionadas en este sitio est\u00e1n registradas por las empresas propietarias de las mismas.<\/p>\n<h2>Responsabilidad<\/h2>\n<p>CLAIREFONTAINE-RHODIA no se hace responsable del contenido y el entorno de los sitios externos a los que el sitio <strong>www.cernit-world.com<\/strong> pueda remitir (en particular, a trav\u00e9s de enlaces de hipertexto).<\/p>\n<p>Se autoriza la creaci\u00f3n de enlaces de hipertexto por parte de terceros hacia p\u00e1ginas o documentos del sitio <strong>www.cernit-world.com<\/strong> siempre que los enlaces no contravengan los intereses de CLAIREFONTAINE-RHODIA y que garanticen al usuario la posibilidad de identificar el origen y el autor del documento.<\/p>\n<p>CLAIREFONTAINE-RHODIA no podr\u00e1 ser considerada responsable en ning\u00fan caso del contenido de la informaci\u00f3n que aparece en este sitio ni de las consecuencias que puedan derivarse de su uso o interpretaci\u00f3n.<\/p>\n<p>La consulta del sitio <strong>www.cernit-world.com<\/strong> presupone que el internauta acepta los t\u00e9rminos y condiciones especificados anteriormente.<\/p>\n<p>\t\t\t<!-- \/zone:zn_text [1] -->\n<\/div>\n","protected":false},"excerpt":{"rendered":"<p>Acerca del sitio web Est\u00e1 usted conectado a la p\u00e1gina web www.cernit-world.com. CLAIREFONTAINE-RHODIA pone a disposici\u00f3n del p\u00fablico todos los datos e informaciones que figuran en el sitio www.cernit-world.com. Al [&hellip;]<\/p>\n","protected":false},"author":4,"featured_media":0,"parent":0,"menu_order":90,"comment_status":"closed","ping_status":"closed","template":"","meta":{"_acf_changed":false,"footnotes":""},"class_list":["post-7670","page","type-page","status-publish","hentry","wp-sticky","summaryproductshop"],"acf":[],"yoast_head":"<!-- This site is optimized with the Yoast SEO plugin v27.5 - https:\/\/yoast.com\/product\/yoast-seo-wordpress\/ -->\n<title>Informaci\u00f3n jur\u00eddica | Cernit<\/title>\n<meta name=\"robots\" content=\"index, follow, max-snippet:-1, max-image-preview:large, max-video-preview:-1\" \/>\n<link rel=\"canonical\" href=\"https:\/\/www.cernit-world.com\/es\/informacion-juridica\/\" \/>\n<meta property=\"og:locale\" content=\"es_ES\" \/>\n<meta property=\"og:type\" content=\"article\" \/>\n<meta property=\"og:title\" content=\"Informaci\u00f3n jur\u00eddica | Cernit\" \/>\n<meta property=\"og:description\" content=\"Acerca del sitio web Est\u00e1 usted conectado a la p\u00e1gina web www.cernit-world.com. CLAIREFONTAINE-RHODIA pone a disposici\u00f3n del p\u00fablico todos los datos e informaciones que figuran en el sitio www.cernit-world.com. Al [&hellip;]\" \/>\n<meta property=\"og:url\" content=\"https:\/\/www.cernit-world.com\/es\/informacion-juridica\/\" \/>\n<meta property=\"og:site_name\" content=\"Cernit\" \/>\n<meta property=\"article:publisher\" content=\"https:\/\/www.facebook.com\/groups\/cernitconnectspeople\/?locale=fr_FR\" \/>\n<meta property=\"article:modified_time\" content=\"2023-12-14T15:57:28+00:00\" \/>\n<meta property=\"og:image\" content=\"https:\/\/www.cernit-world.com\/wp-inside\/uploads\/2023\/06\/cernit_logo.jpg\" \/>\n\t<meta property=\"og:image:width\" content=\"1772\" \/>\n\t<meta property=\"og:image:height\" content=\"709\" \/>\n\t<meta property=\"og:image:type\" content=\"image\/jpeg\" \/>\n<meta name=\"twitter:card\" content=\"summary_large_image\" \/>\n<script type=\"application\/ld+json\" class=\"yoast-schema-graph\">{\"@context\":\"https:\\\/\\\/schema.org\",\"@graph\":[{\"@type\":\"WebPage\",\"@id\":\"https:\\\/\\\/www.cernit-world.com\\\/es\\\/informacion-juridica\\\/\",\"url\":\"https:\\\/\\\/www.cernit-world.com\\\/es\\\/informacion-juridica\\\/\",\"name\":\"Informaci\u00f3n jur\u00eddica\",\"isPartOf\":{\"@id\":\"https:\\\/\\\/www.cernit-world.com\\\/es\\\/#website\"},\"datePublished\":\"2023-05-09T07:36:04+00:00\",\"dateModified\":\"2023-12-14T15:57:28+00:00\",\"breadcrumb\":{\"@id\":\"https:\\\/\\\/www.cernit-world.com\\\/es\\\/informacion-juridica\\\/#breadcrumb\"},\"inLanguage\":\"es\",\"potentialAction\":[{\"@type\":\"ReadAction\",\"target\":[\"https:\\\/\\\/www.cernit-world.com\\\/es\\\/informacion-juridica\\\/\"]}]},{\"@type\":\"BreadcrumbList\",\"@id\":\"https:\\\/\\\/www.cernit-world.com\\\/es\\\/informacion-juridica\\\/#breadcrumb\",\"itemListElement\":[{\"@type\":\"ListItem\",\"position\":1,\"name\":\"Inicio\",\"item\":\"https:\\\/\\\/www.cernit-world.com\\\/es\\\/\"},{\"@type\":\"ListItem\",\"position\":2,\"name\":\"Informaci\u00f3n jur\u00eddica\"}]},{\"@type\":\"WebSite\",\"@id\":\"https:\\\/\\\/www.cernit-world.com\\\/es\\\/#website\",\"url\":\"https:\\\/\\\/www.cernit-world.com\\\/es\\\/\",\"name\":\"Cernit\",\"description\":\"Une qualit\u00e9 haut de gamme pour des cr\u00e9ations premiums\",\"publisher\":{\"@id\":\"https:\\\/\\\/www.cernit-world.com\\\/es\\\/#organization\"},\"potentialAction\":[{\"@type\":\"SearchAction\",\"target\":{\"@type\":\"EntryPoint\",\"urlTemplate\":\"https:\\\/\\\/www.cernit-world.com\\\/es\\\/?s={search_term_string}\"},\"query-input\":{\"@type\":\"PropertyValueSpecification\",\"valueRequired\":true,\"valueName\":\"search_term_string\"}}],\"inLanguage\":\"es\"},{\"@type\":\"Organization\",\"@id\":\"https:\\\/\\\/www.cernit-world.com\\\/es\\\/#organization\",\"name\":\"Cernit\",\"url\":\"https:\\\/\\\/www.cernit-world.com\\\/es\\\/\",\"logo\":{\"@type\":\"ImageObject\",\"inLanguage\":\"es\",\"@id\":\"https:\\\/\\\/www.cernit-world.com\\\/es\\\/#\\\/schema\\\/logo\\\/image\\\/\",\"url\":\"https:\\\/\\\/www.cernit-world.com\\\/wp-inside\\\/uploads\\\/2023\\\/07\\\/cernit-opengraph.jpg\",\"contentUrl\":\"https:\\\/\\\/www.cernit-world.com\\\/wp-inside\\\/uploads\\\/2023\\\/07\\\/cernit-opengraph.jpg\",\"width\":1200,\"height\":630,\"caption\":\"Cernit\"},\"image\":{\"@id\":\"https:\\\/\\\/www.cernit-world.com\\\/es\\\/#\\\/schema\\\/logo\\\/image\\\/\"},\"sameAs\":[\"https:\\\/\\\/www.facebook.com\\\/groups\\\/cernitconnectspeople\\\/?locale=fr_FR\"]}]}<\/script>\n<!-- \/ Yoast SEO plugin. -->","yoast_head_json":{"title":"Informaci\u00f3n jur\u00eddica | Cernit","robots":{"index":"index","follow":"follow","max-snippet":"max-snippet:-1","max-image-preview":"max-image-preview:large","max-video-preview":"max-video-preview:-1"},"canonical":"https:\/\/www.cernit-world.com\/es\/informacion-juridica\/","og_locale":"es_ES","og_type":"article","og_title":"Informaci\u00f3n jur\u00eddica | Cernit","og_description":"Acerca del sitio web Est\u00e1 usted conectado a la p\u00e1gina web www.cernit-world.com. CLAIREFONTAINE-RHODIA pone a disposici\u00f3n del p\u00fablico todos los datos e informaciones que figuran en el sitio www.cernit-world.com. Al [&hellip;]","og_url":"https:\/\/www.cernit-world.com\/es\/informacion-juridica\/","og_site_name":"Cernit","article_publisher":"https:\/\/www.facebook.com\/groups\/cernitconnectspeople\/?locale=fr_FR","article_modified_time":"2023-12-14T15:57:28+00:00","og_image":[{"width":1772,"height":709,"url":"https:\/\/www.cernit-world.com\/wp-inside\/uploads\/2023\/06\/cernit_logo.jpg","type":"image\/jpeg"}],"twitter_card":"summary_large_image","schema":{"@context":"https:\/\/schema.org","@graph":[{"@type":"WebPage","@id":"https:\/\/www.cernit-world.com\/es\/informacion-juridica\/","url":"https:\/\/www.cernit-world.com\/es\/informacion-juridica\/","name":"Informaci\u00f3n jur\u00eddica","isPartOf":{"@id":"https:\/\/www.cernit-world.com\/es\/#website"},"datePublished":"2023-05-09T07:36:04+00:00","dateModified":"2023-12-14T15:57:28+00:00","breadcrumb":{"@id":"https:\/\/www.cernit-world.com\/es\/informacion-juridica\/#breadcrumb"},"inLanguage":"es","potentialAction":[{"@type":"ReadAction","target":["https:\/\/www.cernit-world.com\/es\/informacion-juridica\/"]}]},{"@type":"BreadcrumbList","@id":"https:\/\/www.cernit-world.com\/es\/informacion-juridica\/#breadcrumb","itemListElement":[{"@type":"ListItem","position":1,"name":"Inicio","item":"https:\/\/www.cernit-world.com\/es\/"},{"@type":"ListItem","position":2,"name":"Informaci\u00f3n jur\u00eddica"}]},{"@type":"WebSite","@id":"https:\/\/www.cernit-world.com\/es\/#website","url":"https:\/\/www.cernit-world.com\/es\/","name":"Cernit","description":"Une qualit\u00e9 haut de gamme pour des cr\u00e9ations premiums","publisher":{"@id":"https:\/\/www.cernit-world.com\/es\/#organization"},"potentialAction":[{"@type":"SearchAction","target":{"@type":"EntryPoint","urlTemplate":"https:\/\/www.cernit-world.com\/es\/?s={search_term_string}"},"query-input":{"@type":"PropertyValueSpecification","valueRequired":true,"valueName":"search_term_string"}}],"inLanguage":"es"},{"@type":"Organization","@id":"https:\/\/www.cernit-world.com\/es\/#organization","name":"Cernit","url":"https:\/\/www.cernit-world.com\/es\/","logo":{"@type":"ImageObject","inLanguage":"es","@id":"https:\/\/www.cernit-world.com\/es\/#\/schema\/logo\/image\/","url":"https:\/\/www.cernit-world.com\/wp-inside\/uploads\/2023\/07\/cernit-opengraph.jpg","contentUrl":"https:\/\/www.cernit-world.com\/wp-inside\/uploads\/2023\/07\/cernit-opengraph.jpg","width":1200,"height":630,"caption":"Cernit"},"image":{"@id":"https:\/\/www.cernit-world.com\/es\/#\/schema\/logo\/image\/"},"sameAs":["https:\/\/www.facebook.com\/groups\/cernitconnectspeople\/?locale=fr_FR"]}]}},"_links":{"self":[{"href":"https:\/\/www.cernit-world.com\/es\/wp-json\/wp\/v2\/pages\/7670","targetHints":{"allow":["GET"]}}],"collection":[{"href":"https:\/\/www.cernit-world.com\/es\/wp-json\/wp\/v2\/pages"}],"about":[{"href":"https:\/\/www.cernit-world.com\/es\/wp-json\/wp\/v2\/types\/page"}],"author":[{"embeddable":true,"href":"https:\/\/www.cernit-world.com\/es\/wp-json\/wp\/v2\/users\/4"}],"replies":[{"embeddable":true,"href":"https:\/\/www.cernit-world.com\/es\/wp-json\/wp\/v2\/comments?post=7670"}],"version-history":[{"count":4,"href":"https:\/\/www.cernit-world.com\/es\/wp-json\/wp\/v2\/pages\/7670\/revisions"}],"predecessor-version":[{"id":22251,"href":"https:\/\/www.cernit-world.com\/es\/wp-json\/wp\/v2\/pages\/7670\/revisions\/22251"}],"wp:attachment":[{"href":"https:\/\/www.cernit-world.com\/es\/wp-json\/wp\/v2\/media?parent=7670"}],"curies":[{"name":"wp","href":"https:\/\/api.w.org\/{rel}","templated":true}]}}