{"id":7667,"date":"2023-06-20T14:20:16","date_gmt":"2023-06-20T12:20:16","guid":{"rendered":"https:\/\/www.cernit-world.com\/a-propos\/notre-histoire\/"},"modified":"2023-08-03T17:29:55","modified_gmt":"2023-08-03T15:29:55","slug":"nuestra-historia","status":"publish","type":"page","link":"https:\/\/www.cernit-world.com\/es\/acerca-de\/nuestra-historia\/","title":{"rendered":"Nuestra Historia"},"content":{"rendered":"<div class=\"wp-post-content\"><!-- zone:zn_pagebanner [0] --><br \/>\n\t\t<!-- \/zone:zn_pagebanner [0] --><br \/>\n<!-- zone:zn_text_img [1] --><\/p>\n<p>\u00c9rase una vez, en los a\u00f1os 1960 cerca de Praga, en la Rep\u00fablica Checa, una joven pareja de cient\u00edficos que trabajaba en el desarrollo de una pasta que se endurec\u00eda al cocerla. Despu\u00e9s de numerosos intentos, lograron crear un material relativamente flexible y maleable al que llamaron Cernit, en referencia al nombre de la esposa que se llamaba Cerna.<\/p>\n<p>Obligados a emigrar a Alemania en 1963, la pareja decidi\u00f3 publicar un anuncio para encontrar un inversor que les ayudara a desarrollar su producto. Manfred Guder vio el anuncio y decidi\u00f3 colaborar con los inventores.<\/p>\n<p>Tiempo despu\u00e9s, la pareja se retir\u00f3 del negocio y el Sr. Guder contrat\u00f3 a un qu\u00edmico que ampli\u00f3 considerablemente la gama de colores de la pasta. En ese momento, la producci\u00f3n se realizaba en su f\u00e1brica en Frankfurt, Alemania. Sin embargo, con el tiempo, las ventas disminuyeron y los resultados no estuvieron a la altura.<\/p>\n<p>Habr\u00eda que esperar hasta 2008 para que la marca fuera adquirida por una empresa belga, The Clay and Paint Factory, que se encarg\u00f3 de dise\u00f1ar y producir nuevos efectos y desarrollar diversos accesorios para la modelaci\u00f3n y fabricaci\u00f3n de joyas, mu\u00f1ecas, miniaturas, etc. Los esfuerzos dieron r\u00e1pidamente sus frutos, especialmente gracias al boca a boca y las redes sociales. La calidad de la pasta fue reconocida y apreciada por todos, lo que permiti\u00f3 que Cernit se abriera camino entre las principales marcas utilizadas por los polimeristas profesionales.<\/p>\n<p>Desde noviembre de 2022, la empresa francesa Clairefontaine Rhodia ha tomado las riendas de la empresa y, por lo tanto, la comercializaci\u00f3n de la marca Cernit.<\/p>\n<p><!-- \/zone:zn_text_img [1] -->\n<\/div>\n","protected":false},"excerpt":{"rendered":"<p>\u00c9rase una vez, en los a\u00f1os 1960 cerca de Praga, en la Rep\u00fablica Checa, una joven pareja de cient\u00edficos que trabajaba en el desarrollo de una pasta que se endurec\u00eda [&hellip;]<\/p>\n","protected":false},"author":4,"featured_media":0,"parent":7665,"menu_order":20,"comment_status":"closed","ping_status":"closed","template":"","meta":{"_acf_changed":false,"footnotes":""},"class_list":["post-7667","page","type-page","status-publish","hentry","wp-sticky","summaryproductshop"],"acf":[],"yoast_head":"<!-- This site is optimized with the Yoast SEO plugin v27.5 - https:\/\/yoast.com\/product\/yoast-seo-wordpress\/ -->\n<title>Nuestra Historia | Cernit<\/title>\n<meta name=\"robots\" content=\"index, follow, max-snippet:-1, max-image-preview:large, max-video-preview:-1\" \/>\n<link rel=\"canonical\" href=\"https:\/\/www.cernit-world.com\/es\/acerca-de\/nuestra-historia\/\" \/>\n<meta property=\"og:locale\" content=\"es_ES\" \/>\n<meta property=\"og:type\" content=\"article\" \/>\n<meta property=\"og:title\" content=\"Nuestra Historia | Cernit\" \/>\n<meta property=\"og:description\" content=\"\u00c9rase una vez, en los a\u00f1os 1960 cerca de Praga, en la Rep\u00fablica Checa, una joven pareja de cient\u00edficos que trabajaba en el desarrollo de una pasta que se endurec\u00eda [&hellip;]\" \/>\n<meta property=\"og:url\" content=\"https:\/\/www.cernit-world.com\/es\/acerca-de\/nuestra-historia\/\" \/>\n<meta property=\"og:site_name\" content=\"Cernit\" \/>\n<meta property=\"article:publisher\" content=\"https:\/\/www.facebook.com\/groups\/cernitconnectspeople\/?locale=fr_FR\" \/>\n<meta property=\"article:modified_time\" content=\"2023-08-03T15:29:55+00:00\" \/>\n<meta property=\"og:image\" content=\"https:\/\/www.cernit-world.com\/wp-inside\/uploads\/2023\/06\/cernit_logo.jpg\" \/>\n\t<meta property=\"og:image:width\" content=\"1772\" \/>\n\t<meta property=\"og:image:height\" content=\"709\" \/>\n\t<meta property=\"og:image:type\" content=\"image\/jpeg\" \/>\n<meta name=\"twitter:card\" content=\"summary_large_image\" \/>\n<script type=\"application\/ld+json\" class=\"yoast-schema-graph\">{\"@context\":\"https:\\\/\\\/schema.org\",\"@graph\":[{\"@type\":\"WebPage\",\"@id\":\"https:\\\/\\\/www.cernit-world.com\\\/es\\\/acerca-de\\\/nuestra-historia\\\/\",\"url\":\"https:\\\/\\\/www.cernit-world.com\\\/es\\\/acerca-de\\\/nuestra-historia\\\/\",\"name\":\"Nuestra Historia\",\"isPartOf\":{\"@id\":\"https:\\\/\\\/www.cernit-world.com\\\/es\\\/#website\"},\"datePublished\":\"2023-06-20T12:20:16+00:00\",\"dateModified\":\"2023-08-03T15:29:55+00:00\",\"breadcrumb\":{\"@id\":\"https:\\\/\\\/www.cernit-world.com\\\/es\\\/acerca-de\\\/nuestra-historia\\\/#breadcrumb\"},\"inLanguage\":\"es\",\"potentialAction\":[{\"@type\":\"ReadAction\",\"target\":[\"https:\\\/\\\/www.cernit-world.com\\\/es\\\/acerca-de\\\/nuestra-historia\\\/\"]}]},{\"@type\":\"BreadcrumbList\",\"@id\":\"https:\\\/\\\/www.cernit-world.com\\\/es\\\/acerca-de\\\/nuestra-historia\\\/#breadcrumb\",\"itemListElement\":[{\"@type\":\"ListItem\",\"position\":1,\"name\":\"Inicio\",\"item\":\"https:\\\/\\\/www.cernit-world.com\\\/es\\\/\"},{\"@type\":\"ListItem\",\"position\":2,\"name\":\"Acerca de\",\"item\":\"https:\\\/\\\/www.cernit-world.com\\\/es\\\/acerca-de\\\/\"},{\"@type\":\"ListItem\",\"position\":3,\"name\":\"Nuestra Historia\"}]},{\"@type\":\"WebSite\",\"@id\":\"https:\\\/\\\/www.cernit-world.com\\\/es\\\/#website\",\"url\":\"https:\\\/\\\/www.cernit-world.com\\\/es\\\/\",\"name\":\"Cernit\",\"description\":\"Une qualit\u00e9 haut de gamme pour des cr\u00e9ations premiums\",\"publisher\":{\"@id\":\"https:\\\/\\\/www.cernit-world.com\\\/es\\\/#organization\"},\"potentialAction\":[{\"@type\":\"SearchAction\",\"target\":{\"@type\":\"EntryPoint\",\"urlTemplate\":\"https:\\\/\\\/www.cernit-world.com\\\/es\\\/?s={search_term_string}\"},\"query-input\":{\"@type\":\"PropertyValueSpecification\",\"valueRequired\":true,\"valueName\":\"search_term_string\"}}],\"inLanguage\":\"es\"},{\"@type\":\"Organization\",\"@id\":\"https:\\\/\\\/www.cernit-world.com\\\/es\\\/#organization\",\"name\":\"Cernit\",\"url\":\"https:\\\/\\\/www.cernit-world.com\\\/es\\\/\",\"logo\":{\"@type\":\"ImageObject\",\"inLanguage\":\"es\",\"@id\":\"https:\\\/\\\/www.cernit-world.com\\\/es\\\/#\\\/schema\\\/logo\\\/image\\\/\",\"url\":\"https:\\\/\\\/www.cernit-world.com\\\/wp-inside\\\/uploads\\\/2023\\\/07\\\/cernit-opengraph.jpg\",\"contentUrl\":\"https:\\\/\\\/www.cernit-world.com\\\/wp-inside\\\/uploads\\\/2023\\\/07\\\/cernit-opengraph.jpg\",\"width\":1200,\"height\":630,\"caption\":\"Cernit\"},\"image\":{\"@id\":\"https:\\\/\\\/www.cernit-world.com\\\/es\\\/#\\\/schema\\\/logo\\\/image\\\/\"},\"sameAs\":[\"https:\\\/\\\/www.facebook.com\\\/groups\\\/cernitconnectspeople\\\/?locale=fr_FR\"]}]}<\/script>\n<!-- \/ Yoast SEO plugin. -->","yoast_head_json":{"title":"Nuestra Historia | Cernit","robots":{"index":"index","follow":"follow","max-snippet":"max-snippet:-1","max-image-preview":"max-image-preview:large","max-video-preview":"max-video-preview:-1"},"canonical":"https:\/\/www.cernit-world.com\/es\/acerca-de\/nuestra-historia\/","og_locale":"es_ES","og_type":"article","og_title":"Nuestra Historia | Cernit","og_description":"\u00c9rase una vez, en los a\u00f1os 1960 cerca de Praga, en la Rep\u00fablica Checa, una joven pareja de cient\u00edficos que trabajaba en el desarrollo de una pasta que se endurec\u00eda [&hellip;]","og_url":"https:\/\/www.cernit-world.com\/es\/acerca-de\/nuestra-historia\/","og_site_name":"Cernit","article_publisher":"https:\/\/www.facebook.com\/groups\/cernitconnectspeople\/?locale=fr_FR","article_modified_time":"2023-08-03T15:29:55+00:00","og_image":[{"width":1772,"height":709,"url":"https:\/\/www.cernit-world.com\/wp-inside\/uploads\/2023\/06\/cernit_logo.jpg","type":"image\/jpeg"}],"twitter_card":"summary_large_image","schema":{"@context":"https:\/\/schema.org","@graph":[{"@type":"WebPage","@id":"https:\/\/www.cernit-world.com\/es\/acerca-de\/nuestra-historia\/","url":"https:\/\/www.cernit-world.com\/es\/acerca-de\/nuestra-historia\/","name":"Nuestra Historia","isPartOf":{"@id":"https:\/\/www.cernit-world.com\/es\/#website"},"datePublished":"2023-06-20T12:20:16+00:00","dateModified":"2023-08-03T15:29:55+00:00","breadcrumb":{"@id":"https:\/\/www.cernit-world.com\/es\/acerca-de\/nuestra-historia\/#breadcrumb"},"inLanguage":"es","potentialAction":[{"@type":"ReadAction","target":["https:\/\/www.cernit-world.com\/es\/acerca-de\/nuestra-historia\/"]}]},{"@type":"BreadcrumbList","@id":"https:\/\/www.cernit-world.com\/es\/acerca-de\/nuestra-historia\/#breadcrumb","itemListElement":[{"@type":"ListItem","position":1,"name":"Inicio","item":"https:\/\/www.cernit-world.com\/es\/"},{"@type":"ListItem","position":2,"name":"Acerca de","item":"https:\/\/www.cernit-world.com\/es\/acerca-de\/"},{"@type":"ListItem","position":3,"name":"Nuestra Historia"}]},{"@type":"WebSite","@id":"https:\/\/www.cernit-world.com\/es\/#website","url":"https:\/\/www.cernit-world.com\/es\/","name":"Cernit","description":"Une qualit\u00e9 haut de gamme pour des cr\u00e9ations premiums","publisher":{"@id":"https:\/\/www.cernit-world.com\/es\/#organization"},"potentialAction":[{"@type":"SearchAction","target":{"@type":"EntryPoint","urlTemplate":"https:\/\/www.cernit-world.com\/es\/?s={search_term_string}"},"query-input":{"@type":"PropertyValueSpecification","valueRequired":true,"valueName":"search_term_string"}}],"inLanguage":"es"},{"@type":"Organization","@id":"https:\/\/www.cernit-world.com\/es\/#organization","name":"Cernit","url":"https:\/\/www.cernit-world.com\/es\/","logo":{"@type":"ImageObject","inLanguage":"es","@id":"https:\/\/www.cernit-world.com\/es\/#\/schema\/logo\/image\/","url":"https:\/\/www.cernit-world.com\/wp-inside\/uploads\/2023\/07\/cernit-opengraph.jpg","contentUrl":"https:\/\/www.cernit-world.com\/wp-inside\/uploads\/2023\/07\/cernit-opengraph.jpg","width":1200,"height":630,"caption":"Cernit"},"image":{"@id":"https:\/\/www.cernit-world.com\/es\/#\/schema\/logo\/image\/"},"sameAs":["https:\/\/www.facebook.com\/groups\/cernitconnectspeople\/?locale=fr_FR"]}]}},"_links":{"self":[{"href":"https:\/\/www.cernit-world.com\/es\/wp-json\/wp\/v2\/pages\/7667","targetHints":{"allow":["GET"]}}],"collection":[{"href":"https:\/\/www.cernit-world.com\/es\/wp-json\/wp\/v2\/pages"}],"about":[{"href":"https:\/\/www.cernit-world.com\/es\/wp-json\/wp\/v2\/types\/page"}],"author":[{"embeddable":true,"href":"https:\/\/www.cernit-world.com\/es\/wp-json\/wp\/v2\/users\/4"}],"replies":[{"embeddable":true,"href":"https:\/\/www.cernit-world.com\/es\/wp-json\/wp\/v2\/comments?post=7667"}],"version-history":[{"count":2,"href":"https:\/\/www.cernit-world.com\/es\/wp-json\/wp\/v2\/pages\/7667\/revisions"}],"predecessor-version":[{"id":7748,"href":"https:\/\/www.cernit-world.com\/es\/wp-json\/wp\/v2\/pages\/7667\/revisions\/7748"}],"up":[{"embeddable":true,"href":"https:\/\/www.cernit-world.com\/es\/wp-json\/wp\/v2\/pages\/7665"}],"wp:attachment":[{"href":"https:\/\/www.cernit-world.com\/es\/wp-json\/wp\/v2\/media?parent=7667"}],"curies":[{"name":"wp","href":"https:\/\/api.w.org\/{rel}","templated":true}]}}