{"id":7665,"date":"2023-05-09T09:21:45","date_gmt":"2023-05-09T07:21:45","guid":{"rendered":"https:\/\/www.cernit-world.com\/a-propos\/"},"modified":"2023-08-03T16:36:06","modified_gmt":"2023-08-03T14:36:06","slug":"acerca-de","status":"publish","type":"page","link":"https:\/\/www.cernit-world.com\/es\/acerca-de\/","title":{"rendered":"Acerca de"},"content":{"rendered":"<div class=\"wp-post-content\"><!-- zone:zn_pagebanner [0] --><br \/>\n\t\t<!-- \/zone:zn_pagebanner [0] --><br \/>\n<!-- zone:zn_text_img [1] --><\/p>\n<h2>Arcilla polim\u00e9rica<\/h2>\n<p>F\u00e1cil de modelar, la arcilla Cernit es una arcilla polim\u00e9rica de alta calidad que satisface todas las necesidades y deseos de los creadores de joyas, miniaturas (culinarias, bot\u00e1nicas, etc.) y artistas que modelan personajes, figurines o decoraciones.<\/p>\n<p>La gama est\u00e1 compuesta por 105 colores que se pueden mezclar para crear tonos personalizados. Las posibilidades son infinitas.<\/p>\n<p>Despu\u00e9s de modelar, la creaci\u00f3n debe hornearse en un horno dom\u00e9stico durante un m\u00e1ximo de 30 minutos a 130\u00b0C (265\u00b0F) para que se vuelva completamente s\u00f3lida y duradera con el tiempo.<\/p>\n<p>Sus propiedades y ventajas son reconocidas por los artistas m\u00e1s talentosos de todo el mundo:<\/p>\n<ul>\n<li>F\u00e1cil y r\u00e1pido de ablandar, nunca se seca<\/li>\n<li>105 colores que no manchan las manos ni las herramientas<\/li>\n<li>Efectos posteriores al horneado que satisfacen todas las necesidades<\/li>\n<li>Sin olor antes, durante y despu\u00e9s del horneado<\/li>\n<li>Posibilidad de hornear varias veces sin cambiar el color<\/li>\n<li>Y sobre todo, una flexibilidad incre\u00edble e incomparable despu\u00e9s del horneado<\/li>\n<\/ul>\n<p>Todas las arcillas se fabrican en nuestra f\u00e1brica en B\u00e9lgica, cerca de Lieja, lo que nos permite controlar todo el proceso de producci\u00f3n.<\/p>\n<p><!-- \/zone:zn_text_img [1] --><br \/>\n<!-- zone:zn_text_img [3] --><\/p>\n<h2>Resina epoxi<\/h2>\n<p>Para embellecer creaciones de arcilla polim\u00e9rica o crear joyas y otros objetos peque\u00f1os desde cero, Cernit ofrece kits listos para usar para hacer resina epoxi.<\/p>\n<p>La resina epoxi est\u00e1 compuesta por dos soluciones que se mezclan (resina y endurecedor) para obtener una soluci\u00f3n dura y s\u00f3lida. No requiere cocci\u00f3n; seg\u00fan el grosor de la creaci\u00f3n, la resina se seca al aire libre entre 24 y 72 horas.<\/p>\n<p>Sus principales ventajas son su incre\u00edble durabilidad y transparencia cristalina, que permiten la incorporaci\u00f3n de elementos decorativos como pigmentos, purpurina, flores secas, conchas, etc. La resina epoxi permite obtener creaciones \u00fanicas y personalizadas. Tambi\u00e9n se puede colorear con tintas de alcohol Cernit.<\/p>\n<p>La t\u00e9cnica es muy sencilla:<\/p>\n<ul>\n<li>Paso 1: Protege tus manos usando guantes<\/li>\n<li>Paso 2: Vierte la cantidad deseada de resina en el recipiente adecuado<\/li>\n<li>Paso 3: A\u00f1ade el endurecedor seg\u00fan la proporci\u00f3n recomendada (=1 parte de endurecedor por 2 partes de resina)<\/li>\n<li>Paso 4: Mezcla las dos soluciones con la ayuda de la varilla de mezcla<\/li>\n<\/ul>\n<p>Tu resina est\u00e1 lista y luego se puede verter en el molde de tu elecci\u00f3n.<br \/>\nTodas las herramientas necesarias (guantes, taza, varilla de mezcla, etc.) est\u00e1n incluidas en nuestro kit de descubrimiento.<\/p>\n<p>Una vez que la resina est\u00e9 seca, puedes lijar tu creaci\u00f3n para hacerla brillante o barnizarla usando los diferentes barnices de efecto de la gama Cernit.<\/p>\n<p><!-- \/zone:zn_text_img [3] -->\n<\/div>\n","protected":false},"excerpt":{"rendered":"<p>Arcilla polim\u00e9rica F\u00e1cil de modelar, la arcilla Cernit es una arcilla polim\u00e9rica de alta calidad que satisface todas las necesidades y deseos de los creadores de joyas, miniaturas (culinarias, bot\u00e1nicas, [&hellip;]<\/p>\n","protected":false},"author":4,"featured_media":0,"parent":0,"menu_order":40,"comment_status":"closed","ping_status":"closed","template":"","meta":{"_acf_changed":false,"footnotes":""},"class_list":["post-7665","page","type-page","status-publish","hentry","wp-sticky","summaryproductshop"],"acf":[],"yoast_head":"<!-- This site is optimized with the Yoast SEO plugin v27.4 - https:\/\/yoast.com\/product\/yoast-seo-wordpress\/ -->\n<title>Acerca de | Cernit<\/title>\n<meta name=\"robots\" content=\"index, follow, max-snippet:-1, max-image-preview:large, max-video-preview:-1\" \/>\n<link rel=\"canonical\" href=\"https:\/\/www.cernit-world.com\/es\/acerca-de\/\" \/>\n<meta property=\"og:locale\" content=\"es_ES\" \/>\n<meta property=\"og:type\" content=\"article\" \/>\n<meta property=\"og:title\" content=\"Acerca de | Cernit\" \/>\n<meta property=\"og:description\" content=\"Arcilla polim\u00e9rica F\u00e1cil de modelar, la arcilla Cernit es una arcilla polim\u00e9rica de alta calidad que satisface todas las necesidades y deseos de los creadores de joyas, miniaturas (culinarias, bot\u00e1nicas, [&hellip;]\" \/>\n<meta property=\"og:url\" content=\"https:\/\/www.cernit-world.com\/es\/acerca-de\/\" \/>\n<meta property=\"og:site_name\" content=\"Cernit\" \/>\n<meta property=\"article:publisher\" content=\"https:\/\/www.facebook.com\/groups\/cernitconnectspeople\/?locale=fr_FR\" \/>\n<meta property=\"article:modified_time\" content=\"2023-08-03T14:36:06+00:00\" \/>\n<meta property=\"og:image\" content=\"https:\/\/www.cernit-world.com\/wp-inside\/uploads\/2023\/06\/cernit_logo.jpg\" \/>\n\t<meta property=\"og:image:width\" content=\"1772\" \/>\n\t<meta property=\"og:image:height\" content=\"709\" \/>\n\t<meta property=\"og:image:type\" content=\"image\/jpeg\" \/>\n<meta name=\"twitter:card\" content=\"summary_large_image\" \/>\n<script type=\"application\/ld+json\" class=\"yoast-schema-graph\">{\"@context\":\"https:\\\/\\\/schema.org\",\"@graph\":[{\"@type\":\"WebPage\",\"@id\":\"https:\\\/\\\/www.cernit-world.com\\\/es\\\/acerca-de\\\/\",\"url\":\"https:\\\/\\\/www.cernit-world.com\\\/es\\\/acerca-de\\\/\",\"name\":\"Acerca de\",\"isPartOf\":{\"@id\":\"https:\\\/\\\/www.cernit-world.com\\\/es\\\/#website\"},\"datePublished\":\"2023-05-09T07:21:45+00:00\",\"dateModified\":\"2023-08-03T14:36:06+00:00\",\"breadcrumb\":{\"@id\":\"https:\\\/\\\/www.cernit-world.com\\\/es\\\/acerca-de\\\/#breadcrumb\"},\"inLanguage\":\"es\",\"potentialAction\":[{\"@type\":\"ReadAction\",\"target\":[\"https:\\\/\\\/www.cernit-world.com\\\/es\\\/acerca-de\\\/\"]}]},{\"@type\":\"BreadcrumbList\",\"@id\":\"https:\\\/\\\/www.cernit-world.com\\\/es\\\/acerca-de\\\/#breadcrumb\",\"itemListElement\":[{\"@type\":\"ListItem\",\"position\":1,\"name\":\"Inicio\",\"item\":\"https:\\\/\\\/www.cernit-world.com\\\/es\\\/\"},{\"@type\":\"ListItem\",\"position\":2,\"name\":\"Acerca de\"}]},{\"@type\":\"WebSite\",\"@id\":\"https:\\\/\\\/www.cernit-world.com\\\/es\\\/#website\",\"url\":\"https:\\\/\\\/www.cernit-world.com\\\/es\\\/\",\"name\":\"Cernit\",\"description\":\"Une qualit\u00e9 haut de gamme pour des cr\u00e9ations premiums\",\"publisher\":{\"@id\":\"https:\\\/\\\/www.cernit-world.com\\\/es\\\/#organization\"},\"potentialAction\":[{\"@type\":\"SearchAction\",\"target\":{\"@type\":\"EntryPoint\",\"urlTemplate\":\"https:\\\/\\\/www.cernit-world.com\\\/es\\\/?s={search_term_string}\"},\"query-input\":{\"@type\":\"PropertyValueSpecification\",\"valueRequired\":true,\"valueName\":\"search_term_string\"}}],\"inLanguage\":\"es\"},{\"@type\":\"Organization\",\"@id\":\"https:\\\/\\\/www.cernit-world.com\\\/es\\\/#organization\",\"name\":\"Cernit\",\"url\":\"https:\\\/\\\/www.cernit-world.com\\\/es\\\/\",\"logo\":{\"@type\":\"ImageObject\",\"inLanguage\":\"es\",\"@id\":\"https:\\\/\\\/www.cernit-world.com\\\/es\\\/#\\\/schema\\\/logo\\\/image\\\/\",\"url\":\"https:\\\/\\\/www.cernit-world.com\\\/wp-inside\\\/uploads\\\/2023\\\/07\\\/cernit-opengraph.jpg\",\"contentUrl\":\"https:\\\/\\\/www.cernit-world.com\\\/wp-inside\\\/uploads\\\/2023\\\/07\\\/cernit-opengraph.jpg\",\"width\":1200,\"height\":630,\"caption\":\"Cernit\"},\"image\":{\"@id\":\"https:\\\/\\\/www.cernit-world.com\\\/es\\\/#\\\/schema\\\/logo\\\/image\\\/\"},\"sameAs\":[\"https:\\\/\\\/www.facebook.com\\\/groups\\\/cernitconnectspeople\\\/?locale=fr_FR\"]}]}<\/script>\n<!-- \/ Yoast SEO plugin. -->","yoast_head_json":{"title":"Acerca de | Cernit","robots":{"index":"index","follow":"follow","max-snippet":"max-snippet:-1","max-image-preview":"max-image-preview:large","max-video-preview":"max-video-preview:-1"},"canonical":"https:\/\/www.cernit-world.com\/es\/acerca-de\/","og_locale":"es_ES","og_type":"article","og_title":"Acerca de | Cernit","og_description":"Arcilla polim\u00e9rica F\u00e1cil de modelar, la arcilla Cernit es una arcilla polim\u00e9rica de alta calidad que satisface todas las necesidades y deseos de los creadores de joyas, miniaturas (culinarias, bot\u00e1nicas, [&hellip;]","og_url":"https:\/\/www.cernit-world.com\/es\/acerca-de\/","og_site_name":"Cernit","article_publisher":"https:\/\/www.facebook.com\/groups\/cernitconnectspeople\/?locale=fr_FR","article_modified_time":"2023-08-03T14:36:06+00:00","og_image":[{"width":1772,"height":709,"url":"https:\/\/www.cernit-world.com\/wp-inside\/uploads\/2023\/06\/cernit_logo.jpg","type":"image\/jpeg"}],"twitter_card":"summary_large_image","schema":{"@context":"https:\/\/schema.org","@graph":[{"@type":"WebPage","@id":"https:\/\/www.cernit-world.com\/es\/acerca-de\/","url":"https:\/\/www.cernit-world.com\/es\/acerca-de\/","name":"Acerca de","isPartOf":{"@id":"https:\/\/www.cernit-world.com\/es\/#website"},"datePublished":"2023-05-09T07:21:45+00:00","dateModified":"2023-08-03T14:36:06+00:00","breadcrumb":{"@id":"https:\/\/www.cernit-world.com\/es\/acerca-de\/#breadcrumb"},"inLanguage":"es","potentialAction":[{"@type":"ReadAction","target":["https:\/\/www.cernit-world.com\/es\/acerca-de\/"]}]},{"@type":"BreadcrumbList","@id":"https:\/\/www.cernit-world.com\/es\/acerca-de\/#breadcrumb","itemListElement":[{"@type":"ListItem","position":1,"name":"Inicio","item":"https:\/\/www.cernit-world.com\/es\/"},{"@type":"ListItem","position":2,"name":"Acerca de"}]},{"@type":"WebSite","@id":"https:\/\/www.cernit-world.com\/es\/#website","url":"https:\/\/www.cernit-world.com\/es\/","name":"Cernit","description":"Une qualit\u00e9 haut de gamme pour des cr\u00e9ations premiums","publisher":{"@id":"https:\/\/www.cernit-world.com\/es\/#organization"},"potentialAction":[{"@type":"SearchAction","target":{"@type":"EntryPoint","urlTemplate":"https:\/\/www.cernit-world.com\/es\/?s={search_term_string}"},"query-input":{"@type":"PropertyValueSpecification","valueRequired":true,"valueName":"search_term_string"}}],"inLanguage":"es"},{"@type":"Organization","@id":"https:\/\/www.cernit-world.com\/es\/#organization","name":"Cernit","url":"https:\/\/www.cernit-world.com\/es\/","logo":{"@type":"ImageObject","inLanguage":"es","@id":"https:\/\/www.cernit-world.com\/es\/#\/schema\/logo\/image\/","url":"https:\/\/www.cernit-world.com\/wp-inside\/uploads\/2023\/07\/cernit-opengraph.jpg","contentUrl":"https:\/\/www.cernit-world.com\/wp-inside\/uploads\/2023\/07\/cernit-opengraph.jpg","width":1200,"height":630,"caption":"Cernit"},"image":{"@id":"https:\/\/www.cernit-world.com\/es\/#\/schema\/logo\/image\/"},"sameAs":["https:\/\/www.facebook.com\/groups\/cernitconnectspeople\/?locale=fr_FR"]}]}},"_links":{"self":[{"href":"https:\/\/www.cernit-world.com\/es\/wp-json\/wp\/v2\/pages\/7665","targetHints":{"allow":["GET"]}}],"collection":[{"href":"https:\/\/www.cernit-world.com\/es\/wp-json\/wp\/v2\/pages"}],"about":[{"href":"https:\/\/www.cernit-world.com\/es\/wp-json\/wp\/v2\/types\/page"}],"author":[{"embeddable":true,"href":"https:\/\/www.cernit-world.com\/es\/wp-json\/wp\/v2\/users\/4"}],"replies":[{"embeddable":true,"href":"https:\/\/www.cernit-world.com\/es\/wp-json\/wp\/v2\/comments?post=7665"}],"version-history":[{"count":2,"href":"https:\/\/www.cernit-world.com\/es\/wp-json\/wp\/v2\/pages\/7665\/revisions"}],"predecessor-version":[{"id":7738,"href":"https:\/\/www.cernit-world.com\/es\/wp-json\/wp\/v2\/pages\/7665\/revisions\/7738"}],"wp:attachment":[{"href":"https:\/\/www.cernit-world.com\/es\/wp-json\/wp\/v2\/media?parent=7665"}],"curies":[{"name":"wp","href":"https:\/\/api.w.org\/{rel}","templated":true}]}}