{"id":7663,"date":"2023-07-06T14:19:02","date_gmt":"2023-07-06T12:19:02","guid":{"rendered":"https:\/\/www.cernit-world.com\/la-pate-polymere-cernit\/"},"modified":"2023-08-03T11:57:56","modified_gmt":"2023-08-03T09:57:56","slug":"pasta-de-modelar","status":"publish","type":"page","link":"https:\/\/www.cernit-world.com\/es\/pasta-de-modelar\/","title":{"rendered":"Pasta de Modelar"},"content":{"rendered":"<div class=\"wp-post-content\"><!-- zone:zn_pagebanner [0] --><br \/>\n\t\t<!-- \/zone:zn_pagebanner [0] --><br \/>\n<!-- zone:zn_text_img [2] --><\/p>\n<h2>\u00bfQu\u00e9 es la Pasta de Modelar?<\/h2>\n<p>F\u00e1cil de modelar, la arcilla Cernit es una arcilla polim\u00e9rica de alta calidad que satisface todas las necesidades y deseos de los creadores de joyas, miniaturas (culinarias, bot\u00e1nicas, etc.), as\u00ed como de los artistas que esculpen personajes, figuritas o escenograf\u00edas.<\/p>\n<p>La gama consta de 105 colores que se pueden mezclar para crear tonos personalizados. Las posibilidades son infinitas.<\/p>\n<p>Despu\u00e9s de modelar, la creaci\u00f3n se debe hornear en un horno dom\u00e9stico durante 30 minutos a una temperatura m\u00e1xima de 130\u00b0C (265\u00b0F) para que se vuelva completamente s\u00f3lida y duradera con el tiempo.<\/p>\n<p><!-- \/zone:zn_text_img [2] --><br \/>\n<!-- zone:zn_text_img [3] --><\/p>\n<h2>Propiedades de la arcilla Cernit<\/h2>\n<p>Sus propiedades y fortalezas son reconocidas por los artistas m\u00e1s talentosos de todo el mundo:<\/p>\n<ul>\n<li>F\u00e1cil y r\u00e1pido de acondicionar, nunca se seca<\/li>\n<li>105 colores que no manchan las manos ni las herramientas<\/li>\n<li>Efectos despu\u00e9s del horneado que satisfacen todas las necesidades<\/li>\n<li>Sin olor antes, durante y despu\u00e9s del horneado<\/li>\n<li>Se puede volver a hornear varias veces sin cambiar el color<\/li>\n<li>Y sobre todo, una flexibilidad incre\u00edble e incomparable despu\u00e9s del horneado<\/li>\n<\/ul>\n<p><!-- \/zone:zn_text_img [3] --><br \/>\n<!-- zone:zn_text_img [4] --><\/p>\n<h2>Hecho en B\u00e9lgica<\/h2>\n<p>Todas las arcillas se fabrican en nuestra f\u00e1brica en B\u00e9lgica, cerca de Lieja, lo que nos permite controlar todo el proceso de producci\u00f3n.<\/p>\n<p><!-- \/zone:zn_text_img [4] -->\n<\/div>\n","protected":false},"excerpt":{"rendered":"<p>\u00bfQu\u00e9 es la Pasta de Modelar? F\u00e1cil de modelar, la arcilla Cernit es una arcilla polim\u00e9rica de alta calidad que satisface todas las necesidades y deseos de los creadores de [&hellip;]<\/p>\n","protected":false},"author":3,"featured_media":0,"parent":0,"menu_order":10,"comment_status":"closed","ping_status":"closed","template":"","meta":{"_acf_changed":false,"footnotes":""},"class_list":["post-7663","page","type-page","status-publish","hentry","wp-sticky","summaryproductshop"],"acf":[],"yoast_head":"<!-- This site is optimized with the Yoast SEO plugin v27.4 - https:\/\/yoast.com\/product\/yoast-seo-wordpress\/ -->\n<title>Pasta de Modelar | Cernit<\/title>\n<meta name=\"robots\" content=\"index, follow, max-snippet:-1, max-image-preview:large, max-video-preview:-1\" \/>\n<link rel=\"canonical\" href=\"https:\/\/www.cernit-world.com\/es\/pasta-de-modelar\/\" \/>\n<meta property=\"og:locale\" content=\"es_ES\" \/>\n<meta property=\"og:type\" content=\"article\" \/>\n<meta property=\"og:title\" content=\"Pasta de Modelar | Cernit\" \/>\n<meta property=\"og:description\" content=\"\u00bfQu\u00e9 es la Pasta de Modelar? F\u00e1cil de modelar, la arcilla Cernit es una arcilla polim\u00e9rica de alta calidad que satisface todas las necesidades y deseos de los creadores de [&hellip;]\" \/>\n<meta property=\"og:url\" content=\"https:\/\/www.cernit-world.com\/es\/pasta-de-modelar\/\" \/>\n<meta property=\"og:site_name\" content=\"Cernit\" \/>\n<meta property=\"article:publisher\" content=\"https:\/\/www.facebook.com\/groups\/cernitconnectspeople\/?locale=fr_FR\" \/>\n<meta property=\"article:modified_time\" content=\"2023-08-03T09:57:56+00:00\" \/>\n<meta property=\"og:image\" content=\"https:\/\/www.cernit-world.com\/wp-inside\/uploads\/2023\/06\/cernit_logo.jpg\" \/>\n\t<meta property=\"og:image:width\" content=\"1772\" \/>\n\t<meta property=\"og:image:height\" content=\"709\" \/>\n\t<meta property=\"og:image:type\" content=\"image\/jpeg\" \/>\n<meta name=\"twitter:card\" content=\"summary_large_image\" \/>\n<meta name=\"twitter:label1\" content=\"Tiempo de lectura\" \/>\n\t<meta name=\"twitter:data1\" content=\"1 minuto\" \/>\n<script type=\"application\/ld+json\" class=\"yoast-schema-graph\">{\"@context\":\"https:\\\/\\\/schema.org\",\"@graph\":[{\"@type\":\"WebPage\",\"@id\":\"https:\\\/\\\/www.cernit-world.com\\\/es\\\/pasta-de-modelar\\\/\",\"url\":\"https:\\\/\\\/www.cernit-world.com\\\/es\\\/pasta-de-modelar\\\/\",\"name\":\"Pasta de Modelar\",\"isPartOf\":{\"@id\":\"https:\\\/\\\/www.cernit-world.com\\\/es\\\/#website\"},\"datePublished\":\"2023-07-06T12:19:02+00:00\",\"dateModified\":\"2023-08-03T09:57:56+00:00\",\"breadcrumb\":{\"@id\":\"https:\\\/\\\/www.cernit-world.com\\\/es\\\/pasta-de-modelar\\\/#breadcrumb\"},\"inLanguage\":\"es\",\"potentialAction\":[{\"@type\":\"ReadAction\",\"target\":[\"https:\\\/\\\/www.cernit-world.com\\\/es\\\/pasta-de-modelar\\\/\"]}]},{\"@type\":\"BreadcrumbList\",\"@id\":\"https:\\\/\\\/www.cernit-world.com\\\/es\\\/pasta-de-modelar\\\/#breadcrumb\",\"itemListElement\":[{\"@type\":\"ListItem\",\"position\":1,\"name\":\"Inicio\",\"item\":\"https:\\\/\\\/www.cernit-world.com\\\/es\\\/\"},{\"@type\":\"ListItem\",\"position\":2,\"name\":\"Pasta de Modelar\"}]},{\"@type\":\"WebSite\",\"@id\":\"https:\\\/\\\/www.cernit-world.com\\\/es\\\/#website\",\"url\":\"https:\\\/\\\/www.cernit-world.com\\\/es\\\/\",\"name\":\"Cernit\",\"description\":\"Une qualit\u00e9 haut de gamme pour des cr\u00e9ations premiums\",\"publisher\":{\"@id\":\"https:\\\/\\\/www.cernit-world.com\\\/es\\\/#organization\"},\"potentialAction\":[{\"@type\":\"SearchAction\",\"target\":{\"@type\":\"EntryPoint\",\"urlTemplate\":\"https:\\\/\\\/www.cernit-world.com\\\/es\\\/?s={search_term_string}\"},\"query-input\":{\"@type\":\"PropertyValueSpecification\",\"valueRequired\":true,\"valueName\":\"search_term_string\"}}],\"inLanguage\":\"es\"},{\"@type\":\"Organization\",\"@id\":\"https:\\\/\\\/www.cernit-world.com\\\/es\\\/#organization\",\"name\":\"Cernit\",\"url\":\"https:\\\/\\\/www.cernit-world.com\\\/es\\\/\",\"logo\":{\"@type\":\"ImageObject\",\"inLanguage\":\"es\",\"@id\":\"https:\\\/\\\/www.cernit-world.com\\\/es\\\/#\\\/schema\\\/logo\\\/image\\\/\",\"url\":\"https:\\\/\\\/www.cernit-world.com\\\/wp-inside\\\/uploads\\\/2023\\\/07\\\/cernit-opengraph.jpg\",\"contentUrl\":\"https:\\\/\\\/www.cernit-world.com\\\/wp-inside\\\/uploads\\\/2023\\\/07\\\/cernit-opengraph.jpg\",\"width\":1200,\"height\":630,\"caption\":\"Cernit\"},\"image\":{\"@id\":\"https:\\\/\\\/www.cernit-world.com\\\/es\\\/#\\\/schema\\\/logo\\\/image\\\/\"},\"sameAs\":[\"https:\\\/\\\/www.facebook.com\\\/groups\\\/cernitconnectspeople\\\/?locale=fr_FR\"]}]}<\/script>\n<!-- \/ Yoast SEO plugin. -->","yoast_head_json":{"title":"Pasta de Modelar | Cernit","robots":{"index":"index","follow":"follow","max-snippet":"max-snippet:-1","max-image-preview":"max-image-preview:large","max-video-preview":"max-video-preview:-1"},"canonical":"https:\/\/www.cernit-world.com\/es\/pasta-de-modelar\/","og_locale":"es_ES","og_type":"article","og_title":"Pasta de Modelar | Cernit","og_description":"\u00bfQu\u00e9 es la Pasta de Modelar? F\u00e1cil de modelar, la arcilla Cernit es una arcilla polim\u00e9rica de alta calidad que satisface todas las necesidades y deseos de los creadores de [&hellip;]","og_url":"https:\/\/www.cernit-world.com\/es\/pasta-de-modelar\/","og_site_name":"Cernit","article_publisher":"https:\/\/www.facebook.com\/groups\/cernitconnectspeople\/?locale=fr_FR","article_modified_time":"2023-08-03T09:57:56+00:00","og_image":[{"width":1772,"height":709,"url":"https:\/\/www.cernit-world.com\/wp-inside\/uploads\/2023\/06\/cernit_logo.jpg","type":"image\/jpeg"}],"twitter_card":"summary_large_image","twitter_misc":{"Tiempo de lectura":"1 minuto"},"schema":{"@context":"https:\/\/schema.org","@graph":[{"@type":"WebPage","@id":"https:\/\/www.cernit-world.com\/es\/pasta-de-modelar\/","url":"https:\/\/www.cernit-world.com\/es\/pasta-de-modelar\/","name":"Pasta de Modelar","isPartOf":{"@id":"https:\/\/www.cernit-world.com\/es\/#website"},"datePublished":"2023-07-06T12:19:02+00:00","dateModified":"2023-08-03T09:57:56+00:00","breadcrumb":{"@id":"https:\/\/www.cernit-world.com\/es\/pasta-de-modelar\/#breadcrumb"},"inLanguage":"es","potentialAction":[{"@type":"ReadAction","target":["https:\/\/www.cernit-world.com\/es\/pasta-de-modelar\/"]}]},{"@type":"BreadcrumbList","@id":"https:\/\/www.cernit-world.com\/es\/pasta-de-modelar\/#breadcrumb","itemListElement":[{"@type":"ListItem","position":1,"name":"Inicio","item":"https:\/\/www.cernit-world.com\/es\/"},{"@type":"ListItem","position":2,"name":"Pasta de Modelar"}]},{"@type":"WebSite","@id":"https:\/\/www.cernit-world.com\/es\/#website","url":"https:\/\/www.cernit-world.com\/es\/","name":"Cernit","description":"Une qualit\u00e9 haut de gamme pour des cr\u00e9ations premiums","publisher":{"@id":"https:\/\/www.cernit-world.com\/es\/#organization"},"potentialAction":[{"@type":"SearchAction","target":{"@type":"EntryPoint","urlTemplate":"https:\/\/www.cernit-world.com\/es\/?s={search_term_string}"},"query-input":{"@type":"PropertyValueSpecification","valueRequired":true,"valueName":"search_term_string"}}],"inLanguage":"es"},{"@type":"Organization","@id":"https:\/\/www.cernit-world.com\/es\/#organization","name":"Cernit","url":"https:\/\/www.cernit-world.com\/es\/","logo":{"@type":"ImageObject","inLanguage":"es","@id":"https:\/\/www.cernit-world.com\/es\/#\/schema\/logo\/image\/","url":"https:\/\/www.cernit-world.com\/wp-inside\/uploads\/2023\/07\/cernit-opengraph.jpg","contentUrl":"https:\/\/www.cernit-world.com\/wp-inside\/uploads\/2023\/07\/cernit-opengraph.jpg","width":1200,"height":630,"caption":"Cernit"},"image":{"@id":"https:\/\/www.cernit-world.com\/es\/#\/schema\/logo\/image\/"},"sameAs":["https:\/\/www.facebook.com\/groups\/cernitconnectspeople\/?locale=fr_FR"]}]}},"_links":{"self":[{"href":"https:\/\/www.cernit-world.com\/es\/wp-json\/wp\/v2\/pages\/7663","targetHints":{"allow":["GET"]}}],"collection":[{"href":"https:\/\/www.cernit-world.com\/es\/wp-json\/wp\/v2\/pages"}],"about":[{"href":"https:\/\/www.cernit-world.com\/es\/wp-json\/wp\/v2\/types\/page"}],"author":[{"embeddable":true,"href":"https:\/\/www.cernit-world.com\/es\/wp-json\/wp\/v2\/users\/3"}],"replies":[{"embeddable":true,"href":"https:\/\/www.cernit-world.com\/es\/wp-json\/wp\/v2\/comments?post=7663"}],"version-history":[{"count":2,"href":"https:\/\/www.cernit-world.com\/es\/wp-json\/wp\/v2\/pages\/7663\/revisions"}],"predecessor-version":[{"id":7716,"href":"https:\/\/www.cernit-world.com\/es\/wp-json\/wp\/v2\/pages\/7663\/revisions\/7716"}],"wp:attachment":[{"href":"https:\/\/www.cernit-world.com\/es\/wp-json\/wp\/v2\/media?parent=7663"}],"curies":[{"name":"wp","href":"https:\/\/api.w.org\/{rel}","templated":true}]}}