{"id":26107,"date":"2025-01-22T14:27:23","date_gmt":"2025-01-22T13:27:23","guid":{"rendered":"https:\/\/www.cernit-world.com\/produit\/pack-10-feuilles-metallisees-cuivrees\/"},"modified":"2025-01-30T15:41:32","modified_gmt":"2025-01-30T14:41:32","slug":"pack-10-feuilles-metallisees-cuivrees","status":"publish","type":"product","link":"https:\/\/www.cernit-world.com\/en\/product\/pack-10-feuilles-metallisees-cuivrees\/","title":{"rendered":"Pack of 10 metallised foil &#8211; coppery"},"content":{"rendered":"<p><strong>FEATURES<\/strong>: Packs of 10 copper metallic leaves.<br \/>\n<strong>USES<\/strong>: Sprinkle with metallic leaves, polymer clay creations will be even more elegant and refined. Easy to mix with polymer clay (or any other material), the shine will be unchanged after cooking.<br \/>\n<strong>MATERIAL<\/strong>: Copper-colored metallic leaves.<br \/>\n<strong>SIZE<\/strong>: 1 x 12 x 15 cm<\/p>\n","protected":false},"excerpt":{"rendered":"<p>Sprinkle with metallic leaves, the creations will be even more elegant and refined. Easy to mix with polymer clay or any other material.<\/p>\n","protected":false},"featured_media":22719,"template":"","meta":{"_acf_changed":false},"product_brand":[],"product_cat":[311,1193],"product_tag":[],"class_list":{"0":"post-26107","1":"product","2":"type-product","3":"status-publish","4":"has-post-thumbnail","6":"product_cat-auxiliary","7":"product_cat-feuilles-metalisees-en","8":"wp-sticky","9":"summaryproductshop","11":"first","12":"instock","13":"shipping-taxable","14":"product-type-simple"},"acf":[],"yoast_head":"<!-- This site is optimized with the Yoast SEO plugin v27.5 - https:\/\/yoast.com\/product\/yoast-seo-wordpress\/ -->\n<title>Pack of 10 metallised foil - coppery | Cernit<\/title>\n<meta name=\"robots\" content=\"index, follow, max-snippet:-1, max-image-preview:large, max-video-preview:-1\" \/>\n<link rel=\"canonical\" href=\"https:\/\/www.cernit-world.com\/en\/product\/pack-10-feuilles-metallisees-cuivrees\/\" \/>\n<meta property=\"og:locale\" content=\"en_US\" \/>\n<meta property=\"og:type\" content=\"article\" \/>\n<meta property=\"og:title\" content=\"Pack of 10 metallised foil - coppery | Cernit\" \/>\n<meta property=\"og:description\" content=\"Sprinkle with metallic leaves, the creations will be even more elegant and refined. Easy to mix with polymer clay or any other material.\" \/>\n<meta property=\"og:url\" content=\"https:\/\/www.cernit-world.com\/en\/product\/pack-10-feuilles-metallisees-cuivrees\/\" \/>\n<meta property=\"og:site_name\" content=\"Cernit\" \/>\n<meta property=\"article:publisher\" content=\"https:\/\/www.facebook.com\/groups\/cernitconnectspeople\/?locale=fr_FR\" \/>\n<meta property=\"article:modified_time\" content=\"2025-01-30T14:41:32+00:00\" \/>\n<meta property=\"og:image\" content=\"https:\/\/www.cernit-world.com\/wp-inside\/uploads\/2025\/01\/1500x1500-md-ce923c_fac.jpg\" \/>\n\t<meta property=\"og:image:width\" content=\"1500\" \/>\n\t<meta property=\"og:image:height\" content=\"1500\" \/>\n\t<meta property=\"og:image:type\" content=\"image\/jpeg\" \/>\n<meta name=\"twitter:card\" content=\"summary_large_image\" \/>\n<script type=\"application\/ld+json\" class=\"yoast-schema-graph\">{\"@context\":\"https:\\\/\\\/schema.org\",\"@graph\":[{\"@type\":\"WebPage\",\"@id\":\"https:\\\/\\\/www.cernit-world.com\\\/en\\\/product\\\/pack-10-feuilles-metallisees-cuivrees\\\/\",\"url\":\"https:\\\/\\\/www.cernit-world.com\\\/en\\\/product\\\/pack-10-feuilles-metallisees-cuivrees\\\/\",\"name\":\"Pack of 10 metallised foil - coppery\",\"isPartOf\":{\"@id\":\"https:\\\/\\\/www.cernit-world.com\\\/en\\\/#website\"},\"primaryImageOfPage\":{\"@id\":\"https:\\\/\\\/www.cernit-world.com\\\/en\\\/product\\\/pack-10-feuilles-metallisees-cuivrees\\\/#primaryimage\"},\"image\":{\"@id\":\"https:\\\/\\\/www.cernit-world.com\\\/en\\\/product\\\/pack-10-feuilles-metallisees-cuivrees\\\/#primaryimage\"},\"thumbnailUrl\":\"https:\\\/\\\/www.cernit-world.com\\\/wp-inside\\\/uploads\\\/2025\\\/01\\\/1500x1500-md-ce923c_fac.jpg\",\"datePublished\":\"2025-01-22T13:27:23+00:00\",\"dateModified\":\"2025-01-30T14:41:32+00:00\",\"breadcrumb\":{\"@id\":\"https:\\\/\\\/www.cernit-world.com\\\/en\\\/product\\\/pack-10-feuilles-metallisees-cuivrees\\\/#breadcrumb\"},\"inLanguage\":\"en-US\",\"potentialAction\":[{\"@type\":\"ReadAction\",\"target\":[\"https:\\\/\\\/www.cernit-world.com\\\/en\\\/product\\\/pack-10-feuilles-metallisees-cuivrees\\\/\"]}]},{\"@type\":\"ImageObject\",\"inLanguage\":\"en-US\",\"@id\":\"https:\\\/\\\/www.cernit-world.com\\\/en\\\/product\\\/pack-10-feuilles-metallisees-cuivrees\\\/#primaryimage\",\"url\":\"https:\\\/\\\/www.cernit-world.com\\\/wp-inside\\\/uploads\\\/2025\\\/01\\\/1500x1500-md-ce923c_fac.jpg\",\"contentUrl\":\"https:\\\/\\\/www.cernit-world.com\\\/wp-inside\\\/uploads\\\/2025\\\/01\\\/1500x1500-md-ce923c_fac.jpg\",\"width\":1500,\"height\":1500,\"caption\":\"Pack 10 feuilles m\u00e9tallis\u00e9es - cuivr\u00e9es\"},{\"@type\":\"BreadcrumbList\",\"@id\":\"https:\\\/\\\/www.cernit-world.com\\\/en\\\/product\\\/pack-10-feuilles-metallisees-cuivrees\\\/#breadcrumb\",\"itemListElement\":[{\"@type\":\"ListItem\",\"position\":1,\"name\":\"Home\",\"item\":\"https:\\\/\\\/www.cernit-world.com\\\/en\\\/\"},{\"@type\":\"ListItem\",\"position\":2,\"name\":\"Shop\",\"item\":\"https:\\\/\\\/www.cernit-world.com\\\/en\\\/shop\\\/\"},{\"@type\":\"ListItem\",\"position\":3,\"name\":\"Auxiliary\",\"item\":\"https:\\\/\\\/www.cernit-world.com\\\/en\\\/product-category\\\/auxiliary\\\/\"},{\"@type\":\"ListItem\",\"position\":4,\"name\":\"Pack of 10 metallised foil &#8211; coppery\"}]},{\"@type\":\"WebSite\",\"@id\":\"https:\\\/\\\/www.cernit-world.com\\\/en\\\/#website\",\"url\":\"https:\\\/\\\/www.cernit-world.com\\\/en\\\/\",\"name\":\"Cernit\",\"description\":\"Une qualit\u00e9 haut de gamme pour des cr\u00e9ations premiums\",\"publisher\":{\"@id\":\"https:\\\/\\\/www.cernit-world.com\\\/en\\\/#organization\"},\"potentialAction\":[{\"@type\":\"SearchAction\",\"target\":{\"@type\":\"EntryPoint\",\"urlTemplate\":\"https:\\\/\\\/www.cernit-world.com\\\/en\\\/?s={search_term_string}\"},\"query-input\":{\"@type\":\"PropertyValueSpecification\",\"valueRequired\":true,\"valueName\":\"search_term_string\"}}],\"inLanguage\":\"en-US\"},{\"@type\":\"Organization\",\"@id\":\"https:\\\/\\\/www.cernit-world.com\\\/en\\\/#organization\",\"name\":\"Cernit\",\"url\":\"https:\\\/\\\/www.cernit-world.com\\\/en\\\/\",\"logo\":{\"@type\":\"ImageObject\",\"inLanguage\":\"en-US\",\"@id\":\"https:\\\/\\\/www.cernit-world.com\\\/en\\\/#\\\/schema\\\/logo\\\/image\\\/\",\"url\":\"https:\\\/\\\/www.cernit-world.com\\\/wp-inside\\\/uploads\\\/2023\\\/07\\\/cernit-opengraph.jpg\",\"contentUrl\":\"https:\\\/\\\/www.cernit-world.com\\\/wp-inside\\\/uploads\\\/2023\\\/07\\\/cernit-opengraph.jpg\",\"width\":1200,\"height\":630,\"caption\":\"Cernit\"},\"image\":{\"@id\":\"https:\\\/\\\/www.cernit-world.com\\\/en\\\/#\\\/schema\\\/logo\\\/image\\\/\"},\"sameAs\":[\"https:\\\/\\\/www.facebook.com\\\/groups\\\/cernitconnectspeople\\\/?locale=fr_FR\"]}]}<\/script>\n<!-- \/ Yoast SEO plugin. -->","yoast_head_json":{"title":"Pack of 10 metallised foil - coppery | Cernit","robots":{"index":"index","follow":"follow","max-snippet":"max-snippet:-1","max-image-preview":"max-image-preview:large","max-video-preview":"max-video-preview:-1"},"canonical":"https:\/\/www.cernit-world.com\/en\/product\/pack-10-feuilles-metallisees-cuivrees\/","og_locale":"en_US","og_type":"article","og_title":"Pack of 10 metallised foil - coppery | Cernit","og_description":"Sprinkle with metallic leaves, the creations will be even more elegant and refined. Easy to mix with polymer clay or any other material.","og_url":"https:\/\/www.cernit-world.com\/en\/product\/pack-10-feuilles-metallisees-cuivrees\/","og_site_name":"Cernit","article_publisher":"https:\/\/www.facebook.com\/groups\/cernitconnectspeople\/?locale=fr_FR","article_modified_time":"2025-01-30T14:41:32+00:00","og_image":[{"width":1500,"height":1500,"url":"https:\/\/www.cernit-world.com\/wp-inside\/uploads\/2025\/01\/1500x1500-md-ce923c_fac.jpg","type":"image\/jpeg"}],"twitter_card":"summary_large_image","schema":{"@context":"https:\/\/schema.org","@graph":[{"@type":"WebPage","@id":"https:\/\/www.cernit-world.com\/en\/product\/pack-10-feuilles-metallisees-cuivrees\/","url":"https:\/\/www.cernit-world.com\/en\/product\/pack-10-feuilles-metallisees-cuivrees\/","name":"Pack of 10 metallised foil - coppery","isPartOf":{"@id":"https:\/\/www.cernit-world.com\/en\/#website"},"primaryImageOfPage":{"@id":"https:\/\/www.cernit-world.com\/en\/product\/pack-10-feuilles-metallisees-cuivrees\/#primaryimage"},"image":{"@id":"https:\/\/www.cernit-world.com\/en\/product\/pack-10-feuilles-metallisees-cuivrees\/#primaryimage"},"thumbnailUrl":"https:\/\/www.cernit-world.com\/wp-inside\/uploads\/2025\/01\/1500x1500-md-ce923c_fac.jpg","datePublished":"2025-01-22T13:27:23+00:00","dateModified":"2025-01-30T14:41:32+00:00","breadcrumb":{"@id":"https:\/\/www.cernit-world.com\/en\/product\/pack-10-feuilles-metallisees-cuivrees\/#breadcrumb"},"inLanguage":"en-US","potentialAction":[{"@type":"ReadAction","target":["https:\/\/www.cernit-world.com\/en\/product\/pack-10-feuilles-metallisees-cuivrees\/"]}]},{"@type":"ImageObject","inLanguage":"en-US","@id":"https:\/\/www.cernit-world.com\/en\/product\/pack-10-feuilles-metallisees-cuivrees\/#primaryimage","url":"https:\/\/www.cernit-world.com\/wp-inside\/uploads\/2025\/01\/1500x1500-md-ce923c_fac.jpg","contentUrl":"https:\/\/www.cernit-world.com\/wp-inside\/uploads\/2025\/01\/1500x1500-md-ce923c_fac.jpg","width":1500,"height":1500,"caption":"Pack 10 feuilles m\u00e9tallis\u00e9es - cuivr\u00e9es"},{"@type":"BreadcrumbList","@id":"https:\/\/www.cernit-world.com\/en\/product\/pack-10-feuilles-metallisees-cuivrees\/#breadcrumb","itemListElement":[{"@type":"ListItem","position":1,"name":"Home","item":"https:\/\/www.cernit-world.com\/en\/"},{"@type":"ListItem","position":2,"name":"Shop","item":"https:\/\/www.cernit-world.com\/en\/shop\/"},{"@type":"ListItem","position":3,"name":"Auxiliary","item":"https:\/\/www.cernit-world.com\/en\/product-category\/auxiliary\/"},{"@type":"ListItem","position":4,"name":"Pack of 10 metallised foil &#8211; coppery"}]},{"@type":"WebSite","@id":"https:\/\/www.cernit-world.com\/en\/#website","url":"https:\/\/www.cernit-world.com\/en\/","name":"Cernit","description":"Une qualit\u00e9 haut de gamme pour des cr\u00e9ations premiums","publisher":{"@id":"https:\/\/www.cernit-world.com\/en\/#organization"},"potentialAction":[{"@type":"SearchAction","target":{"@type":"EntryPoint","urlTemplate":"https:\/\/www.cernit-world.com\/en\/?s={search_term_string}"},"query-input":{"@type":"PropertyValueSpecification","valueRequired":true,"valueName":"search_term_string"}}],"inLanguage":"en-US"},{"@type":"Organization","@id":"https:\/\/www.cernit-world.com\/en\/#organization","name":"Cernit","url":"https:\/\/www.cernit-world.com\/en\/","logo":{"@type":"ImageObject","inLanguage":"en-US","@id":"https:\/\/www.cernit-world.com\/en\/#\/schema\/logo\/image\/","url":"https:\/\/www.cernit-world.com\/wp-inside\/uploads\/2023\/07\/cernit-opengraph.jpg","contentUrl":"https:\/\/www.cernit-world.com\/wp-inside\/uploads\/2023\/07\/cernit-opengraph.jpg","width":1200,"height":630,"caption":"Cernit"},"image":{"@id":"https:\/\/www.cernit-world.com\/en\/#\/schema\/logo\/image\/"},"sameAs":["https:\/\/www.facebook.com\/groups\/cernitconnectspeople\/?locale=fr_FR"]}]}},"_links":{"self":[{"href":"https:\/\/www.cernit-world.com\/en\/wp-json\/wp\/v2\/product\/26107","targetHints":{"allow":["GET"]}}],"collection":[{"href":"https:\/\/www.cernit-world.com\/en\/wp-json\/wp\/v2\/product"}],"about":[{"href":"https:\/\/www.cernit-world.com\/en\/wp-json\/wp\/v2\/types\/product"}],"wp:featuredmedia":[{"embeddable":true,"href":"https:\/\/www.cernit-world.com\/en\/wp-json\/wp\/v2\/media\/22719"}],"wp:attachment":[{"href":"https:\/\/www.cernit-world.com\/en\/wp-json\/wp\/v2\/media?parent=26107"}],"wp:term":[{"taxonomy":"product_brand","embeddable":true,"href":"https:\/\/www.cernit-world.com\/en\/wp-json\/wp\/v2\/product_brand?post=26107"},{"taxonomy":"product_cat","embeddable":true,"href":"https:\/\/www.cernit-world.com\/en\/wp-json\/wp\/v2\/product_cat?post=26107"},{"taxonomy":"product_tag","embeddable":true,"href":"https:\/\/www.cernit-world.com\/en\/wp-json\/wp\/v2\/product_tag?post=26107"}],"curies":[{"name":"wp","href":"https:\/\/api.w.org\/{rel}","templated":true}]}}