{"id":8195,"date":"2023-07-04T13:37:24","date_gmt":"2023-07-04T11:37:24","guid":{"rendered":"https:\/\/www.cernit-world.com\/produit\/polymermasse-cernit-stahlgrau-metallic-56g\/"},"modified":"2023-09-01T15:37:09","modified_gmt":"2023-09-01T13:37:09","slug":"polymermasse-cernit-stahlgrau-metallic-56g","status":"publish","type":"product","link":"https:\/\/www.cernit-world.com\/de\/produkt\/polymermasse-cernit-stahlgrau-metallic-56g\/","title":{"rendered":"Polymermasse Cernit &#8211; Stahlgrau Metallic 56g"},"content":{"rendered":"<p><strong>PEARL:<\/strong> Ofenh\u00e4rtende Modelliermasse (Polymer). Nach dem H\u00e4rten entfaltet sich ein hochwertiger Metallic-Look. Enth\u00e4lt eine Vielzahl sehr feiner Glitzerpartikel (sogenannte Mika).<br \/><strong>H\u00c4RTEN:<\/strong> Die Paste bei 110\u00b0C bis 130\u00b0C in einem herk\u00f6mmlichen Ofen maximal 30 Minuten lang backen. Ist beim Backen geruchlos. Wird nicht rissig. Nicht in der Mikrowelle verwenden. Nach dem Backen ist die Paste hart, kann aber noch bearbeitet (geschliffen, bemalt etc.) werden.<br \/><strong>EIGENSCHAFTEN:<\/strong> Trocknet nicht aus. Nach dem H\u00e4rten im Ofen ist die Paste vollst\u00e4ndig fest, bleibt aber flexibel. Geruchlos, die Paste ist angenehm zu verarbeiten und bleibt unendlich formbar. Sie f\u00e4rbt nicht ab; weder auf den H\u00e4nden noch auf den Werkzeugen. Alle Farben k\u00f6nnen gemischt werden, um den gew\u00fcnschten Farbton zu erhalten. Vegan.<br \/><strong>ANWENDUNG:<\/strong> Ideal zum Herstellen von Schmuck, Reproduktionen, Miniaturen, Figuren etc. Die Paste immer mit sauberen H\u00e4nden auf einer zuvor gereinigten Oberfl\u00e4che bearbeiten. Die Paste kneten, um sie vor der Bearbeitung geschmeidig zu machen. Sie kann skulptiert, geformt, bedruckt oder mit anderen Materialien wie Steinen, Perlen, Federn etc. verwendet werden. Vor dem Backen kann man Zusatzstoffe wie Glitzer, Alkoholtinte etc. in das Innere der Paste geben. <br \/><strong>GEWICHT:<\/strong> 56g.<br \/><strong>HERSTELLUNG:<\/strong> Die Cernit-Paste wird in Belgien, in der N\u00e4he von L\u00fcttich, hergestellt.<\/p>\n","protected":false},"excerpt":{"rendered":"<p>Ofenh\u00e4rtende Modelliermasse (Polymer) zum Backen. Die Masse bei 110\u00b0C (230\u00b0F) bis 130\u00b0C (266\u00b0F) in einem herk\u00f6mmlichen Backofen f\u00fcr max. 30min backen. Geruchlos beim Backen. Wird nicht rissig.<\/p>\n","protected":false},"featured_media":24500,"template":"","meta":{"_acf_changed":false},"product_brand":[],"product_cat":[253,255],"product_tag":[],"class_list":{"0":"post-8195","1":"product","2":"type-product","3":"status-publish","4":"has-post-thumbnail","6":"product_cat-polymermasse","7":"product_cat-produktreihe-metallic","8":"wp-sticky","9":"summaryproductshop","11":"first","12":"instock","13":"product-type-simple"},"acf":[],"yoast_head":"<!-- This site is optimized with the Yoast SEO plugin v27.3 - https:\/\/yoast.com\/product\/yoast-seo-wordpress\/ -->\n<title>Polymermasse Cernit - Stahlgrau Metallic 56g | Cernit<\/title>\n<meta name=\"robots\" content=\"index, follow, max-snippet:-1, max-image-preview:large, max-video-preview:-1\" \/>\n<link rel=\"canonical\" href=\"https:\/\/www.cernit-world.com\/de\/produkt\/polymermasse-cernit-stahlgrau-metallic-56g\/\" \/>\n<meta property=\"og:locale\" content=\"de_DE\" \/>\n<meta property=\"og:type\" content=\"article\" \/>\n<meta property=\"og:title\" content=\"Polymermasse Cernit - Stahlgrau Metallic 56g | Cernit\" \/>\n<meta property=\"og:description\" content=\"Ofenh\u00e4rtende Modelliermasse (Polymer) zum Backen. Die Masse bei 110\u00b0C (230\u00b0F) bis 130\u00b0C (266\u00b0F) in einem herk\u00f6mmlichen Backofen f\u00fcr max. 30min backen. Geruchlos beim Backen. Wird nicht rissig.\" \/>\n<meta property=\"og:url\" content=\"https:\/\/www.cernit-world.com\/de\/produkt\/polymermasse-cernit-stahlgrau-metallic-56g\/\" \/>\n<meta property=\"og:site_name\" content=\"Cernit\" \/>\n<meta property=\"article:publisher\" content=\"https:\/\/www.facebook.com\/groups\/cernitconnectspeople\/?locale=fr_FR\" \/>\n<meta property=\"article:modified_time\" content=\"2023-09-01T13:37:09+00:00\" \/>\n<meta property=\"og:image\" content=\"https:\/\/www.cernit-world.com\/wp-inside\/uploads\/2023\/09\/ce0870056167c_cot.jpg\" \/>\n\t<meta property=\"og:image:width\" content=\"2000\" \/>\n\t<meta property=\"og:image:height\" content=\"1333\" \/>\n\t<meta property=\"og:image:type\" content=\"image\/jpeg\" \/>\n<meta name=\"twitter:card\" content=\"summary_large_image\" \/>\n<meta name=\"twitter:label1\" content=\"Gesch\u00e4tzte Lesezeit\" \/>\n\t<meta name=\"twitter:data1\" content=\"1\u00a0Minute\" \/>\n<script type=\"application\/ld+json\" class=\"yoast-schema-graph\">{\"@context\":\"https:\\\/\\\/schema.org\",\"@graph\":[{\"@type\":\"WebPage\",\"@id\":\"https:\\\/\\\/www.cernit-world.com\\\/de\\\/produkt\\\/polymermasse-cernit-stahlgrau-metallic-56g\\\/\",\"url\":\"https:\\\/\\\/www.cernit-world.com\\\/de\\\/produkt\\\/polymermasse-cernit-stahlgrau-metallic-56g\\\/\",\"name\":\"Polymermasse Cernit - Stahlgrau Metallic 56g\",\"isPartOf\":{\"@id\":\"https:\\\/\\\/www.cernit-world.com\\\/de\\\/#website\"},\"primaryImageOfPage\":{\"@id\":\"https:\\\/\\\/www.cernit-world.com\\\/de\\\/produkt\\\/polymermasse-cernit-stahlgrau-metallic-56g\\\/#primaryimage\"},\"image\":{\"@id\":\"https:\\\/\\\/www.cernit-world.com\\\/de\\\/produkt\\\/polymermasse-cernit-stahlgrau-metallic-56g\\\/#primaryimage\"},\"thumbnailUrl\":\"https:\\\/\\\/www.cernit-world.com\\\/wp-inside\\\/uploads\\\/2023\\\/07\\\/1500x1500-md-ce0870056167c_cot.jpg\",\"datePublished\":\"2023-07-04T11:37:24+00:00\",\"dateModified\":\"2023-09-01T13:37:09+00:00\",\"breadcrumb\":{\"@id\":\"https:\\\/\\\/www.cernit-world.com\\\/de\\\/produkt\\\/polymermasse-cernit-stahlgrau-metallic-56g\\\/#breadcrumb\"},\"inLanguage\":\"de\",\"potentialAction\":[{\"@type\":\"ReadAction\",\"target\":[\"https:\\\/\\\/www.cernit-world.com\\\/de\\\/produkt\\\/polymermasse-cernit-stahlgrau-metallic-56g\\\/\"]}]},{\"@type\":\"ImageObject\",\"inLanguage\":\"de\",\"@id\":\"https:\\\/\\\/www.cernit-world.com\\\/de\\\/produkt\\\/polymermasse-cernit-stahlgrau-metallic-56g\\\/#primaryimage\",\"url\":\"https:\\\/\\\/www.cernit-world.com\\\/wp-inside\\\/uploads\\\/2023\\\/07\\\/1500x1500-md-ce0870056167c_cot.jpg\",\"contentUrl\":\"https:\\\/\\\/www.cernit-world.com\\\/wp-inside\\\/uploads\\\/2023\\\/07\\\/1500x1500-md-ce0870056167c_cot.jpg\",\"width\":1500,\"height\":1500,\"caption\":\"P\u00e2te Polym\u00e8re Cernit \u2013 acier Metallic 56g\"},{\"@type\":\"BreadcrumbList\",\"@id\":\"https:\\\/\\\/www.cernit-world.com\\\/de\\\/produkt\\\/polymermasse-cernit-stahlgrau-metallic-56g\\\/#breadcrumb\",\"itemListElement\":[{\"@type\":\"ListItem\",\"position\":1,\"name\":\"Startseite\",\"item\":\"https:\\\/\\\/www.cernit-world.com\\\/de\\\/\"},{\"@type\":\"ListItem\",\"position\":2,\"name\":\"Shop\",\"item\":\"https:\\\/\\\/www.cernit-world.com\\\/de\\\/shop\\\/\"},{\"@type\":\"ListItem\",\"position\":3,\"name\":\"Polymermasse\",\"item\":\"https:\\\/\\\/www.cernit-world.com\\\/de\\\/produkt-kategorie\\\/polymermasse\\\/\"},{\"@type\":\"ListItem\",\"position\":4,\"name\":\"Produktreihe\",\"item\":\"https:\\\/\\\/www.cernit-world.com\\\/de\\\/produkt-kategorie\\\/polymermasse\\\/produktreihe\\\/\"},{\"@type\":\"ListItem\",\"position\":5,\"name\":\"Produktreihe Metallic\",\"item\":\"https:\\\/\\\/www.cernit-world.com\\\/de\\\/produkt-kategorie\\\/polymermasse\\\/produktreihe\\\/produktreihe-metallic\\\/\"},{\"@type\":\"ListItem\",\"position\":6,\"name\":\"Polymermasse Cernit &#8211; Stahlgrau Metallic 56g\"}]},{\"@type\":\"WebSite\",\"@id\":\"https:\\\/\\\/www.cernit-world.com\\\/de\\\/#website\",\"url\":\"https:\\\/\\\/www.cernit-world.com\\\/de\\\/\",\"name\":\"Cernit\",\"description\":\"Une qualit\u00e9 haut de gamme pour des cr\u00e9ations premiums\",\"publisher\":{\"@id\":\"https:\\\/\\\/www.cernit-world.com\\\/de\\\/#organization\"},\"potentialAction\":[{\"@type\":\"SearchAction\",\"target\":{\"@type\":\"EntryPoint\",\"urlTemplate\":\"https:\\\/\\\/www.cernit-world.com\\\/de\\\/?s={search_term_string}\"},\"query-input\":{\"@type\":\"PropertyValueSpecification\",\"valueRequired\":true,\"valueName\":\"search_term_string\"}}],\"inLanguage\":\"de\"},{\"@type\":\"Organization\",\"@id\":\"https:\\\/\\\/www.cernit-world.com\\\/de\\\/#organization\",\"name\":\"Cernit\",\"url\":\"https:\\\/\\\/www.cernit-world.com\\\/de\\\/\",\"logo\":{\"@type\":\"ImageObject\",\"inLanguage\":\"de\",\"@id\":\"https:\\\/\\\/www.cernit-world.com\\\/de\\\/#\\\/schema\\\/logo\\\/image\\\/\",\"url\":\"https:\\\/\\\/www.cernit-world.com\\\/wp-inside\\\/uploads\\\/2023\\\/07\\\/cernit-opengraph.jpg\",\"contentUrl\":\"https:\\\/\\\/www.cernit-world.com\\\/wp-inside\\\/uploads\\\/2023\\\/07\\\/cernit-opengraph.jpg\",\"width\":1200,\"height\":630,\"caption\":\"Cernit\"},\"image\":{\"@id\":\"https:\\\/\\\/www.cernit-world.com\\\/de\\\/#\\\/schema\\\/logo\\\/image\\\/\"},\"sameAs\":[\"https:\\\/\\\/www.facebook.com\\\/groups\\\/cernitconnectspeople\\\/?locale=fr_FR\"]}]}<\/script>\n<!-- \/ Yoast SEO plugin. -->","yoast_head_json":{"title":"Polymermasse Cernit - Stahlgrau Metallic 56g | Cernit","robots":{"index":"index","follow":"follow","max-snippet":"max-snippet:-1","max-image-preview":"max-image-preview:large","max-video-preview":"max-video-preview:-1"},"canonical":"https:\/\/www.cernit-world.com\/de\/produkt\/polymermasse-cernit-stahlgrau-metallic-56g\/","og_locale":"de_DE","og_type":"article","og_title":"Polymermasse Cernit - Stahlgrau Metallic 56g | Cernit","og_description":"Ofenh\u00e4rtende Modelliermasse (Polymer) zum Backen. Die Masse bei 110\u00b0C (230\u00b0F) bis 130\u00b0C (266\u00b0F) in einem herk\u00f6mmlichen Backofen f\u00fcr max. 30min backen. Geruchlos beim Backen. Wird nicht rissig.","og_url":"https:\/\/www.cernit-world.com\/de\/produkt\/polymermasse-cernit-stahlgrau-metallic-56g\/","og_site_name":"Cernit","article_publisher":"https:\/\/www.facebook.com\/groups\/cernitconnectspeople\/?locale=fr_FR","article_modified_time":"2023-09-01T13:37:09+00:00","og_image":[{"width":2000,"height":1333,"url":"https:\/\/www.cernit-world.com\/wp-inside\/uploads\/2023\/09\/ce0870056167c_cot.jpg","type":"image\/jpeg"}],"twitter_card":"summary_large_image","twitter_misc":{"Gesch\u00e4tzte Lesezeit":"1\u00a0Minute"},"schema":{"@context":"https:\/\/schema.org","@graph":[{"@type":"WebPage","@id":"https:\/\/www.cernit-world.com\/de\/produkt\/polymermasse-cernit-stahlgrau-metallic-56g\/","url":"https:\/\/www.cernit-world.com\/de\/produkt\/polymermasse-cernit-stahlgrau-metallic-56g\/","name":"Polymermasse Cernit - Stahlgrau Metallic 56g","isPartOf":{"@id":"https:\/\/www.cernit-world.com\/de\/#website"},"primaryImageOfPage":{"@id":"https:\/\/www.cernit-world.com\/de\/produkt\/polymermasse-cernit-stahlgrau-metallic-56g\/#primaryimage"},"image":{"@id":"https:\/\/www.cernit-world.com\/de\/produkt\/polymermasse-cernit-stahlgrau-metallic-56g\/#primaryimage"},"thumbnailUrl":"https:\/\/www.cernit-world.com\/wp-inside\/uploads\/2023\/07\/1500x1500-md-ce0870056167c_cot.jpg","datePublished":"2023-07-04T11:37:24+00:00","dateModified":"2023-09-01T13:37:09+00:00","breadcrumb":{"@id":"https:\/\/www.cernit-world.com\/de\/produkt\/polymermasse-cernit-stahlgrau-metallic-56g\/#breadcrumb"},"inLanguage":"de","potentialAction":[{"@type":"ReadAction","target":["https:\/\/www.cernit-world.com\/de\/produkt\/polymermasse-cernit-stahlgrau-metallic-56g\/"]}]},{"@type":"ImageObject","inLanguage":"de","@id":"https:\/\/www.cernit-world.com\/de\/produkt\/polymermasse-cernit-stahlgrau-metallic-56g\/#primaryimage","url":"https:\/\/www.cernit-world.com\/wp-inside\/uploads\/2023\/07\/1500x1500-md-ce0870056167c_cot.jpg","contentUrl":"https:\/\/www.cernit-world.com\/wp-inside\/uploads\/2023\/07\/1500x1500-md-ce0870056167c_cot.jpg","width":1500,"height":1500,"caption":"P\u00e2te Polym\u00e8re Cernit \u2013 acier Metallic 56g"},{"@type":"BreadcrumbList","@id":"https:\/\/www.cernit-world.com\/de\/produkt\/polymermasse-cernit-stahlgrau-metallic-56g\/#breadcrumb","itemListElement":[{"@type":"ListItem","position":1,"name":"Startseite","item":"https:\/\/www.cernit-world.com\/de\/"},{"@type":"ListItem","position":2,"name":"Shop","item":"https:\/\/www.cernit-world.com\/de\/shop\/"},{"@type":"ListItem","position":3,"name":"Polymermasse","item":"https:\/\/www.cernit-world.com\/de\/produkt-kategorie\/polymermasse\/"},{"@type":"ListItem","position":4,"name":"Produktreihe","item":"https:\/\/www.cernit-world.com\/de\/produkt-kategorie\/polymermasse\/produktreihe\/"},{"@type":"ListItem","position":5,"name":"Produktreihe Metallic","item":"https:\/\/www.cernit-world.com\/de\/produkt-kategorie\/polymermasse\/produktreihe\/produktreihe-metallic\/"},{"@type":"ListItem","position":6,"name":"Polymermasse Cernit &#8211; Stahlgrau Metallic 56g"}]},{"@type":"WebSite","@id":"https:\/\/www.cernit-world.com\/de\/#website","url":"https:\/\/www.cernit-world.com\/de\/","name":"Cernit","description":"Une qualit\u00e9 haut de gamme pour des cr\u00e9ations premiums","publisher":{"@id":"https:\/\/www.cernit-world.com\/de\/#organization"},"potentialAction":[{"@type":"SearchAction","target":{"@type":"EntryPoint","urlTemplate":"https:\/\/www.cernit-world.com\/de\/?s={search_term_string}"},"query-input":{"@type":"PropertyValueSpecification","valueRequired":true,"valueName":"search_term_string"}}],"inLanguage":"de"},{"@type":"Organization","@id":"https:\/\/www.cernit-world.com\/de\/#organization","name":"Cernit","url":"https:\/\/www.cernit-world.com\/de\/","logo":{"@type":"ImageObject","inLanguage":"de","@id":"https:\/\/www.cernit-world.com\/de\/#\/schema\/logo\/image\/","url":"https:\/\/www.cernit-world.com\/wp-inside\/uploads\/2023\/07\/cernit-opengraph.jpg","contentUrl":"https:\/\/www.cernit-world.com\/wp-inside\/uploads\/2023\/07\/cernit-opengraph.jpg","width":1200,"height":630,"caption":"Cernit"},"image":{"@id":"https:\/\/www.cernit-world.com\/de\/#\/schema\/logo\/image\/"},"sameAs":["https:\/\/www.facebook.com\/groups\/cernitconnectspeople\/?locale=fr_FR"]}]}},"_links":{"self":[{"href":"https:\/\/www.cernit-world.com\/de\/wp-json\/wp\/v2\/product\/8195","targetHints":{"allow":["GET"]}}],"collection":[{"href":"https:\/\/www.cernit-world.com\/de\/wp-json\/wp\/v2\/product"}],"about":[{"href":"https:\/\/www.cernit-world.com\/de\/wp-json\/wp\/v2\/types\/product"}],"wp:featuredmedia":[{"embeddable":true,"href":"https:\/\/www.cernit-world.com\/de\/wp-json\/wp\/v2\/media\/24500"}],"wp:attachment":[{"href":"https:\/\/www.cernit-world.com\/de\/wp-json\/wp\/v2\/media?parent=8195"}],"wp:term":[{"taxonomy":"product_brand","embeddable":true,"href":"https:\/\/www.cernit-world.com\/de\/wp-json\/wp\/v2\/product_brand?post=8195"},{"taxonomy":"product_cat","embeddable":true,"href":"https:\/\/www.cernit-world.com\/de\/wp-json\/wp\/v2\/product_cat?post=8195"},{"taxonomy":"product_tag","embeddable":true,"href":"https:\/\/www.cernit-world.com\/de\/wp-json\/wp\/v2\/product_tag?post=8195"}],"curies":[{"name":"wp","href":"https:\/\/api.w.org\/{rel}","templated":true}]}}