{"id":26047,"date":"2025-01-22T16:46:24","date_gmt":"2025-01-22T15:46:24","guid":{"rendered":"https:\/\/www.cernit-world.com\/produit\/assortiment-12-mini-pains-25g-nature\/"},"modified":"2025-01-29T15:13:28","modified_gmt":"2025-01-29T14:13:28","slug":"assortiment-12-mini-pains-25g-nature","status":"publish","type":"product","link":"https:\/\/www.cernit-world.com\/de\/produkt\/assortiment-12-mini-pains-25g-nature\/","title":{"rendered":"Cernit 12 Minibl\u00f6cke 25g Nature"},"content":{"rendered":"<p><strong>NUMBER ONE<\/strong>: Modelliermasse zum Backen (Polymer). Nach dem Brennen v\u00f6llig undurchsichtig. Keine Ver\u00e4nderung des Farbtons. Die Palette Number One ist f\u00fcr alle Techniken geeignet. Mit ihr lassen sich Abstufungen oder strenge Abgrenzungen zwischen mehreren Farbt\u00f6nen herstellen.<br \/>\n<strong>OPALINE<\/strong>: Modelliermasse zum Backen (Polymer). Nach dem Brennen halbopak. Verleiht allen Kreationen Relief und Tiefe. NATURE: Modelliermasse zum Backen (Polymer). Vollst\u00e4ndig undurchsichtig nach dem Brennen. Bildet nat\u00fcrliche Materialien wie Granit, Basalt und Terrakotta perfekt nach.<br \/>\n<strong>BACKEN<\/strong>: Die Knete bei 110 \u00b0C (230 \u00b0F) bis 130 \u00b0C (266 \u00b0F) in einem herk\u00f6mmlichen Ofen bis zu 30 Minuten lang backen. Ist beim Backen geruchlos. Wird nicht rissig. Nicht in der Mikrowelle verwenden. Nach dem Backen ist der Teig hart, kann aber noch bearbeitet (geschliffen, bemalt usw.) werden. EIGENSCHAFTEN: Trocknet nicht aus. Nach dem Kochen ist der Teig v\u00f6llig fest, bleibt aber flexibel. Die Paste ist geruchlos, l\u00e4sst sich angenehm verarbeiten und bleibt unbegrenzt formbar. Sie f\u00e4rbt weder auf die H\u00e4nde noch auf die Werkzeuge ab. Alle Farben k\u00f6nnen gemischt werden, um den gew\u00fcnschten Farbton zu erhalten. Ist vegan.<br \/>\n<strong>ANWENDUNGEN<\/strong>: Ideal zum Herstellen von Schmuck, Reproduktionen, Miniaturen, Figuren usw. Die Paste immer mit sauberen H\u00e4nden auf einer zuvor gereinigten Oberfl\u00e4che verarbeiten. Kneten Sie die Paste, um sie vor der Weiterverarbeitung geschmeidig zu machen. Er kann geschnitzt, geformt, bedruckt oder mit anderen Materialien wie Steinen, Perlen, Federn verwendet werden. Es besteht die M\u00f6glichkeit, vor dem Backen Zusatzstoffe wie Glitzer, Alkoholtinte usw. in das Innere des Teigs zu geben.<br \/>\n<strong>GEWICHT<\/strong>: 56 g.<br \/>\n<strong>HERSTELLUNG<\/strong>: Alle Cernit-Knetmassen zum Backen werden in Belgien in der N\u00e4he von L\u00fcttich hergestellt.<\/p>\n","protected":false},"excerpt":{"rendered":"<p>Sortiment an Polymer-Modelliermassen zum Backen . Die Knete bei 110\u00b0C (230\u00b0F) bis 130\u00b0C (266\u00b0F) in einem herk\u00f6mmlichen Backofen f\u00fcr max. 30min backen. Geruchlos beim Backen. Wird nicht rissig.<\/p>\n","protected":false},"featured_media":22955,"template":"","meta":{"_acf_changed":false},"product_brand":[],"product_cat":[1161,253],"product_tag":[],"class_list":{"0":"post-26047","1":"product","2":"type-product","3":"status-publish","4":"has-post-thumbnail","6":"product_cat-assortiments-de-pates-de","7":"product_cat-polymermasse","8":"wp-sticky","9":"summaryproductshop","11":"first","12":"instock","13":"shipping-taxable","14":"product-type-simple"},"acf":[],"yoast_head":"<!-- This site is optimized with the Yoast SEO plugin v27.4 - https:\/\/yoast.com\/product\/yoast-seo-wordpress\/ -->\n<title>Cernit 12 Minibl\u00f6cke 25g Nature | Cernit<\/title>\n<meta name=\"robots\" content=\"index, follow, max-snippet:-1, max-image-preview:large, max-video-preview:-1\" \/>\n<link rel=\"canonical\" href=\"https:\/\/www.cernit-world.com\/de\/produkt\/assortiment-12-mini-pains-25g-nature\/\" \/>\n<meta property=\"og:locale\" content=\"de_DE\" \/>\n<meta property=\"og:type\" content=\"article\" \/>\n<meta property=\"og:title\" content=\"Cernit 12 Minibl\u00f6cke 25g Nature | Cernit\" \/>\n<meta property=\"og:description\" content=\"Sortiment an Polymer-Modelliermassen zum Backen . Die Knete bei 110\u00b0C (230\u00b0F) bis 130\u00b0C (266\u00b0F) in einem herk\u00f6mmlichen Backofen f\u00fcr max. 30min backen. Geruchlos beim Backen. Wird nicht rissig.\" \/>\n<meta property=\"og:url\" content=\"https:\/\/www.cernit-world.com\/de\/produkt\/assortiment-12-mini-pains-25g-nature\/\" \/>\n<meta property=\"og:site_name\" content=\"Cernit\" \/>\n<meta property=\"article:publisher\" content=\"https:\/\/www.facebook.com\/groups\/cernitconnectspeople\/?locale=fr_FR\" \/>\n<meta property=\"article:modified_time\" content=\"2025-01-29T14:13:28+00:00\" \/>\n<meta property=\"og:image\" content=\"https:\/\/www.cernit-world.com\/wp-inside\/uploads\/2025\/01\/ceass004c_1.jpg\" \/>\n\t<meta property=\"og:image:width\" content=\"2000\" \/>\n\t<meta property=\"og:image:height\" content=\"2000\" \/>\n\t<meta property=\"og:image:type\" content=\"image\/jpeg\" \/>\n<meta name=\"twitter:card\" content=\"summary_large_image\" \/>\n<meta name=\"twitter:label1\" content=\"Gesch\u00e4tzte Lesezeit\" \/>\n\t<meta name=\"twitter:data1\" content=\"1\u00a0Minute\" \/>\n<script type=\"application\/ld+json\" class=\"yoast-schema-graph\">{\"@context\":\"https:\\\/\\\/schema.org\",\"@graph\":[{\"@type\":\"WebPage\",\"@id\":\"https:\\\/\\\/www.cernit-world.com\\\/de\\\/produkt\\\/assortiment-12-mini-pains-25g-nature\\\/\",\"url\":\"https:\\\/\\\/www.cernit-world.com\\\/de\\\/produkt\\\/assortiment-12-mini-pains-25g-nature\\\/\",\"name\":\"Cernit 12 Minibl\u00f6cke 25g Nature\",\"isPartOf\":{\"@id\":\"https:\\\/\\\/www.cernit-world.com\\\/de\\\/#website\"},\"primaryImageOfPage\":{\"@id\":\"https:\\\/\\\/www.cernit-world.com\\\/de\\\/produkt\\\/assortiment-12-mini-pains-25g-nature\\\/#primaryimage\"},\"image\":{\"@id\":\"https:\\\/\\\/www.cernit-world.com\\\/de\\\/produkt\\\/assortiment-12-mini-pains-25g-nature\\\/#primaryimage\"},\"thumbnailUrl\":\"https:\\\/\\\/www.cernit-world.com\\\/wp-inside\\\/uploads\\\/2025\\\/01\\\/ceass004c_1.jpg\",\"datePublished\":\"2025-01-22T15:46:24+00:00\",\"dateModified\":\"2025-01-29T14:13:28+00:00\",\"breadcrumb\":{\"@id\":\"https:\\\/\\\/www.cernit-world.com\\\/de\\\/produkt\\\/assortiment-12-mini-pains-25g-nature\\\/#breadcrumb\"},\"inLanguage\":\"de\",\"potentialAction\":[{\"@type\":\"ReadAction\",\"target\":[\"https:\\\/\\\/www.cernit-world.com\\\/de\\\/produkt\\\/assortiment-12-mini-pains-25g-nature\\\/\"]}]},{\"@type\":\"ImageObject\",\"inLanguage\":\"de\",\"@id\":\"https:\\\/\\\/www.cernit-world.com\\\/de\\\/produkt\\\/assortiment-12-mini-pains-25g-nature\\\/#primaryimage\",\"url\":\"https:\\\/\\\/www.cernit-world.com\\\/wp-inside\\\/uploads\\\/2025\\\/01\\\/ceass004c_1.jpg\",\"contentUrl\":\"https:\\\/\\\/www.cernit-world.com\\\/wp-inside\\\/uploads\\\/2025\\\/01\\\/ceass004c_1.jpg\",\"width\":2000,\"height\":2000,\"caption\":\"Assortiment 12 mini pains 25g Nature\"},{\"@type\":\"BreadcrumbList\",\"@id\":\"https:\\\/\\\/www.cernit-world.com\\\/de\\\/produkt\\\/assortiment-12-mini-pains-25g-nature\\\/#breadcrumb\",\"itemListElement\":[{\"@type\":\"ListItem\",\"position\":1,\"name\":\"Startseite\",\"item\":\"https:\\\/\\\/www.cernit-world.com\\\/de\\\/\"},{\"@type\":\"ListItem\",\"position\":2,\"name\":\"Shop\",\"item\":\"https:\\\/\\\/www.cernit-world.com\\\/de\\\/shop\\\/\"},{\"@type\":\"ListItem\",\"position\":3,\"name\":\"Polymermasse\",\"item\":\"https:\\\/\\\/www.cernit-world.com\\\/de\\\/produkt-kategorie\\\/polymermasse\\\/\"},{\"@type\":\"ListItem\",\"position\":4,\"name\":\"Assortiments de p\u00e2tes\",\"item\":\"https:\\\/\\\/www.cernit-world.com\\\/de\\\/produkt-kategorie\\\/assortiments-de-pates-de\\\/\"},{\"@type\":\"ListItem\",\"position\":5,\"name\":\"Cernit 12 Minibl\u00f6cke 25g Nature\"}]},{\"@type\":\"WebSite\",\"@id\":\"https:\\\/\\\/www.cernit-world.com\\\/de\\\/#website\",\"url\":\"https:\\\/\\\/www.cernit-world.com\\\/de\\\/\",\"name\":\"Cernit\",\"description\":\"Une qualit\u00e9 haut de gamme pour des cr\u00e9ations premiums\",\"publisher\":{\"@id\":\"https:\\\/\\\/www.cernit-world.com\\\/de\\\/#organization\"},\"potentialAction\":[{\"@type\":\"SearchAction\",\"target\":{\"@type\":\"EntryPoint\",\"urlTemplate\":\"https:\\\/\\\/www.cernit-world.com\\\/de\\\/?s={search_term_string}\"},\"query-input\":{\"@type\":\"PropertyValueSpecification\",\"valueRequired\":true,\"valueName\":\"search_term_string\"}}],\"inLanguage\":\"de\"},{\"@type\":\"Organization\",\"@id\":\"https:\\\/\\\/www.cernit-world.com\\\/de\\\/#organization\",\"name\":\"Cernit\",\"url\":\"https:\\\/\\\/www.cernit-world.com\\\/de\\\/\",\"logo\":{\"@type\":\"ImageObject\",\"inLanguage\":\"de\",\"@id\":\"https:\\\/\\\/www.cernit-world.com\\\/de\\\/#\\\/schema\\\/logo\\\/image\\\/\",\"url\":\"https:\\\/\\\/www.cernit-world.com\\\/wp-inside\\\/uploads\\\/2023\\\/07\\\/cernit-opengraph.jpg\",\"contentUrl\":\"https:\\\/\\\/www.cernit-world.com\\\/wp-inside\\\/uploads\\\/2023\\\/07\\\/cernit-opengraph.jpg\",\"width\":1200,\"height\":630,\"caption\":\"Cernit\"},\"image\":{\"@id\":\"https:\\\/\\\/www.cernit-world.com\\\/de\\\/#\\\/schema\\\/logo\\\/image\\\/\"},\"sameAs\":[\"https:\\\/\\\/www.facebook.com\\\/groups\\\/cernitconnectspeople\\\/?locale=fr_FR\"]}]}<\/script>\n<!-- \/ Yoast SEO plugin. -->","yoast_head_json":{"title":"Cernit 12 Minibl\u00f6cke 25g Nature | Cernit","robots":{"index":"index","follow":"follow","max-snippet":"max-snippet:-1","max-image-preview":"max-image-preview:large","max-video-preview":"max-video-preview:-1"},"canonical":"https:\/\/www.cernit-world.com\/de\/produkt\/assortiment-12-mini-pains-25g-nature\/","og_locale":"de_DE","og_type":"article","og_title":"Cernit 12 Minibl\u00f6cke 25g Nature | Cernit","og_description":"Sortiment an Polymer-Modelliermassen zum Backen . Die Knete bei 110\u00b0C (230\u00b0F) bis 130\u00b0C (266\u00b0F) in einem herk\u00f6mmlichen Backofen f\u00fcr max. 30min backen. Geruchlos beim Backen. Wird nicht rissig.","og_url":"https:\/\/www.cernit-world.com\/de\/produkt\/assortiment-12-mini-pains-25g-nature\/","og_site_name":"Cernit","article_publisher":"https:\/\/www.facebook.com\/groups\/cernitconnectspeople\/?locale=fr_FR","article_modified_time":"2025-01-29T14:13:28+00:00","og_image":[{"width":2000,"height":2000,"url":"https:\/\/www.cernit-world.com\/wp-inside\/uploads\/2025\/01\/ceass004c_1.jpg","type":"image\/jpeg"}],"twitter_card":"summary_large_image","twitter_misc":{"Gesch\u00e4tzte Lesezeit":"1\u00a0Minute"},"schema":{"@context":"https:\/\/schema.org","@graph":[{"@type":"WebPage","@id":"https:\/\/www.cernit-world.com\/de\/produkt\/assortiment-12-mini-pains-25g-nature\/","url":"https:\/\/www.cernit-world.com\/de\/produkt\/assortiment-12-mini-pains-25g-nature\/","name":"Cernit 12 Minibl\u00f6cke 25g Nature","isPartOf":{"@id":"https:\/\/www.cernit-world.com\/de\/#website"},"primaryImageOfPage":{"@id":"https:\/\/www.cernit-world.com\/de\/produkt\/assortiment-12-mini-pains-25g-nature\/#primaryimage"},"image":{"@id":"https:\/\/www.cernit-world.com\/de\/produkt\/assortiment-12-mini-pains-25g-nature\/#primaryimage"},"thumbnailUrl":"https:\/\/www.cernit-world.com\/wp-inside\/uploads\/2025\/01\/ceass004c_1.jpg","datePublished":"2025-01-22T15:46:24+00:00","dateModified":"2025-01-29T14:13:28+00:00","breadcrumb":{"@id":"https:\/\/www.cernit-world.com\/de\/produkt\/assortiment-12-mini-pains-25g-nature\/#breadcrumb"},"inLanguage":"de","potentialAction":[{"@type":"ReadAction","target":["https:\/\/www.cernit-world.com\/de\/produkt\/assortiment-12-mini-pains-25g-nature\/"]}]},{"@type":"ImageObject","inLanguage":"de","@id":"https:\/\/www.cernit-world.com\/de\/produkt\/assortiment-12-mini-pains-25g-nature\/#primaryimage","url":"https:\/\/www.cernit-world.com\/wp-inside\/uploads\/2025\/01\/ceass004c_1.jpg","contentUrl":"https:\/\/www.cernit-world.com\/wp-inside\/uploads\/2025\/01\/ceass004c_1.jpg","width":2000,"height":2000,"caption":"Assortiment 12 mini pains 25g Nature"},{"@type":"BreadcrumbList","@id":"https:\/\/www.cernit-world.com\/de\/produkt\/assortiment-12-mini-pains-25g-nature\/#breadcrumb","itemListElement":[{"@type":"ListItem","position":1,"name":"Startseite","item":"https:\/\/www.cernit-world.com\/de\/"},{"@type":"ListItem","position":2,"name":"Shop","item":"https:\/\/www.cernit-world.com\/de\/shop\/"},{"@type":"ListItem","position":3,"name":"Polymermasse","item":"https:\/\/www.cernit-world.com\/de\/produkt-kategorie\/polymermasse\/"},{"@type":"ListItem","position":4,"name":"Assortiments de p\u00e2tes","item":"https:\/\/www.cernit-world.com\/de\/produkt-kategorie\/assortiments-de-pates-de\/"},{"@type":"ListItem","position":5,"name":"Cernit 12 Minibl\u00f6cke 25g Nature"}]},{"@type":"WebSite","@id":"https:\/\/www.cernit-world.com\/de\/#website","url":"https:\/\/www.cernit-world.com\/de\/","name":"Cernit","description":"Une qualit\u00e9 haut de gamme pour des cr\u00e9ations premiums","publisher":{"@id":"https:\/\/www.cernit-world.com\/de\/#organization"},"potentialAction":[{"@type":"SearchAction","target":{"@type":"EntryPoint","urlTemplate":"https:\/\/www.cernit-world.com\/de\/?s={search_term_string}"},"query-input":{"@type":"PropertyValueSpecification","valueRequired":true,"valueName":"search_term_string"}}],"inLanguage":"de"},{"@type":"Organization","@id":"https:\/\/www.cernit-world.com\/de\/#organization","name":"Cernit","url":"https:\/\/www.cernit-world.com\/de\/","logo":{"@type":"ImageObject","inLanguage":"de","@id":"https:\/\/www.cernit-world.com\/de\/#\/schema\/logo\/image\/","url":"https:\/\/www.cernit-world.com\/wp-inside\/uploads\/2023\/07\/cernit-opengraph.jpg","contentUrl":"https:\/\/www.cernit-world.com\/wp-inside\/uploads\/2023\/07\/cernit-opengraph.jpg","width":1200,"height":630,"caption":"Cernit"},"image":{"@id":"https:\/\/www.cernit-world.com\/de\/#\/schema\/logo\/image\/"},"sameAs":["https:\/\/www.facebook.com\/groups\/cernitconnectspeople\/?locale=fr_FR"]}]}},"_links":{"self":[{"href":"https:\/\/www.cernit-world.com\/de\/wp-json\/wp\/v2\/product\/26047","targetHints":{"allow":["GET"]}}],"collection":[{"href":"https:\/\/www.cernit-world.com\/de\/wp-json\/wp\/v2\/product"}],"about":[{"href":"https:\/\/www.cernit-world.com\/de\/wp-json\/wp\/v2\/types\/product"}],"wp:featuredmedia":[{"embeddable":true,"href":"https:\/\/www.cernit-world.com\/de\/wp-json\/wp\/v2\/media\/22955"}],"wp:attachment":[{"href":"https:\/\/www.cernit-world.com\/de\/wp-json\/wp\/v2\/media?parent=26047"}],"wp:term":[{"taxonomy":"product_brand","embeddable":true,"href":"https:\/\/www.cernit-world.com\/de\/wp-json\/wp\/v2\/product_brand?post=26047"},{"taxonomy":"product_cat","embeddable":true,"href":"https:\/\/www.cernit-world.com\/de\/wp-json\/wp\/v2\/product_cat?post=26047"},{"taxonomy":"product_tag","embeddable":true,"href":"https:\/\/www.cernit-world.com\/de\/wp-json\/wp\/v2\/product_tag?post=26047"}],"curies":[{"name":"wp","href":"https:\/\/api.w.org\/{rel}","templated":true}]}}