{"id":26021,"date":"2025-01-22T14:27:23","date_gmt":"2025-01-22T13:27:23","guid":{"rendered":"https:\/\/www.cernit-world.com\/produit\/pack-10-feuilles-metallisees-cuivrees\/"},"modified":"2025-01-29T14:38:05","modified_gmt":"2025-01-29T13:38:05","slug":"pack-10-feuilles-metallisees-cuivrees","status":"publish","type":"product","link":"https:\/\/www.cernit-world.com\/de\/produkt\/pack-10-feuilles-metallisees-cuivrees\/","title":{"rendered":"Packungen mit 10 Metalisierten Bl\u00e4ttern, Kupfer"},"content":{"rendered":"<p><strong>EIGENSCHAFTEN<\/strong>: Packungen mit 10 kupferfarbenen Metallfolien.<br \/>\n<strong>ANWENDUNGEN<\/strong>: Mit Metallic-Folien bestreut sehen Ihre Kreationen aus Polymerpaste noch eleganter und raffinierter aus. Sie lassen sich leicht in die Polymermasse (oder ein anderes Material) einr\u00fchren, und der Glanz bleibt auch nach dem Brennen erhalten.<br \/>\n<strong>MATERIAL<\/strong>: Kupferfarbene metallisierte Folie.<br \/>\n<strong>FORMAT<\/strong>: 1 x 12 x 15 cm<\/p>\n","protected":false},"excerpt":{"rendered":"<p>Mit Metallfolie bestreuen, die Kreationen werden noch eleganter und raffinierter. Leicht mit Polymerpaste oder anderen Materialien zu mischen.<\/p>\n","protected":false},"featured_media":22720,"template":"","meta":{"_acf_changed":false},"product_brand":[],"product_cat":[1154,262],"product_tag":[],"class_list":{"0":"post-26021","1":"product","2":"type-product","3":"status-publish","4":"has-post-thumbnail","6":"product_cat-feuilles-metalisees-de","7":"product_cat-hilfsmittel","8":"wp-sticky","9":"summaryproductshop","11":"first","12":"instock","13":"shipping-taxable","14":"product-type-simple"},"acf":[],"yoast_head":"<!-- This site is optimized with the Yoast SEO plugin v27.5 - https:\/\/yoast.com\/product\/yoast-seo-wordpress\/ -->\n<title>Packungen mit 10 Metalisierten Bl\u00e4ttern, Kupfer | Cernit<\/title>\n<meta name=\"robots\" content=\"index, follow, max-snippet:-1, max-image-preview:large, max-video-preview:-1\" \/>\n<link rel=\"canonical\" href=\"https:\/\/www.cernit-world.com\/de\/produkt\/pack-10-feuilles-metallisees-cuivrees\/\" \/>\n<meta property=\"og:locale\" content=\"de_DE\" \/>\n<meta property=\"og:type\" content=\"article\" \/>\n<meta property=\"og:title\" content=\"Packungen mit 10 Metalisierten Bl\u00e4ttern, Kupfer | Cernit\" \/>\n<meta property=\"og:description\" content=\"Mit Metallfolie bestreuen, die Kreationen werden noch eleganter und raffinierter. Leicht mit Polymerpaste oder anderen Materialien zu mischen.\" \/>\n<meta property=\"og:url\" content=\"https:\/\/www.cernit-world.com\/de\/produkt\/pack-10-feuilles-metallisees-cuivrees\/\" \/>\n<meta property=\"og:site_name\" content=\"Cernit\" \/>\n<meta property=\"article:publisher\" content=\"https:\/\/www.facebook.com\/groups\/cernitconnectspeople\/?locale=fr_FR\" \/>\n<meta property=\"article:modified_time\" content=\"2025-01-29T13:38:05+00:00\" \/>\n<meta property=\"og:image\" content=\"https:\/\/www.cernit-world.com\/wp-inside\/uploads\/2025\/01\/1500x1500-md-ce923c_fac.jpg\" \/>\n\t<meta property=\"og:image:width\" content=\"1500\" \/>\n\t<meta property=\"og:image:height\" content=\"1500\" \/>\n\t<meta property=\"og:image:type\" content=\"image\/jpeg\" \/>\n<meta name=\"twitter:card\" content=\"summary_large_image\" \/>\n<script type=\"application\/ld+json\" class=\"yoast-schema-graph\">{\"@context\":\"https:\\\/\\\/schema.org\",\"@graph\":[{\"@type\":\"WebPage\",\"@id\":\"https:\\\/\\\/www.cernit-world.com\\\/de\\\/produkt\\\/pack-10-feuilles-metallisees-cuivrees\\\/\",\"url\":\"https:\\\/\\\/www.cernit-world.com\\\/de\\\/produkt\\\/pack-10-feuilles-metallisees-cuivrees\\\/\",\"name\":\"Packungen mit 10 Metalisierten Bl\u00e4ttern, Kupfer\",\"isPartOf\":{\"@id\":\"https:\\\/\\\/www.cernit-world.com\\\/de\\\/#website\"},\"primaryImageOfPage\":{\"@id\":\"https:\\\/\\\/www.cernit-world.com\\\/de\\\/produkt\\\/pack-10-feuilles-metallisees-cuivrees\\\/#primaryimage\"},\"image\":{\"@id\":\"https:\\\/\\\/www.cernit-world.com\\\/de\\\/produkt\\\/pack-10-feuilles-metallisees-cuivrees\\\/#primaryimage\"},\"thumbnailUrl\":\"https:\\\/\\\/www.cernit-world.com\\\/wp-inside\\\/uploads\\\/2025\\\/01\\\/1500x1500-md-ce923c_fac.jpg\",\"datePublished\":\"2025-01-22T13:27:23+00:00\",\"dateModified\":\"2025-01-29T13:38:05+00:00\",\"breadcrumb\":{\"@id\":\"https:\\\/\\\/www.cernit-world.com\\\/de\\\/produkt\\\/pack-10-feuilles-metallisees-cuivrees\\\/#breadcrumb\"},\"inLanguage\":\"de\",\"potentialAction\":[{\"@type\":\"ReadAction\",\"target\":[\"https:\\\/\\\/www.cernit-world.com\\\/de\\\/produkt\\\/pack-10-feuilles-metallisees-cuivrees\\\/\"]}]},{\"@type\":\"ImageObject\",\"inLanguage\":\"de\",\"@id\":\"https:\\\/\\\/www.cernit-world.com\\\/de\\\/produkt\\\/pack-10-feuilles-metallisees-cuivrees\\\/#primaryimage\",\"url\":\"https:\\\/\\\/www.cernit-world.com\\\/wp-inside\\\/uploads\\\/2025\\\/01\\\/1500x1500-md-ce923c_fac.jpg\",\"contentUrl\":\"https:\\\/\\\/www.cernit-world.com\\\/wp-inside\\\/uploads\\\/2025\\\/01\\\/1500x1500-md-ce923c_fac.jpg\",\"width\":1500,\"height\":1500,\"caption\":\"Pack 10 feuilles m\u00e9tallis\u00e9es - cuivr\u00e9es\"},{\"@type\":\"BreadcrumbList\",\"@id\":\"https:\\\/\\\/www.cernit-world.com\\\/de\\\/produkt\\\/pack-10-feuilles-metallisees-cuivrees\\\/#breadcrumb\",\"itemListElement\":[{\"@type\":\"ListItem\",\"position\":1,\"name\":\"Startseite\",\"item\":\"https:\\\/\\\/www.cernit-world.com\\\/de\\\/\"},{\"@type\":\"ListItem\",\"position\":2,\"name\":\"Shop\",\"item\":\"https:\\\/\\\/www.cernit-world.com\\\/de\\\/shop\\\/\"},{\"@type\":\"ListItem\",\"position\":3,\"name\":\"Hilfsmittel\",\"item\":\"https:\\\/\\\/www.cernit-world.com\\\/de\\\/produkt-kategorie\\\/hilfsmittel\\\/\"},{\"@type\":\"ListItem\",\"position\":4,\"name\":\"Packungen mit 10 Metalisierten Bl\u00e4ttern, Kupfer\"}]},{\"@type\":\"WebSite\",\"@id\":\"https:\\\/\\\/www.cernit-world.com\\\/de\\\/#website\",\"url\":\"https:\\\/\\\/www.cernit-world.com\\\/de\\\/\",\"name\":\"Cernit\",\"description\":\"Une qualit\u00e9 haut de gamme pour des cr\u00e9ations premiums\",\"publisher\":{\"@id\":\"https:\\\/\\\/www.cernit-world.com\\\/de\\\/#organization\"},\"potentialAction\":[{\"@type\":\"SearchAction\",\"target\":{\"@type\":\"EntryPoint\",\"urlTemplate\":\"https:\\\/\\\/www.cernit-world.com\\\/de\\\/?s={search_term_string}\"},\"query-input\":{\"@type\":\"PropertyValueSpecification\",\"valueRequired\":true,\"valueName\":\"search_term_string\"}}],\"inLanguage\":\"de\"},{\"@type\":\"Organization\",\"@id\":\"https:\\\/\\\/www.cernit-world.com\\\/de\\\/#organization\",\"name\":\"Cernit\",\"url\":\"https:\\\/\\\/www.cernit-world.com\\\/de\\\/\",\"logo\":{\"@type\":\"ImageObject\",\"inLanguage\":\"de\",\"@id\":\"https:\\\/\\\/www.cernit-world.com\\\/de\\\/#\\\/schema\\\/logo\\\/image\\\/\",\"url\":\"https:\\\/\\\/www.cernit-world.com\\\/wp-inside\\\/uploads\\\/2023\\\/07\\\/cernit-opengraph.jpg\",\"contentUrl\":\"https:\\\/\\\/www.cernit-world.com\\\/wp-inside\\\/uploads\\\/2023\\\/07\\\/cernit-opengraph.jpg\",\"width\":1200,\"height\":630,\"caption\":\"Cernit\"},\"image\":{\"@id\":\"https:\\\/\\\/www.cernit-world.com\\\/de\\\/#\\\/schema\\\/logo\\\/image\\\/\"},\"sameAs\":[\"https:\\\/\\\/www.facebook.com\\\/groups\\\/cernitconnectspeople\\\/?locale=fr_FR\"]}]}<\/script>\n<!-- \/ Yoast SEO plugin. -->","yoast_head_json":{"title":"Packungen mit 10 Metalisierten Bl\u00e4ttern, Kupfer | Cernit","robots":{"index":"index","follow":"follow","max-snippet":"max-snippet:-1","max-image-preview":"max-image-preview:large","max-video-preview":"max-video-preview:-1"},"canonical":"https:\/\/www.cernit-world.com\/de\/produkt\/pack-10-feuilles-metallisees-cuivrees\/","og_locale":"de_DE","og_type":"article","og_title":"Packungen mit 10 Metalisierten Bl\u00e4ttern, Kupfer | Cernit","og_description":"Mit Metallfolie bestreuen, die Kreationen werden noch eleganter und raffinierter. Leicht mit Polymerpaste oder anderen Materialien zu mischen.","og_url":"https:\/\/www.cernit-world.com\/de\/produkt\/pack-10-feuilles-metallisees-cuivrees\/","og_site_name":"Cernit","article_publisher":"https:\/\/www.facebook.com\/groups\/cernitconnectspeople\/?locale=fr_FR","article_modified_time":"2025-01-29T13:38:05+00:00","og_image":[{"width":1500,"height":1500,"url":"https:\/\/www.cernit-world.com\/wp-inside\/uploads\/2025\/01\/1500x1500-md-ce923c_fac.jpg","type":"image\/jpeg"}],"twitter_card":"summary_large_image","schema":{"@context":"https:\/\/schema.org","@graph":[{"@type":"WebPage","@id":"https:\/\/www.cernit-world.com\/de\/produkt\/pack-10-feuilles-metallisees-cuivrees\/","url":"https:\/\/www.cernit-world.com\/de\/produkt\/pack-10-feuilles-metallisees-cuivrees\/","name":"Packungen mit 10 Metalisierten Bl\u00e4ttern, Kupfer","isPartOf":{"@id":"https:\/\/www.cernit-world.com\/de\/#website"},"primaryImageOfPage":{"@id":"https:\/\/www.cernit-world.com\/de\/produkt\/pack-10-feuilles-metallisees-cuivrees\/#primaryimage"},"image":{"@id":"https:\/\/www.cernit-world.com\/de\/produkt\/pack-10-feuilles-metallisees-cuivrees\/#primaryimage"},"thumbnailUrl":"https:\/\/www.cernit-world.com\/wp-inside\/uploads\/2025\/01\/1500x1500-md-ce923c_fac.jpg","datePublished":"2025-01-22T13:27:23+00:00","dateModified":"2025-01-29T13:38:05+00:00","breadcrumb":{"@id":"https:\/\/www.cernit-world.com\/de\/produkt\/pack-10-feuilles-metallisees-cuivrees\/#breadcrumb"},"inLanguage":"de","potentialAction":[{"@type":"ReadAction","target":["https:\/\/www.cernit-world.com\/de\/produkt\/pack-10-feuilles-metallisees-cuivrees\/"]}]},{"@type":"ImageObject","inLanguage":"de","@id":"https:\/\/www.cernit-world.com\/de\/produkt\/pack-10-feuilles-metallisees-cuivrees\/#primaryimage","url":"https:\/\/www.cernit-world.com\/wp-inside\/uploads\/2025\/01\/1500x1500-md-ce923c_fac.jpg","contentUrl":"https:\/\/www.cernit-world.com\/wp-inside\/uploads\/2025\/01\/1500x1500-md-ce923c_fac.jpg","width":1500,"height":1500,"caption":"Pack 10 feuilles m\u00e9tallis\u00e9es - cuivr\u00e9es"},{"@type":"BreadcrumbList","@id":"https:\/\/www.cernit-world.com\/de\/produkt\/pack-10-feuilles-metallisees-cuivrees\/#breadcrumb","itemListElement":[{"@type":"ListItem","position":1,"name":"Startseite","item":"https:\/\/www.cernit-world.com\/de\/"},{"@type":"ListItem","position":2,"name":"Shop","item":"https:\/\/www.cernit-world.com\/de\/shop\/"},{"@type":"ListItem","position":3,"name":"Hilfsmittel","item":"https:\/\/www.cernit-world.com\/de\/produkt-kategorie\/hilfsmittel\/"},{"@type":"ListItem","position":4,"name":"Packungen mit 10 Metalisierten Bl\u00e4ttern, Kupfer"}]},{"@type":"WebSite","@id":"https:\/\/www.cernit-world.com\/de\/#website","url":"https:\/\/www.cernit-world.com\/de\/","name":"Cernit","description":"Une qualit\u00e9 haut de gamme pour des cr\u00e9ations premiums","publisher":{"@id":"https:\/\/www.cernit-world.com\/de\/#organization"},"potentialAction":[{"@type":"SearchAction","target":{"@type":"EntryPoint","urlTemplate":"https:\/\/www.cernit-world.com\/de\/?s={search_term_string}"},"query-input":{"@type":"PropertyValueSpecification","valueRequired":true,"valueName":"search_term_string"}}],"inLanguage":"de"},{"@type":"Organization","@id":"https:\/\/www.cernit-world.com\/de\/#organization","name":"Cernit","url":"https:\/\/www.cernit-world.com\/de\/","logo":{"@type":"ImageObject","inLanguage":"de","@id":"https:\/\/www.cernit-world.com\/de\/#\/schema\/logo\/image\/","url":"https:\/\/www.cernit-world.com\/wp-inside\/uploads\/2023\/07\/cernit-opengraph.jpg","contentUrl":"https:\/\/www.cernit-world.com\/wp-inside\/uploads\/2023\/07\/cernit-opengraph.jpg","width":1200,"height":630,"caption":"Cernit"},"image":{"@id":"https:\/\/www.cernit-world.com\/de\/#\/schema\/logo\/image\/"},"sameAs":["https:\/\/www.facebook.com\/groups\/cernitconnectspeople\/?locale=fr_FR"]}]}},"_links":{"self":[{"href":"https:\/\/www.cernit-world.com\/de\/wp-json\/wp\/v2\/product\/26021","targetHints":{"allow":["GET"]}}],"collection":[{"href":"https:\/\/www.cernit-world.com\/de\/wp-json\/wp\/v2\/product"}],"about":[{"href":"https:\/\/www.cernit-world.com\/de\/wp-json\/wp\/v2\/types\/product"}],"wp:featuredmedia":[{"embeddable":true,"href":"https:\/\/www.cernit-world.com\/de\/wp-json\/wp\/v2\/media\/22720"}],"wp:attachment":[{"href":"https:\/\/www.cernit-world.com\/de\/wp-json\/wp\/v2\/media?parent=26021"}],"wp:term":[{"taxonomy":"product_brand","embeddable":true,"href":"https:\/\/www.cernit-world.com\/de\/wp-json\/wp\/v2\/product_brand?post=26021"},{"taxonomy":"product_cat","embeddable":true,"href":"https:\/\/www.cernit-world.com\/de\/wp-json\/wp\/v2\/product_cat?post=26021"},{"taxonomy":"product_tag","embeddable":true,"href":"https:\/\/www.cernit-world.com\/de\/wp-json\/wp\/v2\/product_tag?post=26021"}],"curies":[{"name":"wp","href":"https:\/\/api.w.org\/{rel}","templated":true}]}}