{"id":26011,"date":"2025-01-22T12:09:00","date_gmt":"2025-01-22T11:09:00","guid":{"rendered":"https:\/\/www.cernit-world.com\/produit\/assortiment-encre-a-alcool-couleurs-froides\/"},"modified":"2025-03-27T09:31:47","modified_gmt":"2025-03-27T08:31:47","slug":"assortiment-encre-a-alcool-couleurs-froides","status":"publish","type":"product","link":"https:\/\/www.cernit-world.com\/de\/produkt\/assortiment-encre-a-alcool-couleurs-froides\/","title":{"rendered":"Ass. Alkoholtinten &#8211; Kalte Farben"},"content":{"rendered":"<p><strong>EIGENSCHAFTEN<\/strong>: Cernit-Tinten auf Alkoholbasis sind deckend f\u00fcr Wei\u00df-, Gold-, Kupfer-, Silber- und Perlmuttfarben oder transparent f\u00fcr alle anderen Farben. Jede Tinte verf\u00fcgt \u00fcber eine leicht zu verwendende Pr\u00e4zisionsspitze. Alle Farbt\u00f6ne k\u00f6nnen untereinander gemischt werden, um eine neue Farbe zu kreieren. Die Tinte ist s\u00e4urefrei.<br \/>\n<strong>MULTI-UNTERGR\u00dcNDE<\/strong>: Vertr\u00e4glich mit Modelliermasse zum Backen (Polymer), Epoxidharz, Papier, Metall, Kunststoff, Keramik, Glas usw.<br \/>\n<strong>VERWENDUNG<\/strong>: Mit ein paar Tropfen Tinte l\u00e4sst sich eine kleine Fl\u00e4che pr\u00e4zise einf\u00e4rben.<br \/>\n<strong>TROCKNUNG<\/strong>: An der Luft schnell trocknend. Gl\u00e4nzendes Aussehen nach dem Trocknen.<br \/>\n<strong>INHALT<\/strong>: 20 ml.<br \/>\n<strong>HERSTELLUNG<\/strong>: Alle Alkoholtinten von Cernit werden in Belgien, in der N\u00e4he von L\u00fcttich, hergestellt.<br \/>\n<strong>WICHTIG<\/strong>: Es gibt im Sortiment einen Verd\u00fcnner, der die Farben verfl\u00fcssigt, und einen Reiniger, der die Werkzeuge und Arbeitsfl\u00e4chen nach der Verwendung der Tinten v\u00f6llig sauber macht.<\/p>\n<p><strong><a href=\"https:\/\/www.cernit-world.com\/wp-inside\/uploads\/2025\/03\/msds_cernit_alcohol_ink_2025-de.pdf\" target=\"_blank\" rel=\"noopener\">Sicherheitsdatenblatt<\/a>\u00a0herunterladen<\/strong><\/p>\n","protected":false},"excerpt":{"rendered":"<p>Alle Farbt\u00f6ne der Cernit Alkoholtinten k\u00f6nnen untereinander gemischt werden. Ist frei von S\u00e4uren. Trocknet schnell an der Luft.<\/p>\n","protected":false},"featured_media":22655,"template":"","meta":{"_acf_changed":false},"product_brand":[],"product_cat":[265,262],"product_tag":[],"class_list":{"0":"post-26011","1":"product","2":"type-product","3":"status-publish","4":"has-post-thumbnail","6":"product_cat-alkoholtine","7":"product_cat-hilfsmittel","8":"wp-sticky","9":"summaryproductshop","11":"first","12":"instock","13":"shipping-taxable","14":"product-type-simple"},"acf":[],"yoast_head":"<!-- This site is optimized with the Yoast SEO plugin v27.4 - https:\/\/yoast.com\/product\/yoast-seo-wordpress\/ -->\n<title>Ass. Alkoholtinten - Kalte Farben | Cernit<\/title>\n<meta name=\"robots\" content=\"index, follow, max-snippet:-1, max-image-preview:large, max-video-preview:-1\" \/>\n<link rel=\"canonical\" href=\"https:\/\/www.cernit-world.com\/de\/produkt\/assortiment-encre-a-alcool-couleurs-froides\/\" \/>\n<meta property=\"og:locale\" content=\"de_DE\" \/>\n<meta property=\"og:type\" content=\"article\" \/>\n<meta property=\"og:title\" content=\"Ass. Alkoholtinten - Kalte Farben | Cernit\" \/>\n<meta property=\"og:description\" content=\"Alle Farbt\u00f6ne der Cernit Alkoholtinten k\u00f6nnen untereinander gemischt werden. Ist frei von S\u00e4uren. Trocknet schnell an der Luft.\" \/>\n<meta property=\"og:url\" content=\"https:\/\/www.cernit-world.com\/de\/produkt\/assortiment-encre-a-alcool-couleurs-froides\/\" \/>\n<meta property=\"og:site_name\" content=\"Cernit\" \/>\n<meta property=\"article:publisher\" content=\"https:\/\/www.facebook.com\/groups\/cernitconnectspeople\/?locale=fr_FR\" \/>\n<meta property=\"article:modified_time\" content=\"2025-03-27T08:31:47+00:00\" \/>\n<meta property=\"og:image\" content=\"https:\/\/www.cernit-world.com\/wp-inside\/uploads\/2025\/01\/ceass008c_1.jpg\" \/>\n\t<meta property=\"og:image:width\" content=\"2000\" \/>\n\t<meta property=\"og:image:height\" content=\"2000\" \/>\n\t<meta property=\"og:image:type\" content=\"image\/jpeg\" \/>\n<meta name=\"twitter:card\" content=\"summary_large_image\" \/>\n<meta name=\"twitter:label1\" content=\"Gesch\u00e4tzte Lesezeit\" \/>\n\t<meta name=\"twitter:data1\" content=\"1\u00a0Minute\" \/>\n<script type=\"application\/ld+json\" class=\"yoast-schema-graph\">{\"@context\":\"https:\\\/\\\/schema.org\",\"@graph\":[{\"@type\":\"WebPage\",\"@id\":\"https:\\\/\\\/www.cernit-world.com\\\/de\\\/produkt\\\/assortiment-encre-a-alcool-couleurs-froides\\\/\",\"url\":\"https:\\\/\\\/www.cernit-world.com\\\/de\\\/produkt\\\/assortiment-encre-a-alcool-couleurs-froides\\\/\",\"name\":\"Ass. Alkoholtinten - Kalte Farben\",\"isPartOf\":{\"@id\":\"https:\\\/\\\/www.cernit-world.com\\\/de\\\/#website\"},\"primaryImageOfPage\":{\"@id\":\"https:\\\/\\\/www.cernit-world.com\\\/de\\\/produkt\\\/assortiment-encre-a-alcool-couleurs-froides\\\/#primaryimage\"},\"image\":{\"@id\":\"https:\\\/\\\/www.cernit-world.com\\\/de\\\/produkt\\\/assortiment-encre-a-alcool-couleurs-froides\\\/#primaryimage\"},\"thumbnailUrl\":\"https:\\\/\\\/www.cernit-world.com\\\/wp-inside\\\/uploads\\\/2025\\\/01\\\/ceass008c_1.jpg\",\"datePublished\":\"2025-01-22T11:09:00+00:00\",\"dateModified\":\"2025-03-27T08:31:47+00:00\",\"breadcrumb\":{\"@id\":\"https:\\\/\\\/www.cernit-world.com\\\/de\\\/produkt\\\/assortiment-encre-a-alcool-couleurs-froides\\\/#breadcrumb\"},\"inLanguage\":\"de\",\"potentialAction\":[{\"@type\":\"ReadAction\",\"target\":[\"https:\\\/\\\/www.cernit-world.com\\\/de\\\/produkt\\\/assortiment-encre-a-alcool-couleurs-froides\\\/\"]}]},{\"@type\":\"ImageObject\",\"inLanguage\":\"de\",\"@id\":\"https:\\\/\\\/www.cernit-world.com\\\/de\\\/produkt\\\/assortiment-encre-a-alcool-couleurs-froides\\\/#primaryimage\",\"url\":\"https:\\\/\\\/www.cernit-world.com\\\/wp-inside\\\/uploads\\\/2025\\\/01\\\/ceass008c_1.jpg\",\"contentUrl\":\"https:\\\/\\\/www.cernit-world.com\\\/wp-inside\\\/uploads\\\/2025\\\/01\\\/ceass008c_1.jpg\",\"width\":2000,\"height\":2000,\"caption\":\"Ass. encre \u00e0 alcool, Couleurs froides\"},{\"@type\":\"BreadcrumbList\",\"@id\":\"https:\\\/\\\/www.cernit-world.com\\\/de\\\/produkt\\\/assortiment-encre-a-alcool-couleurs-froides\\\/#breadcrumb\",\"itemListElement\":[{\"@type\":\"ListItem\",\"position\":1,\"name\":\"Startseite\",\"item\":\"https:\\\/\\\/www.cernit-world.com\\\/de\\\/\"},{\"@type\":\"ListItem\",\"position\":2,\"name\":\"Shop\",\"item\":\"https:\\\/\\\/www.cernit-world.com\\\/de\\\/shop\\\/\"},{\"@type\":\"ListItem\",\"position\":3,\"name\":\"Hilfsmittel\",\"item\":\"https:\\\/\\\/www.cernit-world.com\\\/de\\\/produkt-kategorie\\\/hilfsmittel\\\/\"},{\"@type\":\"ListItem\",\"position\":4,\"name\":\"Alkoholtine\",\"item\":\"https:\\\/\\\/www.cernit-world.com\\\/de\\\/produkt-kategorie\\\/hilfsmittel\\\/alkoholtine\\\/\"},{\"@type\":\"ListItem\",\"position\":5,\"name\":\"Ass. Alkoholtinten &#8211; Kalte Farben\"}]},{\"@type\":\"WebSite\",\"@id\":\"https:\\\/\\\/www.cernit-world.com\\\/de\\\/#website\",\"url\":\"https:\\\/\\\/www.cernit-world.com\\\/de\\\/\",\"name\":\"Cernit\",\"description\":\"Une qualit\u00e9 haut de gamme pour des cr\u00e9ations premiums\",\"publisher\":{\"@id\":\"https:\\\/\\\/www.cernit-world.com\\\/de\\\/#organization\"},\"potentialAction\":[{\"@type\":\"SearchAction\",\"target\":{\"@type\":\"EntryPoint\",\"urlTemplate\":\"https:\\\/\\\/www.cernit-world.com\\\/de\\\/?s={search_term_string}\"},\"query-input\":{\"@type\":\"PropertyValueSpecification\",\"valueRequired\":true,\"valueName\":\"search_term_string\"}}],\"inLanguage\":\"de\"},{\"@type\":\"Organization\",\"@id\":\"https:\\\/\\\/www.cernit-world.com\\\/de\\\/#organization\",\"name\":\"Cernit\",\"url\":\"https:\\\/\\\/www.cernit-world.com\\\/de\\\/\",\"logo\":{\"@type\":\"ImageObject\",\"inLanguage\":\"de\",\"@id\":\"https:\\\/\\\/www.cernit-world.com\\\/de\\\/#\\\/schema\\\/logo\\\/image\\\/\",\"url\":\"https:\\\/\\\/www.cernit-world.com\\\/wp-inside\\\/uploads\\\/2023\\\/07\\\/cernit-opengraph.jpg\",\"contentUrl\":\"https:\\\/\\\/www.cernit-world.com\\\/wp-inside\\\/uploads\\\/2023\\\/07\\\/cernit-opengraph.jpg\",\"width\":1200,\"height\":630,\"caption\":\"Cernit\"},\"image\":{\"@id\":\"https:\\\/\\\/www.cernit-world.com\\\/de\\\/#\\\/schema\\\/logo\\\/image\\\/\"},\"sameAs\":[\"https:\\\/\\\/www.facebook.com\\\/groups\\\/cernitconnectspeople\\\/?locale=fr_FR\"]}]}<\/script>\n<!-- \/ Yoast SEO plugin. -->","yoast_head_json":{"title":"Ass. Alkoholtinten - Kalte Farben | Cernit","robots":{"index":"index","follow":"follow","max-snippet":"max-snippet:-1","max-image-preview":"max-image-preview:large","max-video-preview":"max-video-preview:-1"},"canonical":"https:\/\/www.cernit-world.com\/de\/produkt\/assortiment-encre-a-alcool-couleurs-froides\/","og_locale":"de_DE","og_type":"article","og_title":"Ass. Alkoholtinten - Kalte Farben | Cernit","og_description":"Alle Farbt\u00f6ne der Cernit Alkoholtinten k\u00f6nnen untereinander gemischt werden. Ist frei von S\u00e4uren. Trocknet schnell an der Luft.","og_url":"https:\/\/www.cernit-world.com\/de\/produkt\/assortiment-encre-a-alcool-couleurs-froides\/","og_site_name":"Cernit","article_publisher":"https:\/\/www.facebook.com\/groups\/cernitconnectspeople\/?locale=fr_FR","article_modified_time":"2025-03-27T08:31:47+00:00","og_image":[{"width":2000,"height":2000,"url":"https:\/\/www.cernit-world.com\/wp-inside\/uploads\/2025\/01\/ceass008c_1.jpg","type":"image\/jpeg"}],"twitter_card":"summary_large_image","twitter_misc":{"Gesch\u00e4tzte Lesezeit":"1\u00a0Minute"},"schema":{"@context":"https:\/\/schema.org","@graph":[{"@type":"WebPage","@id":"https:\/\/www.cernit-world.com\/de\/produkt\/assortiment-encre-a-alcool-couleurs-froides\/","url":"https:\/\/www.cernit-world.com\/de\/produkt\/assortiment-encre-a-alcool-couleurs-froides\/","name":"Ass. Alkoholtinten - Kalte Farben","isPartOf":{"@id":"https:\/\/www.cernit-world.com\/de\/#website"},"primaryImageOfPage":{"@id":"https:\/\/www.cernit-world.com\/de\/produkt\/assortiment-encre-a-alcool-couleurs-froides\/#primaryimage"},"image":{"@id":"https:\/\/www.cernit-world.com\/de\/produkt\/assortiment-encre-a-alcool-couleurs-froides\/#primaryimage"},"thumbnailUrl":"https:\/\/www.cernit-world.com\/wp-inside\/uploads\/2025\/01\/ceass008c_1.jpg","datePublished":"2025-01-22T11:09:00+00:00","dateModified":"2025-03-27T08:31:47+00:00","breadcrumb":{"@id":"https:\/\/www.cernit-world.com\/de\/produkt\/assortiment-encre-a-alcool-couleurs-froides\/#breadcrumb"},"inLanguage":"de","potentialAction":[{"@type":"ReadAction","target":["https:\/\/www.cernit-world.com\/de\/produkt\/assortiment-encre-a-alcool-couleurs-froides\/"]}]},{"@type":"ImageObject","inLanguage":"de","@id":"https:\/\/www.cernit-world.com\/de\/produkt\/assortiment-encre-a-alcool-couleurs-froides\/#primaryimage","url":"https:\/\/www.cernit-world.com\/wp-inside\/uploads\/2025\/01\/ceass008c_1.jpg","contentUrl":"https:\/\/www.cernit-world.com\/wp-inside\/uploads\/2025\/01\/ceass008c_1.jpg","width":2000,"height":2000,"caption":"Ass. encre \u00e0 alcool, Couleurs froides"},{"@type":"BreadcrumbList","@id":"https:\/\/www.cernit-world.com\/de\/produkt\/assortiment-encre-a-alcool-couleurs-froides\/#breadcrumb","itemListElement":[{"@type":"ListItem","position":1,"name":"Startseite","item":"https:\/\/www.cernit-world.com\/de\/"},{"@type":"ListItem","position":2,"name":"Shop","item":"https:\/\/www.cernit-world.com\/de\/shop\/"},{"@type":"ListItem","position":3,"name":"Hilfsmittel","item":"https:\/\/www.cernit-world.com\/de\/produkt-kategorie\/hilfsmittel\/"},{"@type":"ListItem","position":4,"name":"Alkoholtine","item":"https:\/\/www.cernit-world.com\/de\/produkt-kategorie\/hilfsmittel\/alkoholtine\/"},{"@type":"ListItem","position":5,"name":"Ass. Alkoholtinten &#8211; Kalte Farben"}]},{"@type":"WebSite","@id":"https:\/\/www.cernit-world.com\/de\/#website","url":"https:\/\/www.cernit-world.com\/de\/","name":"Cernit","description":"Une qualit\u00e9 haut de gamme pour des cr\u00e9ations premiums","publisher":{"@id":"https:\/\/www.cernit-world.com\/de\/#organization"},"potentialAction":[{"@type":"SearchAction","target":{"@type":"EntryPoint","urlTemplate":"https:\/\/www.cernit-world.com\/de\/?s={search_term_string}"},"query-input":{"@type":"PropertyValueSpecification","valueRequired":true,"valueName":"search_term_string"}}],"inLanguage":"de"},{"@type":"Organization","@id":"https:\/\/www.cernit-world.com\/de\/#organization","name":"Cernit","url":"https:\/\/www.cernit-world.com\/de\/","logo":{"@type":"ImageObject","inLanguage":"de","@id":"https:\/\/www.cernit-world.com\/de\/#\/schema\/logo\/image\/","url":"https:\/\/www.cernit-world.com\/wp-inside\/uploads\/2023\/07\/cernit-opengraph.jpg","contentUrl":"https:\/\/www.cernit-world.com\/wp-inside\/uploads\/2023\/07\/cernit-opengraph.jpg","width":1200,"height":630,"caption":"Cernit"},"image":{"@id":"https:\/\/www.cernit-world.com\/de\/#\/schema\/logo\/image\/"},"sameAs":["https:\/\/www.facebook.com\/groups\/cernitconnectspeople\/?locale=fr_FR"]}]}},"_links":{"self":[{"href":"https:\/\/www.cernit-world.com\/de\/wp-json\/wp\/v2\/product\/26011","targetHints":{"allow":["GET"]}}],"collection":[{"href":"https:\/\/www.cernit-world.com\/de\/wp-json\/wp\/v2\/product"}],"about":[{"href":"https:\/\/www.cernit-world.com\/de\/wp-json\/wp\/v2\/types\/product"}],"wp:featuredmedia":[{"embeddable":true,"href":"https:\/\/www.cernit-world.com\/de\/wp-json\/wp\/v2\/media\/22655"}],"wp:attachment":[{"href":"https:\/\/www.cernit-world.com\/de\/wp-json\/wp\/v2\/media?parent=26011"}],"wp:term":[{"taxonomy":"product_brand","embeddable":true,"href":"https:\/\/www.cernit-world.com\/de\/wp-json\/wp\/v2\/product_brand?post=26011"},{"taxonomy":"product_cat","embeddable":true,"href":"https:\/\/www.cernit-world.com\/de\/wp-json\/wp\/v2\/product_cat?post=26011"},{"taxonomy":"product_tag","embeddable":true,"href":"https:\/\/www.cernit-world.com\/de\/wp-json\/wp\/v2\/product_tag?post=26011"}],"curies":[{"name":"wp","href":"https:\/\/api.w.org\/{rel}","templated":true}]}}