{"id":11893,"date":"2023-07-04T13:48:33","date_gmt":"2023-07-04T11:48:33","guid":{"rendered":"https:\/\/www.cernit-world.com\/produit\/zubehoer-cernit-weiss-silikonform-7\/"},"modified":"2023-09-01T15:36:39","modified_gmt":"2023-09-01T13:36:39","slug":"zubehoer-cernit-weiss-silikonform-7","status":"publish","type":"product","link":"https:\/\/www.cernit-world.com\/de\/produkt\/zubehoer-cernit-weiss-silikonform-7\/","title":{"rendered":"Zubeh\u00f6r Cernit &#8211; Wei\u00df Silikonform"},"content":{"rendered":"<p><strong>EIGENSCHAFTEN:<\/strong> Die Silikonform von Cernit ist sehr flexibel, damit sich die Kreationen leichter aus der Form l\u00f6sen lassen. Sie wurde speziell f\u00fcr Modelliermasse (Polymer) entwickelt. Die Formen sind waschbar und wiederverwendbar und eignen sich hervorragend f\u00fcr den traditionellen Backofen.<br \/><strong>ANWENDUNG:<\/strong> Mit der Cernit-Silikonform gelingen kleine, perfekte, vordefinierte Formen (z.B. rund, quadratisch, Schleifen, Herzen etc.).<br \/><strong>MATERIAL:<\/strong> Silikon.<br \/><strong>FORMAT:<\/strong> 7 cm Durchmesser.<\/p>\n","protected":false},"excerpt":{"rendered":"<p>Die Silikonformen von Cernit sind sehr flexibel, damit sich die Kreationen leichter aus der Form l\u00f6sen lassen. Sie wurden speziell f\u00fcr Modelliermassen (Polymer) entwickelt. Sie eignen sich perfekt f\u00fcr herk\u00f6mmliche \u00d6fen.<\/p>\n","protected":false},"featured_media":11894,"template":"","meta":{"_acf_changed":false},"product_brand":[],"product_cat":[293,489,289,280,272],"product_tag":[],"class_list":{"0":"post-11893","1":"product","2":"type-product","3":"status-publish","4":"has-post-thumbnail","6":"product_cat-epoxidharz-silikonformen","7":"product_cat-epoxy-siliconen-mallen","8":"product_cat-polymermasse-silikonformen","9":"product_cat-silikonform","10":"product_cat-zubehoer","11":"wp-sticky","12":"summaryproductshop","14":"first","15":"instock","16":"product-type-simple"},"acf":[],"yoast_head":"<!-- This site is optimized with the Yoast SEO plugin v27.3 - https:\/\/yoast.com\/product\/yoast-seo-wordpress\/ -->\n<title>Zubeh\u00f6r Cernit - Wei\u00df Silikonform | Cernit<\/title>\n<meta name=\"robots\" content=\"index, follow, max-snippet:-1, max-image-preview:large, max-video-preview:-1\" \/>\n<link rel=\"canonical\" href=\"https:\/\/www.cernit-world.com\/de\/produkt\/zubehoer-cernit-weiss-silikonform-7\/\" \/>\n<meta property=\"og:locale\" content=\"de_DE\" \/>\n<meta property=\"og:type\" content=\"article\" \/>\n<meta property=\"og:title\" content=\"Zubeh\u00f6r Cernit - Wei\u00df Silikonform | Cernit\" \/>\n<meta property=\"og:description\" content=\"Die Silikonformen von Cernit sind sehr flexibel, damit sich die Kreationen leichter aus der Form l\u00f6sen lassen. Sie wurden speziell f\u00fcr Modelliermassen (Polymer) entwickelt. Sie eignen sich perfekt f\u00fcr herk\u00f6mmliche \u00d6fen.\" \/>\n<meta property=\"og:url\" content=\"https:\/\/www.cernit-world.com\/de\/produkt\/zubehoer-cernit-weiss-silikonform-7\/\" \/>\n<meta property=\"og:site_name\" content=\"Cernit\" \/>\n<meta property=\"article:publisher\" content=\"https:\/\/www.facebook.com\/groups\/cernitconnectspeople\/?locale=fr_FR\" \/>\n<meta property=\"article:modified_time\" content=\"2023-09-01T13:36:39+00:00\" \/>\n<meta property=\"og:image\" content=\"https:\/\/www.cernit-world.com\/wp-inside\/uploads\/2023\/09\/ce95118c_fac.jpg\" \/>\n\t<meta property=\"og:image:width\" content=\"1772\" \/>\n\t<meta property=\"og:image:height\" content=\"1772\" \/>\n\t<meta property=\"og:image:type\" content=\"image\/jpeg\" \/>\n<meta name=\"twitter:card\" content=\"summary_large_image\" \/>\n<script type=\"application\/ld+json\" class=\"yoast-schema-graph\">{\"@context\":\"https:\\\/\\\/schema.org\",\"@graph\":[{\"@type\":\"WebPage\",\"@id\":\"https:\\\/\\\/www.cernit-world.com\\\/de\\\/produkt\\\/zubehoer-cernit-weiss-silikonform-7\\\/\",\"url\":\"https:\\\/\\\/www.cernit-world.com\\\/de\\\/produkt\\\/zubehoer-cernit-weiss-silikonform-7\\\/\",\"name\":\"Zubeh\u00f6r Cernit - Wei\u00df Silikonform\",\"isPartOf\":{\"@id\":\"https:\\\/\\\/www.cernit-world.com\\\/de\\\/#website\"},\"primaryImageOfPage\":{\"@id\":\"https:\\\/\\\/www.cernit-world.com\\\/de\\\/produkt\\\/zubehoer-cernit-weiss-silikonform-7\\\/#primaryimage\"},\"image\":{\"@id\":\"https:\\\/\\\/www.cernit-world.com\\\/de\\\/produkt\\\/zubehoer-cernit-weiss-silikonform-7\\\/#primaryimage\"},\"thumbnailUrl\":\"https:\\\/\\\/www.cernit-world.com\\\/wp-inside\\\/uploads\\\/2023\\\/09\\\/ce95118c_fac.jpg\",\"datePublished\":\"2023-07-04T11:48:33+00:00\",\"dateModified\":\"2023-09-01T13:36:39+00:00\",\"breadcrumb\":{\"@id\":\"https:\\\/\\\/www.cernit-world.com\\\/de\\\/produkt\\\/zubehoer-cernit-weiss-silikonform-7\\\/#breadcrumb\"},\"inLanguage\":\"de\",\"potentialAction\":[{\"@type\":\"ReadAction\",\"target\":[\"https:\\\/\\\/www.cernit-world.com\\\/de\\\/produkt\\\/zubehoer-cernit-weiss-silikonform-7\\\/\"]}]},{\"@type\":\"ImageObject\",\"inLanguage\":\"de\",\"@id\":\"https:\\\/\\\/www.cernit-world.com\\\/de\\\/produkt\\\/zubehoer-cernit-weiss-silikonform-7\\\/#primaryimage\",\"url\":\"https:\\\/\\\/www.cernit-world.com\\\/wp-inside\\\/uploads\\\/2023\\\/09\\\/ce95118c_fac.jpg\",\"contentUrl\":\"https:\\\/\\\/www.cernit-world.com\\\/wp-inside\\\/uploads\\\/2023\\\/09\\\/ce95118c_fac.jpg\",\"width\":1772,\"height\":1772},{\"@type\":\"BreadcrumbList\",\"@id\":\"https:\\\/\\\/www.cernit-world.com\\\/de\\\/produkt\\\/zubehoer-cernit-weiss-silikonform-7\\\/#breadcrumb\",\"itemListElement\":[{\"@type\":\"ListItem\",\"position\":1,\"name\":\"Startseite\",\"item\":\"https:\\\/\\\/www.cernit-world.com\\\/de\\\/\"},{\"@type\":\"ListItem\",\"position\":2,\"name\":\"Shop\",\"item\":\"https:\\\/\\\/www.cernit-world.com\\\/de\\\/shop\\\/\"},{\"@type\":\"ListItem\",\"position\":3,\"name\":\"Epoxidharz\",\"item\":\"https:\\\/\\\/www.cernit-world.com\\\/de\\\/produkt-kategorie\\\/epoxidharz\\\/\"},{\"@type\":\"ListItem\",\"position\":4,\"name\":\"Epoxidharz Werkzeuge &amp; Zubeh\u00f6r\",\"item\":\"https:\\\/\\\/www.cernit-world.com\\\/de\\\/produkt-kategorie\\\/epoxidharz\\\/epoxidharz-werkzeuge-zubehor\\\/\"},{\"@type\":\"ListItem\",\"position\":5,\"name\":\"Epoxidharz Silikonformen\",\"item\":\"https:\\\/\\\/www.cernit-world.com\\\/de\\\/produkt-kategorie\\\/epoxidharz\\\/epoxidharz-werkzeuge-zubehor\\\/epoxidharz-silikonformen\\\/\"},{\"@type\":\"ListItem\",\"position\":6,\"name\":\"Zubeh\u00f6r Cernit &#8211; Wei\u00df Silikonform\"}]},{\"@type\":\"WebSite\",\"@id\":\"https:\\\/\\\/www.cernit-world.com\\\/de\\\/#website\",\"url\":\"https:\\\/\\\/www.cernit-world.com\\\/de\\\/\",\"name\":\"Cernit\",\"description\":\"Une qualit\u00e9 haut de gamme pour des cr\u00e9ations premiums\",\"publisher\":{\"@id\":\"https:\\\/\\\/www.cernit-world.com\\\/de\\\/#organization\"},\"potentialAction\":[{\"@type\":\"SearchAction\",\"target\":{\"@type\":\"EntryPoint\",\"urlTemplate\":\"https:\\\/\\\/www.cernit-world.com\\\/de\\\/?s={search_term_string}\"},\"query-input\":{\"@type\":\"PropertyValueSpecification\",\"valueRequired\":true,\"valueName\":\"search_term_string\"}}],\"inLanguage\":\"de\"},{\"@type\":\"Organization\",\"@id\":\"https:\\\/\\\/www.cernit-world.com\\\/de\\\/#organization\",\"name\":\"Cernit\",\"url\":\"https:\\\/\\\/www.cernit-world.com\\\/de\\\/\",\"logo\":{\"@type\":\"ImageObject\",\"inLanguage\":\"de\",\"@id\":\"https:\\\/\\\/www.cernit-world.com\\\/de\\\/#\\\/schema\\\/logo\\\/image\\\/\",\"url\":\"https:\\\/\\\/www.cernit-world.com\\\/wp-inside\\\/uploads\\\/2023\\\/07\\\/cernit-opengraph.jpg\",\"contentUrl\":\"https:\\\/\\\/www.cernit-world.com\\\/wp-inside\\\/uploads\\\/2023\\\/07\\\/cernit-opengraph.jpg\",\"width\":1200,\"height\":630,\"caption\":\"Cernit\"},\"image\":{\"@id\":\"https:\\\/\\\/www.cernit-world.com\\\/de\\\/#\\\/schema\\\/logo\\\/image\\\/\"},\"sameAs\":[\"https:\\\/\\\/www.facebook.com\\\/groups\\\/cernitconnectspeople\\\/?locale=fr_FR\"]}]}<\/script>\n<!-- \/ Yoast SEO plugin. -->","yoast_head_json":{"title":"Zubeh\u00f6r Cernit - Wei\u00df Silikonform | Cernit","robots":{"index":"index","follow":"follow","max-snippet":"max-snippet:-1","max-image-preview":"max-image-preview:large","max-video-preview":"max-video-preview:-1"},"canonical":"https:\/\/www.cernit-world.com\/de\/produkt\/zubehoer-cernit-weiss-silikonform-7\/","og_locale":"de_DE","og_type":"article","og_title":"Zubeh\u00f6r Cernit - Wei\u00df Silikonform | Cernit","og_description":"Die Silikonformen von Cernit sind sehr flexibel, damit sich die Kreationen leichter aus der Form l\u00f6sen lassen. Sie wurden speziell f\u00fcr Modelliermassen (Polymer) entwickelt. Sie eignen sich perfekt f\u00fcr herk\u00f6mmliche \u00d6fen.","og_url":"https:\/\/www.cernit-world.com\/de\/produkt\/zubehoer-cernit-weiss-silikonform-7\/","og_site_name":"Cernit","article_publisher":"https:\/\/www.facebook.com\/groups\/cernitconnectspeople\/?locale=fr_FR","article_modified_time":"2023-09-01T13:36:39+00:00","og_image":[{"width":1772,"height":1772,"url":"https:\/\/www.cernit-world.com\/wp-inside\/uploads\/2023\/09\/ce95118c_fac.jpg","type":"image\/jpeg"}],"twitter_card":"summary_large_image","schema":{"@context":"https:\/\/schema.org","@graph":[{"@type":"WebPage","@id":"https:\/\/www.cernit-world.com\/de\/produkt\/zubehoer-cernit-weiss-silikonform-7\/","url":"https:\/\/www.cernit-world.com\/de\/produkt\/zubehoer-cernit-weiss-silikonform-7\/","name":"Zubeh\u00f6r Cernit - Wei\u00df Silikonform","isPartOf":{"@id":"https:\/\/www.cernit-world.com\/de\/#website"},"primaryImageOfPage":{"@id":"https:\/\/www.cernit-world.com\/de\/produkt\/zubehoer-cernit-weiss-silikonform-7\/#primaryimage"},"image":{"@id":"https:\/\/www.cernit-world.com\/de\/produkt\/zubehoer-cernit-weiss-silikonform-7\/#primaryimage"},"thumbnailUrl":"https:\/\/www.cernit-world.com\/wp-inside\/uploads\/2023\/09\/ce95118c_fac.jpg","datePublished":"2023-07-04T11:48:33+00:00","dateModified":"2023-09-01T13:36:39+00:00","breadcrumb":{"@id":"https:\/\/www.cernit-world.com\/de\/produkt\/zubehoer-cernit-weiss-silikonform-7\/#breadcrumb"},"inLanguage":"de","potentialAction":[{"@type":"ReadAction","target":["https:\/\/www.cernit-world.com\/de\/produkt\/zubehoer-cernit-weiss-silikonform-7\/"]}]},{"@type":"ImageObject","inLanguage":"de","@id":"https:\/\/www.cernit-world.com\/de\/produkt\/zubehoer-cernit-weiss-silikonform-7\/#primaryimage","url":"https:\/\/www.cernit-world.com\/wp-inside\/uploads\/2023\/09\/ce95118c_fac.jpg","contentUrl":"https:\/\/www.cernit-world.com\/wp-inside\/uploads\/2023\/09\/ce95118c_fac.jpg","width":1772,"height":1772},{"@type":"BreadcrumbList","@id":"https:\/\/www.cernit-world.com\/de\/produkt\/zubehoer-cernit-weiss-silikonform-7\/#breadcrumb","itemListElement":[{"@type":"ListItem","position":1,"name":"Startseite","item":"https:\/\/www.cernit-world.com\/de\/"},{"@type":"ListItem","position":2,"name":"Shop","item":"https:\/\/www.cernit-world.com\/de\/shop\/"},{"@type":"ListItem","position":3,"name":"Epoxidharz","item":"https:\/\/www.cernit-world.com\/de\/produkt-kategorie\/epoxidharz\/"},{"@type":"ListItem","position":4,"name":"Epoxidharz Werkzeuge &amp; Zubeh\u00f6r","item":"https:\/\/www.cernit-world.com\/de\/produkt-kategorie\/epoxidharz\/epoxidharz-werkzeuge-zubehor\/"},{"@type":"ListItem","position":5,"name":"Epoxidharz Silikonformen","item":"https:\/\/www.cernit-world.com\/de\/produkt-kategorie\/epoxidharz\/epoxidharz-werkzeuge-zubehor\/epoxidharz-silikonformen\/"},{"@type":"ListItem","position":6,"name":"Zubeh\u00f6r Cernit &#8211; Wei\u00df Silikonform"}]},{"@type":"WebSite","@id":"https:\/\/www.cernit-world.com\/de\/#website","url":"https:\/\/www.cernit-world.com\/de\/","name":"Cernit","description":"Une qualit\u00e9 haut de gamme pour des cr\u00e9ations premiums","publisher":{"@id":"https:\/\/www.cernit-world.com\/de\/#organization"},"potentialAction":[{"@type":"SearchAction","target":{"@type":"EntryPoint","urlTemplate":"https:\/\/www.cernit-world.com\/de\/?s={search_term_string}"},"query-input":{"@type":"PropertyValueSpecification","valueRequired":true,"valueName":"search_term_string"}}],"inLanguage":"de"},{"@type":"Organization","@id":"https:\/\/www.cernit-world.com\/de\/#organization","name":"Cernit","url":"https:\/\/www.cernit-world.com\/de\/","logo":{"@type":"ImageObject","inLanguage":"de","@id":"https:\/\/www.cernit-world.com\/de\/#\/schema\/logo\/image\/","url":"https:\/\/www.cernit-world.com\/wp-inside\/uploads\/2023\/07\/cernit-opengraph.jpg","contentUrl":"https:\/\/www.cernit-world.com\/wp-inside\/uploads\/2023\/07\/cernit-opengraph.jpg","width":1200,"height":630,"caption":"Cernit"},"image":{"@id":"https:\/\/www.cernit-world.com\/de\/#\/schema\/logo\/image\/"},"sameAs":["https:\/\/www.facebook.com\/groups\/cernitconnectspeople\/?locale=fr_FR"]}]}},"_links":{"self":[{"href":"https:\/\/www.cernit-world.com\/de\/wp-json\/wp\/v2\/product\/11893","targetHints":{"allow":["GET"]}}],"collection":[{"href":"https:\/\/www.cernit-world.com\/de\/wp-json\/wp\/v2\/product"}],"about":[{"href":"https:\/\/www.cernit-world.com\/de\/wp-json\/wp\/v2\/types\/product"}],"wp:featuredmedia":[{"embeddable":true,"href":"https:\/\/www.cernit-world.com\/de\/wp-json\/wp\/v2\/media\/11894"}],"wp:attachment":[{"href":"https:\/\/www.cernit-world.com\/de\/wp-json\/wp\/v2\/media?parent=11893"}],"wp:term":[{"taxonomy":"product_brand","embeddable":true,"href":"https:\/\/www.cernit-world.com\/de\/wp-json\/wp\/v2\/product_brand?post=11893"},{"taxonomy":"product_cat","embeddable":true,"href":"https:\/\/www.cernit-world.com\/de\/wp-json\/wp\/v2\/product_cat?post=11893"},{"taxonomy":"product_tag","embeddable":true,"href":"https:\/\/www.cernit-world.com\/de\/wp-json\/wp\/v2\/product_tag?post=11893"}],"curies":[{"name":"wp","href":"https:\/\/api.w.org\/{rel}","templated":true}]}}