{"id":11756,"date":"2023-07-04T13:48:33","date_gmt":"2023-07-04T11:48:33","guid":{"rendered":"https:\/\/www.cernit-world.com\/produit\/zubehoer-cernit-grau-texturmatte-18\/"},"modified":"2024-05-03T10:03:29","modified_gmt":"2024-05-03T08:03:29","slug":"zubehoer-cernit-grau-texturmatte-18","status":"publish","type":"product","link":"https:\/\/www.cernit-world.com\/de\/produkt\/zubehoer-cernit-grau-texturmatte-18\/","title":{"rendered":"Zubeh\u00f6r Cernit &#8211; Grau Texturmatte"},"content":{"rendered":"<p><strong>EIGENSCHAFTEN:<\/strong> Die Texturmatte von Cernit ist sehr weich, um die Anwendung zu erleichtern. Sie kann gereinigt und wiederverwendet werden. Mit der Texturmatte lassen sich schnell sch\u00f6ne Reliefmuster in den Teig eindr\u00fccken.<br \/>\n<strong>ANWENDUNG:<\/strong> Wie ein Stempel verleiht die Texturmatte jeder beliebigen Paste eine sch\u00f6ne Oberfl\u00e4chenstruktur. Sie kann auch mit Wachs, auf Papier oder Stoff verwendet werden.<br \/>\n<strong>MATERIAL:<\/strong> Naturkautschuk, aus Latex gewonnen.<br \/>\n<strong>FORMAT:<\/strong> 9x9cm.<br \/>\n<strong>WICHTIG:<\/strong> Dieses Werkzeuge ist f\u00fcr Personen mit einer Latexallergie nicht geeignet.<\/p>\n","protected":false},"excerpt":{"rendered":"<p>Die Texturmatten sind sehr weich, um die Anwendung zu erleichtern. Sie k\u00f6nnen gereinigt werden und sind wiederverwendbar. Diese Texturmatten verleihen jeder beliebigen Paste eine sch\u00f6ne Oberfl\u00e4chenstruktur.<\/p>\n","protected":false},"featured_media":11757,"template":"","meta":{"_acf_changed":false},"product_brand":[],"product_cat":[288,279,272],"product_tag":[],"class_list":{"0":"post-11756","1":"product","2":"type-product","3":"status-publish","4":"has-post-thumbnail","6":"product_cat-polymermasse-texturplatten","7":"product_cat-texturmatte","8":"product_cat-zubehoer","9":"wp-sticky","10":"summaryproductshop","12":"first","13":"instock","14":"product-type-simple"},"acf":[],"yoast_head":"<!-- This site is optimized with the Yoast SEO plugin v27.3 - https:\/\/yoast.com\/product\/yoast-seo-wordpress\/ -->\n<title>Zubeh\u00f6r Cernit - Grau Texturmatte | Cernit<\/title>\n<meta name=\"robots\" content=\"index, follow, max-snippet:-1, max-image-preview:large, max-video-preview:-1\" \/>\n<link rel=\"canonical\" href=\"https:\/\/www.cernit-world.com\/de\/produkt\/zubehoer-cernit-grau-texturmatte-18\/\" \/>\n<meta property=\"og:locale\" content=\"de_DE\" \/>\n<meta property=\"og:type\" content=\"article\" \/>\n<meta property=\"og:title\" content=\"Zubeh\u00f6r Cernit - Grau Texturmatte | Cernit\" \/>\n<meta property=\"og:description\" content=\"Die Texturmatten sind sehr weich, um die Anwendung zu erleichtern. Sie k\u00f6nnen gereinigt werden und sind wiederverwendbar. Diese Texturmatten verleihen jeder beliebigen Paste eine sch\u00f6ne Oberfl\u00e4chenstruktur.\" \/>\n<meta property=\"og:url\" content=\"https:\/\/www.cernit-world.com\/de\/produkt\/zubehoer-cernit-grau-texturmatte-18\/\" \/>\n<meta property=\"og:site_name\" content=\"Cernit\" \/>\n<meta property=\"article:publisher\" content=\"https:\/\/www.facebook.com\/groups\/cernitconnectspeople\/?locale=fr_FR\" \/>\n<meta property=\"article:modified_time\" content=\"2024-05-03T08:03:29+00:00\" \/>\n<meta property=\"og:image\" content=\"https:\/\/www.cernit-world.com\/wp-inside\/uploads\/2023\/09\/ce95026c_det.jpg\" \/>\n\t<meta property=\"og:image:width\" content=\"1500\" \/>\n\t<meta property=\"og:image:height\" content=\"1500\" \/>\n\t<meta property=\"og:image:type\" content=\"image\/jpeg\" \/>\n<meta name=\"twitter:card\" content=\"summary_large_image\" \/>\n<script type=\"application\/ld+json\" class=\"yoast-schema-graph\">{\"@context\":\"https:\\\/\\\/schema.org\",\"@graph\":[{\"@type\":\"WebPage\",\"@id\":\"https:\\\/\\\/www.cernit-world.com\\\/de\\\/produkt\\\/zubehoer-cernit-grau-texturmatte-18\\\/\",\"url\":\"https:\\\/\\\/www.cernit-world.com\\\/de\\\/produkt\\\/zubehoer-cernit-grau-texturmatte-18\\\/\",\"name\":\"Zubeh\u00f6r Cernit - Grau Texturmatte\",\"isPartOf\":{\"@id\":\"https:\\\/\\\/www.cernit-world.com\\\/de\\\/#website\"},\"primaryImageOfPage\":{\"@id\":\"https:\\\/\\\/www.cernit-world.com\\\/de\\\/produkt\\\/zubehoer-cernit-grau-texturmatte-18\\\/#primaryimage\"},\"image\":{\"@id\":\"https:\\\/\\\/www.cernit-world.com\\\/de\\\/produkt\\\/zubehoer-cernit-grau-texturmatte-18\\\/#primaryimage\"},\"thumbnailUrl\":\"https:\\\/\\\/www.cernit-world.com\\\/wp-inside\\\/uploads\\\/2023\\\/09\\\/ce95026c_det.jpg\",\"datePublished\":\"2023-07-04T11:48:33+00:00\",\"dateModified\":\"2024-05-03T08:03:29+00:00\",\"breadcrumb\":{\"@id\":\"https:\\\/\\\/www.cernit-world.com\\\/de\\\/produkt\\\/zubehoer-cernit-grau-texturmatte-18\\\/#breadcrumb\"},\"inLanguage\":\"de\",\"potentialAction\":[{\"@type\":\"ReadAction\",\"target\":[\"https:\\\/\\\/www.cernit-world.com\\\/de\\\/produkt\\\/zubehoer-cernit-grau-texturmatte-18\\\/\"]}]},{\"@type\":\"ImageObject\",\"inLanguage\":\"de\",\"@id\":\"https:\\\/\\\/www.cernit-world.com\\\/de\\\/produkt\\\/zubehoer-cernit-grau-texturmatte-18\\\/#primaryimage\",\"url\":\"https:\\\/\\\/www.cernit-world.com\\\/wp-inside\\\/uploads\\\/2023\\\/09\\\/ce95026c_det.jpg\",\"contentUrl\":\"https:\\\/\\\/www.cernit-world.com\\\/wp-inside\\\/uploads\\\/2023\\\/09\\\/ce95026c_det.jpg\",\"width\":1500,\"height\":1500},{\"@type\":\"BreadcrumbList\",\"@id\":\"https:\\\/\\\/www.cernit-world.com\\\/de\\\/produkt\\\/zubehoer-cernit-grau-texturmatte-18\\\/#breadcrumb\",\"itemListElement\":[{\"@type\":\"ListItem\",\"position\":1,\"name\":\"Startseite\",\"item\":\"https:\\\/\\\/www.cernit-world.com\\\/de\\\/\"},{\"@type\":\"ListItem\",\"position\":2,\"name\":\"Shop\",\"item\":\"https:\\\/\\\/www.cernit-world.com\\\/de\\\/shop\\\/\"},{\"@type\":\"ListItem\",\"position\":3,\"name\":\"Polymermasse\",\"item\":\"https:\\\/\\\/www.cernit-world.com\\\/de\\\/produkt-kategorie\\\/polymermasse\\\/\"},{\"@type\":\"ListItem\",\"position\":4,\"name\":\"Polymermasse Werkzeuge und Zubeh\u00f6r\",\"item\":\"https:\\\/\\\/www.cernit-world.com\\\/de\\\/produkt-kategorie\\\/polymermasse\\\/polymermasse-werkzeuge-und-zubehoer\\\/\"},{\"@type\":\"ListItem\",\"position\":5,\"name\":\"Polymermasse Texturplatten\",\"item\":\"https:\\\/\\\/www.cernit-world.com\\\/de\\\/produkt-kategorie\\\/polymermasse\\\/polymermasse-werkzeuge-und-zubehoer\\\/polymermasse-texturplatten\\\/\"},{\"@type\":\"ListItem\",\"position\":6,\"name\":\"Zubeh\u00f6r Cernit &#8211; Grau Texturmatte\"}]},{\"@type\":\"WebSite\",\"@id\":\"https:\\\/\\\/www.cernit-world.com\\\/de\\\/#website\",\"url\":\"https:\\\/\\\/www.cernit-world.com\\\/de\\\/\",\"name\":\"Cernit\",\"description\":\"Une qualit\u00e9 haut de gamme pour des cr\u00e9ations premiums\",\"publisher\":{\"@id\":\"https:\\\/\\\/www.cernit-world.com\\\/de\\\/#organization\"},\"potentialAction\":[{\"@type\":\"SearchAction\",\"target\":{\"@type\":\"EntryPoint\",\"urlTemplate\":\"https:\\\/\\\/www.cernit-world.com\\\/de\\\/?s={search_term_string}\"},\"query-input\":{\"@type\":\"PropertyValueSpecification\",\"valueRequired\":true,\"valueName\":\"search_term_string\"}}],\"inLanguage\":\"de\"},{\"@type\":\"Organization\",\"@id\":\"https:\\\/\\\/www.cernit-world.com\\\/de\\\/#organization\",\"name\":\"Cernit\",\"url\":\"https:\\\/\\\/www.cernit-world.com\\\/de\\\/\",\"logo\":{\"@type\":\"ImageObject\",\"inLanguage\":\"de\",\"@id\":\"https:\\\/\\\/www.cernit-world.com\\\/de\\\/#\\\/schema\\\/logo\\\/image\\\/\",\"url\":\"https:\\\/\\\/www.cernit-world.com\\\/wp-inside\\\/uploads\\\/2023\\\/07\\\/cernit-opengraph.jpg\",\"contentUrl\":\"https:\\\/\\\/www.cernit-world.com\\\/wp-inside\\\/uploads\\\/2023\\\/07\\\/cernit-opengraph.jpg\",\"width\":1200,\"height\":630,\"caption\":\"Cernit\"},\"image\":{\"@id\":\"https:\\\/\\\/www.cernit-world.com\\\/de\\\/#\\\/schema\\\/logo\\\/image\\\/\"},\"sameAs\":[\"https:\\\/\\\/www.facebook.com\\\/groups\\\/cernitconnectspeople\\\/?locale=fr_FR\"]}]}<\/script>\n<!-- \/ Yoast SEO plugin. -->","yoast_head_json":{"title":"Zubeh\u00f6r Cernit - Grau Texturmatte | Cernit","robots":{"index":"index","follow":"follow","max-snippet":"max-snippet:-1","max-image-preview":"max-image-preview:large","max-video-preview":"max-video-preview:-1"},"canonical":"https:\/\/www.cernit-world.com\/de\/produkt\/zubehoer-cernit-grau-texturmatte-18\/","og_locale":"de_DE","og_type":"article","og_title":"Zubeh\u00f6r Cernit - Grau Texturmatte | Cernit","og_description":"Die Texturmatten sind sehr weich, um die Anwendung zu erleichtern. Sie k\u00f6nnen gereinigt werden und sind wiederverwendbar. Diese Texturmatten verleihen jeder beliebigen Paste eine sch\u00f6ne Oberfl\u00e4chenstruktur.","og_url":"https:\/\/www.cernit-world.com\/de\/produkt\/zubehoer-cernit-grau-texturmatte-18\/","og_site_name":"Cernit","article_publisher":"https:\/\/www.facebook.com\/groups\/cernitconnectspeople\/?locale=fr_FR","article_modified_time":"2024-05-03T08:03:29+00:00","og_image":[{"width":1500,"height":1500,"url":"https:\/\/www.cernit-world.com\/wp-inside\/uploads\/2023\/09\/ce95026c_det.jpg","type":"image\/jpeg"}],"twitter_card":"summary_large_image","schema":{"@context":"https:\/\/schema.org","@graph":[{"@type":"WebPage","@id":"https:\/\/www.cernit-world.com\/de\/produkt\/zubehoer-cernit-grau-texturmatte-18\/","url":"https:\/\/www.cernit-world.com\/de\/produkt\/zubehoer-cernit-grau-texturmatte-18\/","name":"Zubeh\u00f6r Cernit - Grau Texturmatte","isPartOf":{"@id":"https:\/\/www.cernit-world.com\/de\/#website"},"primaryImageOfPage":{"@id":"https:\/\/www.cernit-world.com\/de\/produkt\/zubehoer-cernit-grau-texturmatte-18\/#primaryimage"},"image":{"@id":"https:\/\/www.cernit-world.com\/de\/produkt\/zubehoer-cernit-grau-texturmatte-18\/#primaryimage"},"thumbnailUrl":"https:\/\/www.cernit-world.com\/wp-inside\/uploads\/2023\/09\/ce95026c_det.jpg","datePublished":"2023-07-04T11:48:33+00:00","dateModified":"2024-05-03T08:03:29+00:00","breadcrumb":{"@id":"https:\/\/www.cernit-world.com\/de\/produkt\/zubehoer-cernit-grau-texturmatte-18\/#breadcrumb"},"inLanguage":"de","potentialAction":[{"@type":"ReadAction","target":["https:\/\/www.cernit-world.com\/de\/produkt\/zubehoer-cernit-grau-texturmatte-18\/"]}]},{"@type":"ImageObject","inLanguage":"de","@id":"https:\/\/www.cernit-world.com\/de\/produkt\/zubehoer-cernit-grau-texturmatte-18\/#primaryimage","url":"https:\/\/www.cernit-world.com\/wp-inside\/uploads\/2023\/09\/ce95026c_det.jpg","contentUrl":"https:\/\/www.cernit-world.com\/wp-inside\/uploads\/2023\/09\/ce95026c_det.jpg","width":1500,"height":1500},{"@type":"BreadcrumbList","@id":"https:\/\/www.cernit-world.com\/de\/produkt\/zubehoer-cernit-grau-texturmatte-18\/#breadcrumb","itemListElement":[{"@type":"ListItem","position":1,"name":"Startseite","item":"https:\/\/www.cernit-world.com\/de\/"},{"@type":"ListItem","position":2,"name":"Shop","item":"https:\/\/www.cernit-world.com\/de\/shop\/"},{"@type":"ListItem","position":3,"name":"Polymermasse","item":"https:\/\/www.cernit-world.com\/de\/produkt-kategorie\/polymermasse\/"},{"@type":"ListItem","position":4,"name":"Polymermasse Werkzeuge und Zubeh\u00f6r","item":"https:\/\/www.cernit-world.com\/de\/produkt-kategorie\/polymermasse\/polymermasse-werkzeuge-und-zubehoer\/"},{"@type":"ListItem","position":5,"name":"Polymermasse Texturplatten","item":"https:\/\/www.cernit-world.com\/de\/produkt-kategorie\/polymermasse\/polymermasse-werkzeuge-und-zubehoer\/polymermasse-texturplatten\/"},{"@type":"ListItem","position":6,"name":"Zubeh\u00f6r Cernit &#8211; Grau Texturmatte"}]},{"@type":"WebSite","@id":"https:\/\/www.cernit-world.com\/de\/#website","url":"https:\/\/www.cernit-world.com\/de\/","name":"Cernit","description":"Une qualit\u00e9 haut de gamme pour des cr\u00e9ations premiums","publisher":{"@id":"https:\/\/www.cernit-world.com\/de\/#organization"},"potentialAction":[{"@type":"SearchAction","target":{"@type":"EntryPoint","urlTemplate":"https:\/\/www.cernit-world.com\/de\/?s={search_term_string}"},"query-input":{"@type":"PropertyValueSpecification","valueRequired":true,"valueName":"search_term_string"}}],"inLanguage":"de"},{"@type":"Organization","@id":"https:\/\/www.cernit-world.com\/de\/#organization","name":"Cernit","url":"https:\/\/www.cernit-world.com\/de\/","logo":{"@type":"ImageObject","inLanguage":"de","@id":"https:\/\/www.cernit-world.com\/de\/#\/schema\/logo\/image\/","url":"https:\/\/www.cernit-world.com\/wp-inside\/uploads\/2023\/07\/cernit-opengraph.jpg","contentUrl":"https:\/\/www.cernit-world.com\/wp-inside\/uploads\/2023\/07\/cernit-opengraph.jpg","width":1200,"height":630,"caption":"Cernit"},"image":{"@id":"https:\/\/www.cernit-world.com\/de\/#\/schema\/logo\/image\/"},"sameAs":["https:\/\/www.facebook.com\/groups\/cernitconnectspeople\/?locale=fr_FR"]}]}},"_links":{"self":[{"href":"https:\/\/www.cernit-world.com\/de\/wp-json\/wp\/v2\/product\/11756","targetHints":{"allow":["GET"]}}],"collection":[{"href":"https:\/\/www.cernit-world.com\/de\/wp-json\/wp\/v2\/product"}],"about":[{"href":"https:\/\/www.cernit-world.com\/de\/wp-json\/wp\/v2\/types\/product"}],"wp:featuredmedia":[{"embeddable":true,"href":"https:\/\/www.cernit-world.com\/de\/wp-json\/wp\/v2\/media\/11757"}],"wp:attachment":[{"href":"https:\/\/www.cernit-world.com\/de\/wp-json\/wp\/v2\/media?parent=11756"}],"wp:term":[{"taxonomy":"product_brand","embeddable":true,"href":"https:\/\/www.cernit-world.com\/de\/wp-json\/wp\/v2\/product_brand?post=11756"},{"taxonomy":"product_cat","embeddable":true,"href":"https:\/\/www.cernit-world.com\/de\/wp-json\/wp\/v2\/product_cat?post=11756"},{"taxonomy":"product_tag","embeddable":true,"href":"https:\/\/www.cernit-world.com\/de\/wp-json\/wp\/v2\/product_tag?post=11756"}],"curies":[{"name":"wp","href":"https:\/\/api.w.org\/{rel}","templated":true}]}}