{"id":11408,"date":"2023-07-04T13:47:36","date_gmt":"2023-07-04T11:47:36","guid":{"rendered":"https:\/\/www.cernit-world.com\/produit\/zubehoer-cernit-stahlgrau-pastamaschine\/"},"modified":"2023-09-01T15:36:44","modified_gmt":"2023-09-01T13:36:44","slug":"zubehoer-cernit-stahlgrau-pastamaschine","status":"publish","type":"product","link":"https:\/\/www.cernit-world.com\/de\/produkt\/zubehoer-cernit-stahlgrau-pastamaschine\/","title":{"rendered":"Zubeh\u00f6r Cernit &#8211; Stahlgrau Pastamaschine"},"content":{"rendered":"<p><strong>EIGENSCHAFTEN:<\/strong> Diese Pastamaschine ist ein unverzichtbares Werkzeug f\u00fcr alle, die gerne ofenh\u00e4rtende Modelliermasse (Polymer) verwenden. Nachdem die Paste geknetet wurde, wird sie zwischen zwei Walzen hindurchgef\u00fchrt, um sie flach zu dr\u00fccken. Diese in Italien hergestellte, robuste und kompakte Maschine ist die qualitativ hochwertigste auf dem Markt.<br \/><strong>ANWENDUNGEN:<\/strong> Mit diesem Ger\u00e4t kann die Paste geschmeidig gemacht werden, wobei die Dicke dank der 9 verschiedenen Positionen (von 0,3 mm bis 2,5 mm) kontrolliert werden kann. Dadurch wird die Paste sch\u00f6n eben. Mit der Paste ist es dann auch einfach, sch\u00f6ne Farbverl\u00e4ufe zu erstellen oder einen neuen Farbton f\u00fcr die Paste zu kreieren.<br \/><strong>MATERIAL:<\/strong> Verchromter Stahl.<br \/><strong>BONUS:<\/strong> Cernit hat einen Motor f\u00fcr diese Pastamaschine im Angebot, mit dem die Maschine automatisiert werden kann (Art.-Nr.: CE901-1C).<\/p>\n","protected":false},"excerpt":{"rendered":"<p>Diese Werkzeug ist ein unverzichtbares Werkzeug f\u00fcr alle, die gerne ofenh\u00e4rtende Modelliermasse (Polymer) verwenden. Nachdem die Paste geknetet wurde, wird sie zwischen zwei Walzen hindurchgef\u00fchrt, um sie flach zu dr\u00fccken.<\/p>\n","protected":false},"featured_media":11409,"template":"","meta":{"_acf_changed":false},"product_brand":[],"product_cat":[483,273,287,285,272],"product_tag":[],"class_list":{"0":"post-11408","1":"product","2":"type-product","3":"status-publish","4":"has-post-thumbnail","6":"product_cat-gereedschap-polymeermachines","7":"product_cat-pastamaschine","8":"product_cat-polymermasse-werkzeug-maschine","9":"product_cat-polymermasse-werkzeuge-und-zubehoer","10":"product_cat-zubehoer","11":"wp-sticky","12":"summaryproductshop","14":"first","15":"instock","16":"product-type-simple"},"acf":[],"yoast_head":"<!-- This site is optimized with the Yoast SEO plugin v27.5 - https:\/\/yoast.com\/product\/yoast-seo-wordpress\/ -->\n<title>Zubeh\u00f6r Cernit - Stahlgrau Pastamaschine | Cernit<\/title>\n<meta name=\"robots\" content=\"index, follow, max-snippet:-1, max-image-preview:large, max-video-preview:-1\" \/>\n<link rel=\"canonical\" href=\"https:\/\/www.cernit-world.com\/de\/produkt\/zubehoer-cernit-stahlgrau-pastamaschine\/\" \/>\n<meta property=\"og:locale\" content=\"de_DE\" \/>\n<meta property=\"og:type\" content=\"article\" \/>\n<meta property=\"og:title\" content=\"Zubeh\u00f6r Cernit - Stahlgrau Pastamaschine | Cernit\" \/>\n<meta property=\"og:description\" content=\"Diese Werkzeug ist ein unverzichtbares Werkzeug f\u00fcr alle, die gerne ofenh\u00e4rtende Modelliermasse (Polymer) verwenden. Nachdem die Paste geknetet wurde, wird sie zwischen zwei Walzen hindurchgef\u00fchrt, um sie flach zu dr\u00fccken.\" \/>\n<meta property=\"og:url\" content=\"https:\/\/www.cernit-world.com\/de\/produkt\/zubehoer-cernit-stahlgrau-pastamaschine\/\" \/>\n<meta property=\"og:site_name\" content=\"Cernit\" \/>\n<meta property=\"article:publisher\" content=\"https:\/\/www.facebook.com\/groups\/cernitconnectspeople\/?locale=fr_FR\" \/>\n<meta property=\"article:modified_time\" content=\"2023-09-01T13:36:44+00:00\" \/>\n<meta property=\"og:image\" content=\"https:\/\/www.cernit-world.com\/wp-inside\/uploads\/2023\/09\/ce901c_amb.jpg\" \/>\n\t<meta property=\"og:image:width\" content=\"2000\" \/>\n\t<meta property=\"og:image:height\" content=\"1333\" \/>\n\t<meta property=\"og:image:type\" content=\"image\/jpeg\" \/>\n<meta name=\"twitter:card\" content=\"summary_large_image\" \/>\n<meta name=\"twitter:label1\" content=\"Gesch\u00e4tzte Lesezeit\" \/>\n\t<meta name=\"twitter:data1\" content=\"1\u00a0Minute\" \/>\n<script type=\"application\/ld+json\" class=\"yoast-schema-graph\">{\"@context\":\"https:\\\/\\\/schema.org\",\"@graph\":[{\"@type\":\"WebPage\",\"@id\":\"https:\\\/\\\/www.cernit-world.com\\\/de\\\/produkt\\\/zubehoer-cernit-stahlgrau-pastamaschine\\\/\",\"url\":\"https:\\\/\\\/www.cernit-world.com\\\/de\\\/produkt\\\/zubehoer-cernit-stahlgrau-pastamaschine\\\/\",\"name\":\"Zubeh\u00f6r Cernit - Stahlgrau Pastamaschine\",\"isPartOf\":{\"@id\":\"https:\\\/\\\/www.cernit-world.com\\\/de\\\/#website\"},\"primaryImageOfPage\":{\"@id\":\"https:\\\/\\\/www.cernit-world.com\\\/de\\\/produkt\\\/zubehoer-cernit-stahlgrau-pastamaschine\\\/#primaryimage\"},\"image\":{\"@id\":\"https:\\\/\\\/www.cernit-world.com\\\/de\\\/produkt\\\/zubehoer-cernit-stahlgrau-pastamaschine\\\/#primaryimage\"},\"thumbnailUrl\":\"https:\\\/\\\/www.cernit-world.com\\\/wp-inside\\\/uploads\\\/2023\\\/09\\\/ce901c_amb.jpg\",\"datePublished\":\"2023-07-04T11:47:36+00:00\",\"dateModified\":\"2023-09-01T13:36:44+00:00\",\"breadcrumb\":{\"@id\":\"https:\\\/\\\/www.cernit-world.com\\\/de\\\/produkt\\\/zubehoer-cernit-stahlgrau-pastamaschine\\\/#breadcrumb\"},\"inLanguage\":\"de\",\"potentialAction\":[{\"@type\":\"ReadAction\",\"target\":[\"https:\\\/\\\/www.cernit-world.com\\\/de\\\/produkt\\\/zubehoer-cernit-stahlgrau-pastamaschine\\\/\"]}]},{\"@type\":\"ImageObject\",\"inLanguage\":\"de\",\"@id\":\"https:\\\/\\\/www.cernit-world.com\\\/de\\\/produkt\\\/zubehoer-cernit-stahlgrau-pastamaschine\\\/#primaryimage\",\"url\":\"https:\\\/\\\/www.cernit-world.com\\\/wp-inside\\\/uploads\\\/2023\\\/09\\\/ce901c_amb.jpg\",\"contentUrl\":\"https:\\\/\\\/www.cernit-world.com\\\/wp-inside\\\/uploads\\\/2023\\\/09\\\/ce901c_amb.jpg\",\"width\":2000,\"height\":1333},{\"@type\":\"BreadcrumbList\",\"@id\":\"https:\\\/\\\/www.cernit-world.com\\\/de\\\/produkt\\\/zubehoer-cernit-stahlgrau-pastamaschine\\\/#breadcrumb\",\"itemListElement\":[{\"@type\":\"ListItem\",\"position\":1,\"name\":\"Startseite\",\"item\":\"https:\\\/\\\/www.cernit-world.com\\\/de\\\/\"},{\"@type\":\"ListItem\",\"position\":2,\"name\":\"Shop\",\"item\":\"https:\\\/\\\/www.cernit-world.com\\\/de\\\/shop\\\/\"},{\"@type\":\"ListItem\",\"position\":3,\"name\":\"Zubeh\u00f6r\",\"item\":\"https:\\\/\\\/www.cernit-world.com\\\/de\\\/produkt-kategorie\\\/zubehor-de\\\/\"},{\"@type\":\"ListItem\",\"position\":4,\"name\":\"Zubeh\u00f6r\",\"item\":\"https:\\\/\\\/www.cernit-world.com\\\/de\\\/produkt-kategorie\\\/zubehor-de\\\/zubehoer\\\/\"},{\"@type\":\"ListItem\",\"position\":5,\"name\":\"Zubeh\u00f6r Cernit &#8211; Stahlgrau Pastamaschine\"}]},{\"@type\":\"WebSite\",\"@id\":\"https:\\\/\\\/www.cernit-world.com\\\/de\\\/#website\",\"url\":\"https:\\\/\\\/www.cernit-world.com\\\/de\\\/\",\"name\":\"Cernit\",\"description\":\"Une qualit\u00e9 haut de gamme pour des cr\u00e9ations premiums\",\"publisher\":{\"@id\":\"https:\\\/\\\/www.cernit-world.com\\\/de\\\/#organization\"},\"potentialAction\":[{\"@type\":\"SearchAction\",\"target\":{\"@type\":\"EntryPoint\",\"urlTemplate\":\"https:\\\/\\\/www.cernit-world.com\\\/de\\\/?s={search_term_string}\"},\"query-input\":{\"@type\":\"PropertyValueSpecification\",\"valueRequired\":true,\"valueName\":\"search_term_string\"}}],\"inLanguage\":\"de\"},{\"@type\":\"Organization\",\"@id\":\"https:\\\/\\\/www.cernit-world.com\\\/de\\\/#organization\",\"name\":\"Cernit\",\"url\":\"https:\\\/\\\/www.cernit-world.com\\\/de\\\/\",\"logo\":{\"@type\":\"ImageObject\",\"inLanguage\":\"de\",\"@id\":\"https:\\\/\\\/www.cernit-world.com\\\/de\\\/#\\\/schema\\\/logo\\\/image\\\/\",\"url\":\"https:\\\/\\\/www.cernit-world.com\\\/wp-inside\\\/uploads\\\/2023\\\/07\\\/cernit-opengraph.jpg\",\"contentUrl\":\"https:\\\/\\\/www.cernit-world.com\\\/wp-inside\\\/uploads\\\/2023\\\/07\\\/cernit-opengraph.jpg\",\"width\":1200,\"height\":630,\"caption\":\"Cernit\"},\"image\":{\"@id\":\"https:\\\/\\\/www.cernit-world.com\\\/de\\\/#\\\/schema\\\/logo\\\/image\\\/\"},\"sameAs\":[\"https:\\\/\\\/www.facebook.com\\\/groups\\\/cernitconnectspeople\\\/?locale=fr_FR\"]}]}<\/script>\n<!-- \/ Yoast SEO plugin. -->","yoast_head_json":{"title":"Zubeh\u00f6r Cernit - Stahlgrau Pastamaschine | Cernit","robots":{"index":"index","follow":"follow","max-snippet":"max-snippet:-1","max-image-preview":"max-image-preview:large","max-video-preview":"max-video-preview:-1"},"canonical":"https:\/\/www.cernit-world.com\/de\/produkt\/zubehoer-cernit-stahlgrau-pastamaschine\/","og_locale":"de_DE","og_type":"article","og_title":"Zubeh\u00f6r Cernit - Stahlgrau Pastamaschine | Cernit","og_description":"Diese Werkzeug ist ein unverzichtbares Werkzeug f\u00fcr alle, die gerne ofenh\u00e4rtende Modelliermasse (Polymer) verwenden. Nachdem die Paste geknetet wurde, wird sie zwischen zwei Walzen hindurchgef\u00fchrt, um sie flach zu dr\u00fccken.","og_url":"https:\/\/www.cernit-world.com\/de\/produkt\/zubehoer-cernit-stahlgrau-pastamaschine\/","og_site_name":"Cernit","article_publisher":"https:\/\/www.facebook.com\/groups\/cernitconnectspeople\/?locale=fr_FR","article_modified_time":"2023-09-01T13:36:44+00:00","og_image":[{"width":2000,"height":1333,"url":"https:\/\/www.cernit-world.com\/wp-inside\/uploads\/2023\/09\/ce901c_amb.jpg","type":"image\/jpeg"}],"twitter_card":"summary_large_image","twitter_misc":{"Gesch\u00e4tzte Lesezeit":"1\u00a0Minute"},"schema":{"@context":"https:\/\/schema.org","@graph":[{"@type":"WebPage","@id":"https:\/\/www.cernit-world.com\/de\/produkt\/zubehoer-cernit-stahlgrau-pastamaschine\/","url":"https:\/\/www.cernit-world.com\/de\/produkt\/zubehoer-cernit-stahlgrau-pastamaschine\/","name":"Zubeh\u00f6r Cernit - Stahlgrau Pastamaschine","isPartOf":{"@id":"https:\/\/www.cernit-world.com\/de\/#website"},"primaryImageOfPage":{"@id":"https:\/\/www.cernit-world.com\/de\/produkt\/zubehoer-cernit-stahlgrau-pastamaschine\/#primaryimage"},"image":{"@id":"https:\/\/www.cernit-world.com\/de\/produkt\/zubehoer-cernit-stahlgrau-pastamaschine\/#primaryimage"},"thumbnailUrl":"https:\/\/www.cernit-world.com\/wp-inside\/uploads\/2023\/09\/ce901c_amb.jpg","datePublished":"2023-07-04T11:47:36+00:00","dateModified":"2023-09-01T13:36:44+00:00","breadcrumb":{"@id":"https:\/\/www.cernit-world.com\/de\/produkt\/zubehoer-cernit-stahlgrau-pastamaschine\/#breadcrumb"},"inLanguage":"de","potentialAction":[{"@type":"ReadAction","target":["https:\/\/www.cernit-world.com\/de\/produkt\/zubehoer-cernit-stahlgrau-pastamaschine\/"]}]},{"@type":"ImageObject","inLanguage":"de","@id":"https:\/\/www.cernit-world.com\/de\/produkt\/zubehoer-cernit-stahlgrau-pastamaschine\/#primaryimage","url":"https:\/\/www.cernit-world.com\/wp-inside\/uploads\/2023\/09\/ce901c_amb.jpg","contentUrl":"https:\/\/www.cernit-world.com\/wp-inside\/uploads\/2023\/09\/ce901c_amb.jpg","width":2000,"height":1333},{"@type":"BreadcrumbList","@id":"https:\/\/www.cernit-world.com\/de\/produkt\/zubehoer-cernit-stahlgrau-pastamaschine\/#breadcrumb","itemListElement":[{"@type":"ListItem","position":1,"name":"Startseite","item":"https:\/\/www.cernit-world.com\/de\/"},{"@type":"ListItem","position":2,"name":"Shop","item":"https:\/\/www.cernit-world.com\/de\/shop\/"},{"@type":"ListItem","position":3,"name":"Zubeh\u00f6r","item":"https:\/\/www.cernit-world.com\/de\/produkt-kategorie\/zubehor-de\/"},{"@type":"ListItem","position":4,"name":"Zubeh\u00f6r","item":"https:\/\/www.cernit-world.com\/de\/produkt-kategorie\/zubehor-de\/zubehoer\/"},{"@type":"ListItem","position":5,"name":"Zubeh\u00f6r Cernit &#8211; Stahlgrau Pastamaschine"}]},{"@type":"WebSite","@id":"https:\/\/www.cernit-world.com\/de\/#website","url":"https:\/\/www.cernit-world.com\/de\/","name":"Cernit","description":"Une qualit\u00e9 haut de gamme pour des cr\u00e9ations premiums","publisher":{"@id":"https:\/\/www.cernit-world.com\/de\/#organization"},"potentialAction":[{"@type":"SearchAction","target":{"@type":"EntryPoint","urlTemplate":"https:\/\/www.cernit-world.com\/de\/?s={search_term_string}"},"query-input":{"@type":"PropertyValueSpecification","valueRequired":true,"valueName":"search_term_string"}}],"inLanguage":"de"},{"@type":"Organization","@id":"https:\/\/www.cernit-world.com\/de\/#organization","name":"Cernit","url":"https:\/\/www.cernit-world.com\/de\/","logo":{"@type":"ImageObject","inLanguage":"de","@id":"https:\/\/www.cernit-world.com\/de\/#\/schema\/logo\/image\/","url":"https:\/\/www.cernit-world.com\/wp-inside\/uploads\/2023\/07\/cernit-opengraph.jpg","contentUrl":"https:\/\/www.cernit-world.com\/wp-inside\/uploads\/2023\/07\/cernit-opengraph.jpg","width":1200,"height":630,"caption":"Cernit"},"image":{"@id":"https:\/\/www.cernit-world.com\/de\/#\/schema\/logo\/image\/"},"sameAs":["https:\/\/www.facebook.com\/groups\/cernitconnectspeople\/?locale=fr_FR"]}]}},"_links":{"self":[{"href":"https:\/\/www.cernit-world.com\/de\/wp-json\/wp\/v2\/product\/11408","targetHints":{"allow":["GET"]}}],"collection":[{"href":"https:\/\/www.cernit-world.com\/de\/wp-json\/wp\/v2\/product"}],"about":[{"href":"https:\/\/www.cernit-world.com\/de\/wp-json\/wp\/v2\/types\/product"}],"wp:featuredmedia":[{"embeddable":true,"href":"https:\/\/www.cernit-world.com\/de\/wp-json\/wp\/v2\/media\/11409"}],"wp:attachment":[{"href":"https:\/\/www.cernit-world.com\/de\/wp-json\/wp\/v2\/media?parent=11408"}],"wp:term":[{"taxonomy":"product_brand","embeddable":true,"href":"https:\/\/www.cernit-world.com\/de\/wp-json\/wp\/v2\/product_brand?post=11408"},{"taxonomy":"product_cat","embeddable":true,"href":"https:\/\/www.cernit-world.com\/de\/wp-json\/wp\/v2\/product_cat?post=11408"},{"taxonomy":"product_tag","embeddable":true,"href":"https:\/\/www.cernit-world.com\/de\/wp-json\/wp\/v2\/product_tag?post=11408"}],"curies":[{"name":"wp","href":"https:\/\/api.w.org\/{rel}","templated":true}]}}