{"id":11110,"date":"2023-07-04T13:47:07","date_gmt":"2023-07-04T11:47:07","guid":{"rendered":"https:\/\/www.cernit-world.com\/produit\/hilfsmittel-cernit-transparent-klebstoff-80ml\/"},"modified":"2023-09-01T15:36:46","modified_gmt":"2023-09-01T13:36:46","slug":"hilfsmittel-cernit-transparent-klebstoff-80ml","status":"publish","type":"product","link":"https:\/\/www.cernit-world.com\/de\/produkt\/hilfsmittel-cernit-transparent-klebstoff-80ml\/","title":{"rendered":"Hilfsmittel Cernit &#8211; Transparent Klebstoff 80ml"},"content":{"rendered":"<p><strong>EIGENSCHAFTEN:<\/strong> Dieser starke Klebstoff wurde speziell f\u00fcr ofenh\u00e4rtende Modelliermasse (Polymer) entwickelt. Mit seiner Pr\u00e4zisionsspitze lassen sich auch kleine Details sauber aufkleben. Beim Auftragen ist er wei\u00df und wird sp\u00e4ter v\u00f6llig transparent.<br \/><strong>ANWENDUNG:<\/strong> Cernit Glue kann sowohl zum Kleben von rohem als auch von geh\u00e4rteter Paste oder einer Mischung aus beiden verwendet werden. Er kann auch zum Verkleben von Modelliermasse (Polymer) mit anderen por\u00f6sen oder nicht por\u00f6sen Materialien verwendet werden.<br \/><strong>H\u00c4RTEN:<\/strong> Das H\u00e4rten im Ofen ist obligatorisch. Die starke Klebeeigenschaft entfaltet sich nur bei Ofenhitze von maximal 130 \u00b0C wie bei der Cernit-Paste.<br \/><strong>INHALT:<\/strong> 80 ml.<br \/><strong>HERSTELLUNG:<\/strong> Der Cernit-Kleber wird in Belgien in der N\u00e4he von L\u00fcttich hergestellt.<\/p>\n","protected":false},"excerpt":{"rendered":"<p>Dieser starke Kleber wurde speziell f\u00fcr ofenh\u00e4rtende Modelliermasse (Polymer) entwickelt. Er ist beim Auftragen wei\u00df und wird sp\u00e4ter vollst\u00e4ndig transparent.<\/p>\n","protected":false},"featured_media":11111,"template":"","meta":{"_acf_changed":false},"product_brand":[],"product_cat":[262,269,488,292],"product_tag":[],"class_list":{"0":"post-11110","1":"product","2":"type-product","3":"status-publish","4":"has-post-thumbnail","6":"product_cat-hilfsmittel","7":"product_cat-klebstoff","8":"product_cat-polymeerlijm-vernis","9":"product_cat-polymermasse-klebstoff-lac","10":"wp-sticky","11":"summaryproductshop","13":"first","14":"instock","15":"product-type-simple"},"acf":[],"yoast_head":"<!-- This site is optimized with the Yoast SEO plugin v27.4 - https:\/\/yoast.com\/product\/yoast-seo-wordpress\/ -->\n<title>Hilfsmittel Cernit - Transparent Klebstoff 80ml | Cernit<\/title>\n<meta name=\"robots\" content=\"index, follow, max-snippet:-1, max-image-preview:large, max-video-preview:-1\" \/>\n<link rel=\"canonical\" href=\"https:\/\/www.cernit-world.com\/de\/produkt\/hilfsmittel-cernit-transparent-klebstoff-80ml\/\" \/>\n<meta property=\"og:locale\" content=\"de_DE\" \/>\n<meta property=\"og:type\" content=\"article\" \/>\n<meta property=\"og:title\" content=\"Hilfsmittel Cernit - Transparent Klebstoff 80ml | Cernit\" \/>\n<meta property=\"og:description\" content=\"Dieser starke Kleber wurde speziell f\u00fcr ofenh\u00e4rtende Modelliermasse (Polymer) entwickelt. Er ist beim Auftragen wei\u00df und wird sp\u00e4ter vollst\u00e4ndig transparent.\" \/>\n<meta property=\"og:url\" content=\"https:\/\/www.cernit-world.com\/de\/produkt\/hilfsmittel-cernit-transparent-klebstoff-80ml\/\" \/>\n<meta property=\"og:site_name\" content=\"Cernit\" \/>\n<meta property=\"article:publisher\" content=\"https:\/\/www.facebook.com\/groups\/cernitconnectspeople\/?locale=fr_FR\" \/>\n<meta property=\"article:modified_time\" content=\"2023-09-01T13:36:46+00:00\" \/>\n<meta property=\"og:image\" content=\"https:\/\/www.cernit-world.com\/wp-inside\/uploads\/2023\/09\/ce3070080000c_fac.jpg\" \/>\n\t<meta property=\"og:image:width\" content=\"1500\" \/>\n\t<meta property=\"og:image:height\" content=\"1500\" \/>\n\t<meta property=\"og:image:type\" content=\"image\/jpeg\" \/>\n<meta name=\"twitter:card\" content=\"summary_large_image\" \/>\n<meta name=\"twitter:label1\" content=\"Gesch\u00e4tzte Lesezeit\" \/>\n\t<meta name=\"twitter:data1\" content=\"1\u00a0Minute\" \/>\n<script type=\"application\/ld+json\" class=\"yoast-schema-graph\">{\"@context\":\"https:\\\/\\\/schema.org\",\"@graph\":[{\"@type\":\"WebPage\",\"@id\":\"https:\\\/\\\/www.cernit-world.com\\\/de\\\/produkt\\\/hilfsmittel-cernit-transparent-klebstoff-80ml\\\/\",\"url\":\"https:\\\/\\\/www.cernit-world.com\\\/de\\\/produkt\\\/hilfsmittel-cernit-transparent-klebstoff-80ml\\\/\",\"name\":\"Hilfsmittel Cernit - Transparent Klebstoff 80ml\",\"isPartOf\":{\"@id\":\"https:\\\/\\\/www.cernit-world.com\\\/de\\\/#website\"},\"primaryImageOfPage\":{\"@id\":\"https:\\\/\\\/www.cernit-world.com\\\/de\\\/produkt\\\/hilfsmittel-cernit-transparent-klebstoff-80ml\\\/#primaryimage\"},\"image\":{\"@id\":\"https:\\\/\\\/www.cernit-world.com\\\/de\\\/produkt\\\/hilfsmittel-cernit-transparent-klebstoff-80ml\\\/#primaryimage\"},\"thumbnailUrl\":\"https:\\\/\\\/www.cernit-world.com\\\/wp-inside\\\/uploads\\\/2023\\\/09\\\/ce3070080000c_fac.jpg\",\"datePublished\":\"2023-07-04T11:47:07+00:00\",\"dateModified\":\"2023-09-01T13:36:46+00:00\",\"breadcrumb\":{\"@id\":\"https:\\\/\\\/www.cernit-world.com\\\/de\\\/produkt\\\/hilfsmittel-cernit-transparent-klebstoff-80ml\\\/#breadcrumb\"},\"inLanguage\":\"de\",\"potentialAction\":[{\"@type\":\"ReadAction\",\"target\":[\"https:\\\/\\\/www.cernit-world.com\\\/de\\\/produkt\\\/hilfsmittel-cernit-transparent-klebstoff-80ml\\\/\"]}]},{\"@type\":\"ImageObject\",\"inLanguage\":\"de\",\"@id\":\"https:\\\/\\\/www.cernit-world.com\\\/de\\\/produkt\\\/hilfsmittel-cernit-transparent-klebstoff-80ml\\\/#primaryimage\",\"url\":\"https:\\\/\\\/www.cernit-world.com\\\/wp-inside\\\/uploads\\\/2023\\\/09\\\/ce3070080000c_fac.jpg\",\"contentUrl\":\"https:\\\/\\\/www.cernit-world.com\\\/wp-inside\\\/uploads\\\/2023\\\/09\\\/ce3070080000c_fac.jpg\",\"width\":1500,\"height\":1500},{\"@type\":\"BreadcrumbList\",\"@id\":\"https:\\\/\\\/www.cernit-world.com\\\/de\\\/produkt\\\/hilfsmittel-cernit-transparent-klebstoff-80ml\\\/#breadcrumb\",\"itemListElement\":[{\"@type\":\"ListItem\",\"position\":1,\"name\":\"Startseite\",\"item\":\"https:\\\/\\\/www.cernit-world.com\\\/de\\\/\"},{\"@type\":\"ListItem\",\"position\":2,\"name\":\"Shop\",\"item\":\"https:\\\/\\\/www.cernit-world.com\\\/de\\\/shop\\\/\"},{\"@type\":\"ListItem\",\"position\":3,\"name\":\"Polymermasse\",\"item\":\"https:\\\/\\\/www.cernit-world.com\\\/de\\\/produkt-kategorie\\\/polymermasse\\\/\"},{\"@type\":\"ListItem\",\"position\":4,\"name\":\"Polymermasse Werkzeuge und Zubeh\u00f6r\",\"item\":\"https:\\\/\\\/www.cernit-world.com\\\/de\\\/produkt-kategorie\\\/polymermasse\\\/polymermasse-werkzeuge-und-zubehoer\\\/\"},{\"@type\":\"ListItem\",\"position\":5,\"name\":\"Polymermasse Klebstoff &amp; Lac\",\"item\":\"https:\\\/\\\/www.cernit-world.com\\\/de\\\/produkt-kategorie\\\/polymermasse\\\/polymermasse-werkzeuge-und-zubehoer\\\/polymermasse-klebstoff-lac\\\/\"},{\"@type\":\"ListItem\",\"position\":6,\"name\":\"Hilfsmittel Cernit &#8211; Transparent Klebstoff 80ml\"}]},{\"@type\":\"WebSite\",\"@id\":\"https:\\\/\\\/www.cernit-world.com\\\/de\\\/#website\",\"url\":\"https:\\\/\\\/www.cernit-world.com\\\/de\\\/\",\"name\":\"Cernit\",\"description\":\"Une qualit\u00e9 haut de gamme pour des cr\u00e9ations premiums\",\"publisher\":{\"@id\":\"https:\\\/\\\/www.cernit-world.com\\\/de\\\/#organization\"},\"potentialAction\":[{\"@type\":\"SearchAction\",\"target\":{\"@type\":\"EntryPoint\",\"urlTemplate\":\"https:\\\/\\\/www.cernit-world.com\\\/de\\\/?s={search_term_string}\"},\"query-input\":{\"@type\":\"PropertyValueSpecification\",\"valueRequired\":true,\"valueName\":\"search_term_string\"}}],\"inLanguage\":\"de\"},{\"@type\":\"Organization\",\"@id\":\"https:\\\/\\\/www.cernit-world.com\\\/de\\\/#organization\",\"name\":\"Cernit\",\"url\":\"https:\\\/\\\/www.cernit-world.com\\\/de\\\/\",\"logo\":{\"@type\":\"ImageObject\",\"inLanguage\":\"de\",\"@id\":\"https:\\\/\\\/www.cernit-world.com\\\/de\\\/#\\\/schema\\\/logo\\\/image\\\/\",\"url\":\"https:\\\/\\\/www.cernit-world.com\\\/wp-inside\\\/uploads\\\/2023\\\/07\\\/cernit-opengraph.jpg\",\"contentUrl\":\"https:\\\/\\\/www.cernit-world.com\\\/wp-inside\\\/uploads\\\/2023\\\/07\\\/cernit-opengraph.jpg\",\"width\":1200,\"height\":630,\"caption\":\"Cernit\"},\"image\":{\"@id\":\"https:\\\/\\\/www.cernit-world.com\\\/de\\\/#\\\/schema\\\/logo\\\/image\\\/\"},\"sameAs\":[\"https:\\\/\\\/www.facebook.com\\\/groups\\\/cernitconnectspeople\\\/?locale=fr_FR\"]}]}<\/script>\n<!-- \/ Yoast SEO plugin. -->","yoast_head_json":{"title":"Hilfsmittel Cernit - Transparent Klebstoff 80ml | Cernit","robots":{"index":"index","follow":"follow","max-snippet":"max-snippet:-1","max-image-preview":"max-image-preview:large","max-video-preview":"max-video-preview:-1"},"canonical":"https:\/\/www.cernit-world.com\/de\/produkt\/hilfsmittel-cernit-transparent-klebstoff-80ml\/","og_locale":"de_DE","og_type":"article","og_title":"Hilfsmittel Cernit - Transparent Klebstoff 80ml | Cernit","og_description":"Dieser starke Kleber wurde speziell f\u00fcr ofenh\u00e4rtende Modelliermasse (Polymer) entwickelt. Er ist beim Auftragen wei\u00df und wird sp\u00e4ter vollst\u00e4ndig transparent.","og_url":"https:\/\/www.cernit-world.com\/de\/produkt\/hilfsmittel-cernit-transparent-klebstoff-80ml\/","og_site_name":"Cernit","article_publisher":"https:\/\/www.facebook.com\/groups\/cernitconnectspeople\/?locale=fr_FR","article_modified_time":"2023-09-01T13:36:46+00:00","og_image":[{"width":1500,"height":1500,"url":"https:\/\/www.cernit-world.com\/wp-inside\/uploads\/2023\/09\/ce3070080000c_fac.jpg","type":"image\/jpeg"}],"twitter_card":"summary_large_image","twitter_misc":{"Gesch\u00e4tzte Lesezeit":"1\u00a0Minute"},"schema":{"@context":"https:\/\/schema.org","@graph":[{"@type":"WebPage","@id":"https:\/\/www.cernit-world.com\/de\/produkt\/hilfsmittel-cernit-transparent-klebstoff-80ml\/","url":"https:\/\/www.cernit-world.com\/de\/produkt\/hilfsmittel-cernit-transparent-klebstoff-80ml\/","name":"Hilfsmittel Cernit - Transparent Klebstoff 80ml","isPartOf":{"@id":"https:\/\/www.cernit-world.com\/de\/#website"},"primaryImageOfPage":{"@id":"https:\/\/www.cernit-world.com\/de\/produkt\/hilfsmittel-cernit-transparent-klebstoff-80ml\/#primaryimage"},"image":{"@id":"https:\/\/www.cernit-world.com\/de\/produkt\/hilfsmittel-cernit-transparent-klebstoff-80ml\/#primaryimage"},"thumbnailUrl":"https:\/\/www.cernit-world.com\/wp-inside\/uploads\/2023\/09\/ce3070080000c_fac.jpg","datePublished":"2023-07-04T11:47:07+00:00","dateModified":"2023-09-01T13:36:46+00:00","breadcrumb":{"@id":"https:\/\/www.cernit-world.com\/de\/produkt\/hilfsmittel-cernit-transparent-klebstoff-80ml\/#breadcrumb"},"inLanguage":"de","potentialAction":[{"@type":"ReadAction","target":["https:\/\/www.cernit-world.com\/de\/produkt\/hilfsmittel-cernit-transparent-klebstoff-80ml\/"]}]},{"@type":"ImageObject","inLanguage":"de","@id":"https:\/\/www.cernit-world.com\/de\/produkt\/hilfsmittel-cernit-transparent-klebstoff-80ml\/#primaryimage","url":"https:\/\/www.cernit-world.com\/wp-inside\/uploads\/2023\/09\/ce3070080000c_fac.jpg","contentUrl":"https:\/\/www.cernit-world.com\/wp-inside\/uploads\/2023\/09\/ce3070080000c_fac.jpg","width":1500,"height":1500},{"@type":"BreadcrumbList","@id":"https:\/\/www.cernit-world.com\/de\/produkt\/hilfsmittel-cernit-transparent-klebstoff-80ml\/#breadcrumb","itemListElement":[{"@type":"ListItem","position":1,"name":"Startseite","item":"https:\/\/www.cernit-world.com\/de\/"},{"@type":"ListItem","position":2,"name":"Shop","item":"https:\/\/www.cernit-world.com\/de\/shop\/"},{"@type":"ListItem","position":3,"name":"Polymermasse","item":"https:\/\/www.cernit-world.com\/de\/produkt-kategorie\/polymermasse\/"},{"@type":"ListItem","position":4,"name":"Polymermasse Werkzeuge und Zubeh\u00f6r","item":"https:\/\/www.cernit-world.com\/de\/produkt-kategorie\/polymermasse\/polymermasse-werkzeuge-und-zubehoer\/"},{"@type":"ListItem","position":5,"name":"Polymermasse Klebstoff &amp; Lac","item":"https:\/\/www.cernit-world.com\/de\/produkt-kategorie\/polymermasse\/polymermasse-werkzeuge-und-zubehoer\/polymermasse-klebstoff-lac\/"},{"@type":"ListItem","position":6,"name":"Hilfsmittel Cernit &#8211; Transparent Klebstoff 80ml"}]},{"@type":"WebSite","@id":"https:\/\/www.cernit-world.com\/de\/#website","url":"https:\/\/www.cernit-world.com\/de\/","name":"Cernit","description":"Une qualit\u00e9 haut de gamme pour des cr\u00e9ations premiums","publisher":{"@id":"https:\/\/www.cernit-world.com\/de\/#organization"},"potentialAction":[{"@type":"SearchAction","target":{"@type":"EntryPoint","urlTemplate":"https:\/\/www.cernit-world.com\/de\/?s={search_term_string}"},"query-input":{"@type":"PropertyValueSpecification","valueRequired":true,"valueName":"search_term_string"}}],"inLanguage":"de"},{"@type":"Organization","@id":"https:\/\/www.cernit-world.com\/de\/#organization","name":"Cernit","url":"https:\/\/www.cernit-world.com\/de\/","logo":{"@type":"ImageObject","inLanguage":"de","@id":"https:\/\/www.cernit-world.com\/de\/#\/schema\/logo\/image\/","url":"https:\/\/www.cernit-world.com\/wp-inside\/uploads\/2023\/07\/cernit-opengraph.jpg","contentUrl":"https:\/\/www.cernit-world.com\/wp-inside\/uploads\/2023\/07\/cernit-opengraph.jpg","width":1200,"height":630,"caption":"Cernit"},"image":{"@id":"https:\/\/www.cernit-world.com\/de\/#\/schema\/logo\/image\/"},"sameAs":["https:\/\/www.facebook.com\/groups\/cernitconnectspeople\/?locale=fr_FR"]}]}},"_links":{"self":[{"href":"https:\/\/www.cernit-world.com\/de\/wp-json\/wp\/v2\/product\/11110","targetHints":{"allow":["GET"]}}],"collection":[{"href":"https:\/\/www.cernit-world.com\/de\/wp-json\/wp\/v2\/product"}],"about":[{"href":"https:\/\/www.cernit-world.com\/de\/wp-json\/wp\/v2\/types\/product"}],"wp:featuredmedia":[{"embeddable":true,"href":"https:\/\/www.cernit-world.com\/de\/wp-json\/wp\/v2\/media\/11111"}],"wp:attachment":[{"href":"https:\/\/www.cernit-world.com\/de\/wp-json\/wp\/v2\/media?parent=11110"}],"wp:term":[{"taxonomy":"product_brand","embeddable":true,"href":"https:\/\/www.cernit-world.com\/de\/wp-json\/wp\/v2\/product_brand?post=11110"},{"taxonomy":"product_cat","embeddable":true,"href":"https:\/\/www.cernit-world.com\/de\/wp-json\/wp\/v2\/product_cat?post=11110"},{"taxonomy":"product_tag","embeddable":true,"href":"https:\/\/www.cernit-world.com\/de\/wp-json\/wp\/v2\/product_tag?post=11110"}],"curies":[{"name":"wp","href":"https:\/\/api.w.org\/{rel}","templated":true}]}}