{"id":11097,"date":"2023-07-04T13:47:07","date_gmt":"2023-07-04T11:47:07","guid":{"rendered":"https:\/\/www.cernit-world.com\/produit\/hilfsmittel-cernit-transparent-epoxidharz-500ml-250ml\/"},"modified":"2025-03-27T15:10:02","modified_gmt":"2025-03-27T14:10:02","slug":"hilfsmittel-cernit-transparent-epoxidharz-500ml-250ml","status":"publish","type":"product","link":"https:\/\/www.cernit-world.com\/de\/produkt\/hilfsmittel-cernit-transparent-epoxidharz-500ml-250ml\/","title":{"rendered":"Hilfsmittel Cernit &#8211; Transparent Epoxidharz 500ml + 250ml"},"content":{"rendered":"<p><strong>EIGENSCHAFTEN:<\/strong> Set zur Herstellung eines eigenen farblosen, festen und langlebigen Epoxidharzes. Die Transparenz ist \u00e4hnlich wie bei Glas. F\u00fcr Erwachsene geeignet. Vegan.<br \/>\n<strong>ANLEITUNG:<\/strong> 1. die Handschuhe tragen. 2. das Harz in der gew\u00fcnschten Menge in den kleinen Messbecher gie\u00dfen. 3. Den H\u00e4rter in der empfohlenen Dosierung hinzugeben (=halb so viel wie das Harz). 4. Die beiden Produkte mit dem kleinen St\u00e4bchen mischen. 5. Die L\u00f6sung in die Form gie\u00dfen. 6. Trocknen lassen.<br \/>\n<strong>ANWENDUNG:<\/strong> Cernit Epoxydharz ist bei Schmuckdesignern sehr beliebt und erm\u00f6glicht dicke, gl\u00e4nzende Schichten, die v\u00f6llig transparent sind und auf denen sich keine Blasen bilden. Es l\u00e4sst sich sehr gut auf Modelliermasse, Holz, Karton, Metall, Gips, Keramik, Stein usw. auftragen.<br \/>\n<strong>TROCKNUNG:<\/strong> Je nach Dicke des Harzes zwischen 24 und 72 Stunden an der Luft trocknen lassen.<br \/>\n<strong>AUSF\u00dcHRUNG:<\/strong> Sehr gl\u00e4nzende Kristalloptik, sehr hart.<br \/>\n<strong>INHALT:<\/strong> 750ml.<br \/>\n<strong>WICHTIG:<\/strong> Cernit Silikonformen k\u00f6nnen mit Epoxydharz verwendet werden. Vor dem Trocknen kann das Harz mit Cernit Alkoholtinte eingef\u00e4rbt werden oder es k\u00f6nnen Elemente wie getrocknete Blumen, Blattgold etc. hinzugef\u00fcgt werden.<\/p>\n<p><strong>Download des\u00a0<a href=\"https:\/\/www.cernit-world.com\/wp-inside\/uploads\/2025\/03\/msds_finish_glass_a_2023-de.pdf\" target=\"_blank\" rel=\"noopener\">Sicherheitsdatenblattes f\u00fcr das Harz<\/a><\/strong><br \/>\n<strong>Download des\u00a0<a href=\"https:\/\/www.cernit-world.com\/wp-inside\/uploads\/2025\/03\/msds_finish_glass_b_2023-de.pdf\" target=\"_blank\" rel=\"noopener\">Sicherheitsdatenblattes f\u00fcr den H\u00e4rter<\/a><\/strong><\/p>\n","protected":false},"excerpt":{"rendered":"<p>Gebrauchsfertiges Set, um sein eigenes farbloses, festes und langlebiges Epoxidharz herzustellen. Transparenz \u00e4hnlich wie bei Glas. F\u00fcr Erwachsene geeignet. Vegan.<\/p>\n","protected":false},"featured_media":11098,"template":"","meta":{"_acf_changed":false},"product_brand":[],"product_cat":[268,283,262],"product_tag":[],"class_list":{"0":"post-11097","1":"product","2":"type-product","3":"status-publish","4":"has-post-thumbnail","6":"product_cat-epoxidharz","7":"product_cat-epoxidharz-kits","8":"product_cat-hilfsmittel","9":"wp-sticky","10":"summaryproductshop","12":"first","13":"instock","14":"product-type-simple"},"acf":[],"yoast_head":"<!-- This site is optimized with the Yoast SEO plugin v27.5 - https:\/\/yoast.com\/product\/yoast-seo-wordpress\/ -->\n<title>Hilfsmittel Cernit - Transparent Epoxidharz 500ml + 250ml | Cernit<\/title>\n<meta name=\"robots\" content=\"index, follow, max-snippet:-1, max-image-preview:large, max-video-preview:-1\" \/>\n<link rel=\"canonical\" href=\"https:\/\/www.cernit-world.com\/de\/produkt\/hilfsmittel-cernit-transparent-epoxidharz-500ml-250ml\/\" \/>\n<meta property=\"og:locale\" content=\"de_DE\" \/>\n<meta property=\"og:type\" content=\"article\" \/>\n<meta property=\"og:title\" content=\"Hilfsmittel Cernit - Transparent Epoxidharz 500ml + 250ml | Cernit\" \/>\n<meta property=\"og:description\" content=\"Gebrauchsfertiges Set, um sein eigenes farbloses, festes und langlebiges Epoxidharz herzustellen. Transparenz \u00e4hnlich wie bei Glas. F\u00fcr Erwachsene geeignet. Vegan.\" \/>\n<meta property=\"og:url\" content=\"https:\/\/www.cernit-world.com\/de\/produkt\/hilfsmittel-cernit-transparent-epoxidharz-500ml-250ml\/\" \/>\n<meta property=\"og:site_name\" content=\"Cernit\" \/>\n<meta property=\"article:publisher\" content=\"https:\/\/www.facebook.com\/groups\/cernitconnectspeople\/?locale=fr_FR\" \/>\n<meta property=\"article:modified_time\" content=\"2025-03-27T14:10:02+00:00\" \/>\n<meta property=\"og:image\" content=\"https:\/\/www.cernit-world.com\/wp-inside\/uploads\/2023\/09\/ce3060750k01c_fac.jpg\" \/>\n\t<meta property=\"og:image:width\" content=\"2000\" \/>\n\t<meta property=\"og:image:height\" content=\"2000\" \/>\n\t<meta property=\"og:image:type\" content=\"image\/jpeg\" \/>\n<meta name=\"twitter:card\" content=\"summary_large_image\" \/>\n<meta name=\"twitter:label1\" content=\"Gesch\u00e4tzte Lesezeit\" \/>\n\t<meta name=\"twitter:data1\" content=\"1\u00a0Minute\" \/>\n<script type=\"application\/ld+json\" class=\"yoast-schema-graph\">{\"@context\":\"https:\\\/\\\/schema.org\",\"@graph\":[{\"@type\":\"WebPage\",\"@id\":\"https:\\\/\\\/www.cernit-world.com\\\/de\\\/produkt\\\/hilfsmittel-cernit-transparent-epoxidharz-500ml-250ml\\\/\",\"url\":\"https:\\\/\\\/www.cernit-world.com\\\/de\\\/produkt\\\/hilfsmittel-cernit-transparent-epoxidharz-500ml-250ml\\\/\",\"name\":\"Hilfsmittel Cernit - Transparent Epoxidharz 500ml + 250ml\",\"isPartOf\":{\"@id\":\"https:\\\/\\\/www.cernit-world.com\\\/de\\\/#website\"},\"primaryImageOfPage\":{\"@id\":\"https:\\\/\\\/www.cernit-world.com\\\/de\\\/produkt\\\/hilfsmittel-cernit-transparent-epoxidharz-500ml-250ml\\\/#primaryimage\"},\"image\":{\"@id\":\"https:\\\/\\\/www.cernit-world.com\\\/de\\\/produkt\\\/hilfsmittel-cernit-transparent-epoxidharz-500ml-250ml\\\/#primaryimage\"},\"thumbnailUrl\":\"https:\\\/\\\/www.cernit-world.com\\\/wp-inside\\\/uploads\\\/2023\\\/09\\\/ce3060750k01c_fac.jpg\",\"datePublished\":\"2023-07-04T11:47:07+00:00\",\"dateModified\":\"2025-03-27T14:10:02+00:00\",\"breadcrumb\":{\"@id\":\"https:\\\/\\\/www.cernit-world.com\\\/de\\\/produkt\\\/hilfsmittel-cernit-transparent-epoxidharz-500ml-250ml\\\/#breadcrumb\"},\"inLanguage\":\"de\",\"potentialAction\":[{\"@type\":\"ReadAction\",\"target\":[\"https:\\\/\\\/www.cernit-world.com\\\/de\\\/produkt\\\/hilfsmittel-cernit-transparent-epoxidharz-500ml-250ml\\\/\"]}]},{\"@type\":\"ImageObject\",\"inLanguage\":\"de\",\"@id\":\"https:\\\/\\\/www.cernit-world.com\\\/de\\\/produkt\\\/hilfsmittel-cernit-transparent-epoxidharz-500ml-250ml\\\/#primaryimage\",\"url\":\"https:\\\/\\\/www.cernit-world.com\\\/wp-inside\\\/uploads\\\/2023\\\/09\\\/ce3060750k01c_fac.jpg\",\"contentUrl\":\"https:\\\/\\\/www.cernit-world.com\\\/wp-inside\\\/uploads\\\/2023\\\/09\\\/ce3060750k01c_fac.jpg\",\"width\":2000,\"height\":2000},{\"@type\":\"BreadcrumbList\",\"@id\":\"https:\\\/\\\/www.cernit-world.com\\\/de\\\/produkt\\\/hilfsmittel-cernit-transparent-epoxidharz-500ml-250ml\\\/#breadcrumb\",\"itemListElement\":[{\"@type\":\"ListItem\",\"position\":1,\"name\":\"Startseite\",\"item\":\"https:\\\/\\\/www.cernit-world.com\\\/de\\\/\"},{\"@type\":\"ListItem\",\"position\":2,\"name\":\"Shop\",\"item\":\"https:\\\/\\\/www.cernit-world.com\\\/de\\\/shop\\\/\"},{\"@type\":\"ListItem\",\"position\":3,\"name\":\"Epoxidharz\",\"item\":\"https:\\\/\\\/www.cernit-world.com\\\/de\\\/produkt-kategorie\\\/epoxidharz\\\/\"},{\"@type\":\"ListItem\",\"position\":4,\"name\":\"Epoxidharz-Kits\",\"item\":\"https:\\\/\\\/www.cernit-world.com\\\/de\\\/produkt-kategorie\\\/epoxidharz\\\/epoxidharz-kits\\\/\"},{\"@type\":\"ListItem\",\"position\":5,\"name\":\"Hilfsmittel Cernit &#8211; Transparent Epoxidharz 500ml + 250ml\"}]},{\"@type\":\"WebSite\",\"@id\":\"https:\\\/\\\/www.cernit-world.com\\\/de\\\/#website\",\"url\":\"https:\\\/\\\/www.cernit-world.com\\\/de\\\/\",\"name\":\"Cernit\",\"description\":\"Une qualit\u00e9 haut de gamme pour des cr\u00e9ations premiums\",\"publisher\":{\"@id\":\"https:\\\/\\\/www.cernit-world.com\\\/de\\\/#organization\"},\"potentialAction\":[{\"@type\":\"SearchAction\",\"target\":{\"@type\":\"EntryPoint\",\"urlTemplate\":\"https:\\\/\\\/www.cernit-world.com\\\/de\\\/?s={search_term_string}\"},\"query-input\":{\"@type\":\"PropertyValueSpecification\",\"valueRequired\":true,\"valueName\":\"search_term_string\"}}],\"inLanguage\":\"de\"},{\"@type\":\"Organization\",\"@id\":\"https:\\\/\\\/www.cernit-world.com\\\/de\\\/#organization\",\"name\":\"Cernit\",\"url\":\"https:\\\/\\\/www.cernit-world.com\\\/de\\\/\",\"logo\":{\"@type\":\"ImageObject\",\"inLanguage\":\"de\",\"@id\":\"https:\\\/\\\/www.cernit-world.com\\\/de\\\/#\\\/schema\\\/logo\\\/image\\\/\",\"url\":\"https:\\\/\\\/www.cernit-world.com\\\/wp-inside\\\/uploads\\\/2023\\\/07\\\/cernit-opengraph.jpg\",\"contentUrl\":\"https:\\\/\\\/www.cernit-world.com\\\/wp-inside\\\/uploads\\\/2023\\\/07\\\/cernit-opengraph.jpg\",\"width\":1200,\"height\":630,\"caption\":\"Cernit\"},\"image\":{\"@id\":\"https:\\\/\\\/www.cernit-world.com\\\/de\\\/#\\\/schema\\\/logo\\\/image\\\/\"},\"sameAs\":[\"https:\\\/\\\/www.facebook.com\\\/groups\\\/cernitconnectspeople\\\/?locale=fr_FR\"]}]}<\/script>\n<!-- \/ Yoast SEO plugin. -->","yoast_head_json":{"title":"Hilfsmittel Cernit - Transparent Epoxidharz 500ml + 250ml | Cernit","robots":{"index":"index","follow":"follow","max-snippet":"max-snippet:-1","max-image-preview":"max-image-preview:large","max-video-preview":"max-video-preview:-1"},"canonical":"https:\/\/www.cernit-world.com\/de\/produkt\/hilfsmittel-cernit-transparent-epoxidharz-500ml-250ml\/","og_locale":"de_DE","og_type":"article","og_title":"Hilfsmittel Cernit - Transparent Epoxidharz 500ml + 250ml | Cernit","og_description":"Gebrauchsfertiges Set, um sein eigenes farbloses, festes und langlebiges Epoxidharz herzustellen. Transparenz \u00e4hnlich wie bei Glas. F\u00fcr Erwachsene geeignet. Vegan.","og_url":"https:\/\/www.cernit-world.com\/de\/produkt\/hilfsmittel-cernit-transparent-epoxidharz-500ml-250ml\/","og_site_name":"Cernit","article_publisher":"https:\/\/www.facebook.com\/groups\/cernitconnectspeople\/?locale=fr_FR","article_modified_time":"2025-03-27T14:10:02+00:00","og_image":[{"width":2000,"height":2000,"url":"https:\/\/www.cernit-world.com\/wp-inside\/uploads\/2023\/09\/ce3060750k01c_fac.jpg","type":"image\/jpeg"}],"twitter_card":"summary_large_image","twitter_misc":{"Gesch\u00e4tzte Lesezeit":"1\u00a0Minute"},"schema":{"@context":"https:\/\/schema.org","@graph":[{"@type":"WebPage","@id":"https:\/\/www.cernit-world.com\/de\/produkt\/hilfsmittel-cernit-transparent-epoxidharz-500ml-250ml\/","url":"https:\/\/www.cernit-world.com\/de\/produkt\/hilfsmittel-cernit-transparent-epoxidharz-500ml-250ml\/","name":"Hilfsmittel Cernit - Transparent Epoxidharz 500ml + 250ml","isPartOf":{"@id":"https:\/\/www.cernit-world.com\/de\/#website"},"primaryImageOfPage":{"@id":"https:\/\/www.cernit-world.com\/de\/produkt\/hilfsmittel-cernit-transparent-epoxidharz-500ml-250ml\/#primaryimage"},"image":{"@id":"https:\/\/www.cernit-world.com\/de\/produkt\/hilfsmittel-cernit-transparent-epoxidharz-500ml-250ml\/#primaryimage"},"thumbnailUrl":"https:\/\/www.cernit-world.com\/wp-inside\/uploads\/2023\/09\/ce3060750k01c_fac.jpg","datePublished":"2023-07-04T11:47:07+00:00","dateModified":"2025-03-27T14:10:02+00:00","breadcrumb":{"@id":"https:\/\/www.cernit-world.com\/de\/produkt\/hilfsmittel-cernit-transparent-epoxidharz-500ml-250ml\/#breadcrumb"},"inLanguage":"de","potentialAction":[{"@type":"ReadAction","target":["https:\/\/www.cernit-world.com\/de\/produkt\/hilfsmittel-cernit-transparent-epoxidharz-500ml-250ml\/"]}]},{"@type":"ImageObject","inLanguage":"de","@id":"https:\/\/www.cernit-world.com\/de\/produkt\/hilfsmittel-cernit-transparent-epoxidharz-500ml-250ml\/#primaryimage","url":"https:\/\/www.cernit-world.com\/wp-inside\/uploads\/2023\/09\/ce3060750k01c_fac.jpg","contentUrl":"https:\/\/www.cernit-world.com\/wp-inside\/uploads\/2023\/09\/ce3060750k01c_fac.jpg","width":2000,"height":2000},{"@type":"BreadcrumbList","@id":"https:\/\/www.cernit-world.com\/de\/produkt\/hilfsmittel-cernit-transparent-epoxidharz-500ml-250ml\/#breadcrumb","itemListElement":[{"@type":"ListItem","position":1,"name":"Startseite","item":"https:\/\/www.cernit-world.com\/de\/"},{"@type":"ListItem","position":2,"name":"Shop","item":"https:\/\/www.cernit-world.com\/de\/shop\/"},{"@type":"ListItem","position":3,"name":"Epoxidharz","item":"https:\/\/www.cernit-world.com\/de\/produkt-kategorie\/epoxidharz\/"},{"@type":"ListItem","position":4,"name":"Epoxidharz-Kits","item":"https:\/\/www.cernit-world.com\/de\/produkt-kategorie\/epoxidharz\/epoxidharz-kits\/"},{"@type":"ListItem","position":5,"name":"Hilfsmittel Cernit &#8211; Transparent Epoxidharz 500ml + 250ml"}]},{"@type":"WebSite","@id":"https:\/\/www.cernit-world.com\/de\/#website","url":"https:\/\/www.cernit-world.com\/de\/","name":"Cernit","description":"Une qualit\u00e9 haut de gamme pour des cr\u00e9ations premiums","publisher":{"@id":"https:\/\/www.cernit-world.com\/de\/#organization"},"potentialAction":[{"@type":"SearchAction","target":{"@type":"EntryPoint","urlTemplate":"https:\/\/www.cernit-world.com\/de\/?s={search_term_string}"},"query-input":{"@type":"PropertyValueSpecification","valueRequired":true,"valueName":"search_term_string"}}],"inLanguage":"de"},{"@type":"Organization","@id":"https:\/\/www.cernit-world.com\/de\/#organization","name":"Cernit","url":"https:\/\/www.cernit-world.com\/de\/","logo":{"@type":"ImageObject","inLanguage":"de","@id":"https:\/\/www.cernit-world.com\/de\/#\/schema\/logo\/image\/","url":"https:\/\/www.cernit-world.com\/wp-inside\/uploads\/2023\/07\/cernit-opengraph.jpg","contentUrl":"https:\/\/www.cernit-world.com\/wp-inside\/uploads\/2023\/07\/cernit-opengraph.jpg","width":1200,"height":630,"caption":"Cernit"},"image":{"@id":"https:\/\/www.cernit-world.com\/de\/#\/schema\/logo\/image\/"},"sameAs":["https:\/\/www.facebook.com\/groups\/cernitconnectspeople\/?locale=fr_FR"]}]}},"_links":{"self":[{"href":"https:\/\/www.cernit-world.com\/de\/wp-json\/wp\/v2\/product\/11097","targetHints":{"allow":["GET"]}}],"collection":[{"href":"https:\/\/www.cernit-world.com\/de\/wp-json\/wp\/v2\/product"}],"about":[{"href":"https:\/\/www.cernit-world.com\/de\/wp-json\/wp\/v2\/types\/product"}],"wp:featuredmedia":[{"embeddable":true,"href":"https:\/\/www.cernit-world.com\/de\/wp-json\/wp\/v2\/media\/11098"}],"wp:attachment":[{"href":"https:\/\/www.cernit-world.com\/de\/wp-json\/wp\/v2\/media?parent=11097"}],"wp:term":[{"taxonomy":"product_brand","embeddable":true,"href":"https:\/\/www.cernit-world.com\/de\/wp-json\/wp\/v2\/product_brand?post=11097"},{"taxonomy":"product_cat","embeddable":true,"href":"https:\/\/www.cernit-world.com\/de\/wp-json\/wp\/v2\/product_cat?post=11097"},{"taxonomy":"product_tag","embeddable":true,"href":"https:\/\/www.cernit-world.com\/de\/wp-json\/wp\/v2\/product_tag?post=11097"}],"curies":[{"name":"wp","href":"https:\/\/api.w.org\/{rel}","templated":true}]}}