{"id":10732,"date":"2023-07-04T13:45:41","date_gmt":"2023-07-04T11:45:41","guid":{"rendered":"https:\/\/www.cernit-world.com\/produit\/hilfsmittel-cernit-schwarz-alkoholtinte-20ml\/"},"modified":"2025-03-27T11:36:08","modified_gmt":"2025-03-27T10:36:08","slug":"hilfsmittel-cernit-schwarz-alkoholtinte-20ml","status":"publish","type":"product","link":"https:\/\/www.cernit-world.com\/de\/produkt\/hilfsmittel-cernit-schwarz-alkoholtinte-20ml\/","title":{"rendered":"Hilfsmittel Cernit &#8211; Schwarz Alkoholtinte 20ml"},"content":{"rendered":"<p><strong>EIGENSCHAFTEN:<\/strong> Die alkoholbasierte Tinte von Cernit ist deckend f\u00fcr Wei\u00df, Gold, Kupfer, Silber und Perlmutt oder transparent f\u00fcr alle anderen Farben. Jede Tinte verf\u00fcgt \u00fcber eine leicht zu verwendende Pr\u00e4zisionsspitze. Alle Farbt\u00f6ne k\u00f6nnen untereinander gemischt werden, um eine neue Farbe zu kreieren. S\u00e4urefrei.<br \/>\n<strong>TR\u00c4GER:<\/strong> Die Alkoholtinte von Cernit ist f\u00fcr ofenh\u00e4rtende Modelliermassen (Polymer), aber auch f\u00fcr Epoxidharz, Papier, Metall, Plastik, Keramik, Glas usw. geeignet.<br \/>\n<strong>ANWENDUNG:<\/strong> Mit ein paar Tropfen der Tinte kann man eine kleine Fl\u00e4che pr\u00e4zise ausmalen. Sie ist an der Luft schnelltrocknend. Gl\u00e4nzendes Aussehen nach dem Trocknen.<br \/>\n<strong>HERSTELLUNG:<\/strong> Alle Cernit Alkoholtinten werden in Belgien, in der N\u00e4he von L\u00fcttich, hergestellt.<br \/>\n<strong>HINWEIS:<\/strong> Es gibt in der Reihe einen Verd\u00fcnner, der die Farben verfl\u00fcssigt, und einen Reiniger, der die Werkzeuge und Arbeitsfl\u00e4chen nach der Verwendung der Farben vollst\u00e4ndig reinigt.<\/p>\n<p><strong><a href=\"https:\/\/www.cernit-world.com\/wp-inside\/uploads\/2025\/03\/msds_cernit_alcohol_ink_2025-de.pdf\" target=\"_blank\" rel=\"noopener\">Sicherheitsdatenblatt<\/a>\u00a0herunterladen<\/strong><\/p>\n","protected":false},"excerpt":{"rendered":"<p>Alle Farbt\u00f6ne der Alkoholtinten von Cernit k\u00f6nnen untereinander gemischt werden. S\u00e4urefrei. Trocknet schnell an der Luft.<\/p>\n","protected":false},"featured_media":10733,"template":"","meta":{"_acf_changed":false},"product_brand":[],"product_cat":[265,295,262,291],"product_tag":[],"class_list":{"0":"post-10732","1":"product","2":"type-product","3":"status-publish","4":"has-post-thumbnail","6":"product_cat-alkoholtine","7":"product_cat-epoxidharz-alkoholtine","8":"product_cat-hilfsmittel","9":"product_cat-polymermasse-alkoholtine","10":"wp-sticky","11":"summaryproductshop","13":"first","14":"instock","15":"product-type-simple"},"acf":[],"yoast_head":"<!-- This site is optimized with the Yoast SEO plugin v27.4 - https:\/\/yoast.com\/product\/yoast-seo-wordpress\/ -->\n<title>Hilfsmittel Cernit - Schwarz Alkoholtinte 20ml | Cernit<\/title>\n<meta name=\"robots\" content=\"index, follow, max-snippet:-1, max-image-preview:large, max-video-preview:-1\" \/>\n<link rel=\"canonical\" href=\"https:\/\/www.cernit-world.com\/de\/produkt\/hilfsmittel-cernit-schwarz-alkoholtinte-20ml\/\" \/>\n<meta property=\"og:locale\" content=\"de_DE\" \/>\n<meta property=\"og:type\" content=\"article\" \/>\n<meta property=\"og:title\" content=\"Hilfsmittel Cernit - Schwarz Alkoholtinte 20ml | Cernit\" \/>\n<meta property=\"og:description\" content=\"Alle Farbt\u00f6ne der Alkoholtinten von Cernit k\u00f6nnen untereinander gemischt werden. S\u00e4urefrei. Trocknet schnell an der Luft.\" \/>\n<meta property=\"og:url\" content=\"https:\/\/www.cernit-world.com\/de\/produkt\/hilfsmittel-cernit-schwarz-alkoholtinte-20ml\/\" \/>\n<meta property=\"og:site_name\" content=\"Cernit\" \/>\n<meta property=\"article:publisher\" content=\"https:\/\/www.facebook.com\/groups\/cernitconnectspeople\/?locale=fr_FR\" \/>\n<meta property=\"article:modified_time\" content=\"2025-03-27T10:36:08+00:00\" \/>\n<meta property=\"og:image\" content=\"https:\/\/www.cernit-world.com\/wp-inside\/uploads\/2023\/09\/ce2000020100c_fac.jpg\" \/>\n\t<meta property=\"og:image:width\" content=\"1500\" \/>\n\t<meta property=\"og:image:height\" content=\"1500\" \/>\n\t<meta property=\"og:image:type\" content=\"image\/jpeg\" \/>\n<meta name=\"twitter:card\" content=\"summary_large_image\" \/>\n<meta name=\"twitter:label1\" content=\"Gesch\u00e4tzte Lesezeit\" \/>\n\t<meta name=\"twitter:data1\" content=\"1\u00a0Minute\" \/>\n<script type=\"application\/ld+json\" class=\"yoast-schema-graph\">{\"@context\":\"https:\\\/\\\/schema.org\",\"@graph\":[{\"@type\":\"WebPage\",\"@id\":\"https:\\\/\\\/www.cernit-world.com\\\/de\\\/produkt\\\/hilfsmittel-cernit-schwarz-alkoholtinte-20ml\\\/\",\"url\":\"https:\\\/\\\/www.cernit-world.com\\\/de\\\/produkt\\\/hilfsmittel-cernit-schwarz-alkoholtinte-20ml\\\/\",\"name\":\"Hilfsmittel Cernit - Schwarz Alkoholtinte 20ml\",\"isPartOf\":{\"@id\":\"https:\\\/\\\/www.cernit-world.com\\\/de\\\/#website\"},\"primaryImageOfPage\":{\"@id\":\"https:\\\/\\\/www.cernit-world.com\\\/de\\\/produkt\\\/hilfsmittel-cernit-schwarz-alkoholtinte-20ml\\\/#primaryimage\"},\"image\":{\"@id\":\"https:\\\/\\\/www.cernit-world.com\\\/de\\\/produkt\\\/hilfsmittel-cernit-schwarz-alkoholtinte-20ml\\\/#primaryimage\"},\"thumbnailUrl\":\"https:\\\/\\\/www.cernit-world.com\\\/wp-inside\\\/uploads\\\/2023\\\/09\\\/ce2000020100c_fac.jpg\",\"datePublished\":\"2023-07-04T11:45:41+00:00\",\"dateModified\":\"2025-03-27T10:36:08+00:00\",\"breadcrumb\":{\"@id\":\"https:\\\/\\\/www.cernit-world.com\\\/de\\\/produkt\\\/hilfsmittel-cernit-schwarz-alkoholtinte-20ml\\\/#breadcrumb\"},\"inLanguage\":\"de\",\"potentialAction\":[{\"@type\":\"ReadAction\",\"target\":[\"https:\\\/\\\/www.cernit-world.com\\\/de\\\/produkt\\\/hilfsmittel-cernit-schwarz-alkoholtinte-20ml\\\/\"]}]},{\"@type\":\"ImageObject\",\"inLanguage\":\"de\",\"@id\":\"https:\\\/\\\/www.cernit-world.com\\\/de\\\/produkt\\\/hilfsmittel-cernit-schwarz-alkoholtinte-20ml\\\/#primaryimage\",\"url\":\"https:\\\/\\\/www.cernit-world.com\\\/wp-inside\\\/uploads\\\/2023\\\/09\\\/ce2000020100c_fac.jpg\",\"contentUrl\":\"https:\\\/\\\/www.cernit-world.com\\\/wp-inside\\\/uploads\\\/2023\\\/09\\\/ce2000020100c_fac.jpg\",\"width\":1500,\"height\":1500},{\"@type\":\"BreadcrumbList\",\"@id\":\"https:\\\/\\\/www.cernit-world.com\\\/de\\\/produkt\\\/hilfsmittel-cernit-schwarz-alkoholtinte-20ml\\\/#breadcrumb\",\"itemListElement\":[{\"@type\":\"ListItem\",\"position\":1,\"name\":\"Startseite\",\"item\":\"https:\\\/\\\/www.cernit-world.com\\\/de\\\/\"},{\"@type\":\"ListItem\",\"position\":2,\"name\":\"Shop\",\"item\":\"https:\\\/\\\/www.cernit-world.com\\\/de\\\/shop\\\/\"},{\"@type\":\"ListItem\",\"position\":3,\"name\":\"Epoxidharz\",\"item\":\"https:\\\/\\\/www.cernit-world.com\\\/de\\\/produkt-kategorie\\\/epoxidharz\\\/\"},{\"@type\":\"ListItem\",\"position\":4,\"name\":\"Epoxidharz Werkzeuge &amp; Zubeh\u00f6r\",\"item\":\"https:\\\/\\\/www.cernit-world.com\\\/de\\\/produkt-kategorie\\\/epoxidharz\\\/epoxidharz-werkzeuge-zubehor\\\/\"},{\"@type\":\"ListItem\",\"position\":5,\"name\":\"Epoxidharz Alkoholtine\",\"item\":\"https:\\\/\\\/www.cernit-world.com\\\/de\\\/produkt-kategorie\\\/epoxidharz\\\/epoxidharz-werkzeuge-zubehor\\\/epoxidharz-alkoholtine\\\/\"},{\"@type\":\"ListItem\",\"position\":6,\"name\":\"Hilfsmittel Cernit &#8211; Schwarz Alkoholtinte 20ml\"}]},{\"@type\":\"WebSite\",\"@id\":\"https:\\\/\\\/www.cernit-world.com\\\/de\\\/#website\",\"url\":\"https:\\\/\\\/www.cernit-world.com\\\/de\\\/\",\"name\":\"Cernit\",\"description\":\"Une qualit\u00e9 haut de gamme pour des cr\u00e9ations premiums\",\"publisher\":{\"@id\":\"https:\\\/\\\/www.cernit-world.com\\\/de\\\/#organization\"},\"potentialAction\":[{\"@type\":\"SearchAction\",\"target\":{\"@type\":\"EntryPoint\",\"urlTemplate\":\"https:\\\/\\\/www.cernit-world.com\\\/de\\\/?s={search_term_string}\"},\"query-input\":{\"@type\":\"PropertyValueSpecification\",\"valueRequired\":true,\"valueName\":\"search_term_string\"}}],\"inLanguage\":\"de\"},{\"@type\":\"Organization\",\"@id\":\"https:\\\/\\\/www.cernit-world.com\\\/de\\\/#organization\",\"name\":\"Cernit\",\"url\":\"https:\\\/\\\/www.cernit-world.com\\\/de\\\/\",\"logo\":{\"@type\":\"ImageObject\",\"inLanguage\":\"de\",\"@id\":\"https:\\\/\\\/www.cernit-world.com\\\/de\\\/#\\\/schema\\\/logo\\\/image\\\/\",\"url\":\"https:\\\/\\\/www.cernit-world.com\\\/wp-inside\\\/uploads\\\/2023\\\/07\\\/cernit-opengraph.jpg\",\"contentUrl\":\"https:\\\/\\\/www.cernit-world.com\\\/wp-inside\\\/uploads\\\/2023\\\/07\\\/cernit-opengraph.jpg\",\"width\":1200,\"height\":630,\"caption\":\"Cernit\"},\"image\":{\"@id\":\"https:\\\/\\\/www.cernit-world.com\\\/de\\\/#\\\/schema\\\/logo\\\/image\\\/\"},\"sameAs\":[\"https:\\\/\\\/www.facebook.com\\\/groups\\\/cernitconnectspeople\\\/?locale=fr_FR\"]}]}<\/script>\n<!-- \/ Yoast SEO plugin. -->","yoast_head_json":{"title":"Hilfsmittel Cernit - Schwarz Alkoholtinte 20ml | Cernit","robots":{"index":"index","follow":"follow","max-snippet":"max-snippet:-1","max-image-preview":"max-image-preview:large","max-video-preview":"max-video-preview:-1"},"canonical":"https:\/\/www.cernit-world.com\/de\/produkt\/hilfsmittel-cernit-schwarz-alkoholtinte-20ml\/","og_locale":"de_DE","og_type":"article","og_title":"Hilfsmittel Cernit - Schwarz Alkoholtinte 20ml | Cernit","og_description":"Alle Farbt\u00f6ne der Alkoholtinten von Cernit k\u00f6nnen untereinander gemischt werden. S\u00e4urefrei. Trocknet schnell an der Luft.","og_url":"https:\/\/www.cernit-world.com\/de\/produkt\/hilfsmittel-cernit-schwarz-alkoholtinte-20ml\/","og_site_name":"Cernit","article_publisher":"https:\/\/www.facebook.com\/groups\/cernitconnectspeople\/?locale=fr_FR","article_modified_time":"2025-03-27T10:36:08+00:00","og_image":[{"width":1500,"height":1500,"url":"https:\/\/www.cernit-world.com\/wp-inside\/uploads\/2023\/09\/ce2000020100c_fac.jpg","type":"image\/jpeg"}],"twitter_card":"summary_large_image","twitter_misc":{"Gesch\u00e4tzte Lesezeit":"1\u00a0Minute"},"schema":{"@context":"https:\/\/schema.org","@graph":[{"@type":"WebPage","@id":"https:\/\/www.cernit-world.com\/de\/produkt\/hilfsmittel-cernit-schwarz-alkoholtinte-20ml\/","url":"https:\/\/www.cernit-world.com\/de\/produkt\/hilfsmittel-cernit-schwarz-alkoholtinte-20ml\/","name":"Hilfsmittel Cernit - Schwarz Alkoholtinte 20ml","isPartOf":{"@id":"https:\/\/www.cernit-world.com\/de\/#website"},"primaryImageOfPage":{"@id":"https:\/\/www.cernit-world.com\/de\/produkt\/hilfsmittel-cernit-schwarz-alkoholtinte-20ml\/#primaryimage"},"image":{"@id":"https:\/\/www.cernit-world.com\/de\/produkt\/hilfsmittel-cernit-schwarz-alkoholtinte-20ml\/#primaryimage"},"thumbnailUrl":"https:\/\/www.cernit-world.com\/wp-inside\/uploads\/2023\/09\/ce2000020100c_fac.jpg","datePublished":"2023-07-04T11:45:41+00:00","dateModified":"2025-03-27T10:36:08+00:00","breadcrumb":{"@id":"https:\/\/www.cernit-world.com\/de\/produkt\/hilfsmittel-cernit-schwarz-alkoholtinte-20ml\/#breadcrumb"},"inLanguage":"de","potentialAction":[{"@type":"ReadAction","target":["https:\/\/www.cernit-world.com\/de\/produkt\/hilfsmittel-cernit-schwarz-alkoholtinte-20ml\/"]}]},{"@type":"ImageObject","inLanguage":"de","@id":"https:\/\/www.cernit-world.com\/de\/produkt\/hilfsmittel-cernit-schwarz-alkoholtinte-20ml\/#primaryimage","url":"https:\/\/www.cernit-world.com\/wp-inside\/uploads\/2023\/09\/ce2000020100c_fac.jpg","contentUrl":"https:\/\/www.cernit-world.com\/wp-inside\/uploads\/2023\/09\/ce2000020100c_fac.jpg","width":1500,"height":1500},{"@type":"BreadcrumbList","@id":"https:\/\/www.cernit-world.com\/de\/produkt\/hilfsmittel-cernit-schwarz-alkoholtinte-20ml\/#breadcrumb","itemListElement":[{"@type":"ListItem","position":1,"name":"Startseite","item":"https:\/\/www.cernit-world.com\/de\/"},{"@type":"ListItem","position":2,"name":"Shop","item":"https:\/\/www.cernit-world.com\/de\/shop\/"},{"@type":"ListItem","position":3,"name":"Epoxidharz","item":"https:\/\/www.cernit-world.com\/de\/produkt-kategorie\/epoxidharz\/"},{"@type":"ListItem","position":4,"name":"Epoxidharz Werkzeuge &amp; Zubeh\u00f6r","item":"https:\/\/www.cernit-world.com\/de\/produkt-kategorie\/epoxidharz\/epoxidharz-werkzeuge-zubehor\/"},{"@type":"ListItem","position":5,"name":"Epoxidharz Alkoholtine","item":"https:\/\/www.cernit-world.com\/de\/produkt-kategorie\/epoxidharz\/epoxidharz-werkzeuge-zubehor\/epoxidharz-alkoholtine\/"},{"@type":"ListItem","position":6,"name":"Hilfsmittel Cernit &#8211; Schwarz Alkoholtinte 20ml"}]},{"@type":"WebSite","@id":"https:\/\/www.cernit-world.com\/de\/#website","url":"https:\/\/www.cernit-world.com\/de\/","name":"Cernit","description":"Une qualit\u00e9 haut de gamme pour des cr\u00e9ations premiums","publisher":{"@id":"https:\/\/www.cernit-world.com\/de\/#organization"},"potentialAction":[{"@type":"SearchAction","target":{"@type":"EntryPoint","urlTemplate":"https:\/\/www.cernit-world.com\/de\/?s={search_term_string}"},"query-input":{"@type":"PropertyValueSpecification","valueRequired":true,"valueName":"search_term_string"}}],"inLanguage":"de"},{"@type":"Organization","@id":"https:\/\/www.cernit-world.com\/de\/#organization","name":"Cernit","url":"https:\/\/www.cernit-world.com\/de\/","logo":{"@type":"ImageObject","inLanguage":"de","@id":"https:\/\/www.cernit-world.com\/de\/#\/schema\/logo\/image\/","url":"https:\/\/www.cernit-world.com\/wp-inside\/uploads\/2023\/07\/cernit-opengraph.jpg","contentUrl":"https:\/\/www.cernit-world.com\/wp-inside\/uploads\/2023\/07\/cernit-opengraph.jpg","width":1200,"height":630,"caption":"Cernit"},"image":{"@id":"https:\/\/www.cernit-world.com\/de\/#\/schema\/logo\/image\/"},"sameAs":["https:\/\/www.facebook.com\/groups\/cernitconnectspeople\/?locale=fr_FR"]}]}},"_links":{"self":[{"href":"https:\/\/www.cernit-world.com\/de\/wp-json\/wp\/v2\/product\/10732","targetHints":{"allow":["GET"]}}],"collection":[{"href":"https:\/\/www.cernit-world.com\/de\/wp-json\/wp\/v2\/product"}],"about":[{"href":"https:\/\/www.cernit-world.com\/de\/wp-json\/wp\/v2\/types\/product"}],"wp:featuredmedia":[{"embeddable":true,"href":"https:\/\/www.cernit-world.com\/de\/wp-json\/wp\/v2\/media\/10733"}],"wp:attachment":[{"href":"https:\/\/www.cernit-world.com\/de\/wp-json\/wp\/v2\/media?parent=10732"}],"wp:term":[{"taxonomy":"product_brand","embeddable":true,"href":"https:\/\/www.cernit-world.com\/de\/wp-json\/wp\/v2\/product_brand?post=10732"},{"taxonomy":"product_cat","embeddable":true,"href":"https:\/\/www.cernit-world.com\/de\/wp-json\/wp\/v2\/product_cat?post=10732"},{"taxonomy":"product_tag","embeddable":true,"href":"https:\/\/www.cernit-world.com\/de\/wp-json\/wp\/v2\/product_tag?post=10732"}],"curies":[{"name":"wp","href":"https:\/\/api.w.org\/{rel}","templated":true}]}}