{"id":10641,"date":"2023-07-04T13:45:41","date_gmt":"2023-07-04T11:45:41","guid":{"rendered":"https:\/\/www.cernit-world.com\/produit\/hilfsmittel-cernit-reiniger-alkoholtinte-20ml\/"},"modified":"2025-03-27T11:33:54","modified_gmt":"2025-03-27T10:33:54","slug":"hilfsmittel-cernit-reiniger-alkoholtinte-20ml","status":"publish","type":"product","link":"https:\/\/www.cernit-world.com\/de\/produkt\/hilfsmittel-cernit-reiniger-alkoholtinte-20ml\/","title":{"rendered":"Hilfsmittel Cernit &#8211; Reiniger Alkoholtinte 20ml"},"content":{"rendered":"<p>Speziell entwickelt f\u00fcr die Alkoholtinten von Cernit. Mit dem Reiniger k\u00f6nnen Malutensilien und Oberfl\u00e4chen gereinigt werden.Die Alkoholtinten von Cernit sind f\u00fcr ofenh\u00e4rtende Modelliermassen (Polymer), aber auch f\u00fcr Epoxidharz, Papier, Metall, Plastik, Keramik, Glas usw. geeignet. Mit ein paar Tropfen der Tinte kann man eine kleine Fl\u00e4che pr\u00e4zise ausmalen. Sie ist an der Luft schnelltrocknend. Gl\u00e4nzendes Aussehen nach dem Trocknen.<br \/>\n<strong>Inhalt:<\/strong> 20ml.<br \/>\n<strong>HERSTELLUNG:<\/strong> Alle Cernit Alkoholtinten werden in Belgien, in der N\u00e4he von L\u00fcttich, hergestellt.<\/p>\n<p><strong><a href=\"https:\/\/www.cernit-world.com\/wp-inside\/uploads\/2025\/03\/msds_cernit_alcohol_ink_2025-de.pdf\" target=\"_blank\" rel=\"noopener\">Sicherheitsdatenblatt<\/a>\u00a0herunterladen<\/strong><\/p>\n","protected":false},"excerpt":{"rendered":"<p>Der Reiniger von Cernit wurde speziell zum Reinigen der Arbeitsfl\u00e4che und der Werkzeuge entwickelt, die mit den Alkoholtinten der Marke verwendet werden.<\/p>\n","protected":false},"featured_media":10642,"template":"","meta":{"_acf_changed":false},"product_brand":[],"product_cat":[265,295,262,291],"product_tag":[],"class_list":{"0":"post-10641","1":"product","2":"type-product","3":"status-publish","4":"has-post-thumbnail","6":"product_cat-alkoholtine","7":"product_cat-epoxidharz-alkoholtine","8":"product_cat-hilfsmittel","9":"product_cat-polymermasse-alkoholtine","10":"wp-sticky","11":"summaryproductshop","13":"first","14":"instock","15":"product-type-simple"},"acf":[],"yoast_head":"<!-- This site is optimized with the Yoast SEO plugin v27.5 - https:\/\/yoast.com\/product\/yoast-seo-wordpress\/ -->\n<title>Hilfsmittel Cernit - Reiniger Alkoholtinte 20ml | Cernit<\/title>\n<meta name=\"robots\" content=\"index, follow, max-snippet:-1, max-image-preview:large, max-video-preview:-1\" \/>\n<link rel=\"canonical\" href=\"https:\/\/www.cernit-world.com\/de\/produkt\/hilfsmittel-cernit-reiniger-alkoholtinte-20ml\/\" \/>\n<meta property=\"og:locale\" content=\"de_DE\" \/>\n<meta property=\"og:type\" content=\"article\" \/>\n<meta property=\"og:title\" content=\"Hilfsmittel Cernit - Reiniger Alkoholtinte 20ml | Cernit\" \/>\n<meta property=\"og:description\" content=\"Der Reiniger von Cernit wurde speziell zum Reinigen der Arbeitsfl\u00e4che und der Werkzeuge entwickelt, die mit den Alkoholtinten der Marke verwendet werden.\" \/>\n<meta property=\"og:url\" content=\"https:\/\/www.cernit-world.com\/de\/produkt\/hilfsmittel-cernit-reiniger-alkoholtinte-20ml\/\" \/>\n<meta property=\"og:site_name\" content=\"Cernit\" \/>\n<meta property=\"article:publisher\" content=\"https:\/\/www.facebook.com\/groups\/cernitconnectspeople\/?locale=fr_FR\" \/>\n<meta property=\"article:modified_time\" content=\"2025-03-27T10:33:54+00:00\" \/>\n<meta property=\"og:image\" content=\"https:\/\/www.cernit-world.com\/wp-inside\/uploads\/2023\/09\/ce2000020001c_fac.jpg\" \/>\n\t<meta property=\"og:image:width\" content=\"1500\" \/>\n\t<meta property=\"og:image:height\" content=\"1500\" \/>\n\t<meta property=\"og:image:type\" content=\"image\/jpeg\" \/>\n<meta name=\"twitter:card\" content=\"summary_large_image\" \/>\n<script type=\"application\/ld+json\" class=\"yoast-schema-graph\">{\"@context\":\"https:\\\/\\\/schema.org\",\"@graph\":[{\"@type\":\"WebPage\",\"@id\":\"https:\\\/\\\/www.cernit-world.com\\\/de\\\/produkt\\\/hilfsmittel-cernit-reiniger-alkoholtinte-20ml\\\/\",\"url\":\"https:\\\/\\\/www.cernit-world.com\\\/de\\\/produkt\\\/hilfsmittel-cernit-reiniger-alkoholtinte-20ml\\\/\",\"name\":\"Hilfsmittel Cernit - Reiniger Alkoholtinte 20ml\",\"isPartOf\":{\"@id\":\"https:\\\/\\\/www.cernit-world.com\\\/de\\\/#website\"},\"primaryImageOfPage\":{\"@id\":\"https:\\\/\\\/www.cernit-world.com\\\/de\\\/produkt\\\/hilfsmittel-cernit-reiniger-alkoholtinte-20ml\\\/#primaryimage\"},\"image\":{\"@id\":\"https:\\\/\\\/www.cernit-world.com\\\/de\\\/produkt\\\/hilfsmittel-cernit-reiniger-alkoholtinte-20ml\\\/#primaryimage\"},\"thumbnailUrl\":\"https:\\\/\\\/www.cernit-world.com\\\/wp-inside\\\/uploads\\\/2023\\\/09\\\/ce2000020001c_fac.jpg\",\"datePublished\":\"2023-07-04T11:45:41+00:00\",\"dateModified\":\"2025-03-27T10:33:54+00:00\",\"breadcrumb\":{\"@id\":\"https:\\\/\\\/www.cernit-world.com\\\/de\\\/produkt\\\/hilfsmittel-cernit-reiniger-alkoholtinte-20ml\\\/#breadcrumb\"},\"inLanguage\":\"de\",\"potentialAction\":[{\"@type\":\"ReadAction\",\"target\":[\"https:\\\/\\\/www.cernit-world.com\\\/de\\\/produkt\\\/hilfsmittel-cernit-reiniger-alkoholtinte-20ml\\\/\"]}]},{\"@type\":\"ImageObject\",\"inLanguage\":\"de\",\"@id\":\"https:\\\/\\\/www.cernit-world.com\\\/de\\\/produkt\\\/hilfsmittel-cernit-reiniger-alkoholtinte-20ml\\\/#primaryimage\",\"url\":\"https:\\\/\\\/www.cernit-world.com\\\/wp-inside\\\/uploads\\\/2023\\\/09\\\/ce2000020001c_fac.jpg\",\"contentUrl\":\"https:\\\/\\\/www.cernit-world.com\\\/wp-inside\\\/uploads\\\/2023\\\/09\\\/ce2000020001c_fac.jpg\",\"width\":1500,\"height\":1500},{\"@type\":\"BreadcrumbList\",\"@id\":\"https:\\\/\\\/www.cernit-world.com\\\/de\\\/produkt\\\/hilfsmittel-cernit-reiniger-alkoholtinte-20ml\\\/#breadcrumb\",\"itemListElement\":[{\"@type\":\"ListItem\",\"position\":1,\"name\":\"Startseite\",\"item\":\"https:\\\/\\\/www.cernit-world.com\\\/de\\\/\"},{\"@type\":\"ListItem\",\"position\":2,\"name\":\"Shop\",\"item\":\"https:\\\/\\\/www.cernit-world.com\\\/de\\\/shop\\\/\"},{\"@type\":\"ListItem\",\"position\":3,\"name\":\"Epoxidharz\",\"item\":\"https:\\\/\\\/www.cernit-world.com\\\/de\\\/produkt-kategorie\\\/epoxidharz\\\/\"},{\"@type\":\"ListItem\",\"position\":4,\"name\":\"Epoxidharz Werkzeuge &amp; Zubeh\u00f6r\",\"item\":\"https:\\\/\\\/www.cernit-world.com\\\/de\\\/produkt-kategorie\\\/epoxidharz\\\/epoxidharz-werkzeuge-zubehor\\\/\"},{\"@type\":\"ListItem\",\"position\":5,\"name\":\"Epoxidharz Alkoholtine\",\"item\":\"https:\\\/\\\/www.cernit-world.com\\\/de\\\/produkt-kategorie\\\/epoxidharz\\\/epoxidharz-werkzeuge-zubehor\\\/epoxidharz-alkoholtine\\\/\"},{\"@type\":\"ListItem\",\"position\":6,\"name\":\"Hilfsmittel Cernit &#8211; Reiniger Alkoholtinte 20ml\"}]},{\"@type\":\"WebSite\",\"@id\":\"https:\\\/\\\/www.cernit-world.com\\\/de\\\/#website\",\"url\":\"https:\\\/\\\/www.cernit-world.com\\\/de\\\/\",\"name\":\"Cernit\",\"description\":\"Une qualit\u00e9 haut de gamme pour des cr\u00e9ations premiums\",\"publisher\":{\"@id\":\"https:\\\/\\\/www.cernit-world.com\\\/de\\\/#organization\"},\"potentialAction\":[{\"@type\":\"SearchAction\",\"target\":{\"@type\":\"EntryPoint\",\"urlTemplate\":\"https:\\\/\\\/www.cernit-world.com\\\/de\\\/?s={search_term_string}\"},\"query-input\":{\"@type\":\"PropertyValueSpecification\",\"valueRequired\":true,\"valueName\":\"search_term_string\"}}],\"inLanguage\":\"de\"},{\"@type\":\"Organization\",\"@id\":\"https:\\\/\\\/www.cernit-world.com\\\/de\\\/#organization\",\"name\":\"Cernit\",\"url\":\"https:\\\/\\\/www.cernit-world.com\\\/de\\\/\",\"logo\":{\"@type\":\"ImageObject\",\"inLanguage\":\"de\",\"@id\":\"https:\\\/\\\/www.cernit-world.com\\\/de\\\/#\\\/schema\\\/logo\\\/image\\\/\",\"url\":\"https:\\\/\\\/www.cernit-world.com\\\/wp-inside\\\/uploads\\\/2023\\\/07\\\/cernit-opengraph.jpg\",\"contentUrl\":\"https:\\\/\\\/www.cernit-world.com\\\/wp-inside\\\/uploads\\\/2023\\\/07\\\/cernit-opengraph.jpg\",\"width\":1200,\"height\":630,\"caption\":\"Cernit\"},\"image\":{\"@id\":\"https:\\\/\\\/www.cernit-world.com\\\/de\\\/#\\\/schema\\\/logo\\\/image\\\/\"},\"sameAs\":[\"https:\\\/\\\/www.facebook.com\\\/groups\\\/cernitconnectspeople\\\/?locale=fr_FR\"]}]}<\/script>\n<!-- \/ Yoast SEO plugin. -->","yoast_head_json":{"title":"Hilfsmittel Cernit - Reiniger Alkoholtinte 20ml | Cernit","robots":{"index":"index","follow":"follow","max-snippet":"max-snippet:-1","max-image-preview":"max-image-preview:large","max-video-preview":"max-video-preview:-1"},"canonical":"https:\/\/www.cernit-world.com\/de\/produkt\/hilfsmittel-cernit-reiniger-alkoholtinte-20ml\/","og_locale":"de_DE","og_type":"article","og_title":"Hilfsmittel Cernit - Reiniger Alkoholtinte 20ml | Cernit","og_description":"Der Reiniger von Cernit wurde speziell zum Reinigen der Arbeitsfl\u00e4che und der Werkzeuge entwickelt, die mit den Alkoholtinten der Marke verwendet werden.","og_url":"https:\/\/www.cernit-world.com\/de\/produkt\/hilfsmittel-cernit-reiniger-alkoholtinte-20ml\/","og_site_name":"Cernit","article_publisher":"https:\/\/www.facebook.com\/groups\/cernitconnectspeople\/?locale=fr_FR","article_modified_time":"2025-03-27T10:33:54+00:00","og_image":[{"width":1500,"height":1500,"url":"https:\/\/www.cernit-world.com\/wp-inside\/uploads\/2023\/09\/ce2000020001c_fac.jpg","type":"image\/jpeg"}],"twitter_card":"summary_large_image","schema":{"@context":"https:\/\/schema.org","@graph":[{"@type":"WebPage","@id":"https:\/\/www.cernit-world.com\/de\/produkt\/hilfsmittel-cernit-reiniger-alkoholtinte-20ml\/","url":"https:\/\/www.cernit-world.com\/de\/produkt\/hilfsmittel-cernit-reiniger-alkoholtinte-20ml\/","name":"Hilfsmittel Cernit - Reiniger Alkoholtinte 20ml","isPartOf":{"@id":"https:\/\/www.cernit-world.com\/de\/#website"},"primaryImageOfPage":{"@id":"https:\/\/www.cernit-world.com\/de\/produkt\/hilfsmittel-cernit-reiniger-alkoholtinte-20ml\/#primaryimage"},"image":{"@id":"https:\/\/www.cernit-world.com\/de\/produkt\/hilfsmittel-cernit-reiniger-alkoholtinte-20ml\/#primaryimage"},"thumbnailUrl":"https:\/\/www.cernit-world.com\/wp-inside\/uploads\/2023\/09\/ce2000020001c_fac.jpg","datePublished":"2023-07-04T11:45:41+00:00","dateModified":"2025-03-27T10:33:54+00:00","breadcrumb":{"@id":"https:\/\/www.cernit-world.com\/de\/produkt\/hilfsmittel-cernit-reiniger-alkoholtinte-20ml\/#breadcrumb"},"inLanguage":"de","potentialAction":[{"@type":"ReadAction","target":["https:\/\/www.cernit-world.com\/de\/produkt\/hilfsmittel-cernit-reiniger-alkoholtinte-20ml\/"]}]},{"@type":"ImageObject","inLanguage":"de","@id":"https:\/\/www.cernit-world.com\/de\/produkt\/hilfsmittel-cernit-reiniger-alkoholtinte-20ml\/#primaryimage","url":"https:\/\/www.cernit-world.com\/wp-inside\/uploads\/2023\/09\/ce2000020001c_fac.jpg","contentUrl":"https:\/\/www.cernit-world.com\/wp-inside\/uploads\/2023\/09\/ce2000020001c_fac.jpg","width":1500,"height":1500},{"@type":"BreadcrumbList","@id":"https:\/\/www.cernit-world.com\/de\/produkt\/hilfsmittel-cernit-reiniger-alkoholtinte-20ml\/#breadcrumb","itemListElement":[{"@type":"ListItem","position":1,"name":"Startseite","item":"https:\/\/www.cernit-world.com\/de\/"},{"@type":"ListItem","position":2,"name":"Shop","item":"https:\/\/www.cernit-world.com\/de\/shop\/"},{"@type":"ListItem","position":3,"name":"Epoxidharz","item":"https:\/\/www.cernit-world.com\/de\/produkt-kategorie\/epoxidharz\/"},{"@type":"ListItem","position":4,"name":"Epoxidharz Werkzeuge &amp; Zubeh\u00f6r","item":"https:\/\/www.cernit-world.com\/de\/produkt-kategorie\/epoxidharz\/epoxidharz-werkzeuge-zubehor\/"},{"@type":"ListItem","position":5,"name":"Epoxidharz Alkoholtine","item":"https:\/\/www.cernit-world.com\/de\/produkt-kategorie\/epoxidharz\/epoxidharz-werkzeuge-zubehor\/epoxidharz-alkoholtine\/"},{"@type":"ListItem","position":6,"name":"Hilfsmittel Cernit &#8211; Reiniger Alkoholtinte 20ml"}]},{"@type":"WebSite","@id":"https:\/\/www.cernit-world.com\/de\/#website","url":"https:\/\/www.cernit-world.com\/de\/","name":"Cernit","description":"Une qualit\u00e9 haut de gamme pour des cr\u00e9ations premiums","publisher":{"@id":"https:\/\/www.cernit-world.com\/de\/#organization"},"potentialAction":[{"@type":"SearchAction","target":{"@type":"EntryPoint","urlTemplate":"https:\/\/www.cernit-world.com\/de\/?s={search_term_string}"},"query-input":{"@type":"PropertyValueSpecification","valueRequired":true,"valueName":"search_term_string"}}],"inLanguage":"de"},{"@type":"Organization","@id":"https:\/\/www.cernit-world.com\/de\/#organization","name":"Cernit","url":"https:\/\/www.cernit-world.com\/de\/","logo":{"@type":"ImageObject","inLanguage":"de","@id":"https:\/\/www.cernit-world.com\/de\/#\/schema\/logo\/image\/","url":"https:\/\/www.cernit-world.com\/wp-inside\/uploads\/2023\/07\/cernit-opengraph.jpg","contentUrl":"https:\/\/www.cernit-world.com\/wp-inside\/uploads\/2023\/07\/cernit-opengraph.jpg","width":1200,"height":630,"caption":"Cernit"},"image":{"@id":"https:\/\/www.cernit-world.com\/de\/#\/schema\/logo\/image\/"},"sameAs":["https:\/\/www.facebook.com\/groups\/cernitconnectspeople\/?locale=fr_FR"]}]}},"_links":{"self":[{"href":"https:\/\/www.cernit-world.com\/de\/wp-json\/wp\/v2\/product\/10641","targetHints":{"allow":["GET"]}}],"collection":[{"href":"https:\/\/www.cernit-world.com\/de\/wp-json\/wp\/v2\/product"}],"about":[{"href":"https:\/\/www.cernit-world.com\/de\/wp-json\/wp\/v2\/types\/product"}],"wp:featuredmedia":[{"embeddable":true,"href":"https:\/\/www.cernit-world.com\/de\/wp-json\/wp\/v2\/media\/10642"}],"wp:attachment":[{"href":"https:\/\/www.cernit-world.com\/de\/wp-json\/wp\/v2\/media?parent=10641"}],"wp:term":[{"taxonomy":"product_brand","embeddable":true,"href":"https:\/\/www.cernit-world.com\/de\/wp-json\/wp\/v2\/product_brand?post=10641"},{"taxonomy":"product_cat","embeddable":true,"href":"https:\/\/www.cernit-world.com\/de\/wp-json\/wp\/v2\/product_cat?post=10641"},{"taxonomy":"product_tag","embeddable":true,"href":"https:\/\/www.cernit-world.com\/de\/wp-json\/wp\/v2\/product_tag?post=10641"}],"curies":[{"name":"wp","href":"https:\/\/api.w.org\/{rel}","templated":true}]}}