{"id":10450,"date":"2023-07-04T13:45:41","date_gmt":"2023-07-04T11:45:41","guid":{"rendered":"https:\/\/www.cernit-world.com\/produit\/hilfsmittel-cernit-weiss-soft-mix-56g\/"},"modified":"2023-09-01T15:36:52","modified_gmt":"2023-09-01T13:36:52","slug":"hilfsmittel-cernit-weiss-soft-mix-56g","status":"publish","type":"product","link":"https:\/\/www.cernit-world.com\/de\/produkt\/hilfsmittel-cernit-weiss-soft-mix-56g\/","title":{"rendered":"Hilfsmittel Cernit &#8211; Wei\u00df Soft mix 56g"},"content":{"rendered":"<p><strong>EIGENSCHAFTEN:<\/strong> Wei\u00dfe ofenh\u00e4rtende Modelliermasse (Polymer), die sp\u00e4ter die Farbe der Paste annimmt, mit der sie vermischt wird. Ver\u00e4ndert die Farbe der Paste nicht. Einfache Anwendung. F\u00fcr Kinder geeignet.<br \/><strong>ANWENDUNG:<\/strong> Mit Soft Mix kann die Modelliermasse einfach und schnell weich gemacht werden. Mit dem Soft Mix kann zudem die Menge der verbleibenden Paste erh\u00f6ht werden.<br \/><strong>ANLEITUNG:<\/strong> Bis zu 2\/3 der Cernit-Paste mit 1\/3 des Cernit Soft Mix mischen. Passt in den herk\u00f6mmlichen Backofen wie andere Cernit-Pasten.<br \/><strong>GEWICHT:<\/strong> 56g.<br \/><strong>HERSTELLUNG:<\/strong> Die Soft Mix-Paste wird in Belgien, in der N\u00e4he von L\u00fcttich, hergestellt.<\/p>\n","protected":false},"excerpt":{"rendered":"<p>Ofenh\u00e4rtende Modelliermasse (Polymer) zum Backen. Die Masse bei 110\u00b0C (230\u00b0F) bis 130\u00b0C (266\u00b0F) in einem herk\u00f6mmlichen Backofen f\u00fcr max. 30min backen. Geruchlos beim Backen. Wird nicht rissig.<\/p>\n","protected":false},"featured_media":7458,"template":"","meta":{"_acf_changed":false},"product_brand":[],"product_cat":[483,262,287,263],"product_tag":[],"class_list":{"0":"post-10450","1":"product","2":"type-product","3":"status-publish","4":"has-post-thumbnail","6":"product_cat-gereedschap-polymeermachines","7":"product_cat-hilfsmittel","8":"product_cat-polymermasse-werkzeug-maschine","9":"product_cat-soft-mix-de","10":"wp-sticky","11":"summaryproductshop","13":"first","14":"instock","15":"product-type-simple"},"acf":[],"yoast_head":"<!-- This site is optimized with the Yoast SEO plugin v27.5 - https:\/\/yoast.com\/product\/yoast-seo-wordpress\/ -->\n<title>Hilfsmittel Cernit - Wei\u00df Soft mix 56g | Cernit<\/title>\n<meta name=\"robots\" content=\"index, follow, max-snippet:-1, max-image-preview:large, max-video-preview:-1\" \/>\n<link rel=\"canonical\" href=\"https:\/\/www.cernit-world.com\/de\/produkt\/hilfsmittel-cernit-weiss-soft-mix-56g\/\" \/>\n<meta property=\"og:locale\" content=\"de_DE\" \/>\n<meta property=\"og:type\" content=\"article\" \/>\n<meta property=\"og:title\" content=\"Hilfsmittel Cernit - Wei\u00df Soft mix 56g | Cernit\" \/>\n<meta property=\"og:description\" content=\"Ofenh\u00e4rtende Modelliermasse (Polymer) zum Backen. Die Masse bei 110\u00b0C (230\u00b0F) bis 130\u00b0C (266\u00b0F) in einem herk\u00f6mmlichen Backofen f\u00fcr max. 30min backen. Geruchlos beim Backen. Wird nicht rissig.\" \/>\n<meta property=\"og:url\" content=\"https:\/\/www.cernit-world.com\/de\/produkt\/hilfsmittel-cernit-weiss-soft-mix-56g\/\" \/>\n<meta property=\"og:site_name\" content=\"Cernit\" \/>\n<meta property=\"article:publisher\" content=\"https:\/\/www.facebook.com\/groups\/cernitconnectspeople\/?locale=fr_FR\" \/>\n<meta property=\"article:modified_time\" content=\"2023-09-01T13:36:52+00:00\" \/>\n<meta property=\"og:image\" content=\"https:\/\/www.cernit-world.com\/wp-inside\/uploads\/2023\/07\/ce1050056005c_fac.jpg\" \/>\n\t<meta property=\"og:image:width\" content=\"1500\" \/>\n\t<meta property=\"og:image:height\" content=\"1500\" \/>\n\t<meta property=\"og:image:type\" content=\"image\/jpeg\" \/>\n<meta name=\"twitter:card\" content=\"summary_large_image\" \/>\n<script type=\"application\/ld+json\" class=\"yoast-schema-graph\">{\"@context\":\"https:\\\/\\\/schema.org\",\"@graph\":[{\"@type\":\"WebPage\",\"@id\":\"https:\\\/\\\/www.cernit-world.com\\\/de\\\/produkt\\\/hilfsmittel-cernit-weiss-soft-mix-56g\\\/\",\"url\":\"https:\\\/\\\/www.cernit-world.com\\\/de\\\/produkt\\\/hilfsmittel-cernit-weiss-soft-mix-56g\\\/\",\"name\":\"Hilfsmittel Cernit - Wei\u00df Soft mix 56g\",\"isPartOf\":{\"@id\":\"https:\\\/\\\/www.cernit-world.com\\\/de\\\/#website\"},\"primaryImageOfPage\":{\"@id\":\"https:\\\/\\\/www.cernit-world.com\\\/de\\\/produkt\\\/hilfsmittel-cernit-weiss-soft-mix-56g\\\/#primaryimage\"},\"image\":{\"@id\":\"https:\\\/\\\/www.cernit-world.com\\\/de\\\/produkt\\\/hilfsmittel-cernit-weiss-soft-mix-56g\\\/#primaryimage\"},\"thumbnailUrl\":\"https:\\\/\\\/www.cernit-world.com\\\/wp-inside\\\/uploads\\\/2023\\\/07\\\/ce1050056005c_fac.jpg\",\"datePublished\":\"2023-07-04T11:45:41+00:00\",\"dateModified\":\"2023-09-01T13:36:52+00:00\",\"breadcrumb\":{\"@id\":\"https:\\\/\\\/www.cernit-world.com\\\/de\\\/produkt\\\/hilfsmittel-cernit-weiss-soft-mix-56g\\\/#breadcrumb\"},\"inLanguage\":\"de\",\"potentialAction\":[{\"@type\":\"ReadAction\",\"target\":[\"https:\\\/\\\/www.cernit-world.com\\\/de\\\/produkt\\\/hilfsmittel-cernit-weiss-soft-mix-56g\\\/\"]}]},{\"@type\":\"ImageObject\",\"inLanguage\":\"de\",\"@id\":\"https:\\\/\\\/www.cernit-world.com\\\/de\\\/produkt\\\/hilfsmittel-cernit-weiss-soft-mix-56g\\\/#primaryimage\",\"url\":\"https:\\\/\\\/www.cernit-world.com\\\/wp-inside\\\/uploads\\\/2023\\\/07\\\/ce1050056005c_fac.jpg\",\"contentUrl\":\"https:\\\/\\\/www.cernit-world.com\\\/wp-inside\\\/uploads\\\/2023\\\/07\\\/ce1050056005c_fac.jpg\",\"width\":1500,\"height\":1500},{\"@type\":\"BreadcrumbList\",\"@id\":\"https:\\\/\\\/www.cernit-world.com\\\/de\\\/produkt\\\/hilfsmittel-cernit-weiss-soft-mix-56g\\\/#breadcrumb\",\"itemListElement\":[{\"@type\":\"ListItem\",\"position\":1,\"name\":\"Startseite\",\"item\":\"https:\\\/\\\/www.cernit-world.com\\\/de\\\/\"},{\"@type\":\"ListItem\",\"position\":2,\"name\":\"Shop\",\"item\":\"https:\\\/\\\/www.cernit-world.com\\\/de\\\/shop\\\/\"},{\"@type\":\"ListItem\",\"position\":3,\"name\":\"Hilfsmittel\",\"item\":\"https:\\\/\\\/www.cernit-world.com\\\/de\\\/produkt-kategorie\\\/hilfsmittel\\\/\"},{\"@type\":\"ListItem\",\"position\":4,\"name\":\"Hilfsmittel Cernit &#8211; Wei\u00df Soft mix 56g\"}]},{\"@type\":\"WebSite\",\"@id\":\"https:\\\/\\\/www.cernit-world.com\\\/de\\\/#website\",\"url\":\"https:\\\/\\\/www.cernit-world.com\\\/de\\\/\",\"name\":\"Cernit\",\"description\":\"Une qualit\u00e9 haut de gamme pour des cr\u00e9ations premiums\",\"publisher\":{\"@id\":\"https:\\\/\\\/www.cernit-world.com\\\/de\\\/#organization\"},\"potentialAction\":[{\"@type\":\"SearchAction\",\"target\":{\"@type\":\"EntryPoint\",\"urlTemplate\":\"https:\\\/\\\/www.cernit-world.com\\\/de\\\/?s={search_term_string}\"},\"query-input\":{\"@type\":\"PropertyValueSpecification\",\"valueRequired\":true,\"valueName\":\"search_term_string\"}}],\"inLanguage\":\"de\"},{\"@type\":\"Organization\",\"@id\":\"https:\\\/\\\/www.cernit-world.com\\\/de\\\/#organization\",\"name\":\"Cernit\",\"url\":\"https:\\\/\\\/www.cernit-world.com\\\/de\\\/\",\"logo\":{\"@type\":\"ImageObject\",\"inLanguage\":\"de\",\"@id\":\"https:\\\/\\\/www.cernit-world.com\\\/de\\\/#\\\/schema\\\/logo\\\/image\\\/\",\"url\":\"https:\\\/\\\/www.cernit-world.com\\\/wp-inside\\\/uploads\\\/2023\\\/07\\\/cernit-opengraph.jpg\",\"contentUrl\":\"https:\\\/\\\/www.cernit-world.com\\\/wp-inside\\\/uploads\\\/2023\\\/07\\\/cernit-opengraph.jpg\",\"width\":1200,\"height\":630,\"caption\":\"Cernit\"},\"image\":{\"@id\":\"https:\\\/\\\/www.cernit-world.com\\\/de\\\/#\\\/schema\\\/logo\\\/image\\\/\"},\"sameAs\":[\"https:\\\/\\\/www.facebook.com\\\/groups\\\/cernitconnectspeople\\\/?locale=fr_FR\"]}]}<\/script>\n<!-- \/ Yoast SEO plugin. -->","yoast_head_json":{"title":"Hilfsmittel Cernit - Wei\u00df Soft mix 56g | Cernit","robots":{"index":"index","follow":"follow","max-snippet":"max-snippet:-1","max-image-preview":"max-image-preview:large","max-video-preview":"max-video-preview:-1"},"canonical":"https:\/\/www.cernit-world.com\/de\/produkt\/hilfsmittel-cernit-weiss-soft-mix-56g\/","og_locale":"de_DE","og_type":"article","og_title":"Hilfsmittel Cernit - Wei\u00df Soft mix 56g | Cernit","og_description":"Ofenh\u00e4rtende Modelliermasse (Polymer) zum Backen. Die Masse bei 110\u00b0C (230\u00b0F) bis 130\u00b0C (266\u00b0F) in einem herk\u00f6mmlichen Backofen f\u00fcr max. 30min backen. Geruchlos beim Backen. Wird nicht rissig.","og_url":"https:\/\/www.cernit-world.com\/de\/produkt\/hilfsmittel-cernit-weiss-soft-mix-56g\/","og_site_name":"Cernit","article_publisher":"https:\/\/www.facebook.com\/groups\/cernitconnectspeople\/?locale=fr_FR","article_modified_time":"2023-09-01T13:36:52+00:00","og_image":[{"width":1500,"height":1500,"url":"https:\/\/www.cernit-world.com\/wp-inside\/uploads\/2023\/07\/ce1050056005c_fac.jpg","type":"image\/jpeg"}],"twitter_card":"summary_large_image","schema":{"@context":"https:\/\/schema.org","@graph":[{"@type":"WebPage","@id":"https:\/\/www.cernit-world.com\/de\/produkt\/hilfsmittel-cernit-weiss-soft-mix-56g\/","url":"https:\/\/www.cernit-world.com\/de\/produkt\/hilfsmittel-cernit-weiss-soft-mix-56g\/","name":"Hilfsmittel Cernit - Wei\u00df Soft mix 56g","isPartOf":{"@id":"https:\/\/www.cernit-world.com\/de\/#website"},"primaryImageOfPage":{"@id":"https:\/\/www.cernit-world.com\/de\/produkt\/hilfsmittel-cernit-weiss-soft-mix-56g\/#primaryimage"},"image":{"@id":"https:\/\/www.cernit-world.com\/de\/produkt\/hilfsmittel-cernit-weiss-soft-mix-56g\/#primaryimage"},"thumbnailUrl":"https:\/\/www.cernit-world.com\/wp-inside\/uploads\/2023\/07\/ce1050056005c_fac.jpg","datePublished":"2023-07-04T11:45:41+00:00","dateModified":"2023-09-01T13:36:52+00:00","breadcrumb":{"@id":"https:\/\/www.cernit-world.com\/de\/produkt\/hilfsmittel-cernit-weiss-soft-mix-56g\/#breadcrumb"},"inLanguage":"de","potentialAction":[{"@type":"ReadAction","target":["https:\/\/www.cernit-world.com\/de\/produkt\/hilfsmittel-cernit-weiss-soft-mix-56g\/"]}]},{"@type":"ImageObject","inLanguage":"de","@id":"https:\/\/www.cernit-world.com\/de\/produkt\/hilfsmittel-cernit-weiss-soft-mix-56g\/#primaryimage","url":"https:\/\/www.cernit-world.com\/wp-inside\/uploads\/2023\/07\/ce1050056005c_fac.jpg","contentUrl":"https:\/\/www.cernit-world.com\/wp-inside\/uploads\/2023\/07\/ce1050056005c_fac.jpg","width":1500,"height":1500},{"@type":"BreadcrumbList","@id":"https:\/\/www.cernit-world.com\/de\/produkt\/hilfsmittel-cernit-weiss-soft-mix-56g\/#breadcrumb","itemListElement":[{"@type":"ListItem","position":1,"name":"Startseite","item":"https:\/\/www.cernit-world.com\/de\/"},{"@type":"ListItem","position":2,"name":"Shop","item":"https:\/\/www.cernit-world.com\/de\/shop\/"},{"@type":"ListItem","position":3,"name":"Hilfsmittel","item":"https:\/\/www.cernit-world.com\/de\/produkt-kategorie\/hilfsmittel\/"},{"@type":"ListItem","position":4,"name":"Hilfsmittel Cernit &#8211; Wei\u00df Soft mix 56g"}]},{"@type":"WebSite","@id":"https:\/\/www.cernit-world.com\/de\/#website","url":"https:\/\/www.cernit-world.com\/de\/","name":"Cernit","description":"Une qualit\u00e9 haut de gamme pour des cr\u00e9ations premiums","publisher":{"@id":"https:\/\/www.cernit-world.com\/de\/#organization"},"potentialAction":[{"@type":"SearchAction","target":{"@type":"EntryPoint","urlTemplate":"https:\/\/www.cernit-world.com\/de\/?s={search_term_string}"},"query-input":{"@type":"PropertyValueSpecification","valueRequired":true,"valueName":"search_term_string"}}],"inLanguage":"de"},{"@type":"Organization","@id":"https:\/\/www.cernit-world.com\/de\/#organization","name":"Cernit","url":"https:\/\/www.cernit-world.com\/de\/","logo":{"@type":"ImageObject","inLanguage":"de","@id":"https:\/\/www.cernit-world.com\/de\/#\/schema\/logo\/image\/","url":"https:\/\/www.cernit-world.com\/wp-inside\/uploads\/2023\/07\/cernit-opengraph.jpg","contentUrl":"https:\/\/www.cernit-world.com\/wp-inside\/uploads\/2023\/07\/cernit-opengraph.jpg","width":1200,"height":630,"caption":"Cernit"},"image":{"@id":"https:\/\/www.cernit-world.com\/de\/#\/schema\/logo\/image\/"},"sameAs":["https:\/\/www.facebook.com\/groups\/cernitconnectspeople\/?locale=fr_FR"]}]}},"_links":{"self":[{"href":"https:\/\/www.cernit-world.com\/de\/wp-json\/wp\/v2\/product\/10450","targetHints":{"allow":["GET"]}}],"collection":[{"href":"https:\/\/www.cernit-world.com\/de\/wp-json\/wp\/v2\/product"}],"about":[{"href":"https:\/\/www.cernit-world.com\/de\/wp-json\/wp\/v2\/types\/product"}],"wp:featuredmedia":[{"embeddable":true,"href":"https:\/\/www.cernit-world.com\/de\/wp-json\/wp\/v2\/media\/7458"}],"wp:attachment":[{"href":"https:\/\/www.cernit-world.com\/de\/wp-json\/wp\/v2\/media?parent=10450"}],"wp:term":[{"taxonomy":"product_brand","embeddable":true,"href":"https:\/\/www.cernit-world.com\/de\/wp-json\/wp\/v2\/product_brand?post=10450"},{"taxonomy":"product_cat","embeddable":true,"href":"https:\/\/www.cernit-world.com\/de\/wp-json\/wp\/v2\/product_cat?post=10450"},{"taxonomy":"product_tag","embeddable":true,"href":"https:\/\/www.cernit-world.com\/de\/wp-json\/wp\/v2\/product_tag?post=10450"}],"curies":[{"name":"wp","href":"https:\/\/api.w.org\/{rel}","templated":true}]}}