{"id":7587,"date":"2023-05-09T09:36:04","date_gmt":"2023-05-09T07:36:04","guid":{"rendered":"https:\/\/www.cernit-world.com\/mentions-legales\/"},"modified":"2023-12-14T16:55:23","modified_gmt":"2023-12-14T15:55:23","slug":"rechtliche-hinweise","status":"publish","type":"page","link":"https:\/\/www.cernit-world.com\/de\/rechtliche-hinweise\/","title":{"rendered":"Rechtliche Hinweise"},"content":{"rendered":"<div class=\"wp-post-content\"><!-- zone:zn_pagebanner [0] --><br \/>\n\t\t<!-- \/zone:zn_pagebanner [0] --><br \/>\n<!-- zone:zn_text [1] --><\/p>\n<h2>\u00dcber die Seite<\/h2>\n<p>Sie sind derzeit mit der Website <strong>www.cernit-world.com<\/strong> verbunden.<br \/>\nAlle Daten und Informationen auf der Website <strong>www.cernit-world.com<\/strong> werden der \u00d6ffentlichkeit von CLAIREFONTAINE-RHODIA zur Verf\u00fcgung gestellt.<br \/>\nDurch den Besuch der Website <strong>www.cernit-world.com<\/strong> verpflichten Sie sich, die in diesem Hinweis enthaltenen Bedingungen zu akzeptieren.<\/p>\n<h2>Herausgeber<\/h2>\n<p><strong>CLAIREFONTAINE-RHODIA<\/strong><br \/>\nSAS mit einem Kapital von 22.500.000,00 \u20ac.<br \/>\nEingetragener Sitz: RD 52 &#8211; 68490 Ottmarsheim &#8211; Frankreich.<br \/>\nTel.: +33 (0)3 89 83 37 50<br \/>\nHandelsregister Mulhouse B 339 956 781<br \/>\nTVA-NUMMER: FR 36 339 956 781<\/p>\n<p><strong>Leiter der Ver\u00f6ffentlichung:<\/strong> Rhyzl\u00e8ne Nusse<\/p>\n<h2>Hosting<\/h2>\n<p><strong>Telmat Industrie<\/strong><br \/>\nRCS Colmar B 412 369 423<br \/>\nTVA-NUMMER: FR 60 412 369 423<br \/>\nGesellschaftssitz: 6 rue de l&#8217;Industrie &#8211; 68360 Soultz-Haut-Rhin &#8211; Frankreich<\/p>\n<h2>Gestaltung und Referenzierung der Website<\/h2>\n<p><strong>Premi\u00e8re Place<\/strong><br \/>\nSAS mit einem Kapital von 4.860,00 \u20ac.<br \/>\nHauptsitz: 30 rue Fran\u00e7ois Spoerry \u2013 68100 Mulhouse \u2013 France<br \/>\nTel.: <a class=\"pp-phone-link\" href=\"tel:+33389607161\" title=\"Premi\u00e8re Place\">+33 (0)3 89 60 71 61<\/a><br \/>\ncontact@premiere.place<br \/>\nRCS Mulhouse 489 995 985<br \/>\nN\u00b0 TVA : FR 12 489 995 985<br \/>\n<a class=\"pp-website-link\" href=\"https:\/\/www.premiere.place\" title=\"Premi\u00e8re Place | Web- &#038; E-Marketing-Agentur in Mulhouse (Frankreich)\" target=\"_blank\" rel=\"noopener\">www.premiere.place<\/a>\n<\/p>\n<h2>Schutz der pers\u00f6nlichen Daten<\/h2>\n<p>CLAIREFONTAINE-RHODIA legt besonderen Wert auf das Recht auf Privatsph\u00e4re der Internetnutzer und verpflichtet sich, ihre pers\u00f6nlichen Daten gem\u00e4\u00df der geltenden franz\u00f6sischen und europ\u00e4ischen Gesetzgebung zu sch\u00fctzen. Von den Besuchern werden keine pers\u00f6nlichen Daten verlangt, um ihnen den Besuch der Website <strong>www.cernit-world.com<\/strong> zu erm\u00f6glichen.<\/p>\n<p>Jedes auf der Website vorhandene Formular beschr\u00e4nkt die Erhebung personenbezogener Daten auf das absolut Notwendige und gibt systematisch:<\/p>\n<ul>\n<li>die Zwecke der Erhebung personenbezogener Daten<\/li>\n<li>den obligatorischen oder fakultativen Charakter der Daten<\/li>\n<li>den oder die Empf\u00e4nger der gesammelten Daten<\/li>\n<li>die Dauer der Aufbewahrung der gesammelten Daten<\/li>\n<li>Ihre Rechte im Bereich Informatik und Freiheiten und die Art und Weise, wie Sie diese aus\u00fcben k\u00f6nnen<\/li>\n<\/ul>\n<p>Auf jedem Formular auf der Website <strong>www.cernit-world.com<\/strong> k\u00f6nnen Sie durch ein oder mehrere K\u00e4stchen zum Ankreuzen ausdr\u00fccklich Ihr Einverst\u00e4ndnis mit der Erhebung und Verarbeitung der angeforderten personenbezogenen Daten geben. Dadurch kann CLAIREFONTAINE-RHODIA sicherstellen, dass die ihr \u00fcbermittelten personenbezogenen Daten tats\u00e4chlich f\u00fcr den Zweck bzw. die Zwecke verwendet werden k\u00f6nnen, der\/die ausdr\u00fccklich auf dem Formular angek\u00fcndigt und vom Internetnutzer akzeptiert wurde(n). Jedes angekreuzte K\u00e4stchen entspricht einem bestimmten Zweck der Verarbeitung personenbezogener Daten und dient als rechtlicher Nachweis der Zustimmung des Internetnutzers.<\/p>\n<p>In keinem Fall darf CLAIREFONTAINE-RHODIA diese personenbezogenen Daten f\u00fcr einen anderen Zweck verwenden, als denjenigen, der\/die ausdr\u00fccklich auf dem Formular angek\u00fcndigt und vom Internetnutzer akzeptiert wurde(n). Ebenso d\u00fcrfen diese pers\u00f6nlichen Daten nicht an Dritte weitergegeben oder abgetreten werden, ohne dass diese M\u00f6glichkeit ausdr\u00fccklich auf dem Formular erw\u00e4hnt wird.<\/p>\n<p>Gem\u00e4\u00df der Allgemeinen Datenschutzverordnung vom 27. April 2016 und dem ge\u00e4nderten Gesetz &#8222;Informatique et Libert\u00e9s&#8220; vom 6. Januar 1978 haben Sie das Recht, auf die Sie betreffenden Daten zuzugreifen, sie zu berichtigen und aus berechtigten Gr\u00fcnden dagegen Einspruch zu erheben. Um dieses Recht auszu\u00fcben, k\u00f6nnen Sie CLAIREFONTAINE-RHODIA \u00fcber das <strong><a href=\"https:\/\/www.cernit-world.com\/de\/kontakt\/\">Kontaktformular<\/a><\/strong> der Website oder per Post an die folgende Adresse kontaktieren:<\/p>\n<p>CLAIREFONTAINE-RHODIA<br \/>\nRD 52<br \/>\n68490 Ottmarsheim &#8211; Frankreich<\/p>\n<p>Die auf der Website <strong>www.cernit-world.com<\/strong> gesammelten personenbezogenen Daten werden nach sicheren Protokollen verarbeitet, die das Risiko des Abfangens oder der Wiederherstellung durch Dritte erheblich einschr\u00e4nken. Seien Sie dennoch wachsam und geben Sie keine unn\u00f6tigen oder sensiblen pers\u00f6nlichen Informationen preis, wenn Sie unsere Formulare verwenden. Wenn Sie uns solche Informationen mitteilen m\u00f6chten, bevorzugen Sie bitte den Postweg.<\/p>\n<p>Beschwerden im Zusammenhang mit der Verwendung Ihrer personenbezogenen Daten sollten bei der CNIL, <strong><a href=\"https:\/\/www.cnil.fr\" target=\"_blank\" rel=\"noopener\">www.cnil.fr<\/a><\/strong> oder 3 place de Fontenoy TSA 80715 75334 Paris cedex 07 eingereicht werden.<\/p>\n<h2>Cookies<\/h2>\n<p>Die Website <strong>www.cernit-world.com<\/strong> verwendet Cookies. Dabei handelt es sich um kleine Dateien, die auf Ihren Computer heruntergeladen werden und daf\u00fcr sorgen, dass die Website reibungslos und sicher funktioniert (Session- und Sicherheits-Cookies), und die Informationen dar\u00fcber speichern, wie unsere Besucher unsere Website besuchen (Tracking-Cookies). So k\u00f6nnen wir beispielsweise feststellen, welche Seiten unsere Besucher am h\u00e4ufigsten aufrufen und wie viel Zeit sie auf unserer Website verbringen.<\/p>\n<p>Durch die Einstellung Ihres Browsers haben Sie die M\u00f6glichkeit, Cookies zu deaktivieren oder sich benachrichtigen zu lassen, wenn Cookies auf Ihren Computer heruntergeladen werden sollen. Die Deaktivierung aller Cookies k\u00f6nnte jedoch dazu f\u00fchren, dass Sie nicht alle Funktionen dieser Website richtig nutzen k\u00f6nnen. Wir lassen Ihnen daher die M\u00f6glichkeit, nur die Tracking-Cookies zu deaktivieren, wodurch Ihr Surfverhalten nicht beeintr\u00e4chtigt wird (siehe &#8222;Cookie-Einstellungen&#8220; unten).<\/p>\n<h3>Google Analytics<\/h3>\n<p>Diese Website verwendet den Webanalysedienst Google Analytics. Dadurch k\u00f6nnen wir analysieren, wie Internetnutzer unsere Website nutzen, um ihnen ein besseres Surferlebnis zu bieten. Zu diesem Zweck verwendet Google Analytics Tracking-Cookies, die es erm\u00f6glichen, den Weg eines Internetnutzers auf der Website zu verfolgen. Diese Cookies werden f\u00fcr einen Zeitraum von 13 Monaten gespeichert.<\/p>\n<p>Wir haben f\u00fcr diese Website die Anonymisierung von IP-Adressen aktiviert. Das bedeutet, dass die von Google Analytics gesammelten IP-Adressen systematisch gek\u00fcrzt werden, um die Identifizierung von Internetnutzern unm\u00f6glich zu machen. In Ausnahmef\u00e4llen kann es vorkommen, dass die volle IP-Adresse an einen Server von Google in den USA \u00fcbertragen und dort sofort gek\u00fcrzt wird. Google verwendet die durch Cookies gesammelten Informationen im Auftrag von CLAIREFONTAINE-RHODIA, um die Surfgewohnheiten der Internetnutzer zu analysieren und Berichte \u00fcber die Aktivit\u00e4ten auf der Website zu erstellen.<\/p>\n<p>Google stellt den Nutzern ein Plug-in f\u00fcr ihren Browser zur Verf\u00fcgung, mit dem sie die Erfassung von Daten \u00fcber ihr Surfverhalten auf Websites, die Google Analytics verwenden, verhindern k\u00f6nnen.<br \/>\nDieses Plug-in ist unter folgender Adresse verf\u00fcgbar:<span style=\"font-size: inherit;\">\u00a0<\/span><strong style=\"font-size: inherit;\"><a href=\"https:\/\/tools.google.com\/dlpage\/gaoptout?hl=fr\" target=\"_blank\" rel=\"noopener\">tools.google.com\/dlpage\/gaoptout<\/a><\/strong><\/p>\n<h3>Google Remarketing<\/h3>\n<p>Auf dieser Website wird m\u00f6glicherweise der Dienst Google Remarketing verwendet, mit dem Nutzern im Google-Werbenetzwerk gezielt Werbeanzeigen auf der Grundlage der besuchten Websites angezeigt werden. Dies erm\u00f6glicht es uns unter anderem, Ihre Navigationsdaten auf dieser Website zu verwenden, um Ihnen gezielte Anzeigen anzubieten, wenn Sie andere Websites im Google-Werbenetzwerk besuchen. Sie haben die M\u00f6glichkeit, diese Funktion \u00fcber den folgenden Link zu deaktivieren: <strong><a href=\"https:\/\/adssettings.google.com\/\" target=\"_blank\" rel=\"noopener\">adssettings.google.com<\/a><\/strong><\/p>\n<p>Wenn Sie ein Google-Konto besitzen und beim Besuch unserer Website in diesem Konto angemeldet sind und Sie Google gestattet haben, Ihren Browserverlauf mit Ihrem Google-Konto zu verkn\u00fcpfen und diesen Browserverlauf zur Personalisierung von Anzeigen zu verwenden, wird Google die mithilfe von Google Analytics gesammelten Navigationsdaten mit Ihrem Google-Konto verkn\u00fcpfen. Wenn Sie Ihr Google-Konto auf mehreren Ger\u00e4ten verwenden, werden unsere Anzeigen m\u00f6glicherweise auch auf diesen anderen Ger\u00e4ten angezeigt. Obwohl Google auf dieser Website Daten im Zusammenhang mit der Nutzung von Google-Konten sammelt, kann CLAIREFONTAINE-RHODIA daraus keine R\u00fcckschl\u00fcsse auf die Identit\u00e4t der Nutzer von Google-Konten ziehen, die die Website besuchen.<\/p>\n<p>F\u00fcr weitere Informationen dar\u00fcber, wie Google diese Daten sammelt und verwendet, verweisen wir auf die Datenschutzbestimmungen von Google<span style=\"font-size: inherit;\">: <\/span><strong style=\"font-size: inherit;\"><a href=\"https:\/\/policies.google.com\/privacy\" target=\"_blank\" rel=\"noopener\">policies.google.com\/privacy<\/a><\/strong><\/p>\n<h3>Einstellungen f\u00fcr Cookies<\/h3>\n<p>Hier k\u00f6nnen Sie Ihre Cookie-Einstellungen f\u00fcr diese Website \u00e4ndern:<\/p>\n<p><a class=\"skpcc-open-settings skpcc-link button\" href=\"#\" title=\"\" data-cc=\"show-preferencesModal\">Cookie-Einstellungen<\/a><\/p>\n<p>F\u00fcr weitere Informationen \u00fcber Cookies und wie Sie diese verwalten k\u00f6nnen, empfehlen wir Ihnen, die Website <strong><a href=\"https:\/\/www.youronlinechoices.com\/fr\/\" target=\"_blank\" rel=\"noopener\">www.youronlinechoices.com<\/a><\/strong> zu besuchen, die von der Organisation EDAA (European Interactive Digital Advertising Alliance) entwickelt wurde.<\/p>\n<h2>Geistiges Eigentum<\/h2>\n<p>Die gesamte Website unterliegt der franz\u00f6sischen und internationalen Gesetzgebung \u00fcber das Urheberrecht und das geistige Eigentum. Alle Vervielf\u00e4ltigungsrechte sind vorbehalten, einschlie\u00dflich der herunterladbaren Dokumente und der ikonografischen und fotografischen Darstellungen sowie der animierten Sequenzen.<\/p>\n<p>Jede vollst\u00e4ndige oder teilweise Vervielf\u00e4ltigung oder Darstellung des Inhalts der Website <strong>www.cernit-world.com<\/strong> durch ein beliebiges Verfahren ohne die ausdr\u00fcckliche Genehmigung von CLAIREFONTAINE-RHODIA ist rechtswidrig und stellt eine F\u00e4lschung dar.<\/p>\n<p>Bei jeder Verwendung von Informationen von der Website <strong>www.cernit-world.com<\/strong> muss zwingend die Informationsquelle angegeben werden. Die Internetadresse der Website <strong>www.cernit-world.com<\/strong> muss zwingend in der Referenz enthalten sein.<\/p>\n<p>Die auf dieser Website erw\u00e4hnten Marken sind von den Unternehmen, die ihre Eigent\u00fcmer sind, eingetragen.<\/p>\n<h2>Verantwortung<\/h2>\n<p>CLAIREFONTAINE-RHODIA ist nicht f\u00fcr den Inhalt und die Umgebung externer Websites verantwortlich, auf die die Website <strong>www.cernit-world.com<\/strong> verweisen kann (insbesondere \u00fcber Hyperlinks).<\/p>\n<p>Die Einrichtung von Hypertext-Links durch Dritte zu Seiten oder Dokumenten der Website <strong>www.cernit-world.com<\/strong> ist unter dem Vorbehalt gestattet, dass die Links nicht gegen die Interessen von CLAIREFONTAINE-RHODIA versto\u00dfen und dass sie gew\u00e4hrleisten, dass der Nutzer die M\u00f6glichkeit hat, den Ursprung und den Autor des Dokuments zu identifizieren.<\/p>\n<p>CLAIREFONTAINE-RHODIA kann in keiner Weise f\u00fcr den Inhalt der Informationen auf dieser Website oder f\u00fcr die Folgen, die sich aus ihrer Nutzung oder Interpretation ergeben k\u00f6nnen, haftbar gemacht werden.<\/p>\n<p>Der Besuch der Website <strong>www.cernit-world.com<\/strong> setzt voraus, dass der Internetnutzer die oben genannten Bedingungen und Konditionen akzeptiert.<\/p>\n<p>\t\t\t<!-- \/zone:zn_text [1] -->\n<\/div>\n","protected":false},"excerpt":{"rendered":"<p>\u00dcber die Seite Sie sind derzeit mit der Website www.cernit-world.com verbunden. Alle Daten und Informationen auf der Website www.cernit-world.com werden der \u00d6ffentlichkeit von CLAIREFONTAINE-RHODIA zur Verf\u00fcgung gestellt. Durch den Besuch [&hellip;]<\/p>\n","protected":false},"author":4,"featured_media":0,"parent":0,"menu_order":90,"comment_status":"closed","ping_status":"closed","template":"","meta":{"_acf_changed":false,"footnotes":""},"class_list":["post-7587","page","type-page","status-publish","hentry","wp-sticky","summaryproductshop"],"acf":[],"yoast_head":"<!-- This site is optimized with the Yoast SEO plugin v27.4 - https:\/\/yoast.com\/product\/yoast-seo-wordpress\/ -->\n<title>Rechtliche Hinweise | Cernit<\/title>\n<meta name=\"robots\" content=\"index, follow, max-snippet:-1, max-image-preview:large, max-video-preview:-1\" \/>\n<link rel=\"canonical\" href=\"https:\/\/www.cernit-world.com\/de\/rechtliche-hinweise\/\" \/>\n<meta property=\"og:locale\" content=\"de_DE\" \/>\n<meta property=\"og:type\" content=\"article\" \/>\n<meta property=\"og:title\" content=\"Rechtliche Hinweise | Cernit\" \/>\n<meta property=\"og:description\" content=\"\u00dcber die Seite Sie sind derzeit mit der Website www.cernit-world.com verbunden. Alle Daten und Informationen auf der Website www.cernit-world.com werden der \u00d6ffentlichkeit von CLAIREFONTAINE-RHODIA zur Verf\u00fcgung gestellt. Durch den Besuch [&hellip;]\" \/>\n<meta property=\"og:url\" content=\"https:\/\/www.cernit-world.com\/de\/rechtliche-hinweise\/\" \/>\n<meta property=\"og:site_name\" content=\"Cernit\" \/>\n<meta property=\"article:publisher\" content=\"https:\/\/www.facebook.com\/groups\/cernitconnectspeople\/?locale=fr_FR\" \/>\n<meta property=\"article:modified_time\" content=\"2023-12-14T15:55:23+00:00\" \/>\n<meta property=\"og:image\" content=\"https:\/\/www.cernit-world.com\/wp-inside\/uploads\/2023\/06\/cernit_logo.jpg\" \/>\n\t<meta property=\"og:image:width\" content=\"1772\" \/>\n\t<meta property=\"og:image:height\" content=\"709\" \/>\n\t<meta property=\"og:image:type\" content=\"image\/jpeg\" \/>\n<meta name=\"twitter:card\" content=\"summary_large_image\" \/>\n<script type=\"application\/ld+json\" class=\"yoast-schema-graph\">{\"@context\":\"https:\\\/\\\/schema.org\",\"@graph\":[{\"@type\":\"WebPage\",\"@id\":\"https:\\\/\\\/www.cernit-world.com\\\/de\\\/rechtliche-hinweise\\\/\",\"url\":\"https:\\\/\\\/www.cernit-world.com\\\/de\\\/rechtliche-hinweise\\\/\",\"name\":\"Rechtliche Hinweise\",\"isPartOf\":{\"@id\":\"https:\\\/\\\/www.cernit-world.com\\\/de\\\/#website\"},\"datePublished\":\"2023-05-09T07:36:04+00:00\",\"dateModified\":\"2023-12-14T15:55:23+00:00\",\"breadcrumb\":{\"@id\":\"https:\\\/\\\/www.cernit-world.com\\\/de\\\/rechtliche-hinweise\\\/#breadcrumb\"},\"inLanguage\":\"de\",\"potentialAction\":[{\"@type\":\"ReadAction\",\"target\":[\"https:\\\/\\\/www.cernit-world.com\\\/de\\\/rechtliche-hinweise\\\/\"]}]},{\"@type\":\"BreadcrumbList\",\"@id\":\"https:\\\/\\\/www.cernit-world.com\\\/de\\\/rechtliche-hinweise\\\/#breadcrumb\",\"itemListElement\":[{\"@type\":\"ListItem\",\"position\":1,\"name\":\"Startseite\",\"item\":\"https:\\\/\\\/www.cernit-world.com\\\/de\\\/\"},{\"@type\":\"ListItem\",\"position\":2,\"name\":\"Rechtliche Hinweise\"}]},{\"@type\":\"WebSite\",\"@id\":\"https:\\\/\\\/www.cernit-world.com\\\/de\\\/#website\",\"url\":\"https:\\\/\\\/www.cernit-world.com\\\/de\\\/\",\"name\":\"Cernit\",\"description\":\"Une qualit\u00e9 haut de gamme pour des cr\u00e9ations premiums\",\"publisher\":{\"@id\":\"https:\\\/\\\/www.cernit-world.com\\\/de\\\/#organization\"},\"potentialAction\":[{\"@type\":\"SearchAction\",\"target\":{\"@type\":\"EntryPoint\",\"urlTemplate\":\"https:\\\/\\\/www.cernit-world.com\\\/de\\\/?s={search_term_string}\"},\"query-input\":{\"@type\":\"PropertyValueSpecification\",\"valueRequired\":true,\"valueName\":\"search_term_string\"}}],\"inLanguage\":\"de\"},{\"@type\":\"Organization\",\"@id\":\"https:\\\/\\\/www.cernit-world.com\\\/de\\\/#organization\",\"name\":\"Cernit\",\"url\":\"https:\\\/\\\/www.cernit-world.com\\\/de\\\/\",\"logo\":{\"@type\":\"ImageObject\",\"inLanguage\":\"de\",\"@id\":\"https:\\\/\\\/www.cernit-world.com\\\/de\\\/#\\\/schema\\\/logo\\\/image\\\/\",\"url\":\"https:\\\/\\\/www.cernit-world.com\\\/wp-inside\\\/uploads\\\/2023\\\/07\\\/cernit-opengraph.jpg\",\"contentUrl\":\"https:\\\/\\\/www.cernit-world.com\\\/wp-inside\\\/uploads\\\/2023\\\/07\\\/cernit-opengraph.jpg\",\"width\":1200,\"height\":630,\"caption\":\"Cernit\"},\"image\":{\"@id\":\"https:\\\/\\\/www.cernit-world.com\\\/de\\\/#\\\/schema\\\/logo\\\/image\\\/\"},\"sameAs\":[\"https:\\\/\\\/www.facebook.com\\\/groups\\\/cernitconnectspeople\\\/?locale=fr_FR\"]}]}<\/script>\n<!-- \/ Yoast SEO plugin. -->","yoast_head_json":{"title":"Rechtliche Hinweise | Cernit","robots":{"index":"index","follow":"follow","max-snippet":"max-snippet:-1","max-image-preview":"max-image-preview:large","max-video-preview":"max-video-preview:-1"},"canonical":"https:\/\/www.cernit-world.com\/de\/rechtliche-hinweise\/","og_locale":"de_DE","og_type":"article","og_title":"Rechtliche Hinweise | Cernit","og_description":"\u00dcber die Seite Sie sind derzeit mit der Website www.cernit-world.com verbunden. Alle Daten und Informationen auf der Website www.cernit-world.com werden der \u00d6ffentlichkeit von CLAIREFONTAINE-RHODIA zur Verf\u00fcgung gestellt. Durch den Besuch [&hellip;]","og_url":"https:\/\/www.cernit-world.com\/de\/rechtliche-hinweise\/","og_site_name":"Cernit","article_publisher":"https:\/\/www.facebook.com\/groups\/cernitconnectspeople\/?locale=fr_FR","article_modified_time":"2023-12-14T15:55:23+00:00","og_image":[{"width":1772,"height":709,"url":"https:\/\/www.cernit-world.com\/wp-inside\/uploads\/2023\/06\/cernit_logo.jpg","type":"image\/jpeg"}],"twitter_card":"summary_large_image","schema":{"@context":"https:\/\/schema.org","@graph":[{"@type":"WebPage","@id":"https:\/\/www.cernit-world.com\/de\/rechtliche-hinweise\/","url":"https:\/\/www.cernit-world.com\/de\/rechtliche-hinweise\/","name":"Rechtliche Hinweise","isPartOf":{"@id":"https:\/\/www.cernit-world.com\/de\/#website"},"datePublished":"2023-05-09T07:36:04+00:00","dateModified":"2023-12-14T15:55:23+00:00","breadcrumb":{"@id":"https:\/\/www.cernit-world.com\/de\/rechtliche-hinweise\/#breadcrumb"},"inLanguage":"de","potentialAction":[{"@type":"ReadAction","target":["https:\/\/www.cernit-world.com\/de\/rechtliche-hinweise\/"]}]},{"@type":"BreadcrumbList","@id":"https:\/\/www.cernit-world.com\/de\/rechtliche-hinweise\/#breadcrumb","itemListElement":[{"@type":"ListItem","position":1,"name":"Startseite","item":"https:\/\/www.cernit-world.com\/de\/"},{"@type":"ListItem","position":2,"name":"Rechtliche Hinweise"}]},{"@type":"WebSite","@id":"https:\/\/www.cernit-world.com\/de\/#website","url":"https:\/\/www.cernit-world.com\/de\/","name":"Cernit","description":"Une qualit\u00e9 haut de gamme pour des cr\u00e9ations premiums","publisher":{"@id":"https:\/\/www.cernit-world.com\/de\/#organization"},"potentialAction":[{"@type":"SearchAction","target":{"@type":"EntryPoint","urlTemplate":"https:\/\/www.cernit-world.com\/de\/?s={search_term_string}"},"query-input":{"@type":"PropertyValueSpecification","valueRequired":true,"valueName":"search_term_string"}}],"inLanguage":"de"},{"@type":"Organization","@id":"https:\/\/www.cernit-world.com\/de\/#organization","name":"Cernit","url":"https:\/\/www.cernit-world.com\/de\/","logo":{"@type":"ImageObject","inLanguage":"de","@id":"https:\/\/www.cernit-world.com\/de\/#\/schema\/logo\/image\/","url":"https:\/\/www.cernit-world.com\/wp-inside\/uploads\/2023\/07\/cernit-opengraph.jpg","contentUrl":"https:\/\/www.cernit-world.com\/wp-inside\/uploads\/2023\/07\/cernit-opengraph.jpg","width":1200,"height":630,"caption":"Cernit"},"image":{"@id":"https:\/\/www.cernit-world.com\/de\/#\/schema\/logo\/image\/"},"sameAs":["https:\/\/www.facebook.com\/groups\/cernitconnectspeople\/?locale=fr_FR"]}]}},"_links":{"self":[{"href":"https:\/\/www.cernit-world.com\/de\/wp-json\/wp\/v2\/pages\/7587","targetHints":{"allow":["GET"]}}],"collection":[{"href":"https:\/\/www.cernit-world.com\/de\/wp-json\/wp\/v2\/pages"}],"about":[{"href":"https:\/\/www.cernit-world.com\/de\/wp-json\/wp\/v2\/types\/page"}],"author":[{"embeddable":true,"href":"https:\/\/www.cernit-world.com\/de\/wp-json\/wp\/v2\/users\/4"}],"replies":[{"embeddable":true,"href":"https:\/\/www.cernit-world.com\/de\/wp-json\/wp\/v2\/comments?post=7587"}],"version-history":[{"count":5,"href":"https:\/\/www.cernit-world.com\/de\/wp-json\/wp\/v2\/pages\/7587\/revisions"}],"predecessor-version":[{"id":22249,"href":"https:\/\/www.cernit-world.com\/de\/wp-json\/wp\/v2\/pages\/7587\/revisions\/22249"}],"wp:attachment":[{"href":"https:\/\/www.cernit-world.com\/de\/wp-json\/wp\/v2\/media?parent=7587"}],"curies":[{"name":"wp","href":"https:\/\/api.w.org\/{rel}","templated":true}]}}