{"id":7584,"date":"2023-06-20T14:20:40","date_gmt":"2023-06-20T12:20:40","guid":{"rendered":"https:\/\/www.cernit-world.com\/a-propos\/nos-valeurs\/"},"modified":"2023-08-03T17:09:14","modified_gmt":"2023-08-03T15:09:14","slug":"unsere-werte","status":"publish","type":"page","link":"https:\/\/www.cernit-world.com\/de\/ueber-uns\/unsere-werte\/","title":{"rendered":"Unsere Werte"},"content":{"rendered":"<div class=\"wp-post-content\"><!-- zone:zn_pagebanner [0] --><br \/>\n\t\t<!-- \/zone:zn_pagebanner [0] --><br \/>\n<!-- zone:zn_text_img [1] --><\/p>\n<h2>Qualit\u00e4t<\/h2>\n<p>Bei Cernit hat Qualit\u00e4t oberste Priorit\u00e4t. Jedes unserer Produkte wird mit gr\u00f6\u00dfter Sorgfalt hergestellt und strengen Qualit\u00e4tskontrollen unterzogen. Wir bem\u00fchen uns, hochwertige, langlebige und benutzerfreundliche Produkte anzubieten, die es den Kreativen erm\u00f6glichen, ihre Ideen zum Leben zu erwecken.<\/p>\n<p><!-- \/zone:zn_text_img [1] --><br \/>\n<!-- zone:zn_text_img [2] --><\/p>\n<h2>Innovation<\/h2>\n<p>Die Marke h\u00f6rt auf die Bed\u00fcrfnisse der K\u00fcnstler und innoviert st\u00e4ndig, um den neuen Anforderungen gerecht zu werden und Handwerksbegeisterte zu inspirieren. Unser Team erweitert kontinuierlich die Grenzen der Polymertonherstellung durch die Entwicklung neuer Rezepturen, lebendiger Farben und einzigartiger Effekte.<\/p>\n<p><!-- \/zone:zn_text_img [2] --><br \/>\n<!-- zone:zn_text_img [3] --><\/p>\n<h2>Kreativit\u00e4t<\/h2>\n<p>Die Marke f\u00f6rdert Kreativit\u00e4t, indem sie eine gro\u00dfe Auswahl an Farben, Oberfl\u00e4chen und M\u00f6glichkeiten der k\u00fcnstlerischen Ausdrucksweise bietet. Wir unterst\u00fctzen zahlreiche Projekte und begleiten mit Freude Menschen unterschiedlicher Hintergr\u00fcnde bei verschiedenen k\u00fcnstlerischen Vorhaben.<\/p>\n<p><!-- \/zone:zn_text_img [3] --><br \/>\n<!-- zone:zn_text_img [4] --><\/p>\n<h2>Haltbarkeit<\/h2>\n<p>Cernit-Produkte erm\u00f6glichen langlebige und solide Kreationen dank hochwertiger Materialien.<\/p>\n<p><!-- \/zone:zn_text_img [4] --><br \/>\n<!-- zone:zn_text_img [5] --><\/p>\n<h2>Sicherheit<\/h2>\n<p>Alle Polymertonarten der Marke werden unter Einhaltung der geltenden Sicherheitsstandards hergestellt. Sie sind ungiftig und enthalten weder Phthalate noch gef\u00e4hrliche Stoffe.<\/p>\n<p><!-- \/zone:zn_text_img [5] -->\n<\/div>\n","protected":false},"excerpt":{"rendered":"<p>Qualit\u00e4t Bei Cernit hat Qualit\u00e4t oberste Priorit\u00e4t. Jedes unserer Produkte wird mit gr\u00f6\u00dfter Sorgfalt hergestellt und strengen Qualit\u00e4tskontrollen unterzogen. Wir bem\u00fchen uns, hochwertige, langlebige und benutzerfreundliche Produkte anzubieten, die es [&hellip;]<\/p>\n","protected":false},"author":4,"featured_media":0,"parent":7583,"menu_order":10,"comment_status":"closed","ping_status":"closed","template":"","meta":{"_acf_changed":false,"footnotes":""},"class_list":["post-7584","page","type-page","status-publish","hentry","wp-sticky","summaryproductshop"],"acf":[],"yoast_head":"<!-- This site is optimized with the Yoast SEO plugin v27.5 - https:\/\/yoast.com\/product\/yoast-seo-wordpress\/ -->\n<title>Unsere Werte | Cernit<\/title>\n<meta name=\"robots\" content=\"index, follow, max-snippet:-1, max-image-preview:large, max-video-preview:-1\" \/>\n<link rel=\"canonical\" href=\"https:\/\/www.cernit-world.com\/de\/ueber-uns\/unsere-werte\/\" \/>\n<meta property=\"og:locale\" content=\"de_DE\" \/>\n<meta property=\"og:type\" content=\"article\" \/>\n<meta property=\"og:title\" content=\"Unsere Werte | Cernit\" \/>\n<meta property=\"og:description\" content=\"Qualit\u00e4t Bei Cernit hat Qualit\u00e4t oberste Priorit\u00e4t. Jedes unserer Produkte wird mit gr\u00f6\u00dfter Sorgfalt hergestellt und strengen Qualit\u00e4tskontrollen unterzogen. Wir bem\u00fchen uns, hochwertige, langlebige und benutzerfreundliche Produkte anzubieten, die es [&hellip;]\" \/>\n<meta property=\"og:url\" content=\"https:\/\/www.cernit-world.com\/de\/ueber-uns\/unsere-werte\/\" \/>\n<meta property=\"og:site_name\" content=\"Cernit\" \/>\n<meta property=\"article:publisher\" content=\"https:\/\/www.facebook.com\/groups\/cernitconnectspeople\/?locale=fr_FR\" \/>\n<meta property=\"article:modified_time\" content=\"2023-08-03T15:09:14+00:00\" \/>\n<meta property=\"og:image\" content=\"https:\/\/www.cernit-world.com\/wp-inside\/uploads\/2023\/06\/cernit_logo.jpg\" \/>\n\t<meta property=\"og:image:width\" content=\"1772\" \/>\n\t<meta property=\"og:image:height\" content=\"709\" \/>\n\t<meta property=\"og:image:type\" content=\"image\/jpeg\" \/>\n<meta name=\"twitter:card\" content=\"summary_large_image\" \/>\n<script type=\"application\/ld+json\" class=\"yoast-schema-graph\">{\"@context\":\"https:\\\/\\\/schema.org\",\"@graph\":[{\"@type\":\"WebPage\",\"@id\":\"https:\\\/\\\/www.cernit-world.com\\\/de\\\/ueber-uns\\\/unsere-werte\\\/\",\"url\":\"https:\\\/\\\/www.cernit-world.com\\\/de\\\/ueber-uns\\\/unsere-werte\\\/\",\"name\":\"Unsere Werte\",\"isPartOf\":{\"@id\":\"https:\\\/\\\/www.cernit-world.com\\\/de\\\/#website\"},\"datePublished\":\"2023-06-20T12:20:40+00:00\",\"dateModified\":\"2023-08-03T15:09:14+00:00\",\"breadcrumb\":{\"@id\":\"https:\\\/\\\/www.cernit-world.com\\\/de\\\/ueber-uns\\\/unsere-werte\\\/#breadcrumb\"},\"inLanguage\":\"de\",\"potentialAction\":[{\"@type\":\"ReadAction\",\"target\":[\"https:\\\/\\\/www.cernit-world.com\\\/de\\\/ueber-uns\\\/unsere-werte\\\/\"]}]},{\"@type\":\"BreadcrumbList\",\"@id\":\"https:\\\/\\\/www.cernit-world.com\\\/de\\\/ueber-uns\\\/unsere-werte\\\/#breadcrumb\",\"itemListElement\":[{\"@type\":\"ListItem\",\"position\":1,\"name\":\"Startseite\",\"item\":\"https:\\\/\\\/www.cernit-world.com\\\/de\\\/\"},{\"@type\":\"ListItem\",\"position\":2,\"name\":\"\u00dcber uns\",\"item\":\"https:\\\/\\\/www.cernit-world.com\\\/de\\\/ueber-uns\\\/\"},{\"@type\":\"ListItem\",\"position\":3,\"name\":\"Unsere Werte\"}]},{\"@type\":\"WebSite\",\"@id\":\"https:\\\/\\\/www.cernit-world.com\\\/de\\\/#website\",\"url\":\"https:\\\/\\\/www.cernit-world.com\\\/de\\\/\",\"name\":\"Cernit\",\"description\":\"Une qualit\u00e9 haut de gamme pour des cr\u00e9ations premiums\",\"publisher\":{\"@id\":\"https:\\\/\\\/www.cernit-world.com\\\/de\\\/#organization\"},\"potentialAction\":[{\"@type\":\"SearchAction\",\"target\":{\"@type\":\"EntryPoint\",\"urlTemplate\":\"https:\\\/\\\/www.cernit-world.com\\\/de\\\/?s={search_term_string}\"},\"query-input\":{\"@type\":\"PropertyValueSpecification\",\"valueRequired\":true,\"valueName\":\"search_term_string\"}}],\"inLanguage\":\"de\"},{\"@type\":\"Organization\",\"@id\":\"https:\\\/\\\/www.cernit-world.com\\\/de\\\/#organization\",\"name\":\"Cernit\",\"url\":\"https:\\\/\\\/www.cernit-world.com\\\/de\\\/\",\"logo\":{\"@type\":\"ImageObject\",\"inLanguage\":\"de\",\"@id\":\"https:\\\/\\\/www.cernit-world.com\\\/de\\\/#\\\/schema\\\/logo\\\/image\\\/\",\"url\":\"https:\\\/\\\/www.cernit-world.com\\\/wp-inside\\\/uploads\\\/2023\\\/07\\\/cernit-opengraph.jpg\",\"contentUrl\":\"https:\\\/\\\/www.cernit-world.com\\\/wp-inside\\\/uploads\\\/2023\\\/07\\\/cernit-opengraph.jpg\",\"width\":1200,\"height\":630,\"caption\":\"Cernit\"},\"image\":{\"@id\":\"https:\\\/\\\/www.cernit-world.com\\\/de\\\/#\\\/schema\\\/logo\\\/image\\\/\"},\"sameAs\":[\"https:\\\/\\\/www.facebook.com\\\/groups\\\/cernitconnectspeople\\\/?locale=fr_FR\"]}]}<\/script>\n<!-- \/ Yoast SEO plugin. -->","yoast_head_json":{"title":"Unsere Werte | Cernit","robots":{"index":"index","follow":"follow","max-snippet":"max-snippet:-1","max-image-preview":"max-image-preview:large","max-video-preview":"max-video-preview:-1"},"canonical":"https:\/\/www.cernit-world.com\/de\/ueber-uns\/unsere-werte\/","og_locale":"de_DE","og_type":"article","og_title":"Unsere Werte | Cernit","og_description":"Qualit\u00e4t Bei Cernit hat Qualit\u00e4t oberste Priorit\u00e4t. Jedes unserer Produkte wird mit gr\u00f6\u00dfter Sorgfalt hergestellt und strengen Qualit\u00e4tskontrollen unterzogen. Wir bem\u00fchen uns, hochwertige, langlebige und benutzerfreundliche Produkte anzubieten, die es [&hellip;]","og_url":"https:\/\/www.cernit-world.com\/de\/ueber-uns\/unsere-werte\/","og_site_name":"Cernit","article_publisher":"https:\/\/www.facebook.com\/groups\/cernitconnectspeople\/?locale=fr_FR","article_modified_time":"2023-08-03T15:09:14+00:00","og_image":[{"width":1772,"height":709,"url":"https:\/\/www.cernit-world.com\/wp-inside\/uploads\/2023\/06\/cernit_logo.jpg","type":"image\/jpeg"}],"twitter_card":"summary_large_image","schema":{"@context":"https:\/\/schema.org","@graph":[{"@type":"WebPage","@id":"https:\/\/www.cernit-world.com\/de\/ueber-uns\/unsere-werte\/","url":"https:\/\/www.cernit-world.com\/de\/ueber-uns\/unsere-werte\/","name":"Unsere Werte","isPartOf":{"@id":"https:\/\/www.cernit-world.com\/de\/#website"},"datePublished":"2023-06-20T12:20:40+00:00","dateModified":"2023-08-03T15:09:14+00:00","breadcrumb":{"@id":"https:\/\/www.cernit-world.com\/de\/ueber-uns\/unsere-werte\/#breadcrumb"},"inLanguage":"de","potentialAction":[{"@type":"ReadAction","target":["https:\/\/www.cernit-world.com\/de\/ueber-uns\/unsere-werte\/"]}]},{"@type":"BreadcrumbList","@id":"https:\/\/www.cernit-world.com\/de\/ueber-uns\/unsere-werte\/#breadcrumb","itemListElement":[{"@type":"ListItem","position":1,"name":"Startseite","item":"https:\/\/www.cernit-world.com\/de\/"},{"@type":"ListItem","position":2,"name":"\u00dcber uns","item":"https:\/\/www.cernit-world.com\/de\/ueber-uns\/"},{"@type":"ListItem","position":3,"name":"Unsere Werte"}]},{"@type":"WebSite","@id":"https:\/\/www.cernit-world.com\/de\/#website","url":"https:\/\/www.cernit-world.com\/de\/","name":"Cernit","description":"Une qualit\u00e9 haut de gamme pour des cr\u00e9ations premiums","publisher":{"@id":"https:\/\/www.cernit-world.com\/de\/#organization"},"potentialAction":[{"@type":"SearchAction","target":{"@type":"EntryPoint","urlTemplate":"https:\/\/www.cernit-world.com\/de\/?s={search_term_string}"},"query-input":{"@type":"PropertyValueSpecification","valueRequired":true,"valueName":"search_term_string"}}],"inLanguage":"de"},{"@type":"Organization","@id":"https:\/\/www.cernit-world.com\/de\/#organization","name":"Cernit","url":"https:\/\/www.cernit-world.com\/de\/","logo":{"@type":"ImageObject","inLanguage":"de","@id":"https:\/\/www.cernit-world.com\/de\/#\/schema\/logo\/image\/","url":"https:\/\/www.cernit-world.com\/wp-inside\/uploads\/2023\/07\/cernit-opengraph.jpg","contentUrl":"https:\/\/www.cernit-world.com\/wp-inside\/uploads\/2023\/07\/cernit-opengraph.jpg","width":1200,"height":630,"caption":"Cernit"},"image":{"@id":"https:\/\/www.cernit-world.com\/de\/#\/schema\/logo\/image\/"},"sameAs":["https:\/\/www.facebook.com\/groups\/cernitconnectspeople\/?locale=fr_FR"]}]}},"_links":{"self":[{"href":"https:\/\/www.cernit-world.com\/de\/wp-json\/wp\/v2\/pages\/7584","targetHints":{"allow":["GET"]}}],"collection":[{"href":"https:\/\/www.cernit-world.com\/de\/wp-json\/wp\/v2\/pages"}],"about":[{"href":"https:\/\/www.cernit-world.com\/de\/wp-json\/wp\/v2\/types\/page"}],"author":[{"embeddable":true,"href":"https:\/\/www.cernit-world.com\/de\/wp-json\/wp\/v2\/users\/4"}],"replies":[{"embeddable":true,"href":"https:\/\/www.cernit-world.com\/de\/wp-json\/wp\/v2\/comments?post=7584"}],"version-history":[{"count":2,"href":"https:\/\/www.cernit-world.com\/de\/wp-json\/wp\/v2\/pages\/7584\/revisions"}],"predecessor-version":[{"id":7742,"href":"https:\/\/www.cernit-world.com\/de\/wp-json\/wp\/v2\/pages\/7584\/revisions\/7742"}],"up":[{"embeddable":true,"href":"https:\/\/www.cernit-world.com\/de\/wp-json\/wp\/v2\/pages\/7583"}],"wp:attachment":[{"href":"https:\/\/www.cernit-world.com\/de\/wp-json\/wp\/v2\/media?parent=7584"}],"curies":[{"name":"wp","href":"https:\/\/api.w.org\/{rel}","templated":true}]}}