{"id":7583,"date":"2023-05-09T09:21:45","date_gmt":"2023-05-09T07:21:45","guid":{"rendered":"https:\/\/www.cernit-world.com\/a-propos\/"},"modified":"2023-08-03T16:31:40","modified_gmt":"2023-08-03T14:31:40","slug":"ueber-uns","status":"publish","type":"page","link":"https:\/\/www.cernit-world.com\/de\/ueber-uns\/","title":{"rendered":"\u00dcber uns"},"content":{"rendered":"<div class=\"wp-post-content\"><!-- zone:zn_pagebanner [0] --><br \/>\n\t\t<!-- \/zone:zn_pagebanner [0] --><br \/>\n<!-- zone:zn_text_img [1] --><\/p>\n<h2>Polymerton<\/h2>\n<p>Einfach zu verarbeiten, ist Cernit Ton eine hochwertige Polymertonmasse, die allen Bed\u00fcrfnissen und W\u00fcnschen von Schmuckherstellern, Miniaturisten (kulinarisch, botanisch usw.) sowie K\u00fcnstlern, die Charaktere, Figuren oder Dekorationen modellieren, gerecht wird.<\/p>\n<p>Die Palette besteht aus 105 Farben, die alle miteinander gemischt werden k\u00f6nnen, um individuelle Schattierungen zu erstellen. Die M\u00f6glichkeiten sind endlos.<\/p>\n<p>Nach dem Modellieren muss die Kreation maximal 30 Minuten bei 130\u00b0C (265\u00b0F) im Haushaltsbackofen gebacken werden, um komplett fest und langlebig zu werden.<\/p>\n<p>Seine Eigenschaften und Vorteile werden von den talentiertesten K\u00fcnstlern weltweit anerkannt:<\/p>\n<ul>\n<li>Leicht und schnell zu erweichen, trocknet nie aus<\/li>\n<li>105 Farben, die weder H\u00e4nde noch Werkzeuge verf\u00e4rben<\/li>\n<li>Effekte nach dem Backen, die allen Bed\u00fcrfnissen entsprechen<\/li>\n<li>Geruchlos vor, w\u00e4hrend und nach dem Backen<\/li>\n<li>Kann mehrmals erneut gebacken werden, ohne die Farbe zu ver\u00e4ndern<\/li>\n<li>Und vor allem eine unglaubliche und unvergleichliche Flexibilit\u00e4t nach dem Backen<\/li>\n<\/ul>\n<p>Alle Massen werden in unserer Fabrik in Belgien, in der N\u00e4he von L\u00fcttich, hergestellt, was es uns erm\u00f6glicht, den gesamten Produktionsprozess zu kontrollieren.<\/p>\n<p><!-- \/zone:zn_text_img [1] --><br \/>\n<!-- zone:zn_text_img [3] --><\/p>\n<h2>Epoxidharz<\/h2>\n<p>Um Polymer Clay-Kreationen zu versch\u00f6nern oder Schmuck und andere kleine Gegenst\u00e4nde von Grund auf zu gestalten, bietet Cernit fertige Kits zur Herstellung von Epoxidharz an.<\/p>\n<p>Epoxidharz besteht aus zwei zu mischenden L\u00f6sungen (Harz und H\u00e4rter), um eine harte und feste L\u00f6sung zu erhalten. Es muss nicht gebacken werden; je nach Dicke der Kreation trocknet das Harz zwischen 24 und 72 Stunden an der Luft.<\/p>\n<p>Zu den Hauptvorteilen geh\u00f6ren seine unglaubliche Haltbarkeit und kristallklare Transparenz, die die Integration von dekorativen Elementen wie Pigmenten, Glitzer, getrockneten Blumen, Muscheln usw. erm\u00f6glicht. Epoxidharz erm\u00f6glicht einzigartige und personalisierte Kreationen. Es kann auch mit Cernit-Alkoholtinten eingef\u00e4rbt werden.<\/p>\n<p>Die Technik ist sehr einfach:<\/p>\n<ul>\n<li>Schritt 1: Sch\u00fctzen Sie Ihre H\u00e4nde, indem Sie Handschuhe tragen<\/li>\n<li>Schritt 2: Gie\u00dfen Sie die gew\u00fcnschte Menge Harz in den geeigneten Beh\u00e4lter<\/li>\n<li>Schritt 3: F\u00fcgen Sie den H\u00e4rter gem\u00e4\u00df dem empfohlenen Mischungsverh\u00e4ltnis hinzu (=1 Teil H\u00e4rter zu 2 Teilen Harz)<\/li>\n<li>Schritt 4: Mischen Sie die beiden L\u00f6sungen mit dem R\u00fchrstab<\/li>\n<\/ul>\n<p>Ihr Harz ist fertig und kann anschlie\u00dfend in die gew\u00fcnschte Form gegossen werden.<br \/>\nAlle erforderlichen Werkzeuge (Handschuhe, Becher, R\u00fchrstab usw.) sind in unserem Entdeckungsset enthalten.<\/p>\n<p>Sobald das Harz trocken ist, k\u00f6nnen Sie Ihre Kreation abschleifen, um sie gl\u00e4nzend zu machen, oder mit den verschiedenen Effekt-Lacken aus der Cernit-Reihe lackieren.<\/p>\n<p><!-- \/zone:zn_text_img [3] -->\n<\/div>\n","protected":false},"excerpt":{"rendered":"<p>Polymerton Einfach zu verarbeiten, ist Cernit Ton eine hochwertige Polymertonmasse, die allen Bed\u00fcrfnissen und W\u00fcnschen von Schmuckherstellern, Miniaturisten (kulinarisch, botanisch usw.) sowie K\u00fcnstlern, die Charaktere, Figuren oder Dekorationen modellieren, gerecht [&hellip;]<\/p>\n","protected":false},"author":4,"featured_media":0,"parent":0,"menu_order":40,"comment_status":"closed","ping_status":"closed","template":"","meta":{"_acf_changed":false,"footnotes":""},"class_list":["post-7583","page","type-page","status-publish","hentry","wp-sticky","summaryproductshop"],"acf":[],"yoast_head":"<!-- This site is optimized with the Yoast SEO plugin v27.5 - https:\/\/yoast.com\/product\/yoast-seo-wordpress\/ -->\n<title>\u00dcber uns | Cernit<\/title>\n<meta name=\"robots\" content=\"index, follow, max-snippet:-1, max-image-preview:large, max-video-preview:-1\" \/>\n<link rel=\"canonical\" href=\"https:\/\/www.cernit-world.com\/de\/ueber-uns\/\" \/>\n<meta property=\"og:locale\" content=\"de_DE\" \/>\n<meta property=\"og:type\" content=\"article\" \/>\n<meta property=\"og:title\" content=\"\u00dcber uns | Cernit\" \/>\n<meta property=\"og:description\" content=\"Polymerton Einfach zu verarbeiten, ist Cernit Ton eine hochwertige Polymertonmasse, die allen Bed\u00fcrfnissen und W\u00fcnschen von Schmuckherstellern, Miniaturisten (kulinarisch, botanisch usw.) sowie K\u00fcnstlern, die Charaktere, Figuren oder Dekorationen modellieren, gerecht [&hellip;]\" \/>\n<meta property=\"og:url\" content=\"https:\/\/www.cernit-world.com\/de\/ueber-uns\/\" \/>\n<meta property=\"og:site_name\" content=\"Cernit\" \/>\n<meta property=\"article:publisher\" content=\"https:\/\/www.facebook.com\/groups\/cernitconnectspeople\/?locale=fr_FR\" \/>\n<meta property=\"article:modified_time\" content=\"2023-08-03T14:31:40+00:00\" \/>\n<meta property=\"og:image\" content=\"https:\/\/www.cernit-world.com\/wp-inside\/uploads\/2023\/06\/cernit_logo.jpg\" \/>\n\t<meta property=\"og:image:width\" content=\"1772\" \/>\n\t<meta property=\"og:image:height\" content=\"709\" \/>\n\t<meta property=\"og:image:type\" content=\"image\/jpeg\" \/>\n<meta name=\"twitter:card\" content=\"summary_large_image\" \/>\n<script type=\"application\/ld+json\" class=\"yoast-schema-graph\">{\"@context\":\"https:\\\/\\\/schema.org\",\"@graph\":[{\"@type\":\"WebPage\",\"@id\":\"https:\\\/\\\/www.cernit-world.com\\\/de\\\/ueber-uns\\\/\",\"url\":\"https:\\\/\\\/www.cernit-world.com\\\/de\\\/ueber-uns\\\/\",\"name\":\"\u00dcber uns\",\"isPartOf\":{\"@id\":\"https:\\\/\\\/www.cernit-world.com\\\/de\\\/#website\"},\"datePublished\":\"2023-05-09T07:21:45+00:00\",\"dateModified\":\"2023-08-03T14:31:40+00:00\",\"breadcrumb\":{\"@id\":\"https:\\\/\\\/www.cernit-world.com\\\/de\\\/ueber-uns\\\/#breadcrumb\"},\"inLanguage\":\"de\",\"potentialAction\":[{\"@type\":\"ReadAction\",\"target\":[\"https:\\\/\\\/www.cernit-world.com\\\/de\\\/ueber-uns\\\/\"]}]},{\"@type\":\"BreadcrumbList\",\"@id\":\"https:\\\/\\\/www.cernit-world.com\\\/de\\\/ueber-uns\\\/#breadcrumb\",\"itemListElement\":[{\"@type\":\"ListItem\",\"position\":1,\"name\":\"Startseite\",\"item\":\"https:\\\/\\\/www.cernit-world.com\\\/de\\\/\"},{\"@type\":\"ListItem\",\"position\":2,\"name\":\"\u00dcber uns\"}]},{\"@type\":\"WebSite\",\"@id\":\"https:\\\/\\\/www.cernit-world.com\\\/de\\\/#website\",\"url\":\"https:\\\/\\\/www.cernit-world.com\\\/de\\\/\",\"name\":\"Cernit\",\"description\":\"Une qualit\u00e9 haut de gamme pour des cr\u00e9ations premiums\",\"publisher\":{\"@id\":\"https:\\\/\\\/www.cernit-world.com\\\/de\\\/#organization\"},\"potentialAction\":[{\"@type\":\"SearchAction\",\"target\":{\"@type\":\"EntryPoint\",\"urlTemplate\":\"https:\\\/\\\/www.cernit-world.com\\\/de\\\/?s={search_term_string}\"},\"query-input\":{\"@type\":\"PropertyValueSpecification\",\"valueRequired\":true,\"valueName\":\"search_term_string\"}}],\"inLanguage\":\"de\"},{\"@type\":\"Organization\",\"@id\":\"https:\\\/\\\/www.cernit-world.com\\\/de\\\/#organization\",\"name\":\"Cernit\",\"url\":\"https:\\\/\\\/www.cernit-world.com\\\/de\\\/\",\"logo\":{\"@type\":\"ImageObject\",\"inLanguage\":\"de\",\"@id\":\"https:\\\/\\\/www.cernit-world.com\\\/de\\\/#\\\/schema\\\/logo\\\/image\\\/\",\"url\":\"https:\\\/\\\/www.cernit-world.com\\\/wp-inside\\\/uploads\\\/2023\\\/07\\\/cernit-opengraph.jpg\",\"contentUrl\":\"https:\\\/\\\/www.cernit-world.com\\\/wp-inside\\\/uploads\\\/2023\\\/07\\\/cernit-opengraph.jpg\",\"width\":1200,\"height\":630,\"caption\":\"Cernit\"},\"image\":{\"@id\":\"https:\\\/\\\/www.cernit-world.com\\\/de\\\/#\\\/schema\\\/logo\\\/image\\\/\"},\"sameAs\":[\"https:\\\/\\\/www.facebook.com\\\/groups\\\/cernitconnectspeople\\\/?locale=fr_FR\"]}]}<\/script>\n<!-- \/ Yoast SEO plugin. -->","yoast_head_json":{"title":"\u00dcber uns | Cernit","robots":{"index":"index","follow":"follow","max-snippet":"max-snippet:-1","max-image-preview":"max-image-preview:large","max-video-preview":"max-video-preview:-1"},"canonical":"https:\/\/www.cernit-world.com\/de\/ueber-uns\/","og_locale":"de_DE","og_type":"article","og_title":"\u00dcber uns | Cernit","og_description":"Polymerton Einfach zu verarbeiten, ist Cernit Ton eine hochwertige Polymertonmasse, die allen Bed\u00fcrfnissen und W\u00fcnschen von Schmuckherstellern, Miniaturisten (kulinarisch, botanisch usw.) sowie K\u00fcnstlern, die Charaktere, Figuren oder Dekorationen modellieren, gerecht [&hellip;]","og_url":"https:\/\/www.cernit-world.com\/de\/ueber-uns\/","og_site_name":"Cernit","article_publisher":"https:\/\/www.facebook.com\/groups\/cernitconnectspeople\/?locale=fr_FR","article_modified_time":"2023-08-03T14:31:40+00:00","og_image":[{"width":1772,"height":709,"url":"https:\/\/www.cernit-world.com\/wp-inside\/uploads\/2023\/06\/cernit_logo.jpg","type":"image\/jpeg"}],"twitter_card":"summary_large_image","schema":{"@context":"https:\/\/schema.org","@graph":[{"@type":"WebPage","@id":"https:\/\/www.cernit-world.com\/de\/ueber-uns\/","url":"https:\/\/www.cernit-world.com\/de\/ueber-uns\/","name":"\u00dcber uns","isPartOf":{"@id":"https:\/\/www.cernit-world.com\/de\/#website"},"datePublished":"2023-05-09T07:21:45+00:00","dateModified":"2023-08-03T14:31:40+00:00","breadcrumb":{"@id":"https:\/\/www.cernit-world.com\/de\/ueber-uns\/#breadcrumb"},"inLanguage":"de","potentialAction":[{"@type":"ReadAction","target":["https:\/\/www.cernit-world.com\/de\/ueber-uns\/"]}]},{"@type":"BreadcrumbList","@id":"https:\/\/www.cernit-world.com\/de\/ueber-uns\/#breadcrumb","itemListElement":[{"@type":"ListItem","position":1,"name":"Startseite","item":"https:\/\/www.cernit-world.com\/de\/"},{"@type":"ListItem","position":2,"name":"\u00dcber uns"}]},{"@type":"WebSite","@id":"https:\/\/www.cernit-world.com\/de\/#website","url":"https:\/\/www.cernit-world.com\/de\/","name":"Cernit","description":"Une qualit\u00e9 haut de gamme pour des cr\u00e9ations premiums","publisher":{"@id":"https:\/\/www.cernit-world.com\/de\/#organization"},"potentialAction":[{"@type":"SearchAction","target":{"@type":"EntryPoint","urlTemplate":"https:\/\/www.cernit-world.com\/de\/?s={search_term_string}"},"query-input":{"@type":"PropertyValueSpecification","valueRequired":true,"valueName":"search_term_string"}}],"inLanguage":"de"},{"@type":"Organization","@id":"https:\/\/www.cernit-world.com\/de\/#organization","name":"Cernit","url":"https:\/\/www.cernit-world.com\/de\/","logo":{"@type":"ImageObject","inLanguage":"de","@id":"https:\/\/www.cernit-world.com\/de\/#\/schema\/logo\/image\/","url":"https:\/\/www.cernit-world.com\/wp-inside\/uploads\/2023\/07\/cernit-opengraph.jpg","contentUrl":"https:\/\/www.cernit-world.com\/wp-inside\/uploads\/2023\/07\/cernit-opengraph.jpg","width":1200,"height":630,"caption":"Cernit"},"image":{"@id":"https:\/\/www.cernit-world.com\/de\/#\/schema\/logo\/image\/"},"sameAs":["https:\/\/www.facebook.com\/groups\/cernitconnectspeople\/?locale=fr_FR"]}]}},"_links":{"self":[{"href":"https:\/\/www.cernit-world.com\/de\/wp-json\/wp\/v2\/pages\/7583","targetHints":{"allow":["GET"]}}],"collection":[{"href":"https:\/\/www.cernit-world.com\/de\/wp-json\/wp\/v2\/pages"}],"about":[{"href":"https:\/\/www.cernit-world.com\/de\/wp-json\/wp\/v2\/types\/page"}],"author":[{"embeddable":true,"href":"https:\/\/www.cernit-world.com\/de\/wp-json\/wp\/v2\/users\/4"}],"replies":[{"embeddable":true,"href":"https:\/\/www.cernit-world.com\/de\/wp-json\/wp\/v2\/comments?post=7583"}],"version-history":[{"count":3,"href":"https:\/\/www.cernit-world.com\/de\/wp-json\/wp\/v2\/pages\/7583\/revisions"}],"predecessor-version":[{"id":7737,"href":"https:\/\/www.cernit-world.com\/de\/wp-json\/wp\/v2\/pages\/7583\/revisions\/7737"}],"wp:attachment":[{"href":"https:\/\/www.cernit-world.com\/de\/wp-json\/wp\/v2\/media?parent=7583"}],"curies":[{"name":"wp","href":"https:\/\/api.w.org\/{rel}","templated":true}]}}