{"id":7580,"date":"2023-07-06T14:19:02","date_gmt":"2023-07-06T12:19:02","guid":{"rendered":"https:\/\/www.cernit-world.com\/la-pate-polymere-cernit\/"},"modified":"2023-11-21T11:09:26","modified_gmt":"2023-11-21T10:09:26","slug":"polymermasse","status":"publish","type":"page","link":"https:\/\/www.cernit-world.com\/de\/polymermasse\/","title":{"rendered":"Polymermasse"},"content":{"rendered":"<div class=\"wp-post-content\"><!-- zone:zn_pagebanner [0] --><br \/>\n\t\t<!-- \/zone:zn_pagebanner [0] --><br \/>\n<!-- zone:zn_text_img [2] --><\/p>\n<h2>Was ist Polymermasse?<\/h2>\n<p>Leicht zu verarbeiten, Cernit Ton ist eine hochwertige Polymer Ton, die allen Bed\u00fcrfnissen und W\u00fcnschen von Schmuckherstellern, Miniaturisten (kulinarisch, botanisch, etc.) sowie K\u00fcnstlern, die Figuren, Figuren oder Landschaften modellieren, gerecht wird.<\/p>\n<p>Die Palette besteht aus 105 Farben, die alle miteinander gemischt werden k\u00f6nnen, um individuelle Farbt\u00f6ne zu erstellen. Die M\u00f6glichkeiten sind endlos.<\/p>\n<p>Nach der Formgebung sollte das Kunstwerk f\u00fcr 30 Minuten bei maximal 130\u00b0C im heimischen Backofen gebacken werden, um vollst\u00e4ndig stabil und langlebig zu werden.<\/p>\n<p><!-- \/zone:zn_text_img [2] --><br \/>\n<!-- zone:zn_text_img [3] --><\/p>\n<h2>Eigenschaften von Cernit Ton<\/h2>\n<p>Seine Eigenschaften und St\u00e4rken werden von den talentiertesten K\u00fcnstlern weltweit anerkannt:<\/p>\n<ul>\n<li>Leicht und schnell zu kneten, trocknet nie aus<\/li>\n<li>105 Farben, die weder H\u00e4nde noch Werkzeuge verf\u00e4rben<\/li>\n<li>Nach dem Backen Effekte, die allen Bed\u00fcrfnissen entsprechen<\/li>\n<li>Geruchsneutral vor, w\u00e4hrend und nach dem Backen<\/li>\n<li>Kann mehrmals erneut gebacken werden, ohne die Farbe zu \u00e4ndern<\/li>\n<li>Und vor allem eine unglaubliche und un\u00fcbertroffene Flexibilit\u00e4t nach dem Backen<\/li>\n<\/ul>\n<p><!-- \/zone:zn_text_img [3] --><br \/>\n<!-- zone:zn_text_img [4] --><\/p>\n<h2>Made in Belgium<\/h2>\n<p>Alle Tone werden in unserer Fabrik in Belgien, in der N\u00e4he von L\u00fcttich, hergestellt, was es uns erm\u00f6glicht, den gesamten Produktionsprozess zu kontrollieren.<\/p>\n<p><!-- \/zone:zn_text_img [4] -->\n<\/div>\n","protected":false},"excerpt":{"rendered":"<p>Was ist Polymermasse? Leicht zu verarbeiten, Cernit Ton ist eine hochwertige Polymer Ton, die allen Bed\u00fcrfnissen und W\u00fcnschen von Schmuckherstellern, Miniaturisten (kulinarisch, botanisch, etc.) sowie K\u00fcnstlern, die Figuren, Figuren oder [&hellip;]<\/p>\n","protected":false},"author":3,"featured_media":0,"parent":0,"menu_order":10,"comment_status":"closed","ping_status":"closed","template":"","meta":{"_acf_changed":false,"footnotes":""},"class_list":["post-7580","page","type-page","status-publish","hentry","wp-sticky","summaryproductshop"],"acf":[],"yoast_head":"<!-- This site is optimized with the Yoast SEO plugin v27.5 - https:\/\/yoast.com\/product\/yoast-seo-wordpress\/ -->\n<title>Polymermasse | Cernit<\/title>\n<meta name=\"robots\" content=\"index, follow, max-snippet:-1, max-image-preview:large, max-video-preview:-1\" \/>\n<link rel=\"canonical\" href=\"https:\/\/www.cernit-world.com\/de\/polymermasse\/\" \/>\n<meta property=\"og:locale\" content=\"de_DE\" \/>\n<meta property=\"og:type\" content=\"article\" \/>\n<meta property=\"og:title\" content=\"Polymermasse | Cernit\" \/>\n<meta property=\"og:description\" content=\"Was ist Polymermasse? Leicht zu verarbeiten, Cernit Ton ist eine hochwertige Polymer Ton, die allen Bed\u00fcrfnissen und W\u00fcnschen von Schmuckherstellern, Miniaturisten (kulinarisch, botanisch, etc.) sowie K\u00fcnstlern, die Figuren, Figuren oder [&hellip;]\" \/>\n<meta property=\"og:url\" content=\"https:\/\/www.cernit-world.com\/de\/polymermasse\/\" \/>\n<meta property=\"og:site_name\" content=\"Cernit\" \/>\n<meta property=\"article:publisher\" content=\"https:\/\/www.facebook.com\/groups\/cernitconnectspeople\/?locale=fr_FR\" \/>\n<meta property=\"article:modified_time\" content=\"2023-11-21T10:09:26+00:00\" \/>\n<meta property=\"og:image\" content=\"https:\/\/www.cernit-world.com\/wp-inside\/uploads\/2023\/06\/cernit_logo.jpg\" \/>\n\t<meta property=\"og:image:width\" content=\"1772\" \/>\n\t<meta property=\"og:image:height\" content=\"709\" \/>\n\t<meta property=\"og:image:type\" content=\"image\/jpeg\" \/>\n<meta name=\"twitter:card\" content=\"summary_large_image\" \/>\n<meta name=\"twitter:label1\" content=\"Gesch\u00e4tzte Lesezeit\" \/>\n\t<meta name=\"twitter:data1\" content=\"1\u00a0Minute\" \/>\n<script type=\"application\/ld+json\" class=\"yoast-schema-graph\">{\"@context\":\"https:\\\/\\\/schema.org\",\"@graph\":[{\"@type\":\"WebPage\",\"@id\":\"https:\\\/\\\/www.cernit-world.com\\\/de\\\/polymermasse\\\/\",\"url\":\"https:\\\/\\\/www.cernit-world.com\\\/de\\\/polymermasse\\\/\",\"name\":\"Polymermasse\",\"isPartOf\":{\"@id\":\"https:\\\/\\\/www.cernit-world.com\\\/de\\\/#website\"},\"datePublished\":\"2023-07-06T12:19:02+00:00\",\"dateModified\":\"2023-11-21T10:09:26+00:00\",\"breadcrumb\":{\"@id\":\"https:\\\/\\\/www.cernit-world.com\\\/de\\\/polymermasse\\\/#breadcrumb\"},\"inLanguage\":\"de\",\"potentialAction\":[{\"@type\":\"ReadAction\",\"target\":[\"https:\\\/\\\/www.cernit-world.com\\\/de\\\/polymermasse\\\/\"]}]},{\"@type\":\"BreadcrumbList\",\"@id\":\"https:\\\/\\\/www.cernit-world.com\\\/de\\\/polymermasse\\\/#breadcrumb\",\"itemListElement\":[{\"@type\":\"ListItem\",\"position\":1,\"name\":\"Startseite\",\"item\":\"https:\\\/\\\/www.cernit-world.com\\\/de\\\/\"},{\"@type\":\"ListItem\",\"position\":2,\"name\":\"Polymermasse\"}]},{\"@type\":\"WebSite\",\"@id\":\"https:\\\/\\\/www.cernit-world.com\\\/de\\\/#website\",\"url\":\"https:\\\/\\\/www.cernit-world.com\\\/de\\\/\",\"name\":\"Cernit\",\"description\":\"Une qualit\u00e9 haut de gamme pour des cr\u00e9ations premiums\",\"publisher\":{\"@id\":\"https:\\\/\\\/www.cernit-world.com\\\/de\\\/#organization\"},\"potentialAction\":[{\"@type\":\"SearchAction\",\"target\":{\"@type\":\"EntryPoint\",\"urlTemplate\":\"https:\\\/\\\/www.cernit-world.com\\\/de\\\/?s={search_term_string}\"},\"query-input\":{\"@type\":\"PropertyValueSpecification\",\"valueRequired\":true,\"valueName\":\"search_term_string\"}}],\"inLanguage\":\"de\"},{\"@type\":\"Organization\",\"@id\":\"https:\\\/\\\/www.cernit-world.com\\\/de\\\/#organization\",\"name\":\"Cernit\",\"url\":\"https:\\\/\\\/www.cernit-world.com\\\/de\\\/\",\"logo\":{\"@type\":\"ImageObject\",\"inLanguage\":\"de\",\"@id\":\"https:\\\/\\\/www.cernit-world.com\\\/de\\\/#\\\/schema\\\/logo\\\/image\\\/\",\"url\":\"https:\\\/\\\/www.cernit-world.com\\\/wp-inside\\\/uploads\\\/2023\\\/07\\\/cernit-opengraph.jpg\",\"contentUrl\":\"https:\\\/\\\/www.cernit-world.com\\\/wp-inside\\\/uploads\\\/2023\\\/07\\\/cernit-opengraph.jpg\",\"width\":1200,\"height\":630,\"caption\":\"Cernit\"},\"image\":{\"@id\":\"https:\\\/\\\/www.cernit-world.com\\\/de\\\/#\\\/schema\\\/logo\\\/image\\\/\"},\"sameAs\":[\"https:\\\/\\\/www.facebook.com\\\/groups\\\/cernitconnectspeople\\\/?locale=fr_FR\"]}]}<\/script>\n<!-- \/ Yoast SEO plugin. -->","yoast_head_json":{"title":"Polymermasse | Cernit","robots":{"index":"index","follow":"follow","max-snippet":"max-snippet:-1","max-image-preview":"max-image-preview:large","max-video-preview":"max-video-preview:-1"},"canonical":"https:\/\/www.cernit-world.com\/de\/polymermasse\/","og_locale":"de_DE","og_type":"article","og_title":"Polymermasse | Cernit","og_description":"Was ist Polymermasse? Leicht zu verarbeiten, Cernit Ton ist eine hochwertige Polymer Ton, die allen Bed\u00fcrfnissen und W\u00fcnschen von Schmuckherstellern, Miniaturisten (kulinarisch, botanisch, etc.) sowie K\u00fcnstlern, die Figuren, Figuren oder [&hellip;]","og_url":"https:\/\/www.cernit-world.com\/de\/polymermasse\/","og_site_name":"Cernit","article_publisher":"https:\/\/www.facebook.com\/groups\/cernitconnectspeople\/?locale=fr_FR","article_modified_time":"2023-11-21T10:09:26+00:00","og_image":[{"width":1772,"height":709,"url":"https:\/\/www.cernit-world.com\/wp-inside\/uploads\/2023\/06\/cernit_logo.jpg","type":"image\/jpeg"}],"twitter_card":"summary_large_image","twitter_misc":{"Gesch\u00e4tzte Lesezeit":"1\u00a0Minute"},"schema":{"@context":"https:\/\/schema.org","@graph":[{"@type":"WebPage","@id":"https:\/\/www.cernit-world.com\/de\/polymermasse\/","url":"https:\/\/www.cernit-world.com\/de\/polymermasse\/","name":"Polymermasse","isPartOf":{"@id":"https:\/\/www.cernit-world.com\/de\/#website"},"datePublished":"2023-07-06T12:19:02+00:00","dateModified":"2023-11-21T10:09:26+00:00","breadcrumb":{"@id":"https:\/\/www.cernit-world.com\/de\/polymermasse\/#breadcrumb"},"inLanguage":"de","potentialAction":[{"@type":"ReadAction","target":["https:\/\/www.cernit-world.com\/de\/polymermasse\/"]}]},{"@type":"BreadcrumbList","@id":"https:\/\/www.cernit-world.com\/de\/polymermasse\/#breadcrumb","itemListElement":[{"@type":"ListItem","position":1,"name":"Startseite","item":"https:\/\/www.cernit-world.com\/de\/"},{"@type":"ListItem","position":2,"name":"Polymermasse"}]},{"@type":"WebSite","@id":"https:\/\/www.cernit-world.com\/de\/#website","url":"https:\/\/www.cernit-world.com\/de\/","name":"Cernit","description":"Une qualit\u00e9 haut de gamme pour des cr\u00e9ations premiums","publisher":{"@id":"https:\/\/www.cernit-world.com\/de\/#organization"},"potentialAction":[{"@type":"SearchAction","target":{"@type":"EntryPoint","urlTemplate":"https:\/\/www.cernit-world.com\/de\/?s={search_term_string}"},"query-input":{"@type":"PropertyValueSpecification","valueRequired":true,"valueName":"search_term_string"}}],"inLanguage":"de"},{"@type":"Organization","@id":"https:\/\/www.cernit-world.com\/de\/#organization","name":"Cernit","url":"https:\/\/www.cernit-world.com\/de\/","logo":{"@type":"ImageObject","inLanguage":"de","@id":"https:\/\/www.cernit-world.com\/de\/#\/schema\/logo\/image\/","url":"https:\/\/www.cernit-world.com\/wp-inside\/uploads\/2023\/07\/cernit-opengraph.jpg","contentUrl":"https:\/\/www.cernit-world.com\/wp-inside\/uploads\/2023\/07\/cernit-opengraph.jpg","width":1200,"height":630,"caption":"Cernit"},"image":{"@id":"https:\/\/www.cernit-world.com\/de\/#\/schema\/logo\/image\/"},"sameAs":["https:\/\/www.facebook.com\/groups\/cernitconnectspeople\/?locale=fr_FR"]}]}},"_links":{"self":[{"href":"https:\/\/www.cernit-world.com\/de\/wp-json\/wp\/v2\/pages\/7580","targetHints":{"allow":["GET"]}}],"collection":[{"href":"https:\/\/www.cernit-world.com\/de\/wp-json\/wp\/v2\/pages"}],"about":[{"href":"https:\/\/www.cernit-world.com\/de\/wp-json\/wp\/v2\/types\/page"}],"author":[{"embeddable":true,"href":"https:\/\/www.cernit-world.com\/de\/wp-json\/wp\/v2\/users\/3"}],"replies":[{"embeddable":true,"href":"https:\/\/www.cernit-world.com\/de\/wp-json\/wp\/v2\/comments?post=7580"}],"version-history":[{"count":8,"href":"https:\/\/www.cernit-world.com\/de\/wp-json\/wp\/v2\/pages\/7580\/revisions"}],"predecessor-version":[{"id":22199,"href":"https:\/\/www.cernit-world.com\/de\/wp-json\/wp\/v2\/pages\/7580\/revisions\/22199"}],"wp:attachment":[{"href":"https:\/\/www.cernit-world.com\/de\/wp-json\/wp\/v2\/media?parent=7580"}],"curies":[{"name":"wp","href":"https:\/\/api.w.org\/{rel}","templated":true}]}}