{"id":7541,"date":"2023-07-06T13:57:32","date_gmt":"2023-07-06T11:57:32","guid":{"rendered":"https:\/\/www.cernit-world.com\/la-resine-epoxy\/"},"modified":"2023-12-08T10:47:57","modified_gmt":"2023-12-08T09:47:57","slug":"epoxidharz","status":"publish","type":"page","link":"https:\/\/www.cernit-world.com\/de\/epoxidharz\/","title":{"rendered":"Epoxidharz"},"content":{"rendered":"<div class=\"wp-post-content\"><!-- zone:zn_pagebanner [0] --><br \/>\n\t\t<!-- \/zone:zn_pagebanner [0] --><br \/>\n<!-- zone:zn_text_img [2] --><\/p>\n<h2>Was ist Epoxidharz?<\/h2>\n<p>Um Polymer Clay-Kreationen zu versch\u00f6nern oder Schmuck und andere kleine Objekte von Grund auf zu kreieren, bietet Cernit fertige Epoxidharz-Kits f\u00fcr DIY-Harzgie\u00dferei an.<\/p>\n<p>Epoxidharz besteht aus zwei Komponenten (Harz und H\u00e4rter), die gemischt werden, um eine harte und feste L\u00f6sung zu erhalten. Es erfordert keine Backzeit; je nach Dicke der Kreation h\u00e4rtet das Harz in 24 bis 72 Stunden bei Raumtemperatur aus.<\/p>\n<p>Seine Hauptvorteile sind seine unglaubliche Haltbarkeit und kristallklare Transparenz, die die Integration von dekorativen Elementen wie Pigmenten, Glitzern, getrockneten Blumen, Muscheln usw. erm\u00f6glicht. Epoxidharz erm\u00f6glicht einzigartige und personalisierte Kreationen. Es kann auch mit Cernit-Alkoholtinten eingef\u00e4rbt werden.<\/p>\n<p><!-- \/zone:zn_text_img [2] --><br \/>\n<!-- zone:zn_text_img [3] --><\/p>\n<h2>Die Technik<\/h2>\n<p>Die Technik ist sehr einfach:<\/p>\n<ul>\n<li>Schritt 1: Sch\u00fctzen Sie Ihre H\u00e4nde, indem Sie Handschuhe tragen<\/li>\n<li>Schritt 2: Gie\u00dfen Sie die gew\u00fcnschte Menge Harz in den daf\u00fcr vorgesehenen Becher<\/li>\n<li>Schritt 3: F\u00fcgen Sie den H\u00e4rter entsprechend dem empfohlenen Mischverh\u00e4ltnis hinzu (=1 Teil H\u00e4rter zu 2 Teilen Harz)<\/li>\n<li>Schritt 4: Mischen Sie die beiden L\u00f6sungen mit dem R\u00fchrstab<\/li>\n<\/ul>\n<p><!-- \/zone:zn_text_img [3] --><br \/>\n<!-- zone:zn_text_img [4] --><\/p>\n<h2>Abschluss und Verzierung<\/h2>\n<p>Ihr Harz ist bereit und kann dann in die gew\u00fcnschte Form gegossen werden.<\/p>\n<p>Alle ben\u00f6tigten Werkzeuge (Handschuhe, Becher, R\u00fchrstab usw.) sind in unserem Entdeckungsset enthalten.<\/p>\n<p>Sobald das Harz trocken ist, k\u00f6nnen Sie Ihre Kreation schleifen, um sie gl\u00e4nzend zu machen, oder mit den verschiedenen Effekt-Lacken aus der Cernit-Reihe lackieren.<\/p>\n<p><!-- \/zone:zn_text_img [4] -->\n<\/div>\n","protected":false},"excerpt":{"rendered":"<p>Was ist Epoxidharz? Um Polymer Clay-Kreationen zu versch\u00f6nern oder Schmuck und andere kleine Objekte von Grund auf zu kreieren, bietet Cernit fertige Epoxidharz-Kits f\u00fcr DIY-Harzgie\u00dferei an. Epoxidharz besteht aus zwei [&hellip;]<\/p>\n","protected":false},"author":3,"featured_media":0,"parent":0,"menu_order":20,"comment_status":"closed","ping_status":"closed","template":"","meta":{"_acf_changed":false,"footnotes":""},"class_list":["post-7541","page","type-page","status-publish","hentry","wp-sticky","summaryproductshop"],"acf":[],"yoast_head":"<!-- This site is optimized with the Yoast SEO plugin v27.5 - https:\/\/yoast.com\/product\/yoast-seo-wordpress\/ -->\n<title>Epoxidharz | Cernit<\/title>\n<meta name=\"robots\" content=\"index, follow, max-snippet:-1, max-image-preview:large, max-video-preview:-1\" \/>\n<link rel=\"canonical\" href=\"https:\/\/www.cernit-world.com\/de\/epoxidharz\/\" \/>\n<meta property=\"og:locale\" content=\"de_DE\" \/>\n<meta property=\"og:type\" content=\"article\" \/>\n<meta property=\"og:title\" content=\"Epoxidharz | Cernit\" \/>\n<meta property=\"og:description\" content=\"Was ist Epoxidharz? Um Polymer Clay-Kreationen zu versch\u00f6nern oder Schmuck und andere kleine Objekte von Grund auf zu kreieren, bietet Cernit fertige Epoxidharz-Kits f\u00fcr DIY-Harzgie\u00dferei an. Epoxidharz besteht aus zwei [&hellip;]\" \/>\n<meta property=\"og:url\" content=\"https:\/\/www.cernit-world.com\/de\/epoxidharz\/\" \/>\n<meta property=\"og:site_name\" content=\"Cernit\" \/>\n<meta property=\"article:publisher\" content=\"https:\/\/www.facebook.com\/groups\/cernitconnectspeople\/?locale=fr_FR\" \/>\n<meta property=\"article:modified_time\" content=\"2023-12-08T09:47:57+00:00\" \/>\n<meta property=\"og:image\" content=\"https:\/\/www.cernit-world.com\/wp-inside\/uploads\/2023\/06\/cernit_logo.jpg\" \/>\n\t<meta property=\"og:image:width\" content=\"1772\" \/>\n\t<meta property=\"og:image:height\" content=\"709\" \/>\n\t<meta property=\"og:image:type\" content=\"image\/jpeg\" \/>\n<meta name=\"twitter:card\" content=\"summary_large_image\" \/>\n<meta name=\"twitter:label1\" content=\"Gesch\u00e4tzte Lesezeit\" \/>\n\t<meta name=\"twitter:data1\" content=\"1\u00a0Minute\" \/>\n<script type=\"application\/ld+json\" class=\"yoast-schema-graph\">{\"@context\":\"https:\\\/\\\/schema.org\",\"@graph\":[{\"@type\":\"WebPage\",\"@id\":\"https:\\\/\\\/www.cernit-world.com\\\/de\\\/epoxidharz\\\/\",\"url\":\"https:\\\/\\\/www.cernit-world.com\\\/de\\\/epoxidharz\\\/\",\"name\":\"Epoxidharz\",\"isPartOf\":{\"@id\":\"https:\\\/\\\/www.cernit-world.com\\\/de\\\/#website\"},\"datePublished\":\"2023-07-06T11:57:32+00:00\",\"dateModified\":\"2023-12-08T09:47:57+00:00\",\"breadcrumb\":{\"@id\":\"https:\\\/\\\/www.cernit-world.com\\\/de\\\/epoxidharz\\\/#breadcrumb\"},\"inLanguage\":\"de\",\"potentialAction\":[{\"@type\":\"ReadAction\",\"target\":[\"https:\\\/\\\/www.cernit-world.com\\\/de\\\/epoxidharz\\\/\"]}]},{\"@type\":\"BreadcrumbList\",\"@id\":\"https:\\\/\\\/www.cernit-world.com\\\/de\\\/epoxidharz\\\/#breadcrumb\",\"itemListElement\":[{\"@type\":\"ListItem\",\"position\":1,\"name\":\"Startseite\",\"item\":\"https:\\\/\\\/www.cernit-world.com\\\/de\\\/\"},{\"@type\":\"ListItem\",\"position\":2,\"name\":\"Epoxidharz\"}]},{\"@type\":\"WebSite\",\"@id\":\"https:\\\/\\\/www.cernit-world.com\\\/de\\\/#website\",\"url\":\"https:\\\/\\\/www.cernit-world.com\\\/de\\\/\",\"name\":\"Cernit\",\"description\":\"Une qualit\u00e9 haut de gamme pour des cr\u00e9ations premiums\",\"publisher\":{\"@id\":\"https:\\\/\\\/www.cernit-world.com\\\/de\\\/#organization\"},\"potentialAction\":[{\"@type\":\"SearchAction\",\"target\":{\"@type\":\"EntryPoint\",\"urlTemplate\":\"https:\\\/\\\/www.cernit-world.com\\\/de\\\/?s={search_term_string}\"},\"query-input\":{\"@type\":\"PropertyValueSpecification\",\"valueRequired\":true,\"valueName\":\"search_term_string\"}}],\"inLanguage\":\"de\"},{\"@type\":\"Organization\",\"@id\":\"https:\\\/\\\/www.cernit-world.com\\\/de\\\/#organization\",\"name\":\"Cernit\",\"url\":\"https:\\\/\\\/www.cernit-world.com\\\/de\\\/\",\"logo\":{\"@type\":\"ImageObject\",\"inLanguage\":\"de\",\"@id\":\"https:\\\/\\\/www.cernit-world.com\\\/de\\\/#\\\/schema\\\/logo\\\/image\\\/\",\"url\":\"https:\\\/\\\/www.cernit-world.com\\\/wp-inside\\\/uploads\\\/2023\\\/07\\\/cernit-opengraph.jpg\",\"contentUrl\":\"https:\\\/\\\/www.cernit-world.com\\\/wp-inside\\\/uploads\\\/2023\\\/07\\\/cernit-opengraph.jpg\",\"width\":1200,\"height\":630,\"caption\":\"Cernit\"},\"image\":{\"@id\":\"https:\\\/\\\/www.cernit-world.com\\\/de\\\/#\\\/schema\\\/logo\\\/image\\\/\"},\"sameAs\":[\"https:\\\/\\\/www.facebook.com\\\/groups\\\/cernitconnectspeople\\\/?locale=fr_FR\"]}]}<\/script>\n<!-- \/ Yoast SEO plugin. -->","yoast_head_json":{"title":"Epoxidharz | Cernit","robots":{"index":"index","follow":"follow","max-snippet":"max-snippet:-1","max-image-preview":"max-image-preview:large","max-video-preview":"max-video-preview:-1"},"canonical":"https:\/\/www.cernit-world.com\/de\/epoxidharz\/","og_locale":"de_DE","og_type":"article","og_title":"Epoxidharz | Cernit","og_description":"Was ist Epoxidharz? Um Polymer Clay-Kreationen zu versch\u00f6nern oder Schmuck und andere kleine Objekte von Grund auf zu kreieren, bietet Cernit fertige Epoxidharz-Kits f\u00fcr DIY-Harzgie\u00dferei an. Epoxidharz besteht aus zwei [&hellip;]","og_url":"https:\/\/www.cernit-world.com\/de\/epoxidharz\/","og_site_name":"Cernit","article_publisher":"https:\/\/www.facebook.com\/groups\/cernitconnectspeople\/?locale=fr_FR","article_modified_time":"2023-12-08T09:47:57+00:00","og_image":[{"width":1772,"height":709,"url":"https:\/\/www.cernit-world.com\/wp-inside\/uploads\/2023\/06\/cernit_logo.jpg","type":"image\/jpeg"}],"twitter_card":"summary_large_image","twitter_misc":{"Gesch\u00e4tzte Lesezeit":"1\u00a0Minute"},"schema":{"@context":"https:\/\/schema.org","@graph":[{"@type":"WebPage","@id":"https:\/\/www.cernit-world.com\/de\/epoxidharz\/","url":"https:\/\/www.cernit-world.com\/de\/epoxidharz\/","name":"Epoxidharz","isPartOf":{"@id":"https:\/\/www.cernit-world.com\/de\/#website"},"datePublished":"2023-07-06T11:57:32+00:00","dateModified":"2023-12-08T09:47:57+00:00","breadcrumb":{"@id":"https:\/\/www.cernit-world.com\/de\/epoxidharz\/#breadcrumb"},"inLanguage":"de","potentialAction":[{"@type":"ReadAction","target":["https:\/\/www.cernit-world.com\/de\/epoxidharz\/"]}]},{"@type":"BreadcrumbList","@id":"https:\/\/www.cernit-world.com\/de\/epoxidharz\/#breadcrumb","itemListElement":[{"@type":"ListItem","position":1,"name":"Startseite","item":"https:\/\/www.cernit-world.com\/de\/"},{"@type":"ListItem","position":2,"name":"Epoxidharz"}]},{"@type":"WebSite","@id":"https:\/\/www.cernit-world.com\/de\/#website","url":"https:\/\/www.cernit-world.com\/de\/","name":"Cernit","description":"Une qualit\u00e9 haut de gamme pour des cr\u00e9ations premiums","publisher":{"@id":"https:\/\/www.cernit-world.com\/de\/#organization"},"potentialAction":[{"@type":"SearchAction","target":{"@type":"EntryPoint","urlTemplate":"https:\/\/www.cernit-world.com\/de\/?s={search_term_string}"},"query-input":{"@type":"PropertyValueSpecification","valueRequired":true,"valueName":"search_term_string"}}],"inLanguage":"de"},{"@type":"Organization","@id":"https:\/\/www.cernit-world.com\/de\/#organization","name":"Cernit","url":"https:\/\/www.cernit-world.com\/de\/","logo":{"@type":"ImageObject","inLanguage":"de","@id":"https:\/\/www.cernit-world.com\/de\/#\/schema\/logo\/image\/","url":"https:\/\/www.cernit-world.com\/wp-inside\/uploads\/2023\/07\/cernit-opengraph.jpg","contentUrl":"https:\/\/www.cernit-world.com\/wp-inside\/uploads\/2023\/07\/cernit-opengraph.jpg","width":1200,"height":630,"caption":"Cernit"},"image":{"@id":"https:\/\/www.cernit-world.com\/de\/#\/schema\/logo\/image\/"},"sameAs":["https:\/\/www.facebook.com\/groups\/cernitconnectspeople\/?locale=fr_FR"]}]}},"_links":{"self":[{"href":"https:\/\/www.cernit-world.com\/de\/wp-json\/wp\/v2\/pages\/7541","targetHints":{"allow":["GET"]}}],"collection":[{"href":"https:\/\/www.cernit-world.com\/de\/wp-json\/wp\/v2\/pages"}],"about":[{"href":"https:\/\/www.cernit-world.com\/de\/wp-json\/wp\/v2\/types\/page"}],"author":[{"embeddable":true,"href":"https:\/\/www.cernit-world.com\/de\/wp-json\/wp\/v2\/users\/3"}],"replies":[{"embeddable":true,"href":"https:\/\/www.cernit-world.com\/de\/wp-json\/wp\/v2\/comments?post=7541"}],"version-history":[{"count":5,"href":"https:\/\/www.cernit-world.com\/de\/wp-json\/wp\/v2\/pages\/7541\/revisions"}],"predecessor-version":[{"id":22206,"href":"https:\/\/www.cernit-world.com\/de\/wp-json\/wp\/v2\/pages\/7541\/revisions\/22206"}],"wp:attachment":[{"href":"https:\/\/www.cernit-world.com\/de\/wp-json\/wp\/v2\/media?parent=7541"}],"curies":[{"name":"wp","href":"https:\/\/api.w.org\/{rel}","templated":true}]}}